{"id":1025093,"date":"2025-12-21T23:28:43","date_gmt":"2025-12-21T23:28:43","guid":{"rendered":"https:\/\/fjallravensi.dev.mortar.tovarnaidej.com\/?post_type=product&#038;p=1025093"},"modified":"2026-05-07T11:14:28","modified_gmt":"2026-05-07T11:14:28","slug":"bergtagen-merino-190-ss-m","status":"publish","type":"product","link":"https:\/\/fjallshop.si\/en\/product\/bergtagen-merino-190-ss-m\/","title":{"rendered":"Bergtagen Merino 190 SS M"},"content":{"rendered":"<p>Ostanite v sozvo\u010dju z naravo v tej osnovni majici s kratkimi rokavi iz mehke in udobne 100 % merino volne. Volna uravnava telesno temperaturo, ohranja toploto tudi, ko je vla\u017ena, ter je naravno antibakterijska in odporna na vonjave, tako da boste ostali sve\u017ei tudi med napornim delom. Lahka in minimalisti\u010dna majica s kratkimi rokavi Bergtagen Merino 190 za mo\u0161ke je odli\u010dna za pohodni\u0161tvo, plezanje, turno smu\u010danje ali splitboarding ter bo zagotavljala toploto brez pregrevanja med razli\u010dnimi stopnjami aktivnosti.<\/p>\n","protected":false},"excerpt":{"rendered":"<p>Lahka, mehka in topla majica s kratkimi rokavi, izdelana iz 100 % sledljive merino volne.<\/p>\n","protected":false},"featured_media":1025129,"template":"","meta":[],"product_brand":[462],"product_cat":[189],"product_tag":[491,531,539,546,529,470],"class_list":{"0":"post-1025093","1":"product","2":"type-product","3":"status-publish","4":"has-post-thumbnail","6":"product_brand-bergtagen","7":"product_cat-majice-in-srajce","8":"product_tag-bergtagen","9":"product_tag-merino-moski","10":"product_tag-majice-moski-kratke","11":"product_tag-merino-moski-kratke","12":"product_tag-majice-moski","13":"product_tag-moski","15":"first","16":"outofstock","17":"shipping-taxable","18":"purchasable","19":"product-type-variable"},"yoast_head":"<!-- This site is optimized with the Yoast SEO plugin v27.0 - https:\/\/yoast.com\/product\/yoast-seo-wordpress\/ -->\n<title>Bergtagen Merino 190 SS M - Fj\u00e4llr\u00e4ven<\/title>\n<meta name=\"robots\" content=\"index, follow, max-snippet:-1, max-image-preview:large, max-video-preview:-1\" \/>\n<link rel=\"canonical\" href=\"https:\/\/fjallshop.si\/izdelek\/bergtagen-merino-190-ss-m\/\" \/>\n<meta property=\"og:locale\" content=\"en_US\" \/>\n<meta property=\"og:type\" content=\"article\" \/>\n<meta property=\"og:title\" content=\"Bergtagen Merino 190 SS M - Fj\u00e4llr\u00e4ven\" \/>\n<meta property=\"og:description\" content=\"Lahka, mehka in topla majica s kratkimi rokavi, izdelana iz 100 % sledljive merino volne.\" \/>\n<meta property=\"og:url\" content=\"https:\/\/fjallshop.si\/izdelek\/bergtagen-merino-190-ss-m\/\" \/>\n<meta property=\"og:site_name\" content=\"Fj\u00e4llr\u00e4ven\" \/>\n<meta property=\"article:publisher\" content=\"https:\/\/www.facebook.com\/FjallravenSlovenia\" \/>\n<meta property=\"article:modified_time\" content=\"2026-05-07T11:14:28+00:00\" \/>\n<meta property=\"og:image\" content=\"https:\/\/fjallshop.si\/wp-content\/uploads\/2025\/12\/bergtagen_merino_190_ss_m_12600298-550_a_main.webp\" \/>\n\t<meta property=\"og:image:width\" content=\"1248\" \/>\n\t<meta property=\"og:image:height\" content=\"1248\" \/>\n\t<meta property=\"og:image:type\" content=\"image\/webp\" \/>\n<meta name=\"twitter:card\" content=\"summary_large_image\" \/>\n<script type=\"application\/ld+json\" class=\"yoast-schema-graph\">{\"@context\":\"https:\/\/schema.org\",\"@graph\":[{\"@type\":\"WebPage\",\"@id\":\"https:\/\/fjallshop.si\/izdelek\/bergtagen-merino-190-ss-m\/\",\"url\":\"https:\/\/fjallshop.si\/izdelek\/bergtagen-merino-190-ss-m\/\",\"name\":\"Bergtagen Merino 190 SS M - Fj\u00e4llr\u00e4ven\",\"isPartOf\":{\"@id\":\"https:\/\/fjallshop.si\/en\/#website\"},\"primaryImageOfPage\":{\"@id\":\"https:\/\/fjallshop.si\/izdelek\/bergtagen-merino-190-ss-m\/#primaryimage\"},\"image\":{\"@id\":\"https:\/\/fjallshop.si\/izdelek\/bergtagen-merino-190-ss-m\/#primaryimage\"},\"thumbnailUrl\":\"https:\/\/fjallshop.si\/wp-content\/uploads\/2025\/12\/bergtagen_merino_190_ss_m_12600298-550_a_main.webp\",\"datePublished\":\"2025-12-21T23:28:43+00:00\",\"dateModified\":\"2026-05-07T11:14:28+00:00\",\"breadcrumb\":{\"@id\":\"https:\/\/fjallshop.si\/izdelek\/bergtagen-merino-190-ss-m\/#breadcrumb\"},\"inLanguage\":\"en-US\",\"potentialAction\":[{\"@type\":\"ReadAction\",\"target\":[\"https:\/\/fjallshop.si\/izdelek\/bergtagen-merino-190-ss-m\/\"]}]},{\"@type\":\"ImageObject\",\"inLanguage\":\"en-US\",\"@id\":\"https:\/\/fjallshop.si\/izdelek\/bergtagen-merino-190-ss-m\/#primaryimage\",\"url\":\"https:\/\/fjallshop.si\/wp-content\/uploads\/2025\/12\/bergtagen_merino_190_ss_m_12600298-550_a_main.webp\",\"contentUrl\":\"https:\/\/fjallshop.si\/wp-content\/uploads\/2025\/12\/bergtagen_merino_190_ss_m_12600298-550_a_main.webp\",\"width\":1248,\"height\":1248},{\"@type\":\"BreadcrumbList\",\"@id\":\"https:\/\/fjallshop.si\/izdelek\/bergtagen-merino-190-ss-m\/#breadcrumb\",\"itemListElement\":[{\"@type\":\"ListItem\",\"position\":1,\"name\":\"Home\",\"item\":\"https:\/\/fjallshop.si\/\"},{\"@type\":\"ListItem\",\"position\":2,\"name\":\"Shop\",\"item\":\"https:\/\/fjallshop.si\/en\/shop\/\"},{\"@type\":\"ListItem\",\"position\":3,\"name\":\"Bergtagen Merino 190 SS M\"}]},{\"@type\":\"WebSite\",\"@id\":\"https:\/\/fjallshop.si\/en\/#website\",\"url\":\"https:\/\/fjallshop.si\/en\/\",\"name\":\"Fj\u00e4llr\u00e4ven\",\"description\":\"Spletna trgovina\",\"publisher\":{\"@id\":\"https:\/\/fjallshop.si\/en\/#organization\"},\"potentialAction\":[{\"@type\":\"SearchAction\",\"target\":{\"@type\":\"EntryPoint\",\"urlTemplate\":\"https:\/\/fjallshop.si\/en\/?s={search_term_string}\"},\"query-input\":{\"@type\":\"PropertyValueSpecification\",\"valueRequired\":true,\"valueName\":\"search_term_string\"}}],\"inLanguage\":\"en-US\"},{\"@type\":\"Organization\",\"@id\":\"https:\/\/fjallshop.si\/en\/#organization\",\"name\":\"Fj\u00e4llr\u00e4ven\",\"url\":\"https:\/\/fjallshop.si\/en\/\",\"logo\":{\"@type\":\"ImageObject\",\"inLanguage\":\"en-US\",\"@id\":\"https:\/\/fjallshop.si\/en\/#\/schema\/logo\/image\/\",\"url\":\"https:\/\/fjallshop.si\/wp-content\/uploads\/2026\/02\/fjallravenlogo.svg\",\"contentUrl\":\"https:\/\/fjallshop.si\/wp-content\/uploads\/2026\/02\/fjallravenlogo.svg\",\"width\":126,\"height\":46,\"caption\":\"Fj\u00e4llr\u00e4ven\"},\"image\":{\"@id\":\"https:\/\/fjallshop.si\/en\/#\/schema\/logo\/image\/\"},\"sameAs\":[\"https:\/\/www.facebook.com\/FjallravenSlovenia\"]}]}<\/script>\n<!-- \/ Yoast SEO plugin. -->","yoast_head_json":{"title":"Bergtagen Merino 190 SS M - Fj\u00e4llr\u00e4ven","robots":{"index":"index","follow":"follow","max-snippet":"max-snippet:-1","max-image-preview":"max-image-preview:large","max-video-preview":"max-video-preview:-1"},"canonical":"https:\/\/fjallshop.si\/izdelek\/bergtagen-merino-190-ss-m\/","og_locale":"en_US","og_type":"article","og_title":"Bergtagen Merino 190 SS M - Fj\u00e4llr\u00e4ven","og_description":"Lahka, mehka in topla majica s kratkimi rokavi, izdelana iz 100 % sledljive merino volne.","og_url":"https:\/\/fjallshop.si\/izdelek\/bergtagen-merino-190-ss-m\/","og_site_name":"Fj\u00e4llr\u00e4ven","article_publisher":"https:\/\/www.facebook.com\/FjallravenSlovenia","article_modified_time":"2026-05-07T11:14:28+00:00","og_image":[{"width":1248,"height":1248,"url":"https:\/\/fjallshop.si\/wp-content\/uploads\/2025\/12\/bergtagen_merino_190_ss_m_12600298-550_a_main.webp","type":"image\/webp"}],"twitter_card":"summary_large_image","schema":{"@context":"https:\/\/schema.org","@graph":[{"@type":"WebPage","@id":"https:\/\/fjallshop.si\/izdelek\/bergtagen-merino-190-ss-m\/","url":"https:\/\/fjallshop.si\/izdelek\/bergtagen-merino-190-ss-m\/","name":"Bergtagen Merino 190 SS M - Fj\u00e4llr\u00e4ven","isPartOf":{"@id":"https:\/\/fjallshop.si\/en\/#website"},"primaryImageOfPage":{"@id":"https:\/\/fjallshop.si\/izdelek\/bergtagen-merino-190-ss-m\/#primaryimage"},"image":{"@id":"https:\/\/fjallshop.si\/izdelek\/bergtagen-merino-190-ss-m\/#primaryimage"},"thumbnailUrl":"https:\/\/fjallshop.si\/wp-content\/uploads\/2025\/12\/bergtagen_merino_190_ss_m_12600298-550_a_main.webp","datePublished":"2025-12-21T23:28:43+00:00","dateModified":"2026-05-07T11:14:28+00:00","breadcrumb":{"@id":"https:\/\/fjallshop.si\/izdelek\/bergtagen-merino-190-ss-m\/#breadcrumb"},"inLanguage":"en-US","potentialAction":[{"@type":"ReadAction","target":["https:\/\/fjallshop.si\/izdelek\/bergtagen-merino-190-ss-m\/"]}]},{"@type":"ImageObject","inLanguage":"en-US","@id":"https:\/\/fjallshop.si\/izdelek\/bergtagen-merino-190-ss-m\/#primaryimage","url":"https:\/\/fjallshop.si\/wp-content\/uploads\/2025\/12\/bergtagen_merino_190_ss_m_12600298-550_a_main.webp","contentUrl":"https:\/\/fjallshop.si\/wp-content\/uploads\/2025\/12\/bergtagen_merino_190_ss_m_12600298-550_a_main.webp","width":1248,"height":1248},{"@type":"BreadcrumbList","@id":"https:\/\/fjallshop.si\/izdelek\/bergtagen-merino-190-ss-m\/#breadcrumb","itemListElement":[{"@type":"ListItem","position":1,"name":"Home","item":"https:\/\/fjallshop.si\/"},{"@type":"ListItem","position":2,"name":"Shop","item":"https:\/\/fjallshop.si\/en\/shop\/"},{"@type":"ListItem","position":3,"name":"Bergtagen Merino 190 SS M"}]},{"@type":"WebSite","@id":"https:\/\/fjallshop.si\/en\/#website","url":"https:\/\/fjallshop.si\/en\/","name":"Fj\u00e4llr\u00e4ven","description":"Spletna trgovina","publisher":{"@id":"https:\/\/fjallshop.si\/en\/#organization"},"potentialAction":[{"@type":"SearchAction","target":{"@type":"EntryPoint","urlTemplate":"https:\/\/fjallshop.si\/en\/?s={search_term_string}"},"query-input":{"@type":"PropertyValueSpecification","valueRequired":true,"valueName":"search_term_string"}}],"inLanguage":"en-US"},{"@type":"Organization","@id":"https:\/\/fjallshop.si\/en\/#organization","name":"Fj\u00e4llr\u00e4ven","url":"https:\/\/fjallshop.si\/en\/","logo":{"@type":"ImageObject","inLanguage":"en-US","@id":"https:\/\/fjallshop.si\/en\/#\/schema\/logo\/image\/","url":"https:\/\/fjallshop.si\/wp-content\/uploads\/2026\/02\/fjallravenlogo.svg","contentUrl":"https:\/\/fjallshop.si\/wp-content\/uploads\/2026\/02\/fjallravenlogo.svg","width":126,"height":46,"caption":"Fj\u00e4llr\u00e4ven"},"image":{"@id":"https:\/\/fjallshop.si\/en\/#\/schema\/logo\/image\/"},"sameAs":["https:\/\/www.facebook.com\/FjallravenSlovenia"]}]}},"_links":{"self":[{"href":"https:\/\/fjallshop.si\/en\/wp-json\/wp\/v2\/product\/1025093","targetHints":{"allow":["GET"]}}],"collection":[{"href":"https:\/\/fjallshop.si\/en\/wp-json\/wp\/v2\/product"}],"about":[{"href":"https:\/\/fjallshop.si\/en\/wp-json\/wp\/v2\/types\/product"}],"version-history":[{"count":1,"href":"https:\/\/fjallshop.si\/en\/wp-json\/wp\/v2\/product\/1025093\/revisions"}],"predecessor-version":[{"id":1025128,"href":"https:\/\/fjallshop.si\/en\/wp-json\/wp\/v2\/product\/1025093\/revisions\/1025128"}],"wp:featuredmedia":[{"embeddable":true,"href":"https:\/\/fjallshop.si\/en\/wp-json\/wp\/v2\/media\/1025129"}],"wp:attachment":[{"href":"https:\/\/fjallshop.si\/en\/wp-json\/wp\/v2\/media?parent=1025093"}],"wp:term":[{"taxonomy":"product_brand","embeddable":true,"href":"https:\/\/fjallshop.si\/en\/wp-json\/wp\/v2\/product_brand?post=1025093"},{"taxonomy":"product_cat","embeddable":true,"href":"https:\/\/fjallshop.si\/en\/wp-json\/wp\/v2\/product_cat?post=1025093"},{"taxonomy":"product_tag","embeddable":true,"href":"https:\/\/fjallshop.si\/en\/wp-json\/wp\/v2\/product_tag?post=1025093"}],"curies":[{"name":"wp","href":"https:\/\/api.w.org\/{rel}","templated":true}]}}