{"id":1025450,"date":"2025-12-21T23:30:20","date_gmt":"2025-12-21T23:30:20","guid":{"rendered":"https:\/\/fjallravensi.dev.mortar.tovarnaidej.com\/?post_type=product&#038;p=1025450"},"modified":"2026-05-06T13:24:06","modified_gmt":"2026-05-06T13:24:06","slug":"ovik-lite-half-zip-m","status":"publish","type":"product","link":"https:\/\/fjallshop.si\/en\/product\/ovik-lite-half-zip-m\/","title":{"rendered":"\u00d6vik Lite Half Zip M"},"content":{"rendered":"<p>Udoben in lahek pulover iz me\u0161anice merino volne ZQ in organskega bomba\u017ea, ki zdru\u017euje lastnosti volne, ki odvaja vlago in uravnava temperaturo, z mehkobo organskega bomba\u017ea. Mo\u0161ki pulover \u00d6vik Lite s polovi\u010dno zadrgo je popolno obla\u010dilo za ramenski sezono, ki vas bo grelo in vam bo udobno na prostem. Zaradi velike zadrge ga je enostavno obla\u010diti in sla\u010diti, srednje visok ovratnik pa bo ohranjal va\u0161 vrat topel.<\/p>\n","protected":false},"excerpt":{"rendered":"<p>Udoben, lahek pulover iz me\u0161anice merino volne in organskega bomba\u017ea s polovi\u010dno zadrgo.<\/p>\n","protected":false},"featured_media":1025483,"template":"","meta":[],"product_brand":[460],"product_cat":[186],"product_tag":[470,527,533,480],"class_list":{"0":"post-1025450","1":"product","2":"type-product","3":"status-publish","4":"has-post-thumbnail","6":"product_brand-ovik","7":"product_cat-srednji-sloji","8":"product_tag-moski","9":"product_tag-mid-layer-moski","10":"product_tag-mid-layer-moski-volneni-puloverji","11":"product_tag-ovik","13":"first","14":"instock","15":"shipping-taxable","16":"purchasable","17":"product-type-variable"},"yoast_head":"<!-- This site is optimized with the Yoast SEO plugin v27.0 - https:\/\/yoast.com\/product\/yoast-seo-wordpress\/ -->\n<title>\u00d6vik Lite Half Zip M - Fj\u00e4llr\u00e4ven<\/title>\n<meta name=\"robots\" content=\"index, follow, max-snippet:-1, max-image-preview:large, max-video-preview:-1\" \/>\n<link rel=\"canonical\" href=\"https:\/\/fjallshop.si\/izdelek\/ovik-lite-half-zip-m\/\" \/>\n<meta property=\"og:locale\" content=\"en_US\" \/>\n<meta property=\"og:type\" content=\"article\" \/>\n<meta property=\"og:title\" content=\"\u00d6vik Lite Half Zip M - Fj\u00e4llr\u00e4ven\" \/>\n<meta property=\"og:description\" content=\"Udoben, lahek pulover iz me\u0161anice merino volne in organskega bomba\u017ea s polovi\u010dno zadrgo.\" \/>\n<meta property=\"og:url\" content=\"https:\/\/fjallshop.si\/izdelek\/ovik-lite-half-zip-m\/\" \/>\n<meta property=\"og:site_name\" content=\"Fj\u00e4llr\u00e4ven\" \/>\n<meta property=\"article:publisher\" content=\"https:\/\/www.facebook.com\/FjallravenSlovenia\" \/>\n<meta property=\"article:modified_time\" content=\"2026-05-06T13:24:06+00:00\" \/>\n<meta property=\"og:image\" content=\"https:\/\/fjallshop.si\/wp-content\/uploads\/2025\/12\/ovik_lite_half_zip_m_12600305-555_a_main.webp\" \/>\n\t<meta property=\"og:image:width\" content=\"1248\" \/>\n\t<meta property=\"og:image:height\" content=\"1248\" \/>\n\t<meta property=\"og:image:type\" content=\"image\/webp\" \/>\n<meta name=\"twitter:card\" content=\"summary_large_image\" \/>\n<script type=\"application\/ld+json\" class=\"yoast-schema-graph\">{\"@context\":\"https:\/\/schema.org\",\"@graph\":[{\"@type\":\"WebPage\",\"@id\":\"https:\/\/fjallshop.si\/izdelek\/ovik-lite-half-zip-m\/\",\"url\":\"https:\/\/fjallshop.si\/izdelek\/ovik-lite-half-zip-m\/\",\"name\":\"\u00d6vik Lite Half Zip M - Fj\u00e4llr\u00e4ven\",\"isPartOf\":{\"@id\":\"https:\/\/fjallshop.si\/en\/#website\"},\"primaryImageOfPage\":{\"@id\":\"https:\/\/fjallshop.si\/izdelek\/ovik-lite-half-zip-m\/#primaryimage\"},\"image\":{\"@id\":\"https:\/\/fjallshop.si\/izdelek\/ovik-lite-half-zip-m\/#primaryimage\"},\"thumbnailUrl\":\"https:\/\/fjallshop.si\/wp-content\/uploads\/2025\/12\/ovik_lite_half_zip_m_12600305-555_a_main.webp\",\"datePublished\":\"2025-12-21T23:30:20+00:00\",\"dateModified\":\"2026-05-06T13:24:06+00:00\",\"breadcrumb\":{\"@id\":\"https:\/\/fjallshop.si\/izdelek\/ovik-lite-half-zip-m\/#breadcrumb\"},\"inLanguage\":\"en-US\",\"potentialAction\":[{\"@type\":\"ReadAction\",\"target\":[\"https:\/\/fjallshop.si\/izdelek\/ovik-lite-half-zip-m\/\"]}]},{\"@type\":\"ImageObject\",\"inLanguage\":\"en-US\",\"@id\":\"https:\/\/fjallshop.si\/izdelek\/ovik-lite-half-zip-m\/#primaryimage\",\"url\":\"https:\/\/fjallshop.si\/wp-content\/uploads\/2025\/12\/ovik_lite_half_zip_m_12600305-555_a_main.webp\",\"contentUrl\":\"https:\/\/fjallshop.si\/wp-content\/uploads\/2025\/12\/ovik_lite_half_zip_m_12600305-555_a_main.webp\",\"width\":1248,\"height\":1248},{\"@type\":\"BreadcrumbList\",\"@id\":\"https:\/\/fjallshop.si\/izdelek\/ovik-lite-half-zip-m\/#breadcrumb\",\"itemListElement\":[{\"@type\":\"ListItem\",\"position\":1,\"name\":\"Home\",\"item\":\"https:\/\/fjallshop.si\/\"},{\"@type\":\"ListItem\",\"position\":2,\"name\":\"Shop\",\"item\":\"https:\/\/fjallshop.si\/en\/shop\/\"},{\"@type\":\"ListItem\",\"position\":3,\"name\":\"\u00d6vik Lite Half Zip M\"}]},{\"@type\":\"WebSite\",\"@id\":\"https:\/\/fjallshop.si\/en\/#website\",\"url\":\"https:\/\/fjallshop.si\/en\/\",\"name\":\"Fj\u00e4llr\u00e4ven\",\"description\":\"Spletna trgovina\",\"publisher\":{\"@id\":\"https:\/\/fjallshop.si\/en\/#organization\"},\"potentialAction\":[{\"@type\":\"SearchAction\",\"target\":{\"@type\":\"EntryPoint\",\"urlTemplate\":\"https:\/\/fjallshop.si\/en\/?s={search_term_string}\"},\"query-input\":{\"@type\":\"PropertyValueSpecification\",\"valueRequired\":true,\"valueName\":\"search_term_string\"}}],\"inLanguage\":\"en-US\"},{\"@type\":\"Organization\",\"@id\":\"https:\/\/fjallshop.si\/en\/#organization\",\"name\":\"Fj\u00e4llr\u00e4ven\",\"url\":\"https:\/\/fjallshop.si\/en\/\",\"logo\":{\"@type\":\"ImageObject\",\"inLanguage\":\"en-US\",\"@id\":\"https:\/\/fjallshop.si\/en\/#\/schema\/logo\/image\/\",\"url\":\"https:\/\/fjallshop.si\/wp-content\/uploads\/2026\/02\/fjallravenlogo.svg\",\"contentUrl\":\"https:\/\/fjallshop.si\/wp-content\/uploads\/2026\/02\/fjallravenlogo.svg\",\"width\":126,\"height\":46,\"caption\":\"Fj\u00e4llr\u00e4ven\"},\"image\":{\"@id\":\"https:\/\/fjallshop.si\/en\/#\/schema\/logo\/image\/\"},\"sameAs\":[\"https:\/\/www.facebook.com\/FjallravenSlovenia\"]}]}<\/script>\n<!-- \/ Yoast SEO plugin. -->","yoast_head_json":{"title":"\u00d6vik Lite Half Zip M - Fj\u00e4llr\u00e4ven","robots":{"index":"index","follow":"follow","max-snippet":"max-snippet:-1","max-image-preview":"max-image-preview:large","max-video-preview":"max-video-preview:-1"},"canonical":"https:\/\/fjallshop.si\/izdelek\/ovik-lite-half-zip-m\/","og_locale":"en_US","og_type":"article","og_title":"\u00d6vik Lite Half Zip M - Fj\u00e4llr\u00e4ven","og_description":"Udoben, lahek pulover iz me\u0161anice merino volne in organskega bomba\u017ea s polovi\u010dno zadrgo.","og_url":"https:\/\/fjallshop.si\/izdelek\/ovik-lite-half-zip-m\/","og_site_name":"Fj\u00e4llr\u00e4ven","article_publisher":"https:\/\/www.facebook.com\/FjallravenSlovenia","article_modified_time":"2026-05-06T13:24:06+00:00","og_image":[{"width":1248,"height":1248,"url":"https:\/\/fjallshop.si\/wp-content\/uploads\/2025\/12\/ovik_lite_half_zip_m_12600305-555_a_main.webp","type":"image\/webp"}],"twitter_card":"summary_large_image","schema":{"@context":"https:\/\/schema.org","@graph":[{"@type":"WebPage","@id":"https:\/\/fjallshop.si\/izdelek\/ovik-lite-half-zip-m\/","url":"https:\/\/fjallshop.si\/izdelek\/ovik-lite-half-zip-m\/","name":"\u00d6vik Lite Half Zip M - Fj\u00e4llr\u00e4ven","isPartOf":{"@id":"https:\/\/fjallshop.si\/en\/#website"},"primaryImageOfPage":{"@id":"https:\/\/fjallshop.si\/izdelek\/ovik-lite-half-zip-m\/#primaryimage"},"image":{"@id":"https:\/\/fjallshop.si\/izdelek\/ovik-lite-half-zip-m\/#primaryimage"},"thumbnailUrl":"https:\/\/fjallshop.si\/wp-content\/uploads\/2025\/12\/ovik_lite_half_zip_m_12600305-555_a_main.webp","datePublished":"2025-12-21T23:30:20+00:00","dateModified":"2026-05-06T13:24:06+00:00","breadcrumb":{"@id":"https:\/\/fjallshop.si\/izdelek\/ovik-lite-half-zip-m\/#breadcrumb"},"inLanguage":"en-US","potentialAction":[{"@type":"ReadAction","target":["https:\/\/fjallshop.si\/izdelek\/ovik-lite-half-zip-m\/"]}]},{"@type":"ImageObject","inLanguage":"en-US","@id":"https:\/\/fjallshop.si\/izdelek\/ovik-lite-half-zip-m\/#primaryimage","url":"https:\/\/fjallshop.si\/wp-content\/uploads\/2025\/12\/ovik_lite_half_zip_m_12600305-555_a_main.webp","contentUrl":"https:\/\/fjallshop.si\/wp-content\/uploads\/2025\/12\/ovik_lite_half_zip_m_12600305-555_a_main.webp","width":1248,"height":1248},{"@type":"BreadcrumbList","@id":"https:\/\/fjallshop.si\/izdelek\/ovik-lite-half-zip-m\/#breadcrumb","itemListElement":[{"@type":"ListItem","position":1,"name":"Home","item":"https:\/\/fjallshop.si\/"},{"@type":"ListItem","position":2,"name":"Shop","item":"https:\/\/fjallshop.si\/en\/shop\/"},{"@type":"ListItem","position":3,"name":"\u00d6vik Lite Half Zip M"}]},{"@type":"WebSite","@id":"https:\/\/fjallshop.si\/en\/#website","url":"https:\/\/fjallshop.si\/en\/","name":"Fj\u00e4llr\u00e4ven","description":"Spletna trgovina","publisher":{"@id":"https:\/\/fjallshop.si\/en\/#organization"},"potentialAction":[{"@type":"SearchAction","target":{"@type":"EntryPoint","urlTemplate":"https:\/\/fjallshop.si\/en\/?s={search_term_string}"},"query-input":{"@type":"PropertyValueSpecification","valueRequired":true,"valueName":"search_term_string"}}],"inLanguage":"en-US"},{"@type":"Organization","@id":"https:\/\/fjallshop.si\/en\/#organization","name":"Fj\u00e4llr\u00e4ven","url":"https:\/\/fjallshop.si\/en\/","logo":{"@type":"ImageObject","inLanguage":"en-US","@id":"https:\/\/fjallshop.si\/en\/#\/schema\/logo\/image\/","url":"https:\/\/fjallshop.si\/wp-content\/uploads\/2026\/02\/fjallravenlogo.svg","contentUrl":"https:\/\/fjallshop.si\/wp-content\/uploads\/2026\/02\/fjallravenlogo.svg","width":126,"height":46,"caption":"Fj\u00e4llr\u00e4ven"},"image":{"@id":"https:\/\/fjallshop.si\/en\/#\/schema\/logo\/image\/"},"sameAs":["https:\/\/www.facebook.com\/FjallravenSlovenia"]}]}},"_links":{"self":[{"href":"https:\/\/fjallshop.si\/en\/wp-json\/wp\/v2\/product\/1025450","targetHints":{"allow":["GET"]}}],"collection":[{"href":"https:\/\/fjallshop.si\/en\/wp-json\/wp\/v2\/product"}],"about":[{"href":"https:\/\/fjallshop.si\/en\/wp-json\/wp\/v2\/types\/product"}],"version-history":[{"count":1,"href":"https:\/\/fjallshop.si\/en\/wp-json\/wp\/v2\/product\/1025450\/revisions"}],"predecessor-version":[{"id":1025482,"href":"https:\/\/fjallshop.si\/en\/wp-json\/wp\/v2\/product\/1025450\/revisions\/1025482"}],"wp:featuredmedia":[{"embeddable":true,"href":"https:\/\/fjallshop.si\/en\/wp-json\/wp\/v2\/media\/1025483"}],"wp:attachment":[{"href":"https:\/\/fjallshop.si\/en\/wp-json\/wp\/v2\/media?parent=1025450"}],"wp:term":[{"taxonomy":"product_brand","embeddable":true,"href":"https:\/\/fjallshop.si\/en\/wp-json\/wp\/v2\/product_brand?post=1025450"},{"taxonomy":"product_cat","embeddable":true,"href":"https:\/\/fjallshop.si\/en\/wp-json\/wp\/v2\/product_cat?post=1025450"},{"taxonomy":"product_tag","embeddable":true,"href":"https:\/\/fjallshop.si\/en\/wp-json\/wp\/v2\/product_tag?post=1025450"}],"curies":[{"name":"wp","href":"https:\/\/api.w.org\/{rel}","templated":true}]}}