{"id":1025637,"date":"2025-12-21T23:31:20","date_gmt":"2025-12-21T23:31:20","guid":{"rendered":"https:\/\/fjallravensi.dev.mortar.tovarnaidej.com\/?post_type=product&#038;p=1025637"},"modified":"2026-05-07T11:13:29","modified_gmt":"2026-05-07T11:13:29","slug":"kaitum-hoodie-w","status":"publish","type":"product","link":"https:\/\/fjallshop.si\/en\/product\/kaitum-hoodie-w\/","title":{"rendered":"Kaitum Hoodie W"},"content":{"rendered":"<p>Udobna, a tehni\u010dna jopa s kapuco iz debele in prijetne funkcionalne me\u0161anice merino volne ZQ, ki zdru\u017euje lastnosti volne za uravnavanje temperature z vzdr\u017eljivostjo sinteti\u010dnih vlaken. Odvaja vlago in ima visoko zunanjost, ki ustvarja veliko zra\u010dnih \u017eepov, zato se odli\u010dno obnese kot vmesna plast pod zgornjo jakno, zaradi mehkega udobja in brez\u010dasnega dizajna pa je odli\u010dna tudi samostojno za vsakodnevno uporabo.<\/p>\n","protected":false},"excerpt":{"rendered":"<p>Udoben pulover s kapuco iz me\u0161anice merino volne ZQ in poliestra. Popoln kot vmesna plast pod jakno ali samostojno v planinski ko\u010di.<\/p>\n","protected":false},"featured_media":1025644,"template":"","meta":[],"product_brand":[461],"product_cat":[186],"product_tag":[488,489,730,562],"class_list":{"0":"post-1025637","1":"product","2":"type-product","3":"status-publish","4":"has-post-thumbnail","6":"product_brand-singi","7":"product_cat-srednji-sloji","8":"product_tag-singi","9":"product_tag-zenske","10":"product_tag-zenski-brezrokavniki-in-srednji-sloji","11":"product_tag-mid-layer-zenski-puloverji","13":"first","14":"instock","15":"shipping-taxable","16":"purchasable","17":"product-type-variable"},"yoast_head":"<!-- This site is optimized with the Yoast SEO plugin v27.0 - https:\/\/yoast.com\/product\/yoast-seo-wordpress\/ -->\n<title>Kaitum Hoodie W - Fj\u00e4llr\u00e4ven<\/title>\n<meta name=\"robots\" content=\"index, follow, max-snippet:-1, max-image-preview:large, max-video-preview:-1\" \/>\n<link rel=\"canonical\" href=\"https:\/\/fjallshop.si\/izdelek\/kaitum-hoodie-w\/\" \/>\n<meta property=\"og:locale\" content=\"en_US\" \/>\n<meta property=\"og:type\" content=\"article\" \/>\n<meta property=\"og:title\" content=\"Kaitum Hoodie W - Fj\u00e4llr\u00e4ven\" \/>\n<meta property=\"og:description\" content=\"Udoben pulover s kapuco iz me\u0161anice merino volne ZQ in poliestra. Popoln kot vmesna plast pod jakno ali samostojno v planinski ko\u010di.\" \/>\n<meta property=\"og:url\" content=\"https:\/\/fjallshop.si\/izdelek\/kaitum-hoodie-w\/\" \/>\n<meta property=\"og:site_name\" content=\"Fj\u00e4llr\u00e4ven\" \/>\n<meta property=\"article:publisher\" content=\"https:\/\/www.facebook.com\/FjallravenSlovenia\" \/>\n<meta property=\"article:modified_time\" content=\"2026-05-07T11:13:29+00:00\" \/>\n<meta property=\"og:image\" content=\"https:\/\/fjallshop.si\/wp-content\/uploads\/2025\/12\/kaitum_hoodie_w_14600250-113_a_main-1.webp\" \/>\n\t<meta property=\"og:image:width\" content=\"1248\" \/>\n\t<meta property=\"og:image:height\" content=\"1248\" \/>\n\t<meta property=\"og:image:type\" content=\"image\/webp\" \/>\n<meta name=\"twitter:card\" content=\"summary_large_image\" \/>\n<script type=\"application\/ld+json\" class=\"yoast-schema-graph\">{\"@context\":\"https:\/\/schema.org\",\"@graph\":[{\"@type\":\"WebPage\",\"@id\":\"https:\/\/fjallshop.si\/izdelek\/kaitum-hoodie-w\/\",\"url\":\"https:\/\/fjallshop.si\/izdelek\/kaitum-hoodie-w\/\",\"name\":\"Kaitum Hoodie W - Fj\u00e4llr\u00e4ven\",\"isPartOf\":{\"@id\":\"https:\/\/fjallshop.si\/en\/#website\"},\"primaryImageOfPage\":{\"@id\":\"https:\/\/fjallshop.si\/izdelek\/kaitum-hoodie-w\/#primaryimage\"},\"image\":{\"@id\":\"https:\/\/fjallshop.si\/izdelek\/kaitum-hoodie-w\/#primaryimage\"},\"thumbnailUrl\":\"https:\/\/fjallshop.si\/wp-content\/uploads\/2025\/12\/kaitum_hoodie_w_14600250-113_a_main-1.webp\",\"datePublished\":\"2025-12-21T23:31:20+00:00\",\"dateModified\":\"2026-05-07T11:13:29+00:00\",\"breadcrumb\":{\"@id\":\"https:\/\/fjallshop.si\/izdelek\/kaitum-hoodie-w\/#breadcrumb\"},\"inLanguage\":\"en-US\",\"potentialAction\":[{\"@type\":\"ReadAction\",\"target\":[\"https:\/\/fjallshop.si\/izdelek\/kaitum-hoodie-w\/\"]}]},{\"@type\":\"ImageObject\",\"inLanguage\":\"en-US\",\"@id\":\"https:\/\/fjallshop.si\/izdelek\/kaitum-hoodie-w\/#primaryimage\",\"url\":\"https:\/\/fjallshop.si\/wp-content\/uploads\/2025\/12\/kaitum_hoodie_w_14600250-113_a_main-1.webp\",\"contentUrl\":\"https:\/\/fjallshop.si\/wp-content\/uploads\/2025\/12\/kaitum_hoodie_w_14600250-113_a_main-1.webp\",\"width\":1248,\"height\":1248},{\"@type\":\"BreadcrumbList\",\"@id\":\"https:\/\/fjallshop.si\/izdelek\/kaitum-hoodie-w\/#breadcrumb\",\"itemListElement\":[{\"@type\":\"ListItem\",\"position\":1,\"name\":\"Home\",\"item\":\"https:\/\/fjallshop.si\/\"},{\"@type\":\"ListItem\",\"position\":2,\"name\":\"Shop\",\"item\":\"https:\/\/fjallshop.si\/en\/shop\/\"},{\"@type\":\"ListItem\",\"position\":3,\"name\":\"Kaitum Hoodie W\"}]},{\"@type\":\"WebSite\",\"@id\":\"https:\/\/fjallshop.si\/en\/#website\",\"url\":\"https:\/\/fjallshop.si\/en\/\",\"name\":\"Fj\u00e4llr\u00e4ven\",\"description\":\"Spletna trgovina\",\"publisher\":{\"@id\":\"https:\/\/fjallshop.si\/en\/#organization\"},\"potentialAction\":[{\"@type\":\"SearchAction\",\"target\":{\"@type\":\"EntryPoint\",\"urlTemplate\":\"https:\/\/fjallshop.si\/en\/?s={search_term_string}\"},\"query-input\":{\"@type\":\"PropertyValueSpecification\",\"valueRequired\":true,\"valueName\":\"search_term_string\"}}],\"inLanguage\":\"en-US\"},{\"@type\":\"Organization\",\"@id\":\"https:\/\/fjallshop.si\/en\/#organization\",\"name\":\"Fj\u00e4llr\u00e4ven\",\"url\":\"https:\/\/fjallshop.si\/en\/\",\"logo\":{\"@type\":\"ImageObject\",\"inLanguage\":\"en-US\",\"@id\":\"https:\/\/fjallshop.si\/en\/#\/schema\/logo\/image\/\",\"url\":\"https:\/\/fjallshop.si\/wp-content\/uploads\/2026\/02\/fjallravenlogo.svg\",\"contentUrl\":\"https:\/\/fjallshop.si\/wp-content\/uploads\/2026\/02\/fjallravenlogo.svg\",\"width\":126,\"height\":46,\"caption\":\"Fj\u00e4llr\u00e4ven\"},\"image\":{\"@id\":\"https:\/\/fjallshop.si\/en\/#\/schema\/logo\/image\/\"},\"sameAs\":[\"https:\/\/www.facebook.com\/FjallravenSlovenia\"]}]}<\/script>\n<!-- \/ Yoast SEO plugin. -->","yoast_head_json":{"title":"Kaitum Hoodie W - Fj\u00e4llr\u00e4ven","robots":{"index":"index","follow":"follow","max-snippet":"max-snippet:-1","max-image-preview":"max-image-preview:large","max-video-preview":"max-video-preview:-1"},"canonical":"https:\/\/fjallshop.si\/izdelek\/kaitum-hoodie-w\/","og_locale":"en_US","og_type":"article","og_title":"Kaitum Hoodie W - Fj\u00e4llr\u00e4ven","og_description":"Udoben pulover s kapuco iz me\u0161anice merino volne ZQ in poliestra. Popoln kot vmesna plast pod jakno ali samostojno v planinski ko\u010di.","og_url":"https:\/\/fjallshop.si\/izdelek\/kaitum-hoodie-w\/","og_site_name":"Fj\u00e4llr\u00e4ven","article_publisher":"https:\/\/www.facebook.com\/FjallravenSlovenia","article_modified_time":"2026-05-07T11:13:29+00:00","og_image":[{"width":1248,"height":1248,"url":"https:\/\/fjallshop.si\/wp-content\/uploads\/2025\/12\/kaitum_hoodie_w_14600250-113_a_main-1.webp","type":"image\/webp"}],"twitter_card":"summary_large_image","schema":{"@context":"https:\/\/schema.org","@graph":[{"@type":"WebPage","@id":"https:\/\/fjallshop.si\/izdelek\/kaitum-hoodie-w\/","url":"https:\/\/fjallshop.si\/izdelek\/kaitum-hoodie-w\/","name":"Kaitum Hoodie W - Fj\u00e4llr\u00e4ven","isPartOf":{"@id":"https:\/\/fjallshop.si\/en\/#website"},"primaryImageOfPage":{"@id":"https:\/\/fjallshop.si\/izdelek\/kaitum-hoodie-w\/#primaryimage"},"image":{"@id":"https:\/\/fjallshop.si\/izdelek\/kaitum-hoodie-w\/#primaryimage"},"thumbnailUrl":"https:\/\/fjallshop.si\/wp-content\/uploads\/2025\/12\/kaitum_hoodie_w_14600250-113_a_main-1.webp","datePublished":"2025-12-21T23:31:20+00:00","dateModified":"2026-05-07T11:13:29+00:00","breadcrumb":{"@id":"https:\/\/fjallshop.si\/izdelek\/kaitum-hoodie-w\/#breadcrumb"},"inLanguage":"en-US","potentialAction":[{"@type":"ReadAction","target":["https:\/\/fjallshop.si\/izdelek\/kaitum-hoodie-w\/"]}]},{"@type":"ImageObject","inLanguage":"en-US","@id":"https:\/\/fjallshop.si\/izdelek\/kaitum-hoodie-w\/#primaryimage","url":"https:\/\/fjallshop.si\/wp-content\/uploads\/2025\/12\/kaitum_hoodie_w_14600250-113_a_main-1.webp","contentUrl":"https:\/\/fjallshop.si\/wp-content\/uploads\/2025\/12\/kaitum_hoodie_w_14600250-113_a_main-1.webp","width":1248,"height":1248},{"@type":"BreadcrumbList","@id":"https:\/\/fjallshop.si\/izdelek\/kaitum-hoodie-w\/#breadcrumb","itemListElement":[{"@type":"ListItem","position":1,"name":"Home","item":"https:\/\/fjallshop.si\/"},{"@type":"ListItem","position":2,"name":"Shop","item":"https:\/\/fjallshop.si\/en\/shop\/"},{"@type":"ListItem","position":3,"name":"Kaitum Hoodie W"}]},{"@type":"WebSite","@id":"https:\/\/fjallshop.si\/en\/#website","url":"https:\/\/fjallshop.si\/en\/","name":"Fj\u00e4llr\u00e4ven","description":"Spletna trgovina","publisher":{"@id":"https:\/\/fjallshop.si\/en\/#organization"},"potentialAction":[{"@type":"SearchAction","target":{"@type":"EntryPoint","urlTemplate":"https:\/\/fjallshop.si\/en\/?s={search_term_string}"},"query-input":{"@type":"PropertyValueSpecification","valueRequired":true,"valueName":"search_term_string"}}],"inLanguage":"en-US"},{"@type":"Organization","@id":"https:\/\/fjallshop.si\/en\/#organization","name":"Fj\u00e4llr\u00e4ven","url":"https:\/\/fjallshop.si\/en\/","logo":{"@type":"ImageObject","inLanguage":"en-US","@id":"https:\/\/fjallshop.si\/en\/#\/schema\/logo\/image\/","url":"https:\/\/fjallshop.si\/wp-content\/uploads\/2026\/02\/fjallravenlogo.svg","contentUrl":"https:\/\/fjallshop.si\/wp-content\/uploads\/2026\/02\/fjallravenlogo.svg","width":126,"height":46,"caption":"Fj\u00e4llr\u00e4ven"},"image":{"@id":"https:\/\/fjallshop.si\/en\/#\/schema\/logo\/image\/"},"sameAs":["https:\/\/www.facebook.com\/FjallravenSlovenia"]}]}},"_links":{"self":[{"href":"https:\/\/fjallshop.si\/en\/wp-json\/wp\/v2\/product\/1025637","targetHints":{"allow":["GET"]}}],"collection":[{"href":"https:\/\/fjallshop.si\/en\/wp-json\/wp\/v2\/product"}],"about":[{"href":"https:\/\/fjallshop.si\/en\/wp-json\/wp\/v2\/types\/product"}],"version-history":[{"count":1,"href":"https:\/\/fjallshop.si\/en\/wp-json\/wp\/v2\/product\/1025637\/revisions"}],"predecessor-version":[{"id":1025641,"href":"https:\/\/fjallshop.si\/en\/wp-json\/wp\/v2\/product\/1025637\/revisions\/1025641"}],"wp:featuredmedia":[{"embeddable":true,"href":"https:\/\/fjallshop.si\/en\/wp-json\/wp\/v2\/media\/1025644"}],"wp:attachment":[{"href":"https:\/\/fjallshop.si\/en\/wp-json\/wp\/v2\/media?parent=1025637"}],"wp:term":[{"taxonomy":"product_brand","embeddable":true,"href":"https:\/\/fjallshop.si\/en\/wp-json\/wp\/v2\/product_brand?post=1025637"},{"taxonomy":"product_cat","embeddable":true,"href":"https:\/\/fjallshop.si\/en\/wp-json\/wp\/v2\/product_cat?post=1025637"},{"taxonomy":"product_tag","embeddable":true,"href":"https:\/\/fjallshop.si\/en\/wp-json\/wp\/v2\/product_tag?post=1025637"}],"curies":[{"name":"wp","href":"https:\/\/api.w.org\/{rel}","templated":true}]}}