{"id":1025728,"date":"2025-12-21T23:31:46","date_gmt":"2025-12-21T23:31:46","guid":{"rendered":"https:\/\/fjallravensi.dev.mortar.tovarnaidej.com\/?post_type=product&#038;p=1025728"},"modified":"2026-05-06T13:36:17","modified_gmt":"2026-05-06T13:36:17","slug":"fjallraven-classic-hoodie-m","status":"publish","type":"product","link":"https:\/\/fjallshop.si\/en\/product\/fjallraven-classic-hoodie-m\/","title":{"rendered":"Fj\u00e4llr\u00e4ven Classic Hoodie M"},"content":{"rendered":"<p>Mo\u0161ka jopa Fj\u00e4llr\u00e4ven Classic iz 100 % organskega bomba\u017ea je odli\u010dna kot le\u017eeren pulover ali dodatna plast, ko potrebujete malo ve\u010d toplote. Trojno tkana tkanina ima gladko zunanjost in mehko krta\u010deno notranjost. Spro\u0161\u010den kroj ima raglan rokave, velik kenguru \u017eep in toplo kapuco z vrvico za nastavitev. Dvoslojna tkanina na kapuci ter rebrasti man\u0161eti in rob \u2013 obvezen kos v vsaki garderobi.<\/p>\n","protected":false},"excerpt":{"rendered":"<p>Klasi\u010dni pulover s kapuco iz visokokakovostnega organskega bomba\u017enega flisa za spro\u0161\u010deno vsakdanje \u017eivljenje.<\/p>\n","protected":false},"featured_media":1025741,"template":"","meta":[],"product_brand":[460],"product_cat":[186],"product_tag":[470,527,592,480],"class_list":{"0":"post-1025728","1":"product","2":"type-product","3":"status-publish","4":"has-post-thumbnail","6":"product_brand-ovik","7":"product_cat-srednji-sloji","8":"product_tag-moski","9":"product_tag-mid-layer-moski","10":"product_tag-mid-layer-moski-puloverji","11":"product_tag-ovik","13":"first","14":"outofstock","15":"shipping-taxable","16":"purchasable","17":"product-type-variable"},"yoast_head":"<!-- This site is optimized with the Yoast SEO plugin v27.0 - https:\/\/yoast.com\/product\/yoast-seo-wordpress\/ -->\n<title>Fj\u00e4llr\u00e4ven Classic Hoodie M - Fj\u00e4llr\u00e4ven<\/title>\n<meta name=\"robots\" content=\"index, follow, max-snippet:-1, max-image-preview:large, max-video-preview:-1\" \/>\n<link rel=\"canonical\" href=\"https:\/\/fjallshop.si\/en\/product\/fjallraven-classic-hoodie-m\/\" \/>\n<meta property=\"og:locale\" content=\"en_US\" \/>\n<meta property=\"og:type\" content=\"article\" \/>\n<meta property=\"og:title\" content=\"Fj\u00e4llr\u00e4ven Classic Hoodie M - Fj\u00e4llr\u00e4ven\" \/>\n<meta property=\"og:description\" content=\"Klasi\u010dni pulover s kapuco iz visokokakovostnega organskega bomba\u017enega flisa za spro\u0161\u010deno vsakdanje \u017eivljenje.\" \/>\n<meta property=\"og:url\" content=\"https:\/\/fjallshop.si\/en\/product\/fjallraven-classic-hoodie-m\/\" \/>\n<meta property=\"og:site_name\" content=\"Fj\u00e4llr\u00e4ven\" \/>\n<meta property=\"article:publisher\" content=\"https:\/\/www.facebook.com\/FjallravenSlovenia\" \/>\n<meta property=\"article:modified_time\" content=\"2026-05-06T13:36:17+00:00\" \/>\n<meta property=\"og:image\" content=\"https:\/\/fjallshop.si\/wp-content\/uploads\/2025\/12\/fjallraven_classic_hoodie_m_12600231-550_a_main_fjr.webp\" \/>\n\t<meta property=\"og:image:width\" content=\"1248\" \/>\n\t<meta property=\"og:image:height\" content=\"1248\" \/>\n\t<meta property=\"og:image:type\" content=\"image\/webp\" \/>\n<meta name=\"twitter:card\" content=\"summary_large_image\" \/>\n<script type=\"application\/ld+json\" class=\"yoast-schema-graph\">{\"@context\":\"https:\/\/schema.org\",\"@graph\":[{\"@type\":\"WebPage\",\"@id\":\"https:\/\/fjallshop.si\/en\/product\/fjallraven-classic-hoodie-m\/\",\"url\":\"https:\/\/fjallshop.si\/en\/product\/fjallraven-classic-hoodie-m\/\",\"name\":\"Fj\u00e4llr\u00e4ven Classic Hoodie M - Fj\u00e4llr\u00e4ven\",\"isPartOf\":{\"@id\":\"https:\/\/fjallshop.si\/en\/#website\"},\"primaryImageOfPage\":{\"@id\":\"https:\/\/fjallshop.si\/en\/product\/fjallraven-classic-hoodie-m\/#primaryimage\"},\"image\":{\"@id\":\"https:\/\/fjallshop.si\/en\/product\/fjallraven-classic-hoodie-m\/#primaryimage\"},\"thumbnailUrl\":\"https:\/\/fjallshop.si\/wp-content\/uploads\/2025\/12\/fjallraven_classic_hoodie_m_12600231-550_a_main_fjr.webp\",\"datePublished\":\"2025-12-21T23:31:46+00:00\",\"dateModified\":\"2026-05-06T13:36:17+00:00\",\"breadcrumb\":{\"@id\":\"https:\/\/fjallshop.si\/en\/product\/fjallraven-classic-hoodie-m\/#breadcrumb\"},\"inLanguage\":\"en-US\",\"potentialAction\":[{\"@type\":\"ReadAction\",\"target\":[\"https:\/\/fjallshop.si\/en\/product\/fjallraven-classic-hoodie-m\/\"]}]},{\"@type\":\"ImageObject\",\"inLanguage\":\"en-US\",\"@id\":\"https:\/\/fjallshop.si\/en\/product\/fjallraven-classic-hoodie-m\/#primaryimage\",\"url\":\"https:\/\/fjallshop.si\/wp-content\/uploads\/2025\/12\/fjallraven_classic_hoodie_m_12600231-550_a_main_fjr.webp\",\"contentUrl\":\"https:\/\/fjallshop.si\/wp-content\/uploads\/2025\/12\/fjallraven_classic_hoodie_m_12600231-550_a_main_fjr.webp\",\"width\":1248,\"height\":1248},{\"@type\":\"BreadcrumbList\",\"@id\":\"https:\/\/fjallshop.si\/en\/product\/fjallraven-classic-hoodie-m\/#breadcrumb\",\"itemListElement\":[{\"@type\":\"ListItem\",\"position\":1,\"name\":\"Home\",\"item\":\"https:\/\/fjallshop.si\/\"},{\"@type\":\"ListItem\",\"position\":2,\"name\":\"Shop\",\"item\":\"https:\/\/fjallshop.si\/en\/shop\/\"},{\"@type\":\"ListItem\",\"position\":3,\"name\":\"Fj\u00e4llr\u00e4ven Classic Hoodie M\"}]},{\"@type\":\"WebSite\",\"@id\":\"https:\/\/fjallshop.si\/en\/#website\",\"url\":\"https:\/\/fjallshop.si\/en\/\",\"name\":\"Fj\u00e4llr\u00e4ven\",\"description\":\"Spletna trgovina\",\"publisher\":{\"@id\":\"https:\/\/fjallshop.si\/en\/#organization\"},\"potentialAction\":[{\"@type\":\"SearchAction\",\"target\":{\"@type\":\"EntryPoint\",\"urlTemplate\":\"https:\/\/fjallshop.si\/en\/?s={search_term_string}\"},\"query-input\":{\"@type\":\"PropertyValueSpecification\",\"valueRequired\":true,\"valueName\":\"search_term_string\"}}],\"inLanguage\":\"en-US\"},{\"@type\":\"Organization\",\"@id\":\"https:\/\/fjallshop.si\/en\/#organization\",\"name\":\"Fj\u00e4llr\u00e4ven\",\"url\":\"https:\/\/fjallshop.si\/en\/\",\"logo\":{\"@type\":\"ImageObject\",\"inLanguage\":\"en-US\",\"@id\":\"https:\/\/fjallshop.si\/en\/#\/schema\/logo\/image\/\",\"url\":\"https:\/\/fjallshop.si\/wp-content\/uploads\/2026\/02\/fjallravenlogo.svg\",\"contentUrl\":\"https:\/\/fjallshop.si\/wp-content\/uploads\/2026\/02\/fjallravenlogo.svg\",\"width\":126,\"height\":46,\"caption\":\"Fj\u00e4llr\u00e4ven\"},\"image\":{\"@id\":\"https:\/\/fjallshop.si\/en\/#\/schema\/logo\/image\/\"},\"sameAs\":[\"https:\/\/www.facebook.com\/FjallravenSlovenia\"]}]}<\/script>\n<!-- \/ Yoast SEO plugin. -->","yoast_head_json":{"title":"Fj\u00e4llr\u00e4ven Classic Hoodie M - Fj\u00e4llr\u00e4ven","robots":{"index":"index","follow":"follow","max-snippet":"max-snippet:-1","max-image-preview":"max-image-preview:large","max-video-preview":"max-video-preview:-1"},"canonical":"https:\/\/fjallshop.si\/en\/product\/fjallraven-classic-hoodie-m\/","og_locale":"en_US","og_type":"article","og_title":"Fj\u00e4llr\u00e4ven Classic Hoodie M - Fj\u00e4llr\u00e4ven","og_description":"Klasi\u010dni pulover s kapuco iz visokokakovostnega organskega bomba\u017enega flisa za spro\u0161\u010deno vsakdanje \u017eivljenje.","og_url":"https:\/\/fjallshop.si\/en\/product\/fjallraven-classic-hoodie-m\/","og_site_name":"Fj\u00e4llr\u00e4ven","article_publisher":"https:\/\/www.facebook.com\/FjallravenSlovenia","article_modified_time":"2026-05-06T13:36:17+00:00","og_image":[{"width":1248,"height":1248,"url":"https:\/\/fjallshop.si\/wp-content\/uploads\/2025\/12\/fjallraven_classic_hoodie_m_12600231-550_a_main_fjr.webp","type":"image\/webp"}],"twitter_card":"summary_large_image","schema":{"@context":"https:\/\/schema.org","@graph":[{"@type":"WebPage","@id":"https:\/\/fjallshop.si\/en\/product\/fjallraven-classic-hoodie-m\/","url":"https:\/\/fjallshop.si\/en\/product\/fjallraven-classic-hoodie-m\/","name":"Fj\u00e4llr\u00e4ven Classic Hoodie M - Fj\u00e4llr\u00e4ven","isPartOf":{"@id":"https:\/\/fjallshop.si\/en\/#website"},"primaryImageOfPage":{"@id":"https:\/\/fjallshop.si\/en\/product\/fjallraven-classic-hoodie-m\/#primaryimage"},"image":{"@id":"https:\/\/fjallshop.si\/en\/product\/fjallraven-classic-hoodie-m\/#primaryimage"},"thumbnailUrl":"https:\/\/fjallshop.si\/wp-content\/uploads\/2025\/12\/fjallraven_classic_hoodie_m_12600231-550_a_main_fjr.webp","datePublished":"2025-12-21T23:31:46+00:00","dateModified":"2026-05-06T13:36:17+00:00","breadcrumb":{"@id":"https:\/\/fjallshop.si\/en\/product\/fjallraven-classic-hoodie-m\/#breadcrumb"},"inLanguage":"en-US","potentialAction":[{"@type":"ReadAction","target":["https:\/\/fjallshop.si\/en\/product\/fjallraven-classic-hoodie-m\/"]}]},{"@type":"ImageObject","inLanguage":"en-US","@id":"https:\/\/fjallshop.si\/en\/product\/fjallraven-classic-hoodie-m\/#primaryimage","url":"https:\/\/fjallshop.si\/wp-content\/uploads\/2025\/12\/fjallraven_classic_hoodie_m_12600231-550_a_main_fjr.webp","contentUrl":"https:\/\/fjallshop.si\/wp-content\/uploads\/2025\/12\/fjallraven_classic_hoodie_m_12600231-550_a_main_fjr.webp","width":1248,"height":1248},{"@type":"BreadcrumbList","@id":"https:\/\/fjallshop.si\/en\/product\/fjallraven-classic-hoodie-m\/#breadcrumb","itemListElement":[{"@type":"ListItem","position":1,"name":"Home","item":"https:\/\/fjallshop.si\/"},{"@type":"ListItem","position":2,"name":"Shop","item":"https:\/\/fjallshop.si\/en\/shop\/"},{"@type":"ListItem","position":3,"name":"Fj\u00e4llr\u00e4ven Classic Hoodie M"}]},{"@type":"WebSite","@id":"https:\/\/fjallshop.si\/en\/#website","url":"https:\/\/fjallshop.si\/en\/","name":"Fj\u00e4llr\u00e4ven","description":"Spletna trgovina","publisher":{"@id":"https:\/\/fjallshop.si\/en\/#organization"},"potentialAction":[{"@type":"SearchAction","target":{"@type":"EntryPoint","urlTemplate":"https:\/\/fjallshop.si\/en\/?s={search_term_string}"},"query-input":{"@type":"PropertyValueSpecification","valueRequired":true,"valueName":"search_term_string"}}],"inLanguage":"en-US"},{"@type":"Organization","@id":"https:\/\/fjallshop.si\/en\/#organization","name":"Fj\u00e4llr\u00e4ven","url":"https:\/\/fjallshop.si\/en\/","logo":{"@type":"ImageObject","inLanguage":"en-US","@id":"https:\/\/fjallshop.si\/en\/#\/schema\/logo\/image\/","url":"https:\/\/fjallshop.si\/wp-content\/uploads\/2026\/02\/fjallravenlogo.svg","contentUrl":"https:\/\/fjallshop.si\/wp-content\/uploads\/2026\/02\/fjallravenlogo.svg","width":126,"height":46,"caption":"Fj\u00e4llr\u00e4ven"},"image":{"@id":"https:\/\/fjallshop.si\/en\/#\/schema\/logo\/image\/"},"sameAs":["https:\/\/www.facebook.com\/FjallravenSlovenia"]}]}},"_links":{"self":[{"href":"https:\/\/fjallshop.si\/en\/wp-json\/wp\/v2\/product\/1025728","targetHints":{"allow":["GET"]}}],"collection":[{"href":"https:\/\/fjallshop.si\/en\/wp-json\/wp\/v2\/product"}],"about":[{"href":"https:\/\/fjallshop.si\/en\/wp-json\/wp\/v2\/types\/product"}],"version-history":[{"count":1,"href":"https:\/\/fjallshop.si\/en\/wp-json\/wp\/v2\/product\/1025728\/revisions"}],"predecessor-version":[{"id":1025740,"href":"https:\/\/fjallshop.si\/en\/wp-json\/wp\/v2\/product\/1025728\/revisions\/1025740"}],"wp:featuredmedia":[{"embeddable":true,"href":"https:\/\/fjallshop.si\/en\/wp-json\/wp\/v2\/media\/1025741"}],"wp:attachment":[{"href":"https:\/\/fjallshop.si\/en\/wp-json\/wp\/v2\/media?parent=1025728"}],"wp:term":[{"taxonomy":"product_brand","embeddable":true,"href":"https:\/\/fjallshop.si\/en\/wp-json\/wp\/v2\/product_brand?post=1025728"},{"taxonomy":"product_cat","embeddable":true,"href":"https:\/\/fjallshop.si\/en\/wp-json\/wp\/v2\/product_cat?post=1025728"},{"taxonomy":"product_tag","embeddable":true,"href":"https:\/\/fjallshop.si\/en\/wp-json\/wp\/v2\/product_tag?post=1025728"}],"curies":[{"name":"wp","href":"https:\/\/api.w.org\/{rel}","templated":true}]}}