{"id":1025845,"date":"2025-12-21T23:32:20","date_gmt":"2025-12-21T23:32:20","guid":{"rendered":"https:\/\/fjallravensi.dev.mortar.tovarnaidej.com\/?post_type=product&#038;p=1025845"},"modified":"2026-05-06T13:24:24","modified_gmt":"2026-05-06T13:24:24","slug":"abisko-hybrid-trail-trs-m","status":"publish","type":"product","link":"https:\/\/fjallshop.si\/en\/product\/abisko-hybrid-trail-trs-m\/","title":{"rendered":"Abisko Hybrid Trail Trs M"},"content":{"rendered":"<p>Vsestranske pohodni\u0161ke hla\u010de v pravem slogu Fj\u00e4llr\u00e4ven. Mo\u0161ke hla\u010de Abisko Hybrid Trail imajo sprednji del materiala G-1000 Lite Stretch, zadnji del pa popolnoma raztegljiv material iz recikliranega poliamida\/elastana. Sprednji del je mogo\u010de voskati za ve\u010djo odpornost na vremenske vplive, zadnji del pa je zelo zra\u010den in zagotavlja odli\u010dno svobodo gibanja. Elasti\u010den pas dodatno pove\u010duje udobje in prileganje. Stranske prezra\u010devalne odprtine z zadrgo, odprti \u017eepi za roke in \u017eepi na nogah z gumbi, eden z zadrgo.<\/p>\n","protected":false},"excerpt":{"rendered":"<p>Vsestranske hla\u010de iz kombiniranih materialov za popolno funkcionalnost.<\/p>\n","protected":false},"featured_media":1025883,"template":"","meta":[],"product_brand":[458],"product_cat":[69],"product_tag":[472,528,535,470],"class_list":{"0":"post-1025845","1":"product","2":"type-product","3":"status-publish","4":"has-post-thumbnail","6":"product_brand-abisko","7":"product_cat-hlace","8":"product_tag-abisko","9":"product_tag-hlace-moski","10":"product_tag-hlace-moske-treking","11":"product_tag-moski","13":"first","14":"instock","15":"shipping-taxable","16":"purchasable","17":"product-type-variable"},"yoast_head":"<!-- This site is optimized with the Yoast SEO plugin v27.0 - https:\/\/yoast.com\/product\/yoast-seo-wordpress\/ -->\n<title>Abisko Hybrid Trail Trs M - Fj\u00e4llr\u00e4ven<\/title>\n<meta name=\"robots\" content=\"index, follow, max-snippet:-1, max-image-preview:large, max-video-preview:-1\" \/>\n<link rel=\"canonical\" href=\"https:\/\/fjallshop.si\/hr\/proizvod\/abisko-hybrid-trail-trs-m\/\" \/>\n<meta property=\"og:locale\" content=\"en_US\" \/>\n<meta property=\"og:type\" content=\"article\" \/>\n<meta property=\"og:title\" content=\"Abisko Hybrid Trail Trs M - Fj\u00e4llr\u00e4ven\" \/>\n<meta property=\"og:description\" content=\"Vsestranske hla\u010de iz kombiniranih materialov za popolno funkcionalnost.\" \/>\n<meta property=\"og:url\" content=\"https:\/\/fjallshop.si\/hr\/proizvod\/abisko-hybrid-trail-trs-m\/\" \/>\n<meta property=\"og:site_name\" content=\"Fj\u00e4llr\u00e4ven\" \/>\n<meta property=\"article:publisher\" content=\"https:\/\/www.facebook.com\/FjallravenSlovenia\" \/>\n<meta property=\"article:modified_time\" content=\"2026-05-06T13:24:24+00:00\" \/>\n<meta property=\"og:image\" content=\"https:\/\/fjallshop.si\/wp-content\/uploads\/2025\/12\/abisko_hybrid_trail_trs_m_12200164-550_a_main_fjr.webp\" \/>\n\t<meta property=\"og:image:width\" content=\"1360\" \/>\n\t<meta property=\"og:image:height\" content=\"1360\" \/>\n\t<meta property=\"og:image:type\" content=\"image\/webp\" \/>\n<meta name=\"twitter:card\" content=\"summary_large_image\" \/>\n<script type=\"application\/ld+json\" class=\"yoast-schema-graph\">{\"@context\":\"https:\/\/schema.org\",\"@graph\":[{\"@type\":\"WebPage\",\"@id\":\"https:\/\/fjallshop.si\/hr\/proizvod\/abisko-hybrid-trail-trs-m\/\",\"url\":\"https:\/\/fjallshop.si\/hr\/proizvod\/abisko-hybrid-trail-trs-m\/\",\"name\":\"Abisko Hybrid Trail Trs M - Fj\u00e4llr\u00e4ven\",\"isPartOf\":{\"@id\":\"https:\/\/fjallshop.si\/en\/#website\"},\"primaryImageOfPage\":{\"@id\":\"https:\/\/fjallshop.si\/hr\/proizvod\/abisko-hybrid-trail-trs-m\/#primaryimage\"},\"image\":{\"@id\":\"https:\/\/fjallshop.si\/hr\/proizvod\/abisko-hybrid-trail-trs-m\/#primaryimage\"},\"thumbnailUrl\":\"https:\/\/fjallshop.si\/wp-content\/uploads\/2025\/12\/abisko_hybrid_trail_trs_m_12200164-550_a_main_fjr.webp\",\"datePublished\":\"2025-12-21T23:32:20+00:00\",\"dateModified\":\"2026-05-06T13:24:24+00:00\",\"breadcrumb\":{\"@id\":\"https:\/\/fjallshop.si\/hr\/proizvod\/abisko-hybrid-trail-trs-m\/#breadcrumb\"},\"inLanguage\":\"en-US\",\"potentialAction\":[{\"@type\":\"ReadAction\",\"target\":[\"https:\/\/fjallshop.si\/hr\/proizvod\/abisko-hybrid-trail-trs-m\/\"]}]},{\"@type\":\"ImageObject\",\"inLanguage\":\"en-US\",\"@id\":\"https:\/\/fjallshop.si\/hr\/proizvod\/abisko-hybrid-trail-trs-m\/#primaryimage\",\"url\":\"https:\/\/fjallshop.si\/wp-content\/uploads\/2025\/12\/abisko_hybrid_trail_trs_m_12200164-550_a_main_fjr.webp\",\"contentUrl\":\"https:\/\/fjallshop.si\/wp-content\/uploads\/2025\/12\/abisko_hybrid_trail_trs_m_12200164-550_a_main_fjr.webp\",\"width\":1360,\"height\":1360},{\"@type\":\"BreadcrumbList\",\"@id\":\"https:\/\/fjallshop.si\/hr\/proizvod\/abisko-hybrid-trail-trs-m\/#breadcrumb\",\"itemListElement\":[{\"@type\":\"ListItem\",\"position\":1,\"name\":\"Home\",\"item\":\"https:\/\/fjallshop.si\/\"},{\"@type\":\"ListItem\",\"position\":2,\"name\":\"Shop\",\"item\":\"https:\/\/fjallshop.si\/en\/shop\/\"},{\"@type\":\"ListItem\",\"position\":3,\"name\":\"Abisko Hybrid Trail Trs M\"}]},{\"@type\":\"WebSite\",\"@id\":\"https:\/\/fjallshop.si\/en\/#website\",\"url\":\"https:\/\/fjallshop.si\/en\/\",\"name\":\"Fj\u00e4llr\u00e4ven\",\"description\":\"Spletna trgovina\",\"publisher\":{\"@id\":\"https:\/\/fjallshop.si\/en\/#organization\"},\"potentialAction\":[{\"@type\":\"SearchAction\",\"target\":{\"@type\":\"EntryPoint\",\"urlTemplate\":\"https:\/\/fjallshop.si\/en\/?s={search_term_string}\"},\"query-input\":{\"@type\":\"PropertyValueSpecification\",\"valueRequired\":true,\"valueName\":\"search_term_string\"}}],\"inLanguage\":\"en-US\"},{\"@type\":\"Organization\",\"@id\":\"https:\/\/fjallshop.si\/en\/#organization\",\"name\":\"Fj\u00e4llr\u00e4ven\",\"url\":\"https:\/\/fjallshop.si\/en\/\",\"logo\":{\"@type\":\"ImageObject\",\"inLanguage\":\"en-US\",\"@id\":\"https:\/\/fjallshop.si\/en\/#\/schema\/logo\/image\/\",\"url\":\"https:\/\/fjallshop.si\/wp-content\/uploads\/2026\/02\/fjallravenlogo.svg\",\"contentUrl\":\"https:\/\/fjallshop.si\/wp-content\/uploads\/2026\/02\/fjallravenlogo.svg\",\"width\":126,\"height\":46,\"caption\":\"Fj\u00e4llr\u00e4ven\"},\"image\":{\"@id\":\"https:\/\/fjallshop.si\/en\/#\/schema\/logo\/image\/\"},\"sameAs\":[\"https:\/\/www.facebook.com\/FjallravenSlovenia\"]}]}<\/script>\n<!-- \/ Yoast SEO plugin. -->","yoast_head_json":{"title":"Abisko Hybrid Trail Trs M - Fj\u00e4llr\u00e4ven","robots":{"index":"index","follow":"follow","max-snippet":"max-snippet:-1","max-image-preview":"max-image-preview:large","max-video-preview":"max-video-preview:-1"},"canonical":"https:\/\/fjallshop.si\/hr\/proizvod\/abisko-hybrid-trail-trs-m\/","og_locale":"en_US","og_type":"article","og_title":"Abisko Hybrid Trail Trs M - Fj\u00e4llr\u00e4ven","og_description":"Vsestranske hla\u010de iz kombiniranih materialov za popolno funkcionalnost.","og_url":"https:\/\/fjallshop.si\/hr\/proizvod\/abisko-hybrid-trail-trs-m\/","og_site_name":"Fj\u00e4llr\u00e4ven","article_publisher":"https:\/\/www.facebook.com\/FjallravenSlovenia","article_modified_time":"2026-05-06T13:24:24+00:00","og_image":[{"width":1360,"height":1360,"url":"https:\/\/fjallshop.si\/wp-content\/uploads\/2025\/12\/abisko_hybrid_trail_trs_m_12200164-550_a_main_fjr.webp","type":"image\/webp"}],"twitter_card":"summary_large_image","schema":{"@context":"https:\/\/schema.org","@graph":[{"@type":"WebPage","@id":"https:\/\/fjallshop.si\/hr\/proizvod\/abisko-hybrid-trail-trs-m\/","url":"https:\/\/fjallshop.si\/hr\/proizvod\/abisko-hybrid-trail-trs-m\/","name":"Abisko Hybrid Trail Trs M - Fj\u00e4llr\u00e4ven","isPartOf":{"@id":"https:\/\/fjallshop.si\/en\/#website"},"primaryImageOfPage":{"@id":"https:\/\/fjallshop.si\/hr\/proizvod\/abisko-hybrid-trail-trs-m\/#primaryimage"},"image":{"@id":"https:\/\/fjallshop.si\/hr\/proizvod\/abisko-hybrid-trail-trs-m\/#primaryimage"},"thumbnailUrl":"https:\/\/fjallshop.si\/wp-content\/uploads\/2025\/12\/abisko_hybrid_trail_trs_m_12200164-550_a_main_fjr.webp","datePublished":"2025-12-21T23:32:20+00:00","dateModified":"2026-05-06T13:24:24+00:00","breadcrumb":{"@id":"https:\/\/fjallshop.si\/hr\/proizvod\/abisko-hybrid-trail-trs-m\/#breadcrumb"},"inLanguage":"en-US","potentialAction":[{"@type":"ReadAction","target":["https:\/\/fjallshop.si\/hr\/proizvod\/abisko-hybrid-trail-trs-m\/"]}]},{"@type":"ImageObject","inLanguage":"en-US","@id":"https:\/\/fjallshop.si\/hr\/proizvod\/abisko-hybrid-trail-trs-m\/#primaryimage","url":"https:\/\/fjallshop.si\/wp-content\/uploads\/2025\/12\/abisko_hybrid_trail_trs_m_12200164-550_a_main_fjr.webp","contentUrl":"https:\/\/fjallshop.si\/wp-content\/uploads\/2025\/12\/abisko_hybrid_trail_trs_m_12200164-550_a_main_fjr.webp","width":1360,"height":1360},{"@type":"BreadcrumbList","@id":"https:\/\/fjallshop.si\/hr\/proizvod\/abisko-hybrid-trail-trs-m\/#breadcrumb","itemListElement":[{"@type":"ListItem","position":1,"name":"Home","item":"https:\/\/fjallshop.si\/"},{"@type":"ListItem","position":2,"name":"Shop","item":"https:\/\/fjallshop.si\/en\/shop\/"},{"@type":"ListItem","position":3,"name":"Abisko Hybrid Trail Trs M"}]},{"@type":"WebSite","@id":"https:\/\/fjallshop.si\/en\/#website","url":"https:\/\/fjallshop.si\/en\/","name":"Fj\u00e4llr\u00e4ven","description":"Spletna trgovina","publisher":{"@id":"https:\/\/fjallshop.si\/en\/#organization"},"potentialAction":[{"@type":"SearchAction","target":{"@type":"EntryPoint","urlTemplate":"https:\/\/fjallshop.si\/en\/?s={search_term_string}"},"query-input":{"@type":"PropertyValueSpecification","valueRequired":true,"valueName":"search_term_string"}}],"inLanguage":"en-US"},{"@type":"Organization","@id":"https:\/\/fjallshop.si\/en\/#organization","name":"Fj\u00e4llr\u00e4ven","url":"https:\/\/fjallshop.si\/en\/","logo":{"@type":"ImageObject","inLanguage":"en-US","@id":"https:\/\/fjallshop.si\/en\/#\/schema\/logo\/image\/","url":"https:\/\/fjallshop.si\/wp-content\/uploads\/2026\/02\/fjallravenlogo.svg","contentUrl":"https:\/\/fjallshop.si\/wp-content\/uploads\/2026\/02\/fjallravenlogo.svg","width":126,"height":46,"caption":"Fj\u00e4llr\u00e4ven"},"image":{"@id":"https:\/\/fjallshop.si\/en\/#\/schema\/logo\/image\/"},"sameAs":["https:\/\/www.facebook.com\/FjallravenSlovenia"]}]}},"_links":{"self":[{"href":"https:\/\/fjallshop.si\/en\/wp-json\/wp\/v2\/product\/1025845","targetHints":{"allow":["GET"]}}],"collection":[{"href":"https:\/\/fjallshop.si\/en\/wp-json\/wp\/v2\/product"}],"about":[{"href":"https:\/\/fjallshop.si\/en\/wp-json\/wp\/v2\/types\/product"}],"version-history":[{"count":1,"href":"https:\/\/fjallshop.si\/en\/wp-json\/wp\/v2\/product\/1025845\/revisions"}],"predecessor-version":[{"id":1025882,"href":"https:\/\/fjallshop.si\/en\/wp-json\/wp\/v2\/product\/1025845\/revisions\/1025882"}],"wp:featuredmedia":[{"embeddable":true,"href":"https:\/\/fjallshop.si\/en\/wp-json\/wp\/v2\/media\/1025883"}],"wp:attachment":[{"href":"https:\/\/fjallshop.si\/en\/wp-json\/wp\/v2\/media?parent=1025845"}],"wp:term":[{"taxonomy":"product_brand","embeddable":true,"href":"https:\/\/fjallshop.si\/en\/wp-json\/wp\/v2\/product_brand?post=1025845"},{"taxonomy":"product_cat","embeddable":true,"href":"https:\/\/fjallshop.si\/en\/wp-json\/wp\/v2\/product_cat?post=1025845"},{"taxonomy":"product_tag","embeddable":true,"href":"https:\/\/fjallshop.si\/en\/wp-json\/wp\/v2\/product_tag?post=1025845"}],"curies":[{"name":"wp","href":"https:\/\/api.w.org\/{rel}","templated":true}]}}