{"id":1025847,"date":"2025-12-21T23:32:21","date_gmt":"2025-12-21T23:32:21","guid":{"rendered":"https:\/\/fjallravensi.dev.mortar.tovarnaidej.com\/?post_type=product&#038;p=1025847"},"modified":"2026-05-06T13:27:11","modified_gmt":"2026-05-06T13:27:11","slug":"hoja-hybrid-shorts-m","status":"publish","type":"product","link":"https:\/\/fjallshop.si\/en\/product\/hoja-hybrid-shorts-m\/","title":{"rendered":"Hoja Hybrid Shorts M"},"content":{"rendered":"<p>Mo\u0161ke hibridne kratke hla\u010de Hoja so optimizirane za udobje na kolesu in izven njega, zdru\u017eljive pa so z oblazinjenimi kolesarskimi kratkimi hla\u010dami in so odli\u010dna izbira za vse aktivnosti na prostem, kjer je svoboda gibanja najpomembnej\u0161a. Kombinacija materiala G-1000 Lite Stretch in 4-smerno raztegljive tkanine jih naredi pro\u017ene in hitro su\u0161e\u010de ter odli\u010dno prezra\u010devalne \u2013 te lahke in kul vsestranske kratke hla\u010de bodo zagotovo postale priljubljene med kolesarji in drugimi navdu\u0161enci nad aktivnostmi na prostem. Odsevni detajli na notranji strani robov, zavihajte man\u0161ete, da jih izpostavite za ve\u010djo vidljivost.<\/p>\n","protected":false},"excerpt":{"rendered":"<p>Vsestranske kratke hla\u010de z veliko svobode gibanja, optimizirane za kolesarjenje.<\/p>\n","protected":false},"featured_media":1025902,"template":"","meta":[],"product_brand":[620],"product_cat":[69],"product_tag":[742,528,538,470],"class_list":{"0":"post-1025847","1":"product","2":"type-product","3":"status-publish","4":"has-post-thumbnail","6":"product_brand-hoja","7":"product_cat-hlace","8":"product_tag-hoja","9":"product_tag-hlace-moski","10":"product_tag-hlace-moske-kratke","11":"product_tag-moski","13":"first","14":"instock","15":"shipping-taxable","16":"purchasable","17":"product-type-variable"},"yoast_head":"<!-- This site is optimized with the Yoast SEO plugin v27.0 - https:\/\/yoast.com\/product\/yoast-seo-wordpress\/ -->\n<title>Hoja Hybrid Shorts M - Fj\u00e4llr\u00e4ven<\/title>\n<meta name=\"robots\" content=\"index, follow, max-snippet:-1, max-image-preview:large, max-video-preview:-1\" \/>\n<link rel=\"canonical\" href=\"https:\/\/fjallshop.si\/izdelek\/hoja-hybrid-shorts-m\/\" \/>\n<meta property=\"og:locale\" content=\"en_US\" \/>\n<meta property=\"og:type\" content=\"article\" \/>\n<meta property=\"og:title\" content=\"Hoja Hybrid Shorts M - Fj\u00e4llr\u00e4ven\" \/>\n<meta property=\"og:description\" content=\"Vsestranske kratke hla\u010de z veliko svobode gibanja, optimizirane za kolesarjenje.\" \/>\n<meta property=\"og:url\" content=\"https:\/\/fjallshop.si\/izdelek\/hoja-hybrid-shorts-m\/\" \/>\n<meta property=\"og:site_name\" content=\"Fj\u00e4llr\u00e4ven\" \/>\n<meta property=\"article:publisher\" content=\"https:\/\/www.facebook.com\/FjallravenSlovenia\" \/>\n<meta property=\"article:modified_time\" content=\"2026-05-06T13:27:11+00:00\" \/>\n<meta property=\"og:image\" content=\"https:\/\/fjallshop.si\/wp-content\/uploads\/2025\/12\/hoja_hybrid_shorts_m_12200196-550_a_main_fjr.webp\" \/>\n\t<meta property=\"og:image:width\" content=\"1360\" \/>\n\t<meta property=\"og:image:height\" content=\"1360\" \/>\n\t<meta property=\"og:image:type\" content=\"image\/webp\" \/>\n<meta name=\"twitter:card\" content=\"summary_large_image\" \/>\n<meta name=\"twitter:label1\" content=\"Est. reading time\" \/>\n\t<meta name=\"twitter:data1\" content=\"1 minute\" \/>\n<script type=\"application\/ld+json\" class=\"yoast-schema-graph\">{\"@context\":\"https:\/\/schema.org\",\"@graph\":[{\"@type\":\"WebPage\",\"@id\":\"https:\/\/fjallshop.si\/izdelek\/hoja-hybrid-shorts-m\/\",\"url\":\"https:\/\/fjallshop.si\/izdelek\/hoja-hybrid-shorts-m\/\",\"name\":\"Hoja Hybrid Shorts M - Fj\u00e4llr\u00e4ven\",\"isPartOf\":{\"@id\":\"https:\/\/fjallshop.si\/en\/#website\"},\"primaryImageOfPage\":{\"@id\":\"https:\/\/fjallshop.si\/izdelek\/hoja-hybrid-shorts-m\/#primaryimage\"},\"image\":{\"@id\":\"https:\/\/fjallshop.si\/izdelek\/hoja-hybrid-shorts-m\/#primaryimage\"},\"thumbnailUrl\":\"https:\/\/fjallshop.si\/wp-content\/uploads\/2025\/12\/hoja_hybrid_shorts_m_12200196-550_a_main_fjr.webp\",\"datePublished\":\"2025-12-21T23:32:21+00:00\",\"dateModified\":\"2026-05-06T13:27:11+00:00\",\"breadcrumb\":{\"@id\":\"https:\/\/fjallshop.si\/izdelek\/hoja-hybrid-shorts-m\/#breadcrumb\"},\"inLanguage\":\"en-US\",\"potentialAction\":[{\"@type\":\"ReadAction\",\"target\":[\"https:\/\/fjallshop.si\/izdelek\/hoja-hybrid-shorts-m\/\"]}]},{\"@type\":\"ImageObject\",\"inLanguage\":\"en-US\",\"@id\":\"https:\/\/fjallshop.si\/izdelek\/hoja-hybrid-shorts-m\/#primaryimage\",\"url\":\"https:\/\/fjallshop.si\/wp-content\/uploads\/2025\/12\/hoja_hybrid_shorts_m_12200196-550_a_main_fjr.webp\",\"contentUrl\":\"https:\/\/fjallshop.si\/wp-content\/uploads\/2025\/12\/hoja_hybrid_shorts_m_12200196-550_a_main_fjr.webp\",\"width\":1360,\"height\":1360},{\"@type\":\"BreadcrumbList\",\"@id\":\"https:\/\/fjallshop.si\/izdelek\/hoja-hybrid-shorts-m\/#breadcrumb\",\"itemListElement\":[{\"@type\":\"ListItem\",\"position\":1,\"name\":\"Home\",\"item\":\"https:\/\/fjallshop.si\/\"},{\"@type\":\"ListItem\",\"position\":2,\"name\":\"Shop\",\"item\":\"https:\/\/fjallshop.si\/en\/shop\/\"},{\"@type\":\"ListItem\",\"position\":3,\"name\":\"Hoja Hybrid Shorts M\"}]},{\"@type\":\"WebSite\",\"@id\":\"https:\/\/fjallshop.si\/en\/#website\",\"url\":\"https:\/\/fjallshop.si\/en\/\",\"name\":\"Fj\u00e4llr\u00e4ven\",\"description\":\"Spletna trgovina\",\"publisher\":{\"@id\":\"https:\/\/fjallshop.si\/en\/#organization\"},\"potentialAction\":[{\"@type\":\"SearchAction\",\"target\":{\"@type\":\"EntryPoint\",\"urlTemplate\":\"https:\/\/fjallshop.si\/en\/?s={search_term_string}\"},\"query-input\":{\"@type\":\"PropertyValueSpecification\",\"valueRequired\":true,\"valueName\":\"search_term_string\"}}],\"inLanguage\":\"en-US\"},{\"@type\":\"Organization\",\"@id\":\"https:\/\/fjallshop.si\/en\/#organization\",\"name\":\"Fj\u00e4llr\u00e4ven\",\"url\":\"https:\/\/fjallshop.si\/en\/\",\"logo\":{\"@type\":\"ImageObject\",\"inLanguage\":\"en-US\",\"@id\":\"https:\/\/fjallshop.si\/en\/#\/schema\/logo\/image\/\",\"url\":\"https:\/\/fjallshop.si\/wp-content\/uploads\/2026\/02\/fjallravenlogo.svg\",\"contentUrl\":\"https:\/\/fjallshop.si\/wp-content\/uploads\/2026\/02\/fjallravenlogo.svg\",\"width\":126,\"height\":46,\"caption\":\"Fj\u00e4llr\u00e4ven\"},\"image\":{\"@id\":\"https:\/\/fjallshop.si\/en\/#\/schema\/logo\/image\/\"},\"sameAs\":[\"https:\/\/www.facebook.com\/FjallravenSlovenia\"]}]}<\/script>\n<!-- \/ Yoast SEO plugin. -->","yoast_head_json":{"title":"Hoja Hybrid Shorts M - Fj\u00e4llr\u00e4ven","robots":{"index":"index","follow":"follow","max-snippet":"max-snippet:-1","max-image-preview":"max-image-preview:large","max-video-preview":"max-video-preview:-1"},"canonical":"https:\/\/fjallshop.si\/izdelek\/hoja-hybrid-shorts-m\/","og_locale":"en_US","og_type":"article","og_title":"Hoja Hybrid Shorts M - Fj\u00e4llr\u00e4ven","og_description":"Vsestranske kratke hla\u010de z veliko svobode gibanja, optimizirane za kolesarjenje.","og_url":"https:\/\/fjallshop.si\/izdelek\/hoja-hybrid-shorts-m\/","og_site_name":"Fj\u00e4llr\u00e4ven","article_publisher":"https:\/\/www.facebook.com\/FjallravenSlovenia","article_modified_time":"2026-05-06T13:27:11+00:00","og_image":[{"width":1360,"height":1360,"url":"https:\/\/fjallshop.si\/wp-content\/uploads\/2025\/12\/hoja_hybrid_shorts_m_12200196-550_a_main_fjr.webp","type":"image\/webp"}],"twitter_card":"summary_large_image","twitter_misc":{"Est. reading time":"1 minute"},"schema":{"@context":"https:\/\/schema.org","@graph":[{"@type":"WebPage","@id":"https:\/\/fjallshop.si\/izdelek\/hoja-hybrid-shorts-m\/","url":"https:\/\/fjallshop.si\/izdelek\/hoja-hybrid-shorts-m\/","name":"Hoja Hybrid Shorts M - Fj\u00e4llr\u00e4ven","isPartOf":{"@id":"https:\/\/fjallshop.si\/en\/#website"},"primaryImageOfPage":{"@id":"https:\/\/fjallshop.si\/izdelek\/hoja-hybrid-shorts-m\/#primaryimage"},"image":{"@id":"https:\/\/fjallshop.si\/izdelek\/hoja-hybrid-shorts-m\/#primaryimage"},"thumbnailUrl":"https:\/\/fjallshop.si\/wp-content\/uploads\/2025\/12\/hoja_hybrid_shorts_m_12200196-550_a_main_fjr.webp","datePublished":"2025-12-21T23:32:21+00:00","dateModified":"2026-05-06T13:27:11+00:00","breadcrumb":{"@id":"https:\/\/fjallshop.si\/izdelek\/hoja-hybrid-shorts-m\/#breadcrumb"},"inLanguage":"en-US","potentialAction":[{"@type":"ReadAction","target":["https:\/\/fjallshop.si\/izdelek\/hoja-hybrid-shorts-m\/"]}]},{"@type":"ImageObject","inLanguage":"en-US","@id":"https:\/\/fjallshop.si\/izdelek\/hoja-hybrid-shorts-m\/#primaryimage","url":"https:\/\/fjallshop.si\/wp-content\/uploads\/2025\/12\/hoja_hybrid_shorts_m_12200196-550_a_main_fjr.webp","contentUrl":"https:\/\/fjallshop.si\/wp-content\/uploads\/2025\/12\/hoja_hybrid_shorts_m_12200196-550_a_main_fjr.webp","width":1360,"height":1360},{"@type":"BreadcrumbList","@id":"https:\/\/fjallshop.si\/izdelek\/hoja-hybrid-shorts-m\/#breadcrumb","itemListElement":[{"@type":"ListItem","position":1,"name":"Home","item":"https:\/\/fjallshop.si\/"},{"@type":"ListItem","position":2,"name":"Shop","item":"https:\/\/fjallshop.si\/en\/shop\/"},{"@type":"ListItem","position":3,"name":"Hoja Hybrid Shorts M"}]},{"@type":"WebSite","@id":"https:\/\/fjallshop.si\/en\/#website","url":"https:\/\/fjallshop.si\/en\/","name":"Fj\u00e4llr\u00e4ven","description":"Spletna trgovina","publisher":{"@id":"https:\/\/fjallshop.si\/en\/#organization"},"potentialAction":[{"@type":"SearchAction","target":{"@type":"EntryPoint","urlTemplate":"https:\/\/fjallshop.si\/en\/?s={search_term_string}"},"query-input":{"@type":"PropertyValueSpecification","valueRequired":true,"valueName":"search_term_string"}}],"inLanguage":"en-US"},{"@type":"Organization","@id":"https:\/\/fjallshop.si\/en\/#organization","name":"Fj\u00e4llr\u00e4ven","url":"https:\/\/fjallshop.si\/en\/","logo":{"@type":"ImageObject","inLanguage":"en-US","@id":"https:\/\/fjallshop.si\/en\/#\/schema\/logo\/image\/","url":"https:\/\/fjallshop.si\/wp-content\/uploads\/2026\/02\/fjallravenlogo.svg","contentUrl":"https:\/\/fjallshop.si\/wp-content\/uploads\/2026\/02\/fjallravenlogo.svg","width":126,"height":46,"caption":"Fj\u00e4llr\u00e4ven"},"image":{"@id":"https:\/\/fjallshop.si\/en\/#\/schema\/logo\/image\/"},"sameAs":["https:\/\/www.facebook.com\/FjallravenSlovenia"]}]}},"_links":{"self":[{"href":"https:\/\/fjallshop.si\/en\/wp-json\/wp\/v2\/product\/1025847","targetHints":{"allow":["GET"]}}],"collection":[{"href":"https:\/\/fjallshop.si\/en\/wp-json\/wp\/v2\/product"}],"about":[{"href":"https:\/\/fjallshop.si\/en\/wp-json\/wp\/v2\/types\/product"}],"version-history":[{"count":1,"href":"https:\/\/fjallshop.si\/en\/wp-json\/wp\/v2\/product\/1025847\/revisions"}],"predecessor-version":[{"id":1025890,"href":"https:\/\/fjallshop.si\/en\/wp-json\/wp\/v2\/product\/1025847\/revisions\/1025890"}],"wp:featuredmedia":[{"embeddable":true,"href":"https:\/\/fjallshop.si\/en\/wp-json\/wp\/v2\/media\/1025902"}],"wp:attachment":[{"href":"https:\/\/fjallshop.si\/en\/wp-json\/wp\/v2\/media?parent=1025847"}],"wp:term":[{"taxonomy":"product_brand","embeddable":true,"href":"https:\/\/fjallshop.si\/en\/wp-json\/wp\/v2\/product_brand?post=1025847"},{"taxonomy":"product_cat","embeddable":true,"href":"https:\/\/fjallshop.si\/en\/wp-json\/wp\/v2\/product_cat?post=1025847"},{"taxonomy":"product_tag","embeddable":true,"href":"https:\/\/fjallshop.si\/en\/wp-json\/wp\/v2\/product_tag?post=1025847"}],"curies":[{"name":"wp","href":"https:\/\/api.w.org\/{rel}","templated":true}]}}