{"id":1026165,"date":"2025-12-21T23:33:48","date_gmt":"2025-12-21T23:33:48","guid":{"rendered":"https:\/\/fjallravensi.dev.mortar.tovarnaidej.com\/?post_type=product&#038;p=1026165"},"modified":"2026-05-06T13:24:38","modified_gmt":"2026-05-06T13:24:38","slug":"expedition-mid-winter-jacket-m","status":"publish","type":"product","link":"https:\/\/fjallshop.si\/en\/product\/expedition-mid-winter-jacket-m\/","title":{"rendered":"Expedition Mid Winter Jacket M"},"content":{"rendered":"<p>Lahka, tanka sinteti\u010dno podlo\u017eena jakna s kapuco, idealna za izlete na prostem in za uporabo kot dodatna plast med odmorom, \u0161e posebej v hladnih in vla\u017enih razmerah. Mo\u0161ka zimska jakna Expedition Mid Winter ima spodaj prostor za debelej\u0161e srednje plasti in spu\u0161\u010den zadnji rob za ohranjanje toplote na zadnjem delu. Zgornji del in podloga iz pro\u017enega recikliranega poliamida ter oblazinjenje iz recikliranega poliestra, ki ohranja svojo obliko, tudi ko je vla\u017een. Ve\u010d \u017eepov in nahrbtna torba iz glavne tkanine, ki jo je mogo\u010de uporabiti za popravila.<\/p>\n","protected":false},"excerpt":{"rendered":"<p>Vsestranska zimska jakna s sinteti\u010dnim polnilom za aktivno \u017eivljenje na prostem.<\/p>\n","protected":false},"featured_media":1026182,"template":"","meta":[],"product_brand":[105],"product_cat":[71],"product_tag":[512,513,517,470,477],"class_list":{"0":"post-1026165","1":"product","2":"type-product","3":"status-publish","4":"has-post-thumbnail","6":"product_brand-polar","7":"product_cat-jakne","8":"product_tag-moske-jakne","9":"product_tag-moske-jakne-treking","10":"product_tag-moske-jakne-zimske","11":"product_tag-moski","12":"product_tag-polar","14":"first","15":"instock","16":"shipping-taxable","17":"purchasable","18":"product-type-variable"},"yoast_head":"<!-- This site is optimized with the Yoast SEO plugin v27.0 - https:\/\/yoast.com\/product\/yoast-seo-wordpress\/ -->\n<title>Expedition Mid Winter Jacket M - Fj\u00e4llr\u00e4ven<\/title>\n<meta name=\"robots\" content=\"index, follow, max-snippet:-1, max-image-preview:large, max-video-preview:-1\" \/>\n<link rel=\"canonical\" href=\"https:\/\/fjallshop.si\/izdelek\/expedition-mid-winter-jacket-m\/\" \/>\n<meta property=\"og:locale\" content=\"en_US\" \/>\n<meta property=\"og:type\" content=\"article\" \/>\n<meta property=\"og:title\" content=\"Expedition Mid Winter Jacket M - Fj\u00e4llr\u00e4ven\" \/>\n<meta property=\"og:description\" content=\"Vsestranska zimska jakna s sinteti\u010dnim polnilom za aktivno \u017eivljenje na prostem.\" \/>\n<meta property=\"og:url\" content=\"https:\/\/fjallshop.si\/izdelek\/expedition-mid-winter-jacket-m\/\" \/>\n<meta property=\"og:site_name\" content=\"Fj\u00e4llr\u00e4ven\" \/>\n<meta property=\"article:publisher\" content=\"https:\/\/www.facebook.com\/FjallravenSlovenia\" \/>\n<meta property=\"article:modified_time\" content=\"2026-05-06T13:24:38+00:00\" \/>\n<meta property=\"og:image\" content=\"https:\/\/fjallshop.si\/wp-content\/uploads\/2025\/12\/expedition_mid_winter_jacket_m_12500152-620-161_a_main_fjr.webp\" \/>\n\t<meta property=\"og:image:width\" content=\"1248\" \/>\n\t<meta property=\"og:image:height\" content=\"1248\" \/>\n\t<meta property=\"og:image:type\" content=\"image\/webp\" \/>\n<meta name=\"twitter:card\" content=\"summary_large_image\" \/>\n<script type=\"application\/ld+json\" class=\"yoast-schema-graph\">{\"@context\":\"https:\/\/schema.org\",\"@graph\":[{\"@type\":\"WebPage\",\"@id\":\"https:\/\/fjallshop.si\/izdelek\/expedition-mid-winter-jacket-m\/\",\"url\":\"https:\/\/fjallshop.si\/izdelek\/expedition-mid-winter-jacket-m\/\",\"name\":\"Expedition Mid Winter Jacket M - Fj\u00e4llr\u00e4ven\",\"isPartOf\":{\"@id\":\"https:\/\/fjallshop.si\/en\/#website\"},\"primaryImageOfPage\":{\"@id\":\"https:\/\/fjallshop.si\/izdelek\/expedition-mid-winter-jacket-m\/#primaryimage\"},\"image\":{\"@id\":\"https:\/\/fjallshop.si\/izdelek\/expedition-mid-winter-jacket-m\/#primaryimage\"},\"thumbnailUrl\":\"https:\/\/fjallshop.si\/wp-content\/uploads\/2025\/12\/expedition_mid_winter_jacket_m_12500152-620-161_a_main_fjr.webp\",\"datePublished\":\"2025-12-21T23:33:48+00:00\",\"dateModified\":\"2026-05-06T13:24:38+00:00\",\"breadcrumb\":{\"@id\":\"https:\/\/fjallshop.si\/izdelek\/expedition-mid-winter-jacket-m\/#breadcrumb\"},\"inLanguage\":\"en-US\",\"potentialAction\":[{\"@type\":\"ReadAction\",\"target\":[\"https:\/\/fjallshop.si\/izdelek\/expedition-mid-winter-jacket-m\/\"]}]},{\"@type\":\"ImageObject\",\"inLanguage\":\"en-US\",\"@id\":\"https:\/\/fjallshop.si\/izdelek\/expedition-mid-winter-jacket-m\/#primaryimage\",\"url\":\"https:\/\/fjallshop.si\/wp-content\/uploads\/2025\/12\/expedition_mid_winter_jacket_m_12500152-620-161_a_main_fjr.webp\",\"contentUrl\":\"https:\/\/fjallshop.si\/wp-content\/uploads\/2025\/12\/expedition_mid_winter_jacket_m_12500152-620-161_a_main_fjr.webp\",\"width\":1248,\"height\":1248},{\"@type\":\"BreadcrumbList\",\"@id\":\"https:\/\/fjallshop.si\/izdelek\/expedition-mid-winter-jacket-m\/#breadcrumb\",\"itemListElement\":[{\"@type\":\"ListItem\",\"position\":1,\"name\":\"Home\",\"item\":\"https:\/\/fjallshop.si\/\"},{\"@type\":\"ListItem\",\"position\":2,\"name\":\"Shop\",\"item\":\"https:\/\/fjallshop.si\/en\/shop\/\"},{\"@type\":\"ListItem\",\"position\":3,\"name\":\"Expedition Mid Winter Jacket M\"}]},{\"@type\":\"WebSite\",\"@id\":\"https:\/\/fjallshop.si\/en\/#website\",\"url\":\"https:\/\/fjallshop.si\/en\/\",\"name\":\"Fj\u00e4llr\u00e4ven\",\"description\":\"Spletna trgovina\",\"publisher\":{\"@id\":\"https:\/\/fjallshop.si\/en\/#organization\"},\"potentialAction\":[{\"@type\":\"SearchAction\",\"target\":{\"@type\":\"EntryPoint\",\"urlTemplate\":\"https:\/\/fjallshop.si\/en\/?s={search_term_string}\"},\"query-input\":{\"@type\":\"PropertyValueSpecification\",\"valueRequired\":true,\"valueName\":\"search_term_string\"}}],\"inLanguage\":\"en-US\"},{\"@type\":\"Organization\",\"@id\":\"https:\/\/fjallshop.si\/en\/#organization\",\"name\":\"Fj\u00e4llr\u00e4ven\",\"url\":\"https:\/\/fjallshop.si\/en\/\",\"logo\":{\"@type\":\"ImageObject\",\"inLanguage\":\"en-US\",\"@id\":\"https:\/\/fjallshop.si\/en\/#\/schema\/logo\/image\/\",\"url\":\"https:\/\/fjallshop.si\/wp-content\/uploads\/2026\/02\/fjallravenlogo.svg\",\"contentUrl\":\"https:\/\/fjallshop.si\/wp-content\/uploads\/2026\/02\/fjallravenlogo.svg\",\"width\":126,\"height\":46,\"caption\":\"Fj\u00e4llr\u00e4ven\"},\"image\":{\"@id\":\"https:\/\/fjallshop.si\/en\/#\/schema\/logo\/image\/\"},\"sameAs\":[\"https:\/\/www.facebook.com\/FjallravenSlovenia\"]}]}<\/script>\n<!-- \/ Yoast SEO plugin. -->","yoast_head_json":{"title":"Expedition Mid Winter Jacket M - Fj\u00e4llr\u00e4ven","robots":{"index":"index","follow":"follow","max-snippet":"max-snippet:-1","max-image-preview":"max-image-preview:large","max-video-preview":"max-video-preview:-1"},"canonical":"https:\/\/fjallshop.si\/izdelek\/expedition-mid-winter-jacket-m\/","og_locale":"en_US","og_type":"article","og_title":"Expedition Mid Winter Jacket M - Fj\u00e4llr\u00e4ven","og_description":"Vsestranska zimska jakna s sinteti\u010dnim polnilom za aktivno \u017eivljenje na prostem.","og_url":"https:\/\/fjallshop.si\/izdelek\/expedition-mid-winter-jacket-m\/","og_site_name":"Fj\u00e4llr\u00e4ven","article_publisher":"https:\/\/www.facebook.com\/FjallravenSlovenia","article_modified_time":"2026-05-06T13:24:38+00:00","og_image":[{"width":1248,"height":1248,"url":"https:\/\/fjallshop.si\/wp-content\/uploads\/2025\/12\/expedition_mid_winter_jacket_m_12500152-620-161_a_main_fjr.webp","type":"image\/webp"}],"twitter_card":"summary_large_image","schema":{"@context":"https:\/\/schema.org","@graph":[{"@type":"WebPage","@id":"https:\/\/fjallshop.si\/izdelek\/expedition-mid-winter-jacket-m\/","url":"https:\/\/fjallshop.si\/izdelek\/expedition-mid-winter-jacket-m\/","name":"Expedition Mid Winter Jacket M - Fj\u00e4llr\u00e4ven","isPartOf":{"@id":"https:\/\/fjallshop.si\/en\/#website"},"primaryImageOfPage":{"@id":"https:\/\/fjallshop.si\/izdelek\/expedition-mid-winter-jacket-m\/#primaryimage"},"image":{"@id":"https:\/\/fjallshop.si\/izdelek\/expedition-mid-winter-jacket-m\/#primaryimage"},"thumbnailUrl":"https:\/\/fjallshop.si\/wp-content\/uploads\/2025\/12\/expedition_mid_winter_jacket_m_12500152-620-161_a_main_fjr.webp","datePublished":"2025-12-21T23:33:48+00:00","dateModified":"2026-05-06T13:24:38+00:00","breadcrumb":{"@id":"https:\/\/fjallshop.si\/izdelek\/expedition-mid-winter-jacket-m\/#breadcrumb"},"inLanguage":"en-US","potentialAction":[{"@type":"ReadAction","target":["https:\/\/fjallshop.si\/izdelek\/expedition-mid-winter-jacket-m\/"]}]},{"@type":"ImageObject","inLanguage":"en-US","@id":"https:\/\/fjallshop.si\/izdelek\/expedition-mid-winter-jacket-m\/#primaryimage","url":"https:\/\/fjallshop.si\/wp-content\/uploads\/2025\/12\/expedition_mid_winter_jacket_m_12500152-620-161_a_main_fjr.webp","contentUrl":"https:\/\/fjallshop.si\/wp-content\/uploads\/2025\/12\/expedition_mid_winter_jacket_m_12500152-620-161_a_main_fjr.webp","width":1248,"height":1248},{"@type":"BreadcrumbList","@id":"https:\/\/fjallshop.si\/izdelek\/expedition-mid-winter-jacket-m\/#breadcrumb","itemListElement":[{"@type":"ListItem","position":1,"name":"Home","item":"https:\/\/fjallshop.si\/"},{"@type":"ListItem","position":2,"name":"Shop","item":"https:\/\/fjallshop.si\/en\/shop\/"},{"@type":"ListItem","position":3,"name":"Expedition Mid Winter Jacket M"}]},{"@type":"WebSite","@id":"https:\/\/fjallshop.si\/en\/#website","url":"https:\/\/fjallshop.si\/en\/","name":"Fj\u00e4llr\u00e4ven","description":"Spletna trgovina","publisher":{"@id":"https:\/\/fjallshop.si\/en\/#organization"},"potentialAction":[{"@type":"SearchAction","target":{"@type":"EntryPoint","urlTemplate":"https:\/\/fjallshop.si\/en\/?s={search_term_string}"},"query-input":{"@type":"PropertyValueSpecification","valueRequired":true,"valueName":"search_term_string"}}],"inLanguage":"en-US"},{"@type":"Organization","@id":"https:\/\/fjallshop.si\/en\/#organization","name":"Fj\u00e4llr\u00e4ven","url":"https:\/\/fjallshop.si\/en\/","logo":{"@type":"ImageObject","inLanguage":"en-US","@id":"https:\/\/fjallshop.si\/en\/#\/schema\/logo\/image\/","url":"https:\/\/fjallshop.si\/wp-content\/uploads\/2026\/02\/fjallravenlogo.svg","contentUrl":"https:\/\/fjallshop.si\/wp-content\/uploads\/2026\/02\/fjallravenlogo.svg","width":126,"height":46,"caption":"Fj\u00e4llr\u00e4ven"},"image":{"@id":"https:\/\/fjallshop.si\/en\/#\/schema\/logo\/image\/"},"sameAs":["https:\/\/www.facebook.com\/FjallravenSlovenia"]}]}},"_links":{"self":[{"href":"https:\/\/fjallshop.si\/en\/wp-json\/wp\/v2\/product\/1026165","targetHints":{"allow":["GET"]}}],"collection":[{"href":"https:\/\/fjallshop.si\/en\/wp-json\/wp\/v2\/product"}],"about":[{"href":"https:\/\/fjallshop.si\/en\/wp-json\/wp\/v2\/types\/product"}],"version-history":[{"count":1,"href":"https:\/\/fjallshop.si\/en\/wp-json\/wp\/v2\/product\/1026165\/revisions"}],"predecessor-version":[{"id":1026181,"href":"https:\/\/fjallshop.si\/en\/wp-json\/wp\/v2\/product\/1026165\/revisions\/1026181"}],"wp:featuredmedia":[{"embeddable":true,"href":"https:\/\/fjallshop.si\/en\/wp-json\/wp\/v2\/media\/1026182"}],"wp:attachment":[{"href":"https:\/\/fjallshop.si\/en\/wp-json\/wp\/v2\/media?parent=1026165"}],"wp:term":[{"taxonomy":"product_brand","embeddable":true,"href":"https:\/\/fjallshop.si\/en\/wp-json\/wp\/v2\/product_brand?post=1026165"},{"taxonomy":"product_cat","embeddable":true,"href":"https:\/\/fjallshop.si\/en\/wp-json\/wp\/v2\/product_cat?post=1026165"},{"taxonomy":"product_tag","embeddable":true,"href":"https:\/\/fjallshop.si\/en\/wp-json\/wp\/v2\/product_tag?post=1026165"}],"curies":[{"name":"wp","href":"https:\/\/api.w.org\/{rel}","templated":true}]}}