{"id":1026522,"date":"2025-12-21T23:35:08","date_gmt":"2025-12-21T23:35:08","guid":{"rendered":"https:\/\/fjallravensi.dev.mortar.tovarnaidej.com\/?post_type=product&#038;p=1026522"},"modified":"2026-05-06T13:27:20","modified_gmt":"2026-05-06T13:27:20","slug":"kajka-75-m-l","status":"publish","type":"product","link":"https:\/\/fjallshop.si\/en\/product\/kajka-75-m-l\/","title":{"rendered":"Kajka 75 M\/L"},"content":{"rendered":"<p>Vzdr\u017eljiv, udoben in poln funkcij \u2013 kljub dokaj skromnemu videzu je Kajka 75 napreden pohodni\u0161ki nahrbtnik v pravem duhu Fj\u00e4llr\u00e4vena. Zdaj z novo, la\u017ejo zasnovo z natan\u010dno nastavljenimi funkcijami, podlogo in oja\u010ditvami iz recikliranih materialov ter izbolj\u0161ano mo\u017enostjo popravila, a \u0161e vedno z inovativnim, edinstvenim lesenim okvirjem. Kajka dobro porazdeli tudi izjemno te\u017eke obremenitve in je bila pohvaljena tako s strani strokovnih medijev kot pohodnikov po vsem svetu.<\/p>\n<p>Modeli S\/M imajo spredaj rahlo zo\u017eene naramnice, ki se bolje prilegajo manj\u0161im postavam in zagotavljajo ve\u010d prostora za prsi, ter nekoliko kraj\u0161i nastavljiv pas okoli bokov. Modeli M\/L imajo dalj\u0161e naramnice, ki se na koncih ne zo\u017eijo, da se bolje prilegajo \u0161ir\u0161im trupom.<\/p>\n","protected":false},"excerpt":{"rendered":"<p>Trpe\u017een, udoben nahrbtnik in kljub iz\u010di\u0161\u010denemu videzu tako poln razli\u010dnih funkcij, da jih boste raziskovali kar nekaj \u010dasa. Napreden nahrbtnik v klasi\u010dnem Fj\u00e4llr\u00e4vnovem duhu.<\/p>\n","protected":false},"featured_media":1026557,"template":"","meta":[],"product_brand":[461],"product_cat":[769],"product_tag":[576,590,488,781],"class_list":{"0":"post-1026522","1":"product","2":"type-product","3":"status-publish","4":"has-post-thumbnail","6":"product_brand-singi","7":"product_cat-torbe-in-nahrbtniki","8":"product_tag-nahrbtniki-torbe","9":"product_tag-oprema","10":"product_tag-singi","11":"product_tag-treking-nahrbtniki","13":"first","14":"instock","15":"shipping-taxable","16":"purchasable","17":"product-type-variable"},"yoast_head":"<!-- This site is optimized with the Yoast SEO plugin v27.0 - https:\/\/yoast.com\/product\/yoast-seo-wordpress\/ -->\n<title>Kajka 75 M\/L - Fj\u00e4llr\u00e4ven<\/title>\n<meta name=\"robots\" content=\"index, follow, max-snippet:-1, max-image-preview:large, max-video-preview:-1\" \/>\n<link rel=\"canonical\" href=\"https:\/\/fjallshop.si\/izdelek\/kajka-75-m-l\/\" \/>\n<meta property=\"og:locale\" content=\"en_US\" \/>\n<meta property=\"og:type\" content=\"article\" \/>\n<meta property=\"og:title\" content=\"Kajka 75 M\/L - Fj\u00e4llr\u00e4ven\" \/>\n<meta property=\"og:description\" content=\"Trpe\u017een, udoben nahrbtnik in kljub iz\u010di\u0161\u010denemu videzu tako poln razli\u010dnih funkcij, da jih boste raziskovali kar nekaj \u010dasa. Napreden nahrbtnik v klasi\u010dnem Fj\u00e4llr\u00e4vnovem duhu.\" \/>\n<meta property=\"og:url\" content=\"https:\/\/fjallshop.si\/izdelek\/kajka-75-m-l\/\" \/>\n<meta property=\"og:site_name\" content=\"Fj\u00e4llr\u00e4ven\" \/>\n<meta property=\"article:publisher\" content=\"https:\/\/www.facebook.com\/FjallravenSlovenia\" \/>\n<meta property=\"article:modified_time\" content=\"2026-05-06T13:27:20+00:00\" \/>\n<meta property=\"og:image\" content=\"https:\/\/fjallshop.si\/wp-content\/uploads\/2025\/12\/kajka_75_m_l_23200257-620_f_main_fjr-1.webp\" \/>\n\t<meta property=\"og:image:width\" content=\"680\" \/>\n\t<meta property=\"og:image:height\" content=\"680\" \/>\n\t<meta property=\"og:image:type\" content=\"image\/webp\" \/>\n<meta name=\"twitter:card\" content=\"summary_large_image\" \/>\n<meta name=\"twitter:label1\" content=\"Est. reading time\" \/>\n\t<meta name=\"twitter:data1\" content=\"1 minute\" \/>\n<script type=\"application\/ld+json\" class=\"yoast-schema-graph\">{\"@context\":\"https:\/\/schema.org\",\"@graph\":[{\"@type\":\"WebPage\",\"@id\":\"https:\/\/fjallshop.si\/izdelek\/kajka-75-m-l\/\",\"url\":\"https:\/\/fjallshop.si\/izdelek\/kajka-75-m-l\/\",\"name\":\"Kajka 75 M\/L - Fj\u00e4llr\u00e4ven\",\"isPartOf\":{\"@id\":\"https:\/\/fjallshop.si\/en\/#website\"},\"primaryImageOfPage\":{\"@id\":\"https:\/\/fjallshop.si\/izdelek\/kajka-75-m-l\/#primaryimage\"},\"image\":{\"@id\":\"https:\/\/fjallshop.si\/izdelek\/kajka-75-m-l\/#primaryimage\"},\"thumbnailUrl\":\"https:\/\/fjallshop.si\/wp-content\/uploads\/2025\/12\/kajka_75_m_l_23200257-620_f_main_fjr-1.webp\",\"datePublished\":\"2025-12-21T23:35:08+00:00\",\"dateModified\":\"2026-05-06T13:27:20+00:00\",\"breadcrumb\":{\"@id\":\"https:\/\/fjallshop.si\/izdelek\/kajka-75-m-l\/#breadcrumb\"},\"inLanguage\":\"en-US\",\"potentialAction\":[{\"@type\":\"ReadAction\",\"target\":[\"https:\/\/fjallshop.si\/izdelek\/kajka-75-m-l\/\"]}]},{\"@type\":\"ImageObject\",\"inLanguage\":\"en-US\",\"@id\":\"https:\/\/fjallshop.si\/izdelek\/kajka-75-m-l\/#primaryimage\",\"url\":\"https:\/\/fjallshop.si\/wp-content\/uploads\/2025\/12\/kajka_75_m_l_23200257-620_f_main_fjr-1.webp\",\"contentUrl\":\"https:\/\/fjallshop.si\/wp-content\/uploads\/2025\/12\/kajka_75_m_l_23200257-620_f_main_fjr-1.webp\",\"width\":680,\"height\":680},{\"@type\":\"BreadcrumbList\",\"@id\":\"https:\/\/fjallshop.si\/izdelek\/kajka-75-m-l\/#breadcrumb\",\"itemListElement\":[{\"@type\":\"ListItem\",\"position\":1,\"name\":\"Home\",\"item\":\"https:\/\/fjallshop.si\/\"},{\"@type\":\"ListItem\",\"position\":2,\"name\":\"Shop\",\"item\":\"https:\/\/fjallshop.si\/en\/shop\/\"},{\"@type\":\"ListItem\",\"position\":3,\"name\":\"Kajka 75 M\/L\"}]},{\"@type\":\"WebSite\",\"@id\":\"https:\/\/fjallshop.si\/en\/#website\",\"url\":\"https:\/\/fjallshop.si\/en\/\",\"name\":\"Fj\u00e4llr\u00e4ven\",\"description\":\"Spletna trgovina\",\"publisher\":{\"@id\":\"https:\/\/fjallshop.si\/en\/#organization\"},\"potentialAction\":[{\"@type\":\"SearchAction\",\"target\":{\"@type\":\"EntryPoint\",\"urlTemplate\":\"https:\/\/fjallshop.si\/en\/?s={search_term_string}\"},\"query-input\":{\"@type\":\"PropertyValueSpecification\",\"valueRequired\":true,\"valueName\":\"search_term_string\"}}],\"inLanguage\":\"en-US\"},{\"@type\":\"Organization\",\"@id\":\"https:\/\/fjallshop.si\/en\/#organization\",\"name\":\"Fj\u00e4llr\u00e4ven\",\"url\":\"https:\/\/fjallshop.si\/en\/\",\"logo\":{\"@type\":\"ImageObject\",\"inLanguage\":\"en-US\",\"@id\":\"https:\/\/fjallshop.si\/en\/#\/schema\/logo\/image\/\",\"url\":\"https:\/\/fjallshop.si\/wp-content\/uploads\/2026\/02\/fjallravenlogo.svg\",\"contentUrl\":\"https:\/\/fjallshop.si\/wp-content\/uploads\/2026\/02\/fjallravenlogo.svg\",\"width\":126,\"height\":46,\"caption\":\"Fj\u00e4llr\u00e4ven\"},\"image\":{\"@id\":\"https:\/\/fjallshop.si\/en\/#\/schema\/logo\/image\/\"},\"sameAs\":[\"https:\/\/www.facebook.com\/FjallravenSlovenia\"]}]}<\/script>\n<!-- \/ Yoast SEO plugin. -->","yoast_head_json":{"title":"Kajka 75 M\/L - Fj\u00e4llr\u00e4ven","robots":{"index":"index","follow":"follow","max-snippet":"max-snippet:-1","max-image-preview":"max-image-preview:large","max-video-preview":"max-video-preview:-1"},"canonical":"https:\/\/fjallshop.si\/izdelek\/kajka-75-m-l\/","og_locale":"en_US","og_type":"article","og_title":"Kajka 75 M\/L - Fj\u00e4llr\u00e4ven","og_description":"Trpe\u017een, udoben nahrbtnik in kljub iz\u010di\u0161\u010denemu videzu tako poln razli\u010dnih funkcij, da jih boste raziskovali kar nekaj \u010dasa. Napreden nahrbtnik v klasi\u010dnem Fj\u00e4llr\u00e4vnovem duhu.","og_url":"https:\/\/fjallshop.si\/izdelek\/kajka-75-m-l\/","og_site_name":"Fj\u00e4llr\u00e4ven","article_publisher":"https:\/\/www.facebook.com\/FjallravenSlovenia","article_modified_time":"2026-05-06T13:27:20+00:00","og_image":[{"width":680,"height":680,"url":"https:\/\/fjallshop.si\/wp-content\/uploads\/2025\/12\/kajka_75_m_l_23200257-620_f_main_fjr-1.webp","type":"image\/webp"}],"twitter_card":"summary_large_image","twitter_misc":{"Est. reading time":"1 minute"},"schema":{"@context":"https:\/\/schema.org","@graph":[{"@type":"WebPage","@id":"https:\/\/fjallshop.si\/izdelek\/kajka-75-m-l\/","url":"https:\/\/fjallshop.si\/izdelek\/kajka-75-m-l\/","name":"Kajka 75 M\/L - Fj\u00e4llr\u00e4ven","isPartOf":{"@id":"https:\/\/fjallshop.si\/en\/#website"},"primaryImageOfPage":{"@id":"https:\/\/fjallshop.si\/izdelek\/kajka-75-m-l\/#primaryimage"},"image":{"@id":"https:\/\/fjallshop.si\/izdelek\/kajka-75-m-l\/#primaryimage"},"thumbnailUrl":"https:\/\/fjallshop.si\/wp-content\/uploads\/2025\/12\/kajka_75_m_l_23200257-620_f_main_fjr-1.webp","datePublished":"2025-12-21T23:35:08+00:00","dateModified":"2026-05-06T13:27:20+00:00","breadcrumb":{"@id":"https:\/\/fjallshop.si\/izdelek\/kajka-75-m-l\/#breadcrumb"},"inLanguage":"en-US","potentialAction":[{"@type":"ReadAction","target":["https:\/\/fjallshop.si\/izdelek\/kajka-75-m-l\/"]}]},{"@type":"ImageObject","inLanguage":"en-US","@id":"https:\/\/fjallshop.si\/izdelek\/kajka-75-m-l\/#primaryimage","url":"https:\/\/fjallshop.si\/wp-content\/uploads\/2025\/12\/kajka_75_m_l_23200257-620_f_main_fjr-1.webp","contentUrl":"https:\/\/fjallshop.si\/wp-content\/uploads\/2025\/12\/kajka_75_m_l_23200257-620_f_main_fjr-1.webp","width":680,"height":680},{"@type":"BreadcrumbList","@id":"https:\/\/fjallshop.si\/izdelek\/kajka-75-m-l\/#breadcrumb","itemListElement":[{"@type":"ListItem","position":1,"name":"Home","item":"https:\/\/fjallshop.si\/"},{"@type":"ListItem","position":2,"name":"Shop","item":"https:\/\/fjallshop.si\/en\/shop\/"},{"@type":"ListItem","position":3,"name":"Kajka 75 M\/L"}]},{"@type":"WebSite","@id":"https:\/\/fjallshop.si\/en\/#website","url":"https:\/\/fjallshop.si\/en\/","name":"Fj\u00e4llr\u00e4ven","description":"Spletna trgovina","publisher":{"@id":"https:\/\/fjallshop.si\/en\/#organization"},"potentialAction":[{"@type":"SearchAction","target":{"@type":"EntryPoint","urlTemplate":"https:\/\/fjallshop.si\/en\/?s={search_term_string}"},"query-input":{"@type":"PropertyValueSpecification","valueRequired":true,"valueName":"search_term_string"}}],"inLanguage":"en-US"},{"@type":"Organization","@id":"https:\/\/fjallshop.si\/en\/#organization","name":"Fj\u00e4llr\u00e4ven","url":"https:\/\/fjallshop.si\/en\/","logo":{"@type":"ImageObject","inLanguage":"en-US","@id":"https:\/\/fjallshop.si\/en\/#\/schema\/logo\/image\/","url":"https:\/\/fjallshop.si\/wp-content\/uploads\/2026\/02\/fjallravenlogo.svg","contentUrl":"https:\/\/fjallshop.si\/wp-content\/uploads\/2026\/02\/fjallravenlogo.svg","width":126,"height":46,"caption":"Fj\u00e4llr\u00e4ven"},"image":{"@id":"https:\/\/fjallshop.si\/en\/#\/schema\/logo\/image\/"},"sameAs":["https:\/\/www.facebook.com\/FjallravenSlovenia"]}]}},"_links":{"self":[{"href":"https:\/\/fjallshop.si\/en\/wp-json\/wp\/v2\/product\/1026522","targetHints":{"allow":["GET"]}}],"collection":[{"href":"https:\/\/fjallshop.si\/en\/wp-json\/wp\/v2\/product"}],"about":[{"href":"https:\/\/fjallshop.si\/en\/wp-json\/wp\/v2\/types\/product"}],"version-history":[{"count":1,"href":"https:\/\/fjallshop.si\/en\/wp-json\/wp\/v2\/product\/1026522\/revisions"}],"predecessor-version":[{"id":1026556,"href":"https:\/\/fjallshop.si\/en\/wp-json\/wp\/v2\/product\/1026522\/revisions\/1026556"}],"wp:featuredmedia":[{"embeddable":true,"href":"https:\/\/fjallshop.si\/en\/wp-json\/wp\/v2\/media\/1026557"}],"wp:attachment":[{"href":"https:\/\/fjallshop.si\/en\/wp-json\/wp\/v2\/media?parent=1026522"}],"wp:term":[{"taxonomy":"product_brand","embeddable":true,"href":"https:\/\/fjallshop.si\/en\/wp-json\/wp\/v2\/product_brand?post=1026522"},{"taxonomy":"product_cat","embeddable":true,"href":"https:\/\/fjallshop.si\/en\/wp-json\/wp\/v2\/product_cat?post=1026522"},{"taxonomy":"product_tag","embeddable":true,"href":"https:\/\/fjallshop.si\/en\/wp-json\/wp\/v2\/product_tag?post=1026522"}],"curies":[{"name":"wp","href":"https:\/\/api.w.org\/{rel}","templated":true}]}}