{"id":1026971,"date":"2025-12-21T23:37:07","date_gmt":"2025-12-21T23:37:07","guid":{"rendered":"https:\/\/fjallravensi.dev.mortar.tovarnaidej.com\/?post_type=product&#038;p=1026971"},"modified":"2026-05-06T13:25:12","modified_gmt":"2026-05-06T13:25:12","slug":"kanken-no-2-black-laptop-15","status":"publish","type":"product","link":"https:\/\/fjallshop.si\/en\/product\/kanken-no-2-black-laptop-15\/","title":{"rendered":"K\u00e5nken No. 2 Black Laptop 15"},"content":{"rendered":"<p>\u010crna izdaja prenosnega ra\u010dunalnika K\u00e5nken \u0161t. 2. Izdelan iz materiala G-1000 HeavyDuty z oblazinjenim predalom za ra\u010dunalnik in \u010drnimi usnjenimi detajli. Prilo\u017een je klasi\u010den oblazinjen sede\u017e K\u00e5nken in udobni oblazinjeni naramni trakovi. Prakti\u010den nahrbtnik za vsakodnevno uporabo, ki je narejen za dolgo \u017eivljenjsko dobo.<\/p>\n","protected":false},"excerpt":{"rendered":"<p>K\u00e5nken No.2 Black je nadgrajen model, popolnoma \u010drne barve, s podlo\u017eenim predelom za prenosnik.<\/p>\n","protected":false},"featured_media":1026997,"template":"","meta":[],"product_brand":[132],"product_cat":[769],"product_tag":[578,500,521,524,576,590],"class_list":{"0":"post-1026971","1":"product","2":"type-product","3":"status-publish","4":"has-post-thumbnail","6":"product_brand-kanken","7":"product_cat-torbe-in-nahrbtniki","8":"product_tag-dnevni-nahrbtniki","9":"product_tag-kanken","10":"product_tag-kanken-laptop","11":"product_tag-kanken-no2","12":"product_tag-nahrbtniki-torbe","13":"product_tag-oprema","15":"first","16":"instock","17":"shipping-taxable","18":"purchasable","19":"product-type-variable"},"yoast_head":"<!-- This site is optimized with the Yoast SEO plugin v27.0 - https:\/\/yoast.com\/product\/yoast-seo-wordpress\/ -->\n<title>K\u00e5nken No. 2 Black Laptop 15 - Fj\u00e4llr\u00e4ven<\/title>\n<meta name=\"robots\" content=\"index, follow, max-snippet:-1, max-image-preview:large, max-video-preview:-1\" \/>\n<link rel=\"canonical\" href=\"https:\/\/fjallshop.si\/izdelek\/kanken-no-2-black-laptop-15\/\" \/>\n<meta property=\"og:locale\" content=\"en_US\" \/>\n<meta property=\"og:type\" content=\"article\" \/>\n<meta property=\"og:title\" content=\"K\u00e5nken No. 2 Black Laptop 15 - Fj\u00e4llr\u00e4ven\" \/>\n<meta property=\"og:description\" content=\"K\u00e5nken No.2 Black je nadgrajen model, popolnoma \u010drne barve, s podlo\u017eenim predelom za prenosnik.\" \/>\n<meta property=\"og:url\" content=\"https:\/\/fjallshop.si\/izdelek\/kanken-no-2-black-laptop-15\/\" \/>\n<meta property=\"og:site_name\" content=\"Fj\u00e4llr\u00e4ven\" \/>\n<meta property=\"article:publisher\" content=\"https:\/\/www.facebook.com\/FjallravenSlovenia\" \/>\n<meta property=\"article:modified_time\" content=\"2026-05-06T13:25:12+00:00\" \/>\n<meta property=\"og:image\" content=\"https:\/\/fjallshop.si\/wp-content\/uploads\/2025\/12\/F23568-550_0-300x300-1.jpg\" \/>\n\t<meta property=\"og:image:width\" content=\"300\" \/>\n\t<meta property=\"og:image:height\" content=\"300\" \/>\n\t<meta property=\"og:image:type\" content=\"image\/jpeg\" \/>\n<meta name=\"twitter:card\" content=\"summary_large_image\" \/>\n<script type=\"application\/ld+json\" class=\"yoast-schema-graph\">{\"@context\":\"https:\/\/schema.org\",\"@graph\":[{\"@type\":\"WebPage\",\"@id\":\"https:\/\/fjallshop.si\/izdelek\/kanken-no-2-black-laptop-15\/\",\"url\":\"https:\/\/fjallshop.si\/izdelek\/kanken-no-2-black-laptop-15\/\",\"name\":\"K\u00e5nken No. 2 Black Laptop 15 - Fj\u00e4llr\u00e4ven\",\"isPartOf\":{\"@id\":\"https:\/\/fjallshop.si\/en\/#website\"},\"primaryImageOfPage\":{\"@id\":\"https:\/\/fjallshop.si\/izdelek\/kanken-no-2-black-laptop-15\/#primaryimage\"},\"image\":{\"@id\":\"https:\/\/fjallshop.si\/izdelek\/kanken-no-2-black-laptop-15\/#primaryimage\"},\"thumbnailUrl\":\"https:\/\/fjallshop.si\/wp-content\/uploads\/2025\/12\/F23568-550_0-300x300-1.jpg\",\"datePublished\":\"2025-12-21T23:37:07+00:00\",\"dateModified\":\"2026-05-06T13:25:12+00:00\",\"breadcrumb\":{\"@id\":\"https:\/\/fjallshop.si\/izdelek\/kanken-no-2-black-laptop-15\/#breadcrumb\"},\"inLanguage\":\"en-US\",\"potentialAction\":[{\"@type\":\"ReadAction\",\"target\":[\"https:\/\/fjallshop.si\/izdelek\/kanken-no-2-black-laptop-15\/\"]}]},{\"@type\":\"ImageObject\",\"inLanguage\":\"en-US\",\"@id\":\"https:\/\/fjallshop.si\/izdelek\/kanken-no-2-black-laptop-15\/#primaryimage\",\"url\":\"https:\/\/fjallshop.si\/wp-content\/uploads\/2025\/12\/F23568-550_0-300x300-1.jpg\",\"contentUrl\":\"https:\/\/fjallshop.si\/wp-content\/uploads\/2025\/12\/F23568-550_0-300x300-1.jpg\",\"width\":300,\"height\":300},{\"@type\":\"BreadcrumbList\",\"@id\":\"https:\/\/fjallshop.si\/izdelek\/kanken-no-2-black-laptop-15\/#breadcrumb\",\"itemListElement\":[{\"@type\":\"ListItem\",\"position\":1,\"name\":\"Home\",\"item\":\"https:\/\/fjallshop.si\/\"},{\"@type\":\"ListItem\",\"position\":2,\"name\":\"Shop\",\"item\":\"https:\/\/fjallshop.si\/en\/shop\/\"},{\"@type\":\"ListItem\",\"position\":3,\"name\":\"K\u00e5nken No. 2 Black Laptop 15\"}]},{\"@type\":\"WebSite\",\"@id\":\"https:\/\/fjallshop.si\/en\/#website\",\"url\":\"https:\/\/fjallshop.si\/en\/\",\"name\":\"Fj\u00e4llr\u00e4ven\",\"description\":\"Spletna trgovina\",\"publisher\":{\"@id\":\"https:\/\/fjallshop.si\/en\/#organization\"},\"potentialAction\":[{\"@type\":\"SearchAction\",\"target\":{\"@type\":\"EntryPoint\",\"urlTemplate\":\"https:\/\/fjallshop.si\/en\/?s={search_term_string}\"},\"query-input\":{\"@type\":\"PropertyValueSpecification\",\"valueRequired\":true,\"valueName\":\"search_term_string\"}}],\"inLanguage\":\"en-US\"},{\"@type\":\"Organization\",\"@id\":\"https:\/\/fjallshop.si\/en\/#organization\",\"name\":\"Fj\u00e4llr\u00e4ven\",\"url\":\"https:\/\/fjallshop.si\/en\/\",\"logo\":{\"@type\":\"ImageObject\",\"inLanguage\":\"en-US\",\"@id\":\"https:\/\/fjallshop.si\/en\/#\/schema\/logo\/image\/\",\"url\":\"https:\/\/fjallshop.si\/wp-content\/uploads\/2026\/02\/fjallravenlogo.svg\",\"contentUrl\":\"https:\/\/fjallshop.si\/wp-content\/uploads\/2026\/02\/fjallravenlogo.svg\",\"width\":126,\"height\":46,\"caption\":\"Fj\u00e4llr\u00e4ven\"},\"image\":{\"@id\":\"https:\/\/fjallshop.si\/en\/#\/schema\/logo\/image\/\"},\"sameAs\":[\"https:\/\/www.facebook.com\/FjallravenSlovenia\"]}]}<\/script>\n<!-- \/ Yoast SEO plugin. -->","yoast_head_json":{"title":"K\u00e5nken No. 2 Black Laptop 15 - Fj\u00e4llr\u00e4ven","robots":{"index":"index","follow":"follow","max-snippet":"max-snippet:-1","max-image-preview":"max-image-preview:large","max-video-preview":"max-video-preview:-1"},"canonical":"https:\/\/fjallshop.si\/izdelek\/kanken-no-2-black-laptop-15\/","og_locale":"en_US","og_type":"article","og_title":"K\u00e5nken No. 2 Black Laptop 15 - Fj\u00e4llr\u00e4ven","og_description":"K\u00e5nken No.2 Black je nadgrajen model, popolnoma \u010drne barve, s podlo\u017eenim predelom za prenosnik.","og_url":"https:\/\/fjallshop.si\/izdelek\/kanken-no-2-black-laptop-15\/","og_site_name":"Fj\u00e4llr\u00e4ven","article_publisher":"https:\/\/www.facebook.com\/FjallravenSlovenia","article_modified_time":"2026-05-06T13:25:12+00:00","og_image":[{"width":300,"height":300,"url":"https:\/\/fjallshop.si\/wp-content\/uploads\/2025\/12\/F23568-550_0-300x300-1.jpg","type":"image\/jpeg"}],"twitter_card":"summary_large_image","schema":{"@context":"https:\/\/schema.org","@graph":[{"@type":"WebPage","@id":"https:\/\/fjallshop.si\/izdelek\/kanken-no-2-black-laptop-15\/","url":"https:\/\/fjallshop.si\/izdelek\/kanken-no-2-black-laptop-15\/","name":"K\u00e5nken No. 2 Black Laptop 15 - Fj\u00e4llr\u00e4ven","isPartOf":{"@id":"https:\/\/fjallshop.si\/en\/#website"},"primaryImageOfPage":{"@id":"https:\/\/fjallshop.si\/izdelek\/kanken-no-2-black-laptop-15\/#primaryimage"},"image":{"@id":"https:\/\/fjallshop.si\/izdelek\/kanken-no-2-black-laptop-15\/#primaryimage"},"thumbnailUrl":"https:\/\/fjallshop.si\/wp-content\/uploads\/2025\/12\/F23568-550_0-300x300-1.jpg","datePublished":"2025-12-21T23:37:07+00:00","dateModified":"2026-05-06T13:25:12+00:00","breadcrumb":{"@id":"https:\/\/fjallshop.si\/izdelek\/kanken-no-2-black-laptop-15\/#breadcrumb"},"inLanguage":"en-US","potentialAction":[{"@type":"ReadAction","target":["https:\/\/fjallshop.si\/izdelek\/kanken-no-2-black-laptop-15\/"]}]},{"@type":"ImageObject","inLanguage":"en-US","@id":"https:\/\/fjallshop.si\/izdelek\/kanken-no-2-black-laptop-15\/#primaryimage","url":"https:\/\/fjallshop.si\/wp-content\/uploads\/2025\/12\/F23568-550_0-300x300-1.jpg","contentUrl":"https:\/\/fjallshop.si\/wp-content\/uploads\/2025\/12\/F23568-550_0-300x300-1.jpg","width":300,"height":300},{"@type":"BreadcrumbList","@id":"https:\/\/fjallshop.si\/izdelek\/kanken-no-2-black-laptop-15\/#breadcrumb","itemListElement":[{"@type":"ListItem","position":1,"name":"Home","item":"https:\/\/fjallshop.si\/"},{"@type":"ListItem","position":2,"name":"Shop","item":"https:\/\/fjallshop.si\/en\/shop\/"},{"@type":"ListItem","position":3,"name":"K\u00e5nken No. 2 Black Laptop 15"}]},{"@type":"WebSite","@id":"https:\/\/fjallshop.si\/en\/#website","url":"https:\/\/fjallshop.si\/en\/","name":"Fj\u00e4llr\u00e4ven","description":"Spletna trgovina","publisher":{"@id":"https:\/\/fjallshop.si\/en\/#organization"},"potentialAction":[{"@type":"SearchAction","target":{"@type":"EntryPoint","urlTemplate":"https:\/\/fjallshop.si\/en\/?s={search_term_string}"},"query-input":{"@type":"PropertyValueSpecification","valueRequired":true,"valueName":"search_term_string"}}],"inLanguage":"en-US"},{"@type":"Organization","@id":"https:\/\/fjallshop.si\/en\/#organization","name":"Fj\u00e4llr\u00e4ven","url":"https:\/\/fjallshop.si\/en\/","logo":{"@type":"ImageObject","inLanguage":"en-US","@id":"https:\/\/fjallshop.si\/en\/#\/schema\/logo\/image\/","url":"https:\/\/fjallshop.si\/wp-content\/uploads\/2026\/02\/fjallravenlogo.svg","contentUrl":"https:\/\/fjallshop.si\/wp-content\/uploads\/2026\/02\/fjallravenlogo.svg","width":126,"height":46,"caption":"Fj\u00e4llr\u00e4ven"},"image":{"@id":"https:\/\/fjallshop.si\/en\/#\/schema\/logo\/image\/"},"sameAs":["https:\/\/www.facebook.com\/FjallravenSlovenia"]}]}},"_links":{"self":[{"href":"https:\/\/fjallshop.si\/en\/wp-json\/wp\/v2\/product\/1026971","targetHints":{"allow":["GET"]}}],"collection":[{"href":"https:\/\/fjallshop.si\/en\/wp-json\/wp\/v2\/product"}],"about":[{"href":"https:\/\/fjallshop.si\/en\/wp-json\/wp\/v2\/types\/product"}],"version-history":[{"count":1,"href":"https:\/\/fjallshop.si\/en\/wp-json\/wp\/v2\/product\/1026971\/revisions"}],"predecessor-version":[{"id":1026996,"href":"https:\/\/fjallshop.si\/en\/wp-json\/wp\/v2\/product\/1026971\/revisions\/1026996"}],"wp:featuredmedia":[{"embeddable":true,"href":"https:\/\/fjallshop.si\/en\/wp-json\/wp\/v2\/media\/1026997"}],"wp:attachment":[{"href":"https:\/\/fjallshop.si\/en\/wp-json\/wp\/v2\/media?parent=1026971"}],"wp:term":[{"taxonomy":"product_brand","embeddable":true,"href":"https:\/\/fjallshop.si\/en\/wp-json\/wp\/v2\/product_brand?post=1026971"},{"taxonomy":"product_cat","embeddable":true,"href":"https:\/\/fjallshop.si\/en\/wp-json\/wp\/v2\/product_cat?post=1026971"},{"taxonomy":"product_tag","embeddable":true,"href":"https:\/\/fjallshop.si\/en\/wp-json\/wp\/v2\/product_tag?post=1026971"}],"curies":[{"name":"wp","href":"https:\/\/api.w.org\/{rel}","templated":true}]}}