{"id":1027093,"date":"2025-12-21T23:37:32","date_gmt":"2025-12-21T23:37:32","guid":{"rendered":"https:\/\/fjallravensi.dev.mortar.tovarnaidej.com\/?post_type=product&#038;p=1027093"},"modified":"2026-05-06T13:25:17","modified_gmt":"2026-05-06T13:25:17","slug":"nikka-trousers-curved-w","status":"publish","type":"product","link":"https:\/\/fjallshop.si\/en\/product\/nikka-trousers-curved-w\/","title":{"rendered":"Nikka Trousers Curved W"},"content":{"rendered":"<p>Tehni\u010dne pohodni\u0161ke hla\u010de z ukrivljenim krojem (Curved Fit), zasnovane za \u017eenske z oblinami. Kroj je bolj voljasten na zadnji strani in stegnih, pas pa je nekoliko bolj poudarjen kot pri drugih modelih hla\u010d. To zagotavlja udobnej\u0161e hla\u010de, ki se bolje prilegajo oblinam, ne da bi bile tesne, se stiskale ali imele re\u017eo na zadnji strani pasu. Hla\u010de zdru\u017eujejo raztegljivo tkanino in G-1000 za odli\u010dno svobodo gibanja in vzdr\u017eljivost \u2013 idealne za pohodni\u0161tvo, ko se ne \u017eelite omejevati s tesnimi hla\u010dami. Zadnji del in kolena so predhodno oblikovani za najbolj\u0161e mo\u017eno prileganje, pas pa je spredaj ni\u017eje odrezan in zadaj vi\u0161je, tako da se dobro prilegajo, ko nosite nahrbtnik in se gibljete. \u017depi za roke z zadrgami so name\u0161\u010deni tako, da so enostavno dostopni tudi, ko nosite nahrbtnik z bo\u010dnim pasom. En velik \u017eep na nogi z zavihkom in manj\u0161i notranji \u017eep iz mre\u017easte tkanine na desni nogi ter manj\u0161i \u017eep na nogi za mobilni telefon ali GPS na levi nogi. Raztegljiva tkanina pod pasom in oja\u010ditve iz G-1000 na zadnji strani, kolenih in koncih hla\u010dnic. Konci hla\u010dnic v surovi dol\u017eini, ki jih je mogo\u010de enostavno prilagoditi va\u0161i vi\u0161ini.<\/p>\n","protected":false},"excerpt":{"rendered":"<p>\u017denske pohodne hla\u010de Nikka so klasi\u010dne pohodne hla\u010de, s funkcionalnimi lastnostmi, izdelane iz edinstvenega materiala G-1000 in raztegljivega poliamida.<\/p>\n","protected":false},"featured_media":1027142,"template":"","meta":[],"product_brand":[458],"product_cat":[69],"product_tag":[472,469,489,552,565],"class_list":{"0":"post-1027093","1":"product","2":"type-product","3":"status-publish","4":"has-post-thumbnail","6":"product_brand-abisko","7":"product_cat-hlace","8":"product_tag-abisko","9":"product_tag-hlace","10":"product_tag-zenske","11":"product_tag-hlace-zenske","12":"product_tag-hlace-zenske-treking","14":"first","15":"instock","16":"shipping-taxable","17":"purchasable","18":"product-type-variable"},"yoast_head":"<!-- This site is optimized with the Yoast SEO plugin v27.0 - https:\/\/yoast.com\/product\/yoast-seo-wordpress\/ -->\n<title>Nikka Trousers Curved W - Fj\u00e4llr\u00e4ven<\/title>\n<meta name=\"robots\" content=\"index, follow, max-snippet:-1, max-image-preview:large, max-video-preview:-1\" \/>\n<link rel=\"canonical\" href=\"https:\/\/fjallshop.si\/izdelek\/nikka-trousers-curved-w\/\" \/>\n<meta property=\"og:locale\" content=\"en_US\" \/>\n<meta property=\"og:type\" content=\"article\" \/>\n<meta property=\"og:title\" content=\"Nikka Trousers Curved W - Fj\u00e4llr\u00e4ven\" \/>\n<meta property=\"og:description\" content=\"\u017denske pohodne hla\u010de Nikka so klasi\u010dne pohodne hla\u010de, s funkcionalnimi lastnostmi, izdelane iz edinstvenega materiala G-1000 in raztegljivega poliamida.\" \/>\n<meta property=\"og:url\" content=\"https:\/\/fjallshop.si\/izdelek\/nikka-trousers-curved-w\/\" \/>\n<meta property=\"og:site_name\" content=\"Fj\u00e4llr\u00e4ven\" \/>\n<meta property=\"article:publisher\" content=\"https:\/\/www.facebook.com\/FjallravenSlovenia\" \/>\n<meta property=\"article:modified_time\" content=\"2026-05-06T13:25:17+00:00\" \/>\n<meta property=\"og:image\" content=\"https:\/\/fjallshop.si\/wp-content\/uploads\/2025\/12\/7323450105914_ss19_a_nikka_curved_trousers_w_fjaellraeven_21.webp\" \/>\n\t<meta property=\"og:image:width\" content=\"680\" \/>\n\t<meta property=\"og:image:height\" content=\"680\" \/>\n\t<meta property=\"og:image:type\" content=\"image\/webp\" \/>\n<meta name=\"twitter:card\" content=\"summary_large_image\" \/>\n<meta name=\"twitter:label1\" content=\"Est. reading time\" \/>\n\t<meta name=\"twitter:data1\" content=\"1 minute\" \/>\n<script type=\"application\/ld+json\" class=\"yoast-schema-graph\">{\"@context\":\"https:\/\/schema.org\",\"@graph\":[{\"@type\":\"WebPage\",\"@id\":\"https:\/\/fjallshop.si\/izdelek\/nikka-trousers-curved-w\/\",\"url\":\"https:\/\/fjallshop.si\/izdelek\/nikka-trousers-curved-w\/\",\"name\":\"Nikka Trousers Curved W - Fj\u00e4llr\u00e4ven\",\"isPartOf\":{\"@id\":\"https:\/\/fjallshop.si\/en\/#website\"},\"primaryImageOfPage\":{\"@id\":\"https:\/\/fjallshop.si\/izdelek\/nikka-trousers-curved-w\/#primaryimage\"},\"image\":{\"@id\":\"https:\/\/fjallshop.si\/izdelek\/nikka-trousers-curved-w\/#primaryimage\"},\"thumbnailUrl\":\"https:\/\/fjallshop.si\/wp-content\/uploads\/2025\/12\/7323450105914_ss19_a_nikka_curved_trousers_w_fjaellraeven_21.webp\",\"datePublished\":\"2025-12-21T23:37:32+00:00\",\"dateModified\":\"2026-05-06T13:25:17+00:00\",\"breadcrumb\":{\"@id\":\"https:\/\/fjallshop.si\/izdelek\/nikka-trousers-curved-w\/#breadcrumb\"},\"inLanguage\":\"en-US\",\"potentialAction\":[{\"@type\":\"ReadAction\",\"target\":[\"https:\/\/fjallshop.si\/izdelek\/nikka-trousers-curved-w\/\"]}]},{\"@type\":\"ImageObject\",\"inLanguage\":\"en-US\",\"@id\":\"https:\/\/fjallshop.si\/izdelek\/nikka-trousers-curved-w\/#primaryimage\",\"url\":\"https:\/\/fjallshop.si\/wp-content\/uploads\/2025\/12\/7323450105914_ss19_a_nikka_curved_trousers_w_fjaellraeven_21.webp\",\"contentUrl\":\"https:\/\/fjallshop.si\/wp-content\/uploads\/2025\/12\/7323450105914_ss19_a_nikka_curved_trousers_w_fjaellraeven_21.webp\",\"width\":680,\"height\":680},{\"@type\":\"BreadcrumbList\",\"@id\":\"https:\/\/fjallshop.si\/izdelek\/nikka-trousers-curved-w\/#breadcrumb\",\"itemListElement\":[{\"@type\":\"ListItem\",\"position\":1,\"name\":\"Home\",\"item\":\"https:\/\/fjallshop.si\/\"},{\"@type\":\"ListItem\",\"position\":2,\"name\":\"Shop\",\"item\":\"https:\/\/fjallshop.si\/en\/shop\/\"},{\"@type\":\"ListItem\",\"position\":3,\"name\":\"Nikka Trousers Curved W\"}]},{\"@type\":\"WebSite\",\"@id\":\"https:\/\/fjallshop.si\/en\/#website\",\"url\":\"https:\/\/fjallshop.si\/en\/\",\"name\":\"Fj\u00e4llr\u00e4ven\",\"description\":\"Spletna trgovina\",\"publisher\":{\"@id\":\"https:\/\/fjallshop.si\/en\/#organization\"},\"potentialAction\":[{\"@type\":\"SearchAction\",\"target\":{\"@type\":\"EntryPoint\",\"urlTemplate\":\"https:\/\/fjallshop.si\/en\/?s={search_term_string}\"},\"query-input\":{\"@type\":\"PropertyValueSpecification\",\"valueRequired\":true,\"valueName\":\"search_term_string\"}}],\"inLanguage\":\"en-US\"},{\"@type\":\"Organization\",\"@id\":\"https:\/\/fjallshop.si\/en\/#organization\",\"name\":\"Fj\u00e4llr\u00e4ven\",\"url\":\"https:\/\/fjallshop.si\/en\/\",\"logo\":{\"@type\":\"ImageObject\",\"inLanguage\":\"en-US\",\"@id\":\"https:\/\/fjallshop.si\/en\/#\/schema\/logo\/image\/\",\"url\":\"https:\/\/fjallshop.si\/wp-content\/uploads\/2026\/02\/fjallravenlogo.svg\",\"contentUrl\":\"https:\/\/fjallshop.si\/wp-content\/uploads\/2026\/02\/fjallravenlogo.svg\",\"width\":126,\"height\":46,\"caption\":\"Fj\u00e4llr\u00e4ven\"},\"image\":{\"@id\":\"https:\/\/fjallshop.si\/en\/#\/schema\/logo\/image\/\"},\"sameAs\":[\"https:\/\/www.facebook.com\/FjallravenSlovenia\"]}]}<\/script>\n<!-- \/ Yoast SEO plugin. -->","yoast_head_json":{"title":"Nikka Trousers Curved W - Fj\u00e4llr\u00e4ven","robots":{"index":"index","follow":"follow","max-snippet":"max-snippet:-1","max-image-preview":"max-image-preview:large","max-video-preview":"max-video-preview:-1"},"canonical":"https:\/\/fjallshop.si\/izdelek\/nikka-trousers-curved-w\/","og_locale":"en_US","og_type":"article","og_title":"Nikka Trousers Curved W - Fj\u00e4llr\u00e4ven","og_description":"\u017denske pohodne hla\u010de Nikka so klasi\u010dne pohodne hla\u010de, s funkcionalnimi lastnostmi, izdelane iz edinstvenega materiala G-1000 in raztegljivega poliamida.","og_url":"https:\/\/fjallshop.si\/izdelek\/nikka-trousers-curved-w\/","og_site_name":"Fj\u00e4llr\u00e4ven","article_publisher":"https:\/\/www.facebook.com\/FjallravenSlovenia","article_modified_time":"2026-05-06T13:25:17+00:00","og_image":[{"width":680,"height":680,"url":"https:\/\/fjallshop.si\/wp-content\/uploads\/2025\/12\/7323450105914_ss19_a_nikka_curved_trousers_w_fjaellraeven_21.webp","type":"image\/webp"}],"twitter_card":"summary_large_image","twitter_misc":{"Est. reading time":"1 minute"},"schema":{"@context":"https:\/\/schema.org","@graph":[{"@type":"WebPage","@id":"https:\/\/fjallshop.si\/izdelek\/nikka-trousers-curved-w\/","url":"https:\/\/fjallshop.si\/izdelek\/nikka-trousers-curved-w\/","name":"Nikka Trousers Curved W - Fj\u00e4llr\u00e4ven","isPartOf":{"@id":"https:\/\/fjallshop.si\/en\/#website"},"primaryImageOfPage":{"@id":"https:\/\/fjallshop.si\/izdelek\/nikka-trousers-curved-w\/#primaryimage"},"image":{"@id":"https:\/\/fjallshop.si\/izdelek\/nikka-trousers-curved-w\/#primaryimage"},"thumbnailUrl":"https:\/\/fjallshop.si\/wp-content\/uploads\/2025\/12\/7323450105914_ss19_a_nikka_curved_trousers_w_fjaellraeven_21.webp","datePublished":"2025-12-21T23:37:32+00:00","dateModified":"2026-05-06T13:25:17+00:00","breadcrumb":{"@id":"https:\/\/fjallshop.si\/izdelek\/nikka-trousers-curved-w\/#breadcrumb"},"inLanguage":"en-US","potentialAction":[{"@type":"ReadAction","target":["https:\/\/fjallshop.si\/izdelek\/nikka-trousers-curved-w\/"]}]},{"@type":"ImageObject","inLanguage":"en-US","@id":"https:\/\/fjallshop.si\/izdelek\/nikka-trousers-curved-w\/#primaryimage","url":"https:\/\/fjallshop.si\/wp-content\/uploads\/2025\/12\/7323450105914_ss19_a_nikka_curved_trousers_w_fjaellraeven_21.webp","contentUrl":"https:\/\/fjallshop.si\/wp-content\/uploads\/2025\/12\/7323450105914_ss19_a_nikka_curved_trousers_w_fjaellraeven_21.webp","width":680,"height":680},{"@type":"BreadcrumbList","@id":"https:\/\/fjallshop.si\/izdelek\/nikka-trousers-curved-w\/#breadcrumb","itemListElement":[{"@type":"ListItem","position":1,"name":"Home","item":"https:\/\/fjallshop.si\/"},{"@type":"ListItem","position":2,"name":"Shop","item":"https:\/\/fjallshop.si\/en\/shop\/"},{"@type":"ListItem","position":3,"name":"Nikka Trousers Curved W"}]},{"@type":"WebSite","@id":"https:\/\/fjallshop.si\/en\/#website","url":"https:\/\/fjallshop.si\/en\/","name":"Fj\u00e4llr\u00e4ven","description":"Spletna trgovina","publisher":{"@id":"https:\/\/fjallshop.si\/en\/#organization"},"potentialAction":[{"@type":"SearchAction","target":{"@type":"EntryPoint","urlTemplate":"https:\/\/fjallshop.si\/en\/?s={search_term_string}"},"query-input":{"@type":"PropertyValueSpecification","valueRequired":true,"valueName":"search_term_string"}}],"inLanguage":"en-US"},{"@type":"Organization","@id":"https:\/\/fjallshop.si\/en\/#organization","name":"Fj\u00e4llr\u00e4ven","url":"https:\/\/fjallshop.si\/en\/","logo":{"@type":"ImageObject","inLanguage":"en-US","@id":"https:\/\/fjallshop.si\/en\/#\/schema\/logo\/image\/","url":"https:\/\/fjallshop.si\/wp-content\/uploads\/2026\/02\/fjallravenlogo.svg","contentUrl":"https:\/\/fjallshop.si\/wp-content\/uploads\/2026\/02\/fjallravenlogo.svg","width":126,"height":46,"caption":"Fj\u00e4llr\u00e4ven"},"image":{"@id":"https:\/\/fjallshop.si\/en\/#\/schema\/logo\/image\/"},"sameAs":["https:\/\/www.facebook.com\/FjallravenSlovenia"]}]}},"_links":{"self":[{"href":"https:\/\/fjallshop.si\/en\/wp-json\/wp\/v2\/product\/1027093","targetHints":{"allow":["GET"]}}],"collection":[{"href":"https:\/\/fjallshop.si\/en\/wp-json\/wp\/v2\/product"}],"about":[{"href":"https:\/\/fjallshop.si\/en\/wp-json\/wp\/v2\/types\/product"}],"version-history":[{"count":1,"href":"https:\/\/fjallshop.si\/en\/wp-json\/wp\/v2\/product\/1027093\/revisions"}],"predecessor-version":[{"id":1027141,"href":"https:\/\/fjallshop.si\/en\/wp-json\/wp\/v2\/product\/1027093\/revisions\/1027141"}],"wp:featuredmedia":[{"embeddable":true,"href":"https:\/\/fjallshop.si\/en\/wp-json\/wp\/v2\/media\/1027142"}],"wp:attachment":[{"href":"https:\/\/fjallshop.si\/en\/wp-json\/wp\/v2\/media?parent=1027093"}],"wp:term":[{"taxonomy":"product_brand","embeddable":true,"href":"https:\/\/fjallshop.si\/en\/wp-json\/wp\/v2\/product_brand?post=1027093"},{"taxonomy":"product_cat","embeddable":true,"href":"https:\/\/fjallshop.si\/en\/wp-json\/wp\/v2\/product_cat?post=1027093"},{"taxonomy":"product_tag","embeddable":true,"href":"https:\/\/fjallshop.si\/en\/wp-json\/wp\/v2\/product_tag?post=1027093"}],"curies":[{"name":"wp","href":"https:\/\/api.w.org\/{rel}","templated":true}]}}