{"id":1027297,"date":"2025-12-21T23:38:18","date_gmt":"2025-12-21T23:38:18","guid":{"rendered":"https:\/\/fjallravensi.dev.mortar.tovarnaidej.com\/?post_type=product&#038;p=1027297"},"modified":"2026-05-07T11:12:07","modified_gmt":"2026-05-07T11:12:07","slug":"ulvo-hip-pack-large","status":"publish","type":"product","link":"https:\/\/fjallshop.si\/en\/product\/ulvo-hip-pack-large\/","title":{"rendered":"Ulv\u00f6 Hip Pack Large"},"content":{"rendered":"<p>Ko \u017eelite s seboj nositi \u010dim manj opreme, vam Ulv\u00f6 Hip Pack Large ponuja kompaktno shranjevanje va\u0161e opreme. Trpe\u017ena tkanina Fj\u00e4llr\u00e4ven Bergshell s 100 % recikliranim poliamidom ohranja va\u0161o opremo suho, odsevni logotip pa vas naredi bolj vidne. Glavni predal dopolnjuje manj\u0161i varnostni \u017eep na hrbtni strani, ki je najbli\u017eje telesu, kompresijske trakove spodaj pa lahko uporabite tudi za pritrditev jakne ali podobnega na torbo. Popolna za kraj\u0161e pohode in potovanja.<\/p>\n","protected":false},"excerpt":{"rendered":"<p>Prikladna re\u0161itev za shranjevanje v kompaktnem formatu iz nepremo\u010dljivega materiala in odsevnim logotipom.<\/p>\n","protected":false},"featured_media":1027329,"template":"","meta":[],"product_brand":[466],"product_cat":[769],"product_tag":[499,576,590,579],"class_list":{"0":"post-1027297","1":"product","2":"type-product","3":"status-publish","4":"has-post-thumbnail","6":"product_brand-high-coast","7":"product_cat-torbe-in-nahrbtniki","8":"product_tag-high-coast","9":"product_tag-nahrbtniki-torbe","10":"product_tag-oprema","11":"product_tag-torbice","13":"first","14":"instock","15":"shipping-taxable","16":"purchasable","17":"product-type-variable"},"yoast_head":"<!-- This site is optimized with the Yoast SEO plugin v27.0 - https:\/\/yoast.com\/product\/yoast-seo-wordpress\/ -->\n<title>Ulv\u00f6 Hip Pack Large - Fj\u00e4llr\u00e4ven<\/title>\n<meta name=\"robots\" content=\"index, follow, max-snippet:-1, max-image-preview:large, max-video-preview:-1\" \/>\n<link rel=\"canonical\" href=\"https:\/\/fjallshop.si\/izdelek\/ulvo-hip-pack-large\/\" \/>\n<meta property=\"og:locale\" content=\"en_US\" \/>\n<meta property=\"og:type\" content=\"article\" \/>\n<meta property=\"og:title\" content=\"Ulv\u00f6 Hip Pack Large - Fj\u00e4llr\u00e4ven\" \/>\n<meta property=\"og:description\" content=\"Prikladna re\u0161itev za shranjevanje v kompaktnem formatu iz nepremo\u010dljivega materiala in odsevnim logotipom.\" \/>\n<meta property=\"og:url\" content=\"https:\/\/fjallshop.si\/izdelek\/ulvo-hip-pack-large\/\" \/>\n<meta property=\"og:site_name\" content=\"Fj\u00e4llr\u00e4ven\" \/>\n<meta property=\"article:publisher\" content=\"https:\/\/www.facebook.com\/FjallravenSlovenia\" \/>\n<meta property=\"article:modified_time\" content=\"2026-05-07T11:12:07+00:00\" \/>\n<meta property=\"og:image\" content=\"https:\/\/fjallshop.si\/wp-content\/uploads\/2025\/12\/7323450488857_ss19_a_ulvoe_hip_pack_large_fjaellraeven_21.webp\" \/>\n\t<meta property=\"og:image:width\" content=\"1360\" \/>\n\t<meta property=\"og:image:height\" content=\"1360\" \/>\n\t<meta property=\"og:image:type\" content=\"image\/webp\" \/>\n<meta name=\"twitter:card\" content=\"summary_large_image\" \/>\n<script type=\"application\/ld+json\" class=\"yoast-schema-graph\">{\"@context\":\"https:\/\/schema.org\",\"@graph\":[{\"@type\":\"WebPage\",\"@id\":\"https:\/\/fjallshop.si\/izdelek\/ulvo-hip-pack-large\/\",\"url\":\"https:\/\/fjallshop.si\/izdelek\/ulvo-hip-pack-large\/\",\"name\":\"Ulv\u00f6 Hip Pack Large - Fj\u00e4llr\u00e4ven\",\"isPartOf\":{\"@id\":\"https:\/\/fjallshop.si\/en\/#website\"},\"primaryImageOfPage\":{\"@id\":\"https:\/\/fjallshop.si\/izdelek\/ulvo-hip-pack-large\/#primaryimage\"},\"image\":{\"@id\":\"https:\/\/fjallshop.si\/izdelek\/ulvo-hip-pack-large\/#primaryimage\"},\"thumbnailUrl\":\"https:\/\/fjallshop.si\/wp-content\/uploads\/2025\/12\/7323450488857_ss19_a_ulvoe_hip_pack_large_fjaellraeven_21.webp\",\"datePublished\":\"2025-12-21T23:38:18+00:00\",\"dateModified\":\"2026-05-07T11:12:07+00:00\",\"breadcrumb\":{\"@id\":\"https:\/\/fjallshop.si\/izdelek\/ulvo-hip-pack-large\/#breadcrumb\"},\"inLanguage\":\"en-US\",\"potentialAction\":[{\"@type\":\"ReadAction\",\"target\":[\"https:\/\/fjallshop.si\/izdelek\/ulvo-hip-pack-large\/\"]}]},{\"@type\":\"ImageObject\",\"inLanguage\":\"en-US\",\"@id\":\"https:\/\/fjallshop.si\/izdelek\/ulvo-hip-pack-large\/#primaryimage\",\"url\":\"https:\/\/fjallshop.si\/wp-content\/uploads\/2025\/12\/7323450488857_ss19_a_ulvoe_hip_pack_large_fjaellraeven_21.webp\",\"contentUrl\":\"https:\/\/fjallshop.si\/wp-content\/uploads\/2025\/12\/7323450488857_ss19_a_ulvoe_hip_pack_large_fjaellraeven_21.webp\",\"width\":1360,\"height\":1360},{\"@type\":\"BreadcrumbList\",\"@id\":\"https:\/\/fjallshop.si\/izdelek\/ulvo-hip-pack-large\/#breadcrumb\",\"itemListElement\":[{\"@type\":\"ListItem\",\"position\":1,\"name\":\"Home\",\"item\":\"https:\/\/fjallshop.si\/\"},{\"@type\":\"ListItem\",\"position\":2,\"name\":\"Shop\",\"item\":\"https:\/\/fjallshop.si\/en\/shop\/\"},{\"@type\":\"ListItem\",\"position\":3,\"name\":\"Ulv\u00f6 Hip Pack Large\"}]},{\"@type\":\"WebSite\",\"@id\":\"https:\/\/fjallshop.si\/en\/#website\",\"url\":\"https:\/\/fjallshop.si\/en\/\",\"name\":\"Fj\u00e4llr\u00e4ven\",\"description\":\"Spletna trgovina\",\"publisher\":{\"@id\":\"https:\/\/fjallshop.si\/en\/#organization\"},\"potentialAction\":[{\"@type\":\"SearchAction\",\"target\":{\"@type\":\"EntryPoint\",\"urlTemplate\":\"https:\/\/fjallshop.si\/en\/?s={search_term_string}\"},\"query-input\":{\"@type\":\"PropertyValueSpecification\",\"valueRequired\":true,\"valueName\":\"search_term_string\"}}],\"inLanguage\":\"en-US\"},{\"@type\":\"Organization\",\"@id\":\"https:\/\/fjallshop.si\/en\/#organization\",\"name\":\"Fj\u00e4llr\u00e4ven\",\"url\":\"https:\/\/fjallshop.si\/en\/\",\"logo\":{\"@type\":\"ImageObject\",\"inLanguage\":\"en-US\",\"@id\":\"https:\/\/fjallshop.si\/en\/#\/schema\/logo\/image\/\",\"url\":\"https:\/\/fjallshop.si\/wp-content\/uploads\/2026\/02\/fjallravenlogo.svg\",\"contentUrl\":\"https:\/\/fjallshop.si\/wp-content\/uploads\/2026\/02\/fjallravenlogo.svg\",\"width\":126,\"height\":46,\"caption\":\"Fj\u00e4llr\u00e4ven\"},\"image\":{\"@id\":\"https:\/\/fjallshop.si\/en\/#\/schema\/logo\/image\/\"},\"sameAs\":[\"https:\/\/www.facebook.com\/FjallravenSlovenia\"]}]}<\/script>\n<!-- \/ Yoast SEO plugin. -->","yoast_head_json":{"title":"Ulv\u00f6 Hip Pack Large - Fj\u00e4llr\u00e4ven","robots":{"index":"index","follow":"follow","max-snippet":"max-snippet:-1","max-image-preview":"max-image-preview:large","max-video-preview":"max-video-preview:-1"},"canonical":"https:\/\/fjallshop.si\/izdelek\/ulvo-hip-pack-large\/","og_locale":"en_US","og_type":"article","og_title":"Ulv\u00f6 Hip Pack Large - Fj\u00e4llr\u00e4ven","og_description":"Prikladna re\u0161itev za shranjevanje v kompaktnem formatu iz nepremo\u010dljivega materiala in odsevnim logotipom.","og_url":"https:\/\/fjallshop.si\/izdelek\/ulvo-hip-pack-large\/","og_site_name":"Fj\u00e4llr\u00e4ven","article_publisher":"https:\/\/www.facebook.com\/FjallravenSlovenia","article_modified_time":"2026-05-07T11:12:07+00:00","og_image":[{"width":1360,"height":1360,"url":"https:\/\/fjallshop.si\/wp-content\/uploads\/2025\/12\/7323450488857_ss19_a_ulvoe_hip_pack_large_fjaellraeven_21.webp","type":"image\/webp"}],"twitter_card":"summary_large_image","schema":{"@context":"https:\/\/schema.org","@graph":[{"@type":"WebPage","@id":"https:\/\/fjallshop.si\/izdelek\/ulvo-hip-pack-large\/","url":"https:\/\/fjallshop.si\/izdelek\/ulvo-hip-pack-large\/","name":"Ulv\u00f6 Hip Pack Large - Fj\u00e4llr\u00e4ven","isPartOf":{"@id":"https:\/\/fjallshop.si\/en\/#website"},"primaryImageOfPage":{"@id":"https:\/\/fjallshop.si\/izdelek\/ulvo-hip-pack-large\/#primaryimage"},"image":{"@id":"https:\/\/fjallshop.si\/izdelek\/ulvo-hip-pack-large\/#primaryimage"},"thumbnailUrl":"https:\/\/fjallshop.si\/wp-content\/uploads\/2025\/12\/7323450488857_ss19_a_ulvoe_hip_pack_large_fjaellraeven_21.webp","datePublished":"2025-12-21T23:38:18+00:00","dateModified":"2026-05-07T11:12:07+00:00","breadcrumb":{"@id":"https:\/\/fjallshop.si\/izdelek\/ulvo-hip-pack-large\/#breadcrumb"},"inLanguage":"en-US","potentialAction":[{"@type":"ReadAction","target":["https:\/\/fjallshop.si\/izdelek\/ulvo-hip-pack-large\/"]}]},{"@type":"ImageObject","inLanguage":"en-US","@id":"https:\/\/fjallshop.si\/izdelek\/ulvo-hip-pack-large\/#primaryimage","url":"https:\/\/fjallshop.si\/wp-content\/uploads\/2025\/12\/7323450488857_ss19_a_ulvoe_hip_pack_large_fjaellraeven_21.webp","contentUrl":"https:\/\/fjallshop.si\/wp-content\/uploads\/2025\/12\/7323450488857_ss19_a_ulvoe_hip_pack_large_fjaellraeven_21.webp","width":1360,"height":1360},{"@type":"BreadcrumbList","@id":"https:\/\/fjallshop.si\/izdelek\/ulvo-hip-pack-large\/#breadcrumb","itemListElement":[{"@type":"ListItem","position":1,"name":"Home","item":"https:\/\/fjallshop.si\/"},{"@type":"ListItem","position":2,"name":"Shop","item":"https:\/\/fjallshop.si\/en\/shop\/"},{"@type":"ListItem","position":3,"name":"Ulv\u00f6 Hip Pack Large"}]},{"@type":"WebSite","@id":"https:\/\/fjallshop.si\/en\/#website","url":"https:\/\/fjallshop.si\/en\/","name":"Fj\u00e4llr\u00e4ven","description":"Spletna trgovina","publisher":{"@id":"https:\/\/fjallshop.si\/en\/#organization"},"potentialAction":[{"@type":"SearchAction","target":{"@type":"EntryPoint","urlTemplate":"https:\/\/fjallshop.si\/en\/?s={search_term_string}"},"query-input":{"@type":"PropertyValueSpecification","valueRequired":true,"valueName":"search_term_string"}}],"inLanguage":"en-US"},{"@type":"Organization","@id":"https:\/\/fjallshop.si\/en\/#organization","name":"Fj\u00e4llr\u00e4ven","url":"https:\/\/fjallshop.si\/en\/","logo":{"@type":"ImageObject","inLanguage":"en-US","@id":"https:\/\/fjallshop.si\/en\/#\/schema\/logo\/image\/","url":"https:\/\/fjallshop.si\/wp-content\/uploads\/2026\/02\/fjallravenlogo.svg","contentUrl":"https:\/\/fjallshop.si\/wp-content\/uploads\/2026\/02\/fjallravenlogo.svg","width":126,"height":46,"caption":"Fj\u00e4llr\u00e4ven"},"image":{"@id":"https:\/\/fjallshop.si\/en\/#\/schema\/logo\/image\/"},"sameAs":["https:\/\/www.facebook.com\/FjallravenSlovenia"]}]}},"_links":{"self":[{"href":"https:\/\/fjallshop.si\/en\/wp-json\/wp\/v2\/product\/1027297","targetHints":{"allow":["GET"]}}],"collection":[{"href":"https:\/\/fjallshop.si\/en\/wp-json\/wp\/v2\/product"}],"about":[{"href":"https:\/\/fjallshop.si\/en\/wp-json\/wp\/v2\/types\/product"}],"version-history":[{"count":1,"href":"https:\/\/fjallshop.si\/en\/wp-json\/wp\/v2\/product\/1027297\/revisions"}],"predecessor-version":[{"id":1027324,"href":"https:\/\/fjallshop.si\/en\/wp-json\/wp\/v2\/product\/1027297\/revisions\/1027324"}],"wp:featuredmedia":[{"embeddable":true,"href":"https:\/\/fjallshop.si\/en\/wp-json\/wp\/v2\/media\/1027329"}],"wp:attachment":[{"href":"https:\/\/fjallshop.si\/en\/wp-json\/wp\/v2\/media?parent=1027297"}],"wp:term":[{"taxonomy":"product_brand","embeddable":true,"href":"https:\/\/fjallshop.si\/en\/wp-json\/wp\/v2\/product_brand?post=1027297"},{"taxonomy":"product_cat","embeddable":true,"href":"https:\/\/fjallshop.si\/en\/wp-json\/wp\/v2\/product_cat?post=1027297"},{"taxonomy":"product_tag","embeddable":true,"href":"https:\/\/fjallshop.si\/en\/wp-json\/wp\/v2\/product_tag?post=1027297"}],"curies":[{"name":"wp","href":"https:\/\/api.w.org\/{rel}","templated":true}]}}