{"id":1027422,"date":"2025-12-21T23:38:48","date_gmt":"2025-12-21T23:38:48","guid":{"rendered":"https:\/\/fjallravensi.dev.mortar.tovarnaidej.com\/?post_type=product&#038;p=1027422"},"modified":"2026-05-06T13:36:15","modified_gmt":"2026-05-06T13:36:15","slug":"fjallglim-relaxed-shirt-m","status":"publish","type":"product","link":"https:\/\/fjallshop.si\/en\/product\/fjallglim-relaxed-shirt-m\/","title":{"rendered":"Fj\u00e4llglim Relaxed Shirt M"},"content":{"rendered":"<p>Lahka, topla pohodni\u0161ka majica z velikodu\u0161nim, spro\u0161\u010denim krojem. Izdelana iz funkcionalne poliestrske flanele, ki zagotavlja odli\u010dno izolacijo, odvaja vlago in se hitro su\u0161i. Idealna majica za pohodni\u0161tvo in splo\u0161no \u017eivljenje na prostem, bodisi kot osnovni sloj ali kot topel srednji sloj, ki se nosi \u010dez spodnja obla\u010dila. Dva prsna \u017eepa, eden odprt in eden z zadrgo. Upo\u0161tevajte, da ima ta majica spro\u0161\u010den, \u0161irok kroj, zato je velikost velikodu\u0161na \u2013 izberite eno \u0161tevilko manj\u0161o, \u010de imate raje normalen kroj.<\/p>\n","protected":false},"excerpt":{"rendered":"<p>Srajca, izdelana iz funkcionalne poliestrske flanele, ki zagotavlja odli\u010dno izolacijo, odvaja vlago in se hitro su\u0161i.<\/p>\n","protected":false},"featured_media":1027479,"template":"","meta":[],"product_brand":[461],"product_cat":[189],"product_tag":[529,600,470,488],"class_list":{"0":"post-1027422","1":"product","2":"type-product","3":"status-publish","4":"has-post-thumbnail","6":"product_brand-singi","7":"product_cat-majice-in-srajce","8":"product_tag-majice-moski","9":"product_tag-srajce-moske","10":"product_tag-moski","11":"product_tag-singi","13":"first","14":"outofstock","15":"shipping-taxable","16":"purchasable","17":"product-type-variable"},"yoast_head":"<!-- This site is optimized with the Yoast SEO plugin v27.0 - https:\/\/yoast.com\/product\/yoast-seo-wordpress\/ -->\n<title>Fj\u00e4llglim Relaxed Shirt M - Fj\u00e4llr\u00e4ven<\/title>\n<meta name=\"robots\" content=\"index, follow, max-snippet:-1, max-image-preview:large, max-video-preview:-1\" \/>\n<link rel=\"canonical\" href=\"https:\/\/fjallshop.si\/izdelek\/fjallglim-relaxed-shirt-m\/\" \/>\n<meta property=\"og:locale\" content=\"en_US\" \/>\n<meta property=\"og:type\" content=\"article\" \/>\n<meta property=\"og:title\" content=\"Fj\u00e4llglim Relaxed Shirt M - Fj\u00e4llr\u00e4ven\" \/>\n<meta property=\"og:description\" content=\"Srajca, izdelana iz funkcionalne poliestrske flanele, ki zagotavlja odli\u010dno izolacijo, odvaja vlago in se hitro su\u0161i.\" \/>\n<meta property=\"og:url\" content=\"https:\/\/fjallshop.si\/izdelek\/fjallglim-relaxed-shirt-m\/\" \/>\n<meta property=\"og:site_name\" content=\"Fj\u00e4llr\u00e4ven\" \/>\n<meta property=\"article:publisher\" content=\"https:\/\/www.facebook.com\/FjallravenSlovenia\" \/>\n<meta property=\"article:modified_time\" content=\"2026-05-06T13:36:15+00:00\" \/>\n<meta property=\"og:image\" content=\"https:\/\/fjallshop.si\/wp-content\/uploads\/2025\/12\/fjallglim_shirt_m_81380-625_a_main_fjr.jpg\" \/>\n\t<meta property=\"og:image:width\" content=\"680\" \/>\n\t<meta property=\"og:image:height\" content=\"680\" \/>\n\t<meta property=\"og:image:type\" content=\"image\/jpeg\" \/>\n<meta name=\"twitter:card\" content=\"summary_large_image\" \/>\n<script type=\"application\/ld+json\" class=\"yoast-schema-graph\">{\"@context\":\"https:\/\/schema.org\",\"@graph\":[{\"@type\":\"WebPage\",\"@id\":\"https:\/\/fjallshop.si\/izdelek\/fjallglim-relaxed-shirt-m\/\",\"url\":\"https:\/\/fjallshop.si\/izdelek\/fjallglim-relaxed-shirt-m\/\",\"name\":\"Fj\u00e4llglim Relaxed Shirt M - Fj\u00e4llr\u00e4ven\",\"isPartOf\":{\"@id\":\"https:\/\/fjallshop.si\/en\/#website\"},\"primaryImageOfPage\":{\"@id\":\"https:\/\/fjallshop.si\/izdelek\/fjallglim-relaxed-shirt-m\/#primaryimage\"},\"image\":{\"@id\":\"https:\/\/fjallshop.si\/izdelek\/fjallglim-relaxed-shirt-m\/#primaryimage\"},\"thumbnailUrl\":\"https:\/\/fjallshop.si\/wp-content\/uploads\/2025\/12\/fjallglim_shirt_m_81380-625_a_main_fjr.jpg\",\"datePublished\":\"2025-12-21T23:38:48+00:00\",\"dateModified\":\"2026-05-06T13:36:15+00:00\",\"breadcrumb\":{\"@id\":\"https:\/\/fjallshop.si\/izdelek\/fjallglim-relaxed-shirt-m\/#breadcrumb\"},\"inLanguage\":\"en-US\",\"potentialAction\":[{\"@type\":\"ReadAction\",\"target\":[\"https:\/\/fjallshop.si\/izdelek\/fjallglim-relaxed-shirt-m\/\"]}]},{\"@type\":\"ImageObject\",\"inLanguage\":\"en-US\",\"@id\":\"https:\/\/fjallshop.si\/izdelek\/fjallglim-relaxed-shirt-m\/#primaryimage\",\"url\":\"https:\/\/fjallshop.si\/wp-content\/uploads\/2025\/12\/fjallglim_shirt_m_81380-625_a_main_fjr.jpg\",\"contentUrl\":\"https:\/\/fjallshop.si\/wp-content\/uploads\/2025\/12\/fjallglim_shirt_m_81380-625_a_main_fjr.jpg\",\"width\":680,\"height\":680},{\"@type\":\"BreadcrumbList\",\"@id\":\"https:\/\/fjallshop.si\/izdelek\/fjallglim-relaxed-shirt-m\/#breadcrumb\",\"itemListElement\":[{\"@type\":\"ListItem\",\"position\":1,\"name\":\"Home\",\"item\":\"https:\/\/fjallshop.si\/\"},{\"@type\":\"ListItem\",\"position\":2,\"name\":\"Shop\",\"item\":\"https:\/\/fjallshop.si\/en\/shop\/\"},{\"@type\":\"ListItem\",\"position\":3,\"name\":\"Fj\u00e4llglim Relaxed Shirt M\"}]},{\"@type\":\"WebSite\",\"@id\":\"https:\/\/fjallshop.si\/en\/#website\",\"url\":\"https:\/\/fjallshop.si\/en\/\",\"name\":\"Fj\u00e4llr\u00e4ven\",\"description\":\"Spletna trgovina\",\"publisher\":{\"@id\":\"https:\/\/fjallshop.si\/en\/#organization\"},\"potentialAction\":[{\"@type\":\"SearchAction\",\"target\":{\"@type\":\"EntryPoint\",\"urlTemplate\":\"https:\/\/fjallshop.si\/en\/?s={search_term_string}\"},\"query-input\":{\"@type\":\"PropertyValueSpecification\",\"valueRequired\":true,\"valueName\":\"search_term_string\"}}],\"inLanguage\":\"en-US\"},{\"@type\":\"Organization\",\"@id\":\"https:\/\/fjallshop.si\/en\/#organization\",\"name\":\"Fj\u00e4llr\u00e4ven\",\"url\":\"https:\/\/fjallshop.si\/en\/\",\"logo\":{\"@type\":\"ImageObject\",\"inLanguage\":\"en-US\",\"@id\":\"https:\/\/fjallshop.si\/en\/#\/schema\/logo\/image\/\",\"url\":\"https:\/\/fjallshop.si\/wp-content\/uploads\/2026\/02\/fjallravenlogo.svg\",\"contentUrl\":\"https:\/\/fjallshop.si\/wp-content\/uploads\/2026\/02\/fjallravenlogo.svg\",\"width\":126,\"height\":46,\"caption\":\"Fj\u00e4llr\u00e4ven\"},\"image\":{\"@id\":\"https:\/\/fjallshop.si\/en\/#\/schema\/logo\/image\/\"},\"sameAs\":[\"https:\/\/www.facebook.com\/FjallravenSlovenia\"]}]}<\/script>\n<!-- \/ Yoast SEO plugin. -->","yoast_head_json":{"title":"Fj\u00e4llglim Relaxed Shirt M - Fj\u00e4llr\u00e4ven","robots":{"index":"index","follow":"follow","max-snippet":"max-snippet:-1","max-image-preview":"max-image-preview:large","max-video-preview":"max-video-preview:-1"},"canonical":"https:\/\/fjallshop.si\/izdelek\/fjallglim-relaxed-shirt-m\/","og_locale":"en_US","og_type":"article","og_title":"Fj\u00e4llglim Relaxed Shirt M - Fj\u00e4llr\u00e4ven","og_description":"Srajca, izdelana iz funkcionalne poliestrske flanele, ki zagotavlja odli\u010dno izolacijo, odvaja vlago in se hitro su\u0161i.","og_url":"https:\/\/fjallshop.si\/izdelek\/fjallglim-relaxed-shirt-m\/","og_site_name":"Fj\u00e4llr\u00e4ven","article_publisher":"https:\/\/www.facebook.com\/FjallravenSlovenia","article_modified_time":"2026-05-06T13:36:15+00:00","og_image":[{"width":680,"height":680,"url":"https:\/\/fjallshop.si\/wp-content\/uploads\/2025\/12\/fjallglim_shirt_m_81380-625_a_main_fjr.jpg","type":"image\/jpeg"}],"twitter_card":"summary_large_image","schema":{"@context":"https:\/\/schema.org","@graph":[{"@type":"WebPage","@id":"https:\/\/fjallshop.si\/izdelek\/fjallglim-relaxed-shirt-m\/","url":"https:\/\/fjallshop.si\/izdelek\/fjallglim-relaxed-shirt-m\/","name":"Fj\u00e4llglim Relaxed Shirt M - Fj\u00e4llr\u00e4ven","isPartOf":{"@id":"https:\/\/fjallshop.si\/en\/#website"},"primaryImageOfPage":{"@id":"https:\/\/fjallshop.si\/izdelek\/fjallglim-relaxed-shirt-m\/#primaryimage"},"image":{"@id":"https:\/\/fjallshop.si\/izdelek\/fjallglim-relaxed-shirt-m\/#primaryimage"},"thumbnailUrl":"https:\/\/fjallshop.si\/wp-content\/uploads\/2025\/12\/fjallglim_shirt_m_81380-625_a_main_fjr.jpg","datePublished":"2025-12-21T23:38:48+00:00","dateModified":"2026-05-06T13:36:15+00:00","breadcrumb":{"@id":"https:\/\/fjallshop.si\/izdelek\/fjallglim-relaxed-shirt-m\/#breadcrumb"},"inLanguage":"en-US","potentialAction":[{"@type":"ReadAction","target":["https:\/\/fjallshop.si\/izdelek\/fjallglim-relaxed-shirt-m\/"]}]},{"@type":"ImageObject","inLanguage":"en-US","@id":"https:\/\/fjallshop.si\/izdelek\/fjallglim-relaxed-shirt-m\/#primaryimage","url":"https:\/\/fjallshop.si\/wp-content\/uploads\/2025\/12\/fjallglim_shirt_m_81380-625_a_main_fjr.jpg","contentUrl":"https:\/\/fjallshop.si\/wp-content\/uploads\/2025\/12\/fjallglim_shirt_m_81380-625_a_main_fjr.jpg","width":680,"height":680},{"@type":"BreadcrumbList","@id":"https:\/\/fjallshop.si\/izdelek\/fjallglim-relaxed-shirt-m\/#breadcrumb","itemListElement":[{"@type":"ListItem","position":1,"name":"Home","item":"https:\/\/fjallshop.si\/"},{"@type":"ListItem","position":2,"name":"Shop","item":"https:\/\/fjallshop.si\/en\/shop\/"},{"@type":"ListItem","position":3,"name":"Fj\u00e4llglim Relaxed Shirt M"}]},{"@type":"WebSite","@id":"https:\/\/fjallshop.si\/en\/#website","url":"https:\/\/fjallshop.si\/en\/","name":"Fj\u00e4llr\u00e4ven","description":"Spletna trgovina","publisher":{"@id":"https:\/\/fjallshop.si\/en\/#organization"},"potentialAction":[{"@type":"SearchAction","target":{"@type":"EntryPoint","urlTemplate":"https:\/\/fjallshop.si\/en\/?s={search_term_string}"},"query-input":{"@type":"PropertyValueSpecification","valueRequired":true,"valueName":"search_term_string"}}],"inLanguage":"en-US"},{"@type":"Organization","@id":"https:\/\/fjallshop.si\/en\/#organization","name":"Fj\u00e4llr\u00e4ven","url":"https:\/\/fjallshop.si\/en\/","logo":{"@type":"ImageObject","inLanguage":"en-US","@id":"https:\/\/fjallshop.si\/en\/#\/schema\/logo\/image\/","url":"https:\/\/fjallshop.si\/wp-content\/uploads\/2026\/02\/fjallravenlogo.svg","contentUrl":"https:\/\/fjallshop.si\/wp-content\/uploads\/2026\/02\/fjallravenlogo.svg","width":126,"height":46,"caption":"Fj\u00e4llr\u00e4ven"},"image":{"@id":"https:\/\/fjallshop.si\/en\/#\/schema\/logo\/image\/"},"sameAs":["https:\/\/www.facebook.com\/FjallravenSlovenia"]}]}},"_links":{"self":[{"href":"https:\/\/fjallshop.si\/en\/wp-json\/wp\/v2\/product\/1027422","targetHints":{"allow":["GET"]}}],"collection":[{"href":"https:\/\/fjallshop.si\/en\/wp-json\/wp\/v2\/product"}],"about":[{"href":"https:\/\/fjallshop.si\/en\/wp-json\/wp\/v2\/types\/product"}],"version-history":[{"count":1,"href":"https:\/\/fjallshop.si\/en\/wp-json\/wp\/v2\/product\/1027422\/revisions"}],"predecessor-version":[{"id":1027467,"href":"https:\/\/fjallshop.si\/en\/wp-json\/wp\/v2\/product\/1027422\/revisions\/1027467"}],"wp:featuredmedia":[{"embeddable":true,"href":"https:\/\/fjallshop.si\/en\/wp-json\/wp\/v2\/media\/1027479"}],"wp:attachment":[{"href":"https:\/\/fjallshop.si\/en\/wp-json\/wp\/v2\/media?parent=1027422"}],"wp:term":[{"taxonomy":"product_brand","embeddable":true,"href":"https:\/\/fjallshop.si\/en\/wp-json\/wp\/v2\/product_brand?post=1027422"},{"taxonomy":"product_cat","embeddable":true,"href":"https:\/\/fjallshop.si\/en\/wp-json\/wp\/v2\/product_cat?post=1027422"},{"taxonomy":"product_tag","embeddable":true,"href":"https:\/\/fjallshop.si\/en\/wp-json\/wp\/v2\/product_tag?post=1027422"}],"curies":[{"name":"wp","href":"https:\/\/api.w.org\/{rel}","templated":true}]}}