{"id":1027922,"date":"2025-12-21T23:40:27","date_gmt":"2025-12-21T23:40:27","guid":{"rendered":"https:\/\/fjallravensi.dev.mortar.tovarnaidej.com\/?post_type=product&#038;p=1027922"},"modified":"2026-05-07T11:11:42","modified_gmt":"2026-05-07T11:11:42","slug":"greenland-down-liner-vest-w","status":"publish","type":"product","link":"https:\/\/fjallshop.si\/en\/product\/greenland-down-liner-vest-w\/","title":{"rendered":"Greenland Down Liner Vest W"},"content":{"rendered":"<p>Brezrokavniki so pravi favoriti za aktivnosti na prostem \u2013 izolirajo tam, kjer jih potrebujete, in so tako zlo\u017eljivi, da vam ne bo treba dvakrat premisliti, preden jih vzamete s seboj. Brezrokavnik Greenland Down Liner je izdelan iz pro\u017enega recikliranega poliestra in rahlo podlo\u017een z eti\u010dno proizvedenim puhom. Klasi\u010dni detajli, kot je \u017eep na prsih z zavihkom, mu dajejo pristen ob\u010dutek Greenlanda. Popoln je kot oja\u010ditveno obla\u010dilo za podalj\u0161anje sezone va\u0161e zgornje jakne ali jakne Greenland, odli\u010den pa je tudi samostojno \u2013 \u010dez majico ali pulover \u2013 v milej\u0161ih dneh.<\/p>\n","protected":false},"excerpt":{"rendered":"<p>Brezrokavniki so pravi favoriti pri uporabi na prostem &#8211; grejejo na mestih, kjer je to potrebno, hkrati pa so dovolj lahki in zlo\u017eljivi, da ne boste dvakrat pomislili, preden ga boste vzeli s seboj.<\/p>\n","protected":false},"featured_media":1027943,"template":"","meta":[],"product_brand":[465],"product_cat":[186],"product_tag":[498,489,564,730],"class_list":{"0":"post-1027922","1":"product","2":"type-product","3":"status-publish","4":"has-post-thumbnail","6":"product_brand-greenland","7":"product_cat-srednji-sloji","8":"product_tag-greenland","9":"product_tag-zenske","10":"product_tag-mid-layer-zenski-brezrokavniki","11":"product_tag-zenski-brezrokavniki-in-srednji-sloji","13":"first","14":"outofstock","15":"shipping-taxable","16":"purchasable","17":"product-type-variable"},"yoast_head":"<!-- This site is optimized with the Yoast SEO plugin v27.0 - https:\/\/yoast.com\/product\/yoast-seo-wordpress\/ -->\n<title>Greenland Down Liner Vest W - Fj\u00e4llr\u00e4ven<\/title>\n<meta name=\"robots\" content=\"index, follow, max-snippet:-1, max-image-preview:large, max-video-preview:-1\" \/>\n<link rel=\"canonical\" href=\"https:\/\/fjallshop.si\/izdelek\/greenland-down-liner-vest-w\/\" \/>\n<meta property=\"og:locale\" content=\"en_US\" \/>\n<meta property=\"og:type\" content=\"article\" \/>\n<meta property=\"og:title\" content=\"Greenland Down Liner Vest W - Fj\u00e4llr\u00e4ven\" \/>\n<meta property=\"og:description\" content=\"Brezrokavniki so pravi favoriti pri uporabi na prostem - grejejo na mestih, kjer je to potrebno, hkrati pa so dovolj lahki in zlo\u017eljivi, da ne boste dvakrat pomislili, preden ga boste vzeli s seboj.\" \/>\n<meta property=\"og:url\" content=\"https:\/\/fjallshop.si\/izdelek\/greenland-down-liner-vest-w\/\" \/>\n<meta property=\"og:site_name\" content=\"Fj\u00e4llr\u00e4ven\" \/>\n<meta property=\"article:publisher\" content=\"https:\/\/www.facebook.com\/FjallravenSlovenia\" \/>\n<meta property=\"article:modified_time\" content=\"2026-05-07T11:11:42+00:00\" \/>\n<meta property=\"og:image\" content=\"https:\/\/fjallshop.si\/wp-content\/uploads\/2025\/12\/7323450530334_fw19_c_greenland_down_liner_vest_w_fjaellraeven_21.webp\" \/>\n\t<meta property=\"og:image:width\" content=\"1248\" \/>\n\t<meta property=\"og:image:height\" content=\"1248\" \/>\n\t<meta property=\"og:image:type\" content=\"image\/webp\" \/>\n<meta name=\"twitter:card\" content=\"summary_large_image\" \/>\n<script type=\"application\/ld+json\" class=\"yoast-schema-graph\">{\"@context\":\"https:\/\/schema.org\",\"@graph\":[{\"@type\":\"WebPage\",\"@id\":\"https:\/\/fjallshop.si\/izdelek\/greenland-down-liner-vest-w\/\",\"url\":\"https:\/\/fjallshop.si\/izdelek\/greenland-down-liner-vest-w\/\",\"name\":\"Greenland Down Liner Vest W - Fj\u00e4llr\u00e4ven\",\"isPartOf\":{\"@id\":\"https:\/\/fjallshop.si\/en\/#website\"},\"primaryImageOfPage\":{\"@id\":\"https:\/\/fjallshop.si\/izdelek\/greenland-down-liner-vest-w\/#primaryimage\"},\"image\":{\"@id\":\"https:\/\/fjallshop.si\/izdelek\/greenland-down-liner-vest-w\/#primaryimage\"},\"thumbnailUrl\":\"https:\/\/fjallshop.si\/wp-content\/uploads\/2025\/12\/7323450530334_fw19_c_greenland_down_liner_vest_w_fjaellraeven_21.webp\",\"datePublished\":\"2025-12-21T23:40:27+00:00\",\"dateModified\":\"2026-05-07T11:11:42+00:00\",\"breadcrumb\":{\"@id\":\"https:\/\/fjallshop.si\/izdelek\/greenland-down-liner-vest-w\/#breadcrumb\"},\"inLanguage\":\"en-US\",\"potentialAction\":[{\"@type\":\"ReadAction\",\"target\":[\"https:\/\/fjallshop.si\/izdelek\/greenland-down-liner-vest-w\/\"]}]},{\"@type\":\"ImageObject\",\"inLanguage\":\"en-US\",\"@id\":\"https:\/\/fjallshop.si\/izdelek\/greenland-down-liner-vest-w\/#primaryimage\",\"url\":\"https:\/\/fjallshop.si\/wp-content\/uploads\/2025\/12\/7323450530334_fw19_c_greenland_down_liner_vest_w_fjaellraeven_21.webp\",\"contentUrl\":\"https:\/\/fjallshop.si\/wp-content\/uploads\/2025\/12\/7323450530334_fw19_c_greenland_down_liner_vest_w_fjaellraeven_21.webp\",\"width\":1248,\"height\":1248},{\"@type\":\"BreadcrumbList\",\"@id\":\"https:\/\/fjallshop.si\/izdelek\/greenland-down-liner-vest-w\/#breadcrumb\",\"itemListElement\":[{\"@type\":\"ListItem\",\"position\":1,\"name\":\"Home\",\"item\":\"https:\/\/fjallshop.si\/\"},{\"@type\":\"ListItem\",\"position\":2,\"name\":\"Shop\",\"item\":\"https:\/\/fjallshop.si\/en\/shop\/\"},{\"@type\":\"ListItem\",\"position\":3,\"name\":\"Greenland Down Liner Vest W\"}]},{\"@type\":\"WebSite\",\"@id\":\"https:\/\/fjallshop.si\/en\/#website\",\"url\":\"https:\/\/fjallshop.si\/en\/\",\"name\":\"Fj\u00e4llr\u00e4ven\",\"description\":\"Spletna trgovina\",\"publisher\":{\"@id\":\"https:\/\/fjallshop.si\/en\/#organization\"},\"potentialAction\":[{\"@type\":\"SearchAction\",\"target\":{\"@type\":\"EntryPoint\",\"urlTemplate\":\"https:\/\/fjallshop.si\/en\/?s={search_term_string}\"},\"query-input\":{\"@type\":\"PropertyValueSpecification\",\"valueRequired\":true,\"valueName\":\"search_term_string\"}}],\"inLanguage\":\"en-US\"},{\"@type\":\"Organization\",\"@id\":\"https:\/\/fjallshop.si\/en\/#organization\",\"name\":\"Fj\u00e4llr\u00e4ven\",\"url\":\"https:\/\/fjallshop.si\/en\/\",\"logo\":{\"@type\":\"ImageObject\",\"inLanguage\":\"en-US\",\"@id\":\"https:\/\/fjallshop.si\/en\/#\/schema\/logo\/image\/\",\"url\":\"https:\/\/fjallshop.si\/wp-content\/uploads\/2026\/02\/fjallravenlogo.svg\",\"contentUrl\":\"https:\/\/fjallshop.si\/wp-content\/uploads\/2026\/02\/fjallravenlogo.svg\",\"width\":126,\"height\":46,\"caption\":\"Fj\u00e4llr\u00e4ven\"},\"image\":{\"@id\":\"https:\/\/fjallshop.si\/en\/#\/schema\/logo\/image\/\"},\"sameAs\":[\"https:\/\/www.facebook.com\/FjallravenSlovenia\"]}]}<\/script>\n<!-- \/ Yoast SEO plugin. -->","yoast_head_json":{"title":"Greenland Down Liner Vest W - Fj\u00e4llr\u00e4ven","robots":{"index":"index","follow":"follow","max-snippet":"max-snippet:-1","max-image-preview":"max-image-preview:large","max-video-preview":"max-video-preview:-1"},"canonical":"https:\/\/fjallshop.si\/izdelek\/greenland-down-liner-vest-w\/","og_locale":"en_US","og_type":"article","og_title":"Greenland Down Liner Vest W - Fj\u00e4llr\u00e4ven","og_description":"Brezrokavniki so pravi favoriti pri uporabi na prostem - grejejo na mestih, kjer je to potrebno, hkrati pa so dovolj lahki in zlo\u017eljivi, da ne boste dvakrat pomislili, preden ga boste vzeli s seboj.","og_url":"https:\/\/fjallshop.si\/izdelek\/greenland-down-liner-vest-w\/","og_site_name":"Fj\u00e4llr\u00e4ven","article_publisher":"https:\/\/www.facebook.com\/FjallravenSlovenia","article_modified_time":"2026-05-07T11:11:42+00:00","og_image":[{"width":1248,"height":1248,"url":"https:\/\/fjallshop.si\/wp-content\/uploads\/2025\/12\/7323450530334_fw19_c_greenland_down_liner_vest_w_fjaellraeven_21.webp","type":"image\/webp"}],"twitter_card":"summary_large_image","schema":{"@context":"https:\/\/schema.org","@graph":[{"@type":"WebPage","@id":"https:\/\/fjallshop.si\/izdelek\/greenland-down-liner-vest-w\/","url":"https:\/\/fjallshop.si\/izdelek\/greenland-down-liner-vest-w\/","name":"Greenland Down Liner Vest W - Fj\u00e4llr\u00e4ven","isPartOf":{"@id":"https:\/\/fjallshop.si\/en\/#website"},"primaryImageOfPage":{"@id":"https:\/\/fjallshop.si\/izdelek\/greenland-down-liner-vest-w\/#primaryimage"},"image":{"@id":"https:\/\/fjallshop.si\/izdelek\/greenland-down-liner-vest-w\/#primaryimage"},"thumbnailUrl":"https:\/\/fjallshop.si\/wp-content\/uploads\/2025\/12\/7323450530334_fw19_c_greenland_down_liner_vest_w_fjaellraeven_21.webp","datePublished":"2025-12-21T23:40:27+00:00","dateModified":"2026-05-07T11:11:42+00:00","breadcrumb":{"@id":"https:\/\/fjallshop.si\/izdelek\/greenland-down-liner-vest-w\/#breadcrumb"},"inLanguage":"en-US","potentialAction":[{"@type":"ReadAction","target":["https:\/\/fjallshop.si\/izdelek\/greenland-down-liner-vest-w\/"]}]},{"@type":"ImageObject","inLanguage":"en-US","@id":"https:\/\/fjallshop.si\/izdelek\/greenland-down-liner-vest-w\/#primaryimage","url":"https:\/\/fjallshop.si\/wp-content\/uploads\/2025\/12\/7323450530334_fw19_c_greenland_down_liner_vest_w_fjaellraeven_21.webp","contentUrl":"https:\/\/fjallshop.si\/wp-content\/uploads\/2025\/12\/7323450530334_fw19_c_greenland_down_liner_vest_w_fjaellraeven_21.webp","width":1248,"height":1248},{"@type":"BreadcrumbList","@id":"https:\/\/fjallshop.si\/izdelek\/greenland-down-liner-vest-w\/#breadcrumb","itemListElement":[{"@type":"ListItem","position":1,"name":"Home","item":"https:\/\/fjallshop.si\/"},{"@type":"ListItem","position":2,"name":"Shop","item":"https:\/\/fjallshop.si\/en\/shop\/"},{"@type":"ListItem","position":3,"name":"Greenland Down Liner Vest W"}]},{"@type":"WebSite","@id":"https:\/\/fjallshop.si\/en\/#website","url":"https:\/\/fjallshop.si\/en\/","name":"Fj\u00e4llr\u00e4ven","description":"Spletna trgovina","publisher":{"@id":"https:\/\/fjallshop.si\/en\/#organization"},"potentialAction":[{"@type":"SearchAction","target":{"@type":"EntryPoint","urlTemplate":"https:\/\/fjallshop.si\/en\/?s={search_term_string}"},"query-input":{"@type":"PropertyValueSpecification","valueRequired":true,"valueName":"search_term_string"}}],"inLanguage":"en-US"},{"@type":"Organization","@id":"https:\/\/fjallshop.si\/en\/#organization","name":"Fj\u00e4llr\u00e4ven","url":"https:\/\/fjallshop.si\/en\/","logo":{"@type":"ImageObject","inLanguage":"en-US","@id":"https:\/\/fjallshop.si\/en\/#\/schema\/logo\/image\/","url":"https:\/\/fjallshop.si\/wp-content\/uploads\/2026\/02\/fjallravenlogo.svg","contentUrl":"https:\/\/fjallshop.si\/wp-content\/uploads\/2026\/02\/fjallravenlogo.svg","width":126,"height":46,"caption":"Fj\u00e4llr\u00e4ven"},"image":{"@id":"https:\/\/fjallshop.si\/en\/#\/schema\/logo\/image\/"},"sameAs":["https:\/\/www.facebook.com\/FjallravenSlovenia"]}]}},"_links":{"self":[{"href":"https:\/\/fjallshop.si\/en\/wp-json\/wp\/v2\/product\/1027922","targetHints":{"allow":["GET"]}}],"collection":[{"href":"https:\/\/fjallshop.si\/en\/wp-json\/wp\/v2\/product"}],"about":[{"href":"https:\/\/fjallshop.si\/en\/wp-json\/wp\/v2\/types\/product"}],"version-history":[{"count":1,"href":"https:\/\/fjallshop.si\/en\/wp-json\/wp\/v2\/product\/1027922\/revisions"}],"predecessor-version":[{"id":1027942,"href":"https:\/\/fjallshop.si\/en\/wp-json\/wp\/v2\/product\/1027922\/revisions\/1027942"}],"wp:featuredmedia":[{"embeddable":true,"href":"https:\/\/fjallshop.si\/en\/wp-json\/wp\/v2\/media\/1027943"}],"wp:attachment":[{"href":"https:\/\/fjallshop.si\/en\/wp-json\/wp\/v2\/media?parent=1027922"}],"wp:term":[{"taxonomy":"product_brand","embeddable":true,"href":"https:\/\/fjallshop.si\/en\/wp-json\/wp\/v2\/product_brand?post=1027922"},{"taxonomy":"product_cat","embeddable":true,"href":"https:\/\/fjallshop.si\/en\/wp-json\/wp\/v2\/product_cat?post=1027922"},{"taxonomy":"product_tag","embeddable":true,"href":"https:\/\/fjallshop.si\/en\/wp-json\/wp\/v2\/product_tag?post=1027922"}],"curies":[{"name":"wp","href":"https:\/\/api.w.org\/{rel}","templated":true}]}}