{"id":1028206,"date":"2025-12-21T23:41:37","date_gmt":"2025-12-21T23:41:37","guid":{"rendered":"https:\/\/fjallravensi.dev.mortar.tovarnaidej.com\/?post_type=product&#038;p=1028206"},"modified":"2026-05-06T13:25:54","modified_gmt":"2026-05-06T13:25:54","slug":"keb-trousers-curved-w-reg","status":"publish","type":"product","link":"https:\/\/fjallshop.si\/en\/product\/keb-trousers-curved-w-reg\/","title":{"rendered":"Keb Trousers Curved W Reg"},"content":{"rendered":"<p>Nagrajene pohodni\u0161ke hla\u010de s krojem Curved Fit z visokim, poudarjenim pasom. Izdelane iz raztegljive tkanine in materiala G-1000, so zdaj posodobljene za \u0161e bolj\u0161o zmogljivost, prileganje in vzdr\u017eljivost. Dodali smo tudi obmo\u010dje za pritrditev naramnic, konci hla\u010dnic pa imajo novo obliko, ki jo je la\u017eje nastaviti in popraviti. Tako kot prej imajo hla\u010de klasi\u010dne, velike \u017eepe, velikodu\u0161ne prezra\u010devalne zadrge in odprtine za \u0161\u010ditnike za kolena (dodatek). Dobro prilegajo\u010da se, trpe\u017ena klasika za maksimalno svobodo gibanja v gorah.<\/p>\n","protected":false},"excerpt":{"rendered":"<p>Nagrajene treking hla\u010de z\u00a0prilagojenim krojem za \u017eenske: z visokim, poudarjenim pasom.<\/p>\n","protected":false},"featured_media":1025607,"template":"","meta":[],"product_brand":[89],"product_cat":[69],"product_tag":[469,478,489,552,565],"class_list":{"0":"post-1028206","1":"product","2":"type-product","3":"status-publish","4":"has-post-thumbnail","6":"product_brand-keb","7":"product_cat-hlace","8":"product_tag-hlace","9":"product_tag-keb","10":"product_tag-zenske","11":"product_tag-hlace-zenske","12":"product_tag-hlace-zenske-treking","14":"first","15":"instock","16":"shipping-taxable","17":"purchasable","18":"product-type-variable"},"yoast_head":"<!-- This site is optimized with the Yoast SEO plugin v27.0 - https:\/\/yoast.com\/product\/yoast-seo-wordpress\/ -->\n<title>Keb Trousers Curved W Reg - Fj\u00e4llr\u00e4ven<\/title>\n<meta name=\"robots\" content=\"index, follow, max-snippet:-1, max-image-preview:large, max-video-preview:-1\" \/>\n<link rel=\"canonical\" href=\"https:\/\/fjallshop.si\/izdelek\/keb-trousers-curved-w-reg\/\" \/>\n<meta property=\"og:locale\" content=\"en_US\" \/>\n<meta property=\"og:type\" content=\"article\" \/>\n<meta property=\"og:title\" content=\"Keb Trousers Curved W Reg - Fj\u00e4llr\u00e4ven\" \/>\n<meta property=\"og:description\" content=\"Nagrajene treking hla\u010de z\u00a0prilagojenim krojem za \u017eenske: z visokim, poudarjenim pasom.\" \/>\n<meta property=\"og:url\" content=\"https:\/\/fjallshop.si\/izdelek\/keb-trousers-curved-w-reg\/\" \/>\n<meta property=\"og:site_name\" content=\"Fj\u00e4llr\u00e4ven\" \/>\n<meta property=\"article:publisher\" content=\"https:\/\/www.facebook.com\/FjallravenSlovenia\" \/>\n<meta property=\"article:modified_time\" content=\"2026-05-06T13:25:54+00:00\" \/>\n<meta property=\"og:image\" content=\"https:\/\/fjallshop.si\/wp-content\/uploads\/2025\/12\/keb_trousers_w_86706-550_a_main_fjr-2.webp\" \/>\n\t<meta property=\"og:image:width\" content=\"1360\" \/>\n\t<meta property=\"og:image:height\" content=\"1360\" \/>\n\t<meta property=\"og:image:type\" content=\"image\/webp\" \/>\n<meta name=\"twitter:card\" content=\"summary_large_image\" \/>\n<script type=\"application\/ld+json\" class=\"yoast-schema-graph\">{\"@context\":\"https:\/\/schema.org\",\"@graph\":[{\"@type\":\"WebPage\",\"@id\":\"https:\/\/fjallshop.si\/izdelek\/keb-trousers-curved-w-reg\/\",\"url\":\"https:\/\/fjallshop.si\/izdelek\/keb-trousers-curved-w-reg\/\",\"name\":\"Keb Trousers Curved W Reg - Fj\u00e4llr\u00e4ven\",\"isPartOf\":{\"@id\":\"https:\/\/fjallshop.si\/en\/#website\"},\"primaryImageOfPage\":{\"@id\":\"https:\/\/fjallshop.si\/izdelek\/keb-trousers-curved-w-reg\/#primaryimage\"},\"image\":{\"@id\":\"https:\/\/fjallshop.si\/izdelek\/keb-trousers-curved-w-reg\/#primaryimage\"},\"thumbnailUrl\":\"https:\/\/fjallshop.si\/wp-content\/uploads\/2025\/12\/keb_trousers_w_86706-550_a_main_fjr-2.webp\",\"datePublished\":\"2025-12-21T23:41:37+00:00\",\"dateModified\":\"2026-05-06T13:25:54+00:00\",\"breadcrumb\":{\"@id\":\"https:\/\/fjallshop.si\/izdelek\/keb-trousers-curved-w-reg\/#breadcrumb\"},\"inLanguage\":\"en-US\",\"potentialAction\":[{\"@type\":\"ReadAction\",\"target\":[\"https:\/\/fjallshop.si\/izdelek\/keb-trousers-curved-w-reg\/\"]}]},{\"@type\":\"ImageObject\",\"inLanguage\":\"en-US\",\"@id\":\"https:\/\/fjallshop.si\/izdelek\/keb-trousers-curved-w-reg\/#primaryimage\",\"url\":\"https:\/\/fjallshop.si\/wp-content\/uploads\/2025\/12\/keb_trousers_w_86706-550_a_main_fjr-2.webp\",\"contentUrl\":\"https:\/\/fjallshop.si\/wp-content\/uploads\/2025\/12\/keb_trousers_w_86706-550_a_main_fjr-2.webp\",\"width\":1360,\"height\":1360},{\"@type\":\"BreadcrumbList\",\"@id\":\"https:\/\/fjallshop.si\/izdelek\/keb-trousers-curved-w-reg\/#breadcrumb\",\"itemListElement\":[{\"@type\":\"ListItem\",\"position\":1,\"name\":\"Home\",\"item\":\"https:\/\/fjallshop.si\/\"},{\"@type\":\"ListItem\",\"position\":2,\"name\":\"Shop\",\"item\":\"https:\/\/fjallshop.si\/en\/shop\/\"},{\"@type\":\"ListItem\",\"position\":3,\"name\":\"Keb Trousers Curved W Reg\"}]},{\"@type\":\"WebSite\",\"@id\":\"https:\/\/fjallshop.si\/en\/#website\",\"url\":\"https:\/\/fjallshop.si\/en\/\",\"name\":\"Fj\u00e4llr\u00e4ven\",\"description\":\"Spletna trgovina\",\"publisher\":{\"@id\":\"https:\/\/fjallshop.si\/en\/#organization\"},\"potentialAction\":[{\"@type\":\"SearchAction\",\"target\":{\"@type\":\"EntryPoint\",\"urlTemplate\":\"https:\/\/fjallshop.si\/en\/?s={search_term_string}\"},\"query-input\":{\"@type\":\"PropertyValueSpecification\",\"valueRequired\":true,\"valueName\":\"search_term_string\"}}],\"inLanguage\":\"en-US\"},{\"@type\":\"Organization\",\"@id\":\"https:\/\/fjallshop.si\/en\/#organization\",\"name\":\"Fj\u00e4llr\u00e4ven\",\"url\":\"https:\/\/fjallshop.si\/en\/\",\"logo\":{\"@type\":\"ImageObject\",\"inLanguage\":\"en-US\",\"@id\":\"https:\/\/fjallshop.si\/en\/#\/schema\/logo\/image\/\",\"url\":\"https:\/\/fjallshop.si\/wp-content\/uploads\/2026\/02\/fjallravenlogo.svg\",\"contentUrl\":\"https:\/\/fjallshop.si\/wp-content\/uploads\/2026\/02\/fjallravenlogo.svg\",\"width\":126,\"height\":46,\"caption\":\"Fj\u00e4llr\u00e4ven\"},\"image\":{\"@id\":\"https:\/\/fjallshop.si\/en\/#\/schema\/logo\/image\/\"},\"sameAs\":[\"https:\/\/www.facebook.com\/FjallravenSlovenia\"]}]}<\/script>\n<!-- \/ Yoast SEO plugin. -->","yoast_head_json":{"title":"Keb Trousers Curved W Reg - Fj\u00e4llr\u00e4ven","robots":{"index":"index","follow":"follow","max-snippet":"max-snippet:-1","max-image-preview":"max-image-preview:large","max-video-preview":"max-video-preview:-1"},"canonical":"https:\/\/fjallshop.si\/izdelek\/keb-trousers-curved-w-reg\/","og_locale":"en_US","og_type":"article","og_title":"Keb Trousers Curved W Reg - Fj\u00e4llr\u00e4ven","og_description":"Nagrajene treking hla\u010de z\u00a0prilagojenim krojem za \u017eenske: z visokim, poudarjenim pasom.","og_url":"https:\/\/fjallshop.si\/izdelek\/keb-trousers-curved-w-reg\/","og_site_name":"Fj\u00e4llr\u00e4ven","article_publisher":"https:\/\/www.facebook.com\/FjallravenSlovenia","article_modified_time":"2026-05-06T13:25:54+00:00","og_image":[{"width":1360,"height":1360,"url":"https:\/\/fjallshop.si\/wp-content\/uploads\/2025\/12\/keb_trousers_w_86706-550_a_main_fjr-2.webp","type":"image\/webp"}],"twitter_card":"summary_large_image","schema":{"@context":"https:\/\/schema.org","@graph":[{"@type":"WebPage","@id":"https:\/\/fjallshop.si\/izdelek\/keb-trousers-curved-w-reg\/","url":"https:\/\/fjallshop.si\/izdelek\/keb-trousers-curved-w-reg\/","name":"Keb Trousers Curved W Reg - Fj\u00e4llr\u00e4ven","isPartOf":{"@id":"https:\/\/fjallshop.si\/en\/#website"},"primaryImageOfPage":{"@id":"https:\/\/fjallshop.si\/izdelek\/keb-trousers-curved-w-reg\/#primaryimage"},"image":{"@id":"https:\/\/fjallshop.si\/izdelek\/keb-trousers-curved-w-reg\/#primaryimage"},"thumbnailUrl":"https:\/\/fjallshop.si\/wp-content\/uploads\/2025\/12\/keb_trousers_w_86706-550_a_main_fjr-2.webp","datePublished":"2025-12-21T23:41:37+00:00","dateModified":"2026-05-06T13:25:54+00:00","breadcrumb":{"@id":"https:\/\/fjallshop.si\/izdelek\/keb-trousers-curved-w-reg\/#breadcrumb"},"inLanguage":"en-US","potentialAction":[{"@type":"ReadAction","target":["https:\/\/fjallshop.si\/izdelek\/keb-trousers-curved-w-reg\/"]}]},{"@type":"ImageObject","inLanguage":"en-US","@id":"https:\/\/fjallshop.si\/izdelek\/keb-trousers-curved-w-reg\/#primaryimage","url":"https:\/\/fjallshop.si\/wp-content\/uploads\/2025\/12\/keb_trousers_w_86706-550_a_main_fjr-2.webp","contentUrl":"https:\/\/fjallshop.si\/wp-content\/uploads\/2025\/12\/keb_trousers_w_86706-550_a_main_fjr-2.webp","width":1360,"height":1360},{"@type":"BreadcrumbList","@id":"https:\/\/fjallshop.si\/izdelek\/keb-trousers-curved-w-reg\/#breadcrumb","itemListElement":[{"@type":"ListItem","position":1,"name":"Home","item":"https:\/\/fjallshop.si\/"},{"@type":"ListItem","position":2,"name":"Shop","item":"https:\/\/fjallshop.si\/en\/shop\/"},{"@type":"ListItem","position":3,"name":"Keb Trousers Curved W Reg"}]},{"@type":"WebSite","@id":"https:\/\/fjallshop.si\/en\/#website","url":"https:\/\/fjallshop.si\/en\/","name":"Fj\u00e4llr\u00e4ven","description":"Spletna trgovina","publisher":{"@id":"https:\/\/fjallshop.si\/en\/#organization"},"potentialAction":[{"@type":"SearchAction","target":{"@type":"EntryPoint","urlTemplate":"https:\/\/fjallshop.si\/en\/?s={search_term_string}"},"query-input":{"@type":"PropertyValueSpecification","valueRequired":true,"valueName":"search_term_string"}}],"inLanguage":"en-US"},{"@type":"Organization","@id":"https:\/\/fjallshop.si\/en\/#organization","name":"Fj\u00e4llr\u00e4ven","url":"https:\/\/fjallshop.si\/en\/","logo":{"@type":"ImageObject","inLanguage":"en-US","@id":"https:\/\/fjallshop.si\/en\/#\/schema\/logo\/image\/","url":"https:\/\/fjallshop.si\/wp-content\/uploads\/2026\/02\/fjallravenlogo.svg","contentUrl":"https:\/\/fjallshop.si\/wp-content\/uploads\/2026\/02\/fjallravenlogo.svg","width":126,"height":46,"caption":"Fj\u00e4llr\u00e4ven"},"image":{"@id":"https:\/\/fjallshop.si\/en\/#\/schema\/logo\/image\/"},"sameAs":["https:\/\/www.facebook.com\/FjallravenSlovenia"]}]}},"_links":{"self":[{"href":"https:\/\/fjallshop.si\/en\/wp-json\/wp\/v2\/product\/1028206","targetHints":{"allow":["GET"]}}],"collection":[{"href":"https:\/\/fjallshop.si\/en\/wp-json\/wp\/v2\/product"}],"about":[{"href":"https:\/\/fjallshop.si\/en\/wp-json\/wp\/v2\/types\/product"}],"version-history":[{"count":1,"href":"https:\/\/fjallshop.si\/en\/wp-json\/wp\/v2\/product\/1028206\/revisions"}],"predecessor-version":[{"id":1028217,"href":"https:\/\/fjallshop.si\/en\/wp-json\/wp\/v2\/product\/1028206\/revisions\/1028217"}],"wp:featuredmedia":[{"embeddable":true,"href":"https:\/\/fjallshop.si\/en\/wp-json\/wp\/v2\/media\/1025607"}],"wp:attachment":[{"href":"https:\/\/fjallshop.si\/en\/wp-json\/wp\/v2\/media?parent=1028206"}],"wp:term":[{"taxonomy":"product_brand","embeddable":true,"href":"https:\/\/fjallshop.si\/en\/wp-json\/wp\/v2\/product_brand?post=1028206"},{"taxonomy":"product_cat","embeddable":true,"href":"https:\/\/fjallshop.si\/en\/wp-json\/wp\/v2\/product_cat?post=1028206"},{"taxonomy":"product_tag","embeddable":true,"href":"https:\/\/fjallshop.si\/en\/wp-json\/wp\/v2\/product_tag?post=1028206"}],"curies":[{"name":"wp","href":"https:\/\/api.w.org\/{rel}","templated":true}]}}