{"id":1029543,"date":"2026-05-03T21:14:04","date_gmt":"2026-05-03T21:14:04","guid":{"rendered":"https:\/\/fjallravensi.dev.mortar.tovarnaidej.com\/?post_type=product&#038;p=1029543"},"modified":"2026-05-06T13:26:33","modified_gmt":"2026-05-06T13:26:33","slug":"hoja-hybrid-trousers-m","status":"publish","type":"product","link":"https:\/\/fjallshop.si\/en\/product\/hoja-hybrid-trousers-m\/","title":{"rendered":"Hoja Hybrid Trousers M"},"content":{"rendered":"<p>Mo\u0161ke hla\u010de Hoja Hydrid so optimizirane za funkcionalnost in udobje tako na kolesu kot zunaj njega. Na sprednji strani, kjer je za\u0161\u010dita pred vremenskimi vplivi najbolj potrebna, so izdelane iz G-1000 Lite Stretch, na zadnji strani pa iz 4-smerno raztegljivega materiala za ve\u010djo svobodo gibanja in dihanje. Udoben raztegljiv vstavek na zadnji strani pasu in pas, ki odvaja vlago, zagotavljata odli\u010dno prileganje in udobje. Odli\u010dna izbira tudi za kolesarjenje \u2013 zdru\u017eljive s podlo\u017eenimi kolesarskimi hla\u010dami \u2013 kot tudi za vse druge aktivnosti, ki zahtevajo neomejeno gibanje, kot so pohodni\u0161tvo ali hoja.<\/p>\n","protected":false},"excerpt":{"rendered":"<p>Mo\u0161ke, vsestranske, dolge hla\u010de, primerne tudi za kolo. Brez PFAS.<\/p>\n","protected":false},"featured_media":1032240,"template":"","meta":[],"product_brand":[],"product_cat":[69],"product_tag":[772,742,773,528,774,470],"class_list":{"0":"post-1029543","1":"product","2":"type-product","3":"status-publish","4":"has-post-thumbnail","6":"product_cat-hlace","7":"product_tag-cycling","8":"product_tag-hoja","9":"product_tag-kolesarjenje","10":"product_tag-hlace-moski","11":"product_tag-moske-hlace-za-kolesarjenje","12":"product_tag-moski","14":"first","15":"instock","16":"shipping-taxable","17":"purchasable","18":"product-type-variable"},"yoast_head":"<!-- This site is optimized with the Yoast SEO plugin v27.0 - https:\/\/yoast.com\/product\/yoast-seo-wordpress\/ -->\n<title>Hoja Hybrid Trousers M - Fj\u00e4llr\u00e4ven<\/title>\n<meta name=\"robots\" content=\"index, follow, max-snippet:-1, max-image-preview:large, max-video-preview:-1\" \/>\n<link rel=\"canonical\" href=\"https:\/\/fjallshop.si\/izdelek\/hoja-hybrid-trousers-m\/\" \/>\n<meta property=\"og:locale\" content=\"en_US\" \/>\n<meta property=\"og:type\" content=\"article\" \/>\n<meta property=\"og:title\" content=\"Hoja Hybrid Trousers M - Fj\u00e4llr\u00e4ven\" \/>\n<meta property=\"og:description\" content=\"Mo\u0161ke, vsestranske, dolge hla\u010de, primerne tudi za kolo. Brez PFAS.\" \/>\n<meta property=\"og:url\" content=\"https:\/\/fjallshop.si\/izdelek\/hoja-hybrid-trousers-m\/\" \/>\n<meta property=\"og:site_name\" content=\"Fj\u00e4llr\u00e4ven\" \/>\n<meta property=\"article:publisher\" content=\"https:\/\/www.facebook.com\/FjallravenSlovenia\" \/>\n<meta property=\"article:modified_time\" content=\"2026-05-06T13:26:33+00:00\" \/>\n<meta name=\"twitter:card\" content=\"summary_large_image\" \/>\n<script type=\"application\/ld+json\" class=\"yoast-schema-graph\">{\"@context\":\"https:\/\/schema.org\",\"@graph\":[{\"@type\":\"WebPage\",\"@id\":\"https:\/\/fjallshop.si\/izdelek\/hoja-hybrid-trousers-m\/\",\"url\":\"https:\/\/fjallshop.si\/izdelek\/hoja-hybrid-trousers-m\/\",\"name\":\"Hoja Hybrid Trousers M - Fj\u00e4llr\u00e4ven\",\"isPartOf\":{\"@id\":\"https:\/\/fjallshop.si\/en\/#website\"},\"primaryImageOfPage\":{\"@id\":\"https:\/\/fjallshop.si\/izdelek\/hoja-hybrid-trousers-m\/#primaryimage\"},\"image\":{\"@id\":\"https:\/\/fjallshop.si\/izdelek\/hoja-hybrid-trousers-m\/#primaryimage\"},\"thumbnailUrl\":\"https:\/\/fjallshop.si\/wp-content\/uploads\/2026\/05\/Hoja_Hybrid_Trousers_M_12200197-560_A_MAIN_FJR.webp\",\"datePublished\":\"2026-05-03T21:14:04+00:00\",\"dateModified\":\"2026-05-06T13:26:33+00:00\",\"breadcrumb\":{\"@id\":\"https:\/\/fjallshop.si\/izdelek\/hoja-hybrid-trousers-m\/#breadcrumb\"},\"inLanguage\":\"en-US\",\"potentialAction\":[{\"@type\":\"ReadAction\",\"target\":[\"https:\/\/fjallshop.si\/izdelek\/hoja-hybrid-trousers-m\/\"]}]},{\"@type\":\"ImageObject\",\"inLanguage\":\"en-US\",\"@id\":\"https:\/\/fjallshop.si\/izdelek\/hoja-hybrid-trousers-m\/#primaryimage\",\"url\":\"https:\/\/fjallshop.si\/wp-content\/uploads\/2026\/05\/Hoja_Hybrid_Trousers_M_12200197-560_A_MAIN_FJR.webp\",\"contentUrl\":\"https:\/\/fjallshop.si\/wp-content\/uploads\/2026\/05\/Hoja_Hybrid_Trousers_M_12200197-560_A_MAIN_FJR.webp\",\"width\":1500,\"height\":1500},{\"@type\":\"BreadcrumbList\",\"@id\":\"https:\/\/fjallshop.si\/izdelek\/hoja-hybrid-trousers-m\/#breadcrumb\",\"itemListElement\":[{\"@type\":\"ListItem\",\"position\":1,\"name\":\"Home\",\"item\":\"https:\/\/fjallshop.si\/\"},{\"@type\":\"ListItem\",\"position\":2,\"name\":\"Shop\",\"item\":\"https:\/\/fjallshop.si\/en\/shop\/\"},{\"@type\":\"ListItem\",\"position\":3,\"name\":\"Hoja Hybrid Trousers M\"}]},{\"@type\":\"WebSite\",\"@id\":\"https:\/\/fjallshop.si\/en\/#website\",\"url\":\"https:\/\/fjallshop.si\/en\/\",\"name\":\"Fj\u00e4llr\u00e4ven\",\"description\":\"Spletna trgovina\",\"publisher\":{\"@id\":\"https:\/\/fjallshop.si\/en\/#organization\"},\"potentialAction\":[{\"@type\":\"SearchAction\",\"target\":{\"@type\":\"EntryPoint\",\"urlTemplate\":\"https:\/\/fjallshop.si\/en\/?s={search_term_string}\"},\"query-input\":{\"@type\":\"PropertyValueSpecification\",\"valueRequired\":true,\"valueName\":\"search_term_string\"}}],\"inLanguage\":\"en-US\"},{\"@type\":\"Organization\",\"@id\":\"https:\/\/fjallshop.si\/en\/#organization\",\"name\":\"Fj\u00e4llr\u00e4ven\",\"url\":\"https:\/\/fjallshop.si\/en\/\",\"logo\":{\"@type\":\"ImageObject\",\"inLanguage\":\"en-US\",\"@id\":\"https:\/\/fjallshop.si\/en\/#\/schema\/logo\/image\/\",\"url\":\"https:\/\/fjallshop.si\/wp-content\/uploads\/2026\/02\/fjallravenlogo.svg\",\"contentUrl\":\"https:\/\/fjallshop.si\/wp-content\/uploads\/2026\/02\/fjallravenlogo.svg\",\"width\":126,\"height\":46,\"caption\":\"Fj\u00e4llr\u00e4ven\"},\"image\":{\"@id\":\"https:\/\/fjallshop.si\/en\/#\/schema\/logo\/image\/\"},\"sameAs\":[\"https:\/\/www.facebook.com\/FjallravenSlovenia\"]}]}<\/script>\n<!-- \/ Yoast SEO plugin. -->","yoast_head_json":{"title":"Hoja Hybrid Trousers M - Fj\u00e4llr\u00e4ven","robots":{"index":"index","follow":"follow","max-snippet":"max-snippet:-1","max-image-preview":"max-image-preview:large","max-video-preview":"max-video-preview:-1"},"canonical":"https:\/\/fjallshop.si\/izdelek\/hoja-hybrid-trousers-m\/","og_locale":"en_US","og_type":"article","og_title":"Hoja Hybrid Trousers M - Fj\u00e4llr\u00e4ven","og_description":"Mo\u0161ke, vsestranske, dolge hla\u010de, primerne tudi za kolo. Brez PFAS.","og_url":"https:\/\/fjallshop.si\/izdelek\/hoja-hybrid-trousers-m\/","og_site_name":"Fj\u00e4llr\u00e4ven","article_publisher":"https:\/\/www.facebook.com\/FjallravenSlovenia","article_modified_time":"2026-05-06T13:26:33+00:00","twitter_card":"summary_large_image","schema":{"@context":"https:\/\/schema.org","@graph":[{"@type":"WebPage","@id":"https:\/\/fjallshop.si\/izdelek\/hoja-hybrid-trousers-m\/","url":"https:\/\/fjallshop.si\/izdelek\/hoja-hybrid-trousers-m\/","name":"Hoja Hybrid Trousers M - Fj\u00e4llr\u00e4ven","isPartOf":{"@id":"https:\/\/fjallshop.si\/en\/#website"},"primaryImageOfPage":{"@id":"https:\/\/fjallshop.si\/izdelek\/hoja-hybrid-trousers-m\/#primaryimage"},"image":{"@id":"https:\/\/fjallshop.si\/izdelek\/hoja-hybrid-trousers-m\/#primaryimage"},"thumbnailUrl":"https:\/\/fjallshop.si\/wp-content\/uploads\/2026\/05\/Hoja_Hybrid_Trousers_M_12200197-560_A_MAIN_FJR.webp","datePublished":"2026-05-03T21:14:04+00:00","dateModified":"2026-05-06T13:26:33+00:00","breadcrumb":{"@id":"https:\/\/fjallshop.si\/izdelek\/hoja-hybrid-trousers-m\/#breadcrumb"},"inLanguage":"en-US","potentialAction":[{"@type":"ReadAction","target":["https:\/\/fjallshop.si\/izdelek\/hoja-hybrid-trousers-m\/"]}]},{"@type":"ImageObject","inLanguage":"en-US","@id":"https:\/\/fjallshop.si\/izdelek\/hoja-hybrid-trousers-m\/#primaryimage","url":"https:\/\/fjallshop.si\/wp-content\/uploads\/2026\/05\/Hoja_Hybrid_Trousers_M_12200197-560_A_MAIN_FJR.webp","contentUrl":"https:\/\/fjallshop.si\/wp-content\/uploads\/2026\/05\/Hoja_Hybrid_Trousers_M_12200197-560_A_MAIN_FJR.webp","width":1500,"height":1500},{"@type":"BreadcrumbList","@id":"https:\/\/fjallshop.si\/izdelek\/hoja-hybrid-trousers-m\/#breadcrumb","itemListElement":[{"@type":"ListItem","position":1,"name":"Home","item":"https:\/\/fjallshop.si\/"},{"@type":"ListItem","position":2,"name":"Shop","item":"https:\/\/fjallshop.si\/en\/shop\/"},{"@type":"ListItem","position":3,"name":"Hoja Hybrid Trousers M"}]},{"@type":"WebSite","@id":"https:\/\/fjallshop.si\/en\/#website","url":"https:\/\/fjallshop.si\/en\/","name":"Fj\u00e4llr\u00e4ven","description":"Spletna trgovina","publisher":{"@id":"https:\/\/fjallshop.si\/en\/#organization"},"potentialAction":[{"@type":"SearchAction","target":{"@type":"EntryPoint","urlTemplate":"https:\/\/fjallshop.si\/en\/?s={search_term_string}"},"query-input":{"@type":"PropertyValueSpecification","valueRequired":true,"valueName":"search_term_string"}}],"inLanguage":"en-US"},{"@type":"Organization","@id":"https:\/\/fjallshop.si\/en\/#organization","name":"Fj\u00e4llr\u00e4ven","url":"https:\/\/fjallshop.si\/en\/","logo":{"@type":"ImageObject","inLanguage":"en-US","@id":"https:\/\/fjallshop.si\/en\/#\/schema\/logo\/image\/","url":"https:\/\/fjallshop.si\/wp-content\/uploads\/2026\/02\/fjallravenlogo.svg","contentUrl":"https:\/\/fjallshop.si\/wp-content\/uploads\/2026\/02\/fjallravenlogo.svg","width":126,"height":46,"caption":"Fj\u00e4llr\u00e4ven"},"image":{"@id":"https:\/\/fjallshop.si\/en\/#\/schema\/logo\/image\/"},"sameAs":["https:\/\/www.facebook.com\/FjallravenSlovenia"]}]}},"_links":{"self":[{"href":"https:\/\/fjallshop.si\/en\/wp-json\/wp\/v2\/product\/1029543","targetHints":{"allow":["GET"]}}],"collection":[{"href":"https:\/\/fjallshop.si\/en\/wp-json\/wp\/v2\/product"}],"about":[{"href":"https:\/\/fjallshop.si\/en\/wp-json\/wp\/v2\/types\/product"}],"version-history":[{"count":2,"href":"https:\/\/fjallshop.si\/en\/wp-json\/wp\/v2\/product\/1029543\/revisions"}],"predecessor-version":[{"id":1031510,"href":"https:\/\/fjallshop.si\/en\/wp-json\/wp\/v2\/product\/1029543\/revisions\/1031510"}],"wp:featuredmedia":[{"embeddable":true,"href":"https:\/\/fjallshop.si\/en\/wp-json\/wp\/v2\/media\/1032240"}],"wp:attachment":[{"href":"https:\/\/fjallshop.si\/en\/wp-json\/wp\/v2\/media?parent=1029543"}],"wp:term":[{"taxonomy":"product_brand","embeddable":true,"href":"https:\/\/fjallshop.si\/en\/wp-json\/wp\/v2\/product_brand?post=1029543"},{"taxonomy":"product_cat","embeddable":true,"href":"https:\/\/fjallshop.si\/en\/wp-json\/wp\/v2\/product_cat?post=1029543"},{"taxonomy":"product_tag","embeddable":true,"href":"https:\/\/fjallshop.si\/en\/wp-json\/wp\/v2\/product_tag?post=1029543"}],"curies":[{"name":"wp","href":"https:\/\/api.w.org\/{rel}","templated":true}]}}