{"id":1029809,"date":"2026-05-03T21:14:42","date_gmt":"2026-05-03T21:14:42","guid":{"rendered":"https:\/\/fjallravensi.dev.mortar.tovarnaidej.com\/?post_type=product&#038;p=1029809"},"modified":"2026-05-06T13:26:47","modified_gmt":"2026-05-06T13:26:47","slug":"keb-agile-tights-w","status":"publish","type":"product","link":"https:\/\/fjallshop.si\/en\/product\/keb-agile-tights-w\/","title":{"rendered":"Keb Agile Tights W"},"content":{"rendered":"<p>Te izjemno udobne, oja\u010dane pohodni\u0161ke pajkice so natanko to, kar potrebujete pri dejavnostih, kjer je svoboda gibanja najpomembnej\u0161a. Oja\u010dane so, zato se dobro obnesejo tudi na razgibanem terenu, in imajo visok, nastavljiv pas, ki ostane na mestu ne glede na to, kako se gibljete. Trije \u017eepi na stegnih ponujajo dovolj prostora za telefon, zemljevid, klju\u010de itd., zanke za opremo pa lahko uporabite za dodatno opremo. Kroj je zasnovan tako, da ustreza \u0161irokemu spektru tipov postave.<\/p>\n","protected":false},"excerpt":{"rendered":"<p>Trpe\u017ene pohodni\u0161ke pajkice, primerne za vse aktivnosti na prostem, ki zahtevajo neomejeno gibanje. Izdelano brez PFAS-a.<\/p>\n","protected":false},"featured_media":0,"template":"","meta":[],"product_brand":[],"product_cat":[69],"product_tag":[478,471,489,552,565],"class_list":{"0":"post-1029809","1":"product","2":"type-product","3":"status-publish","5":"product_cat-hlace","6":"product_tag-keb","7":"product_tag-treking","8":"product_tag-zenske","9":"product_tag-hlace-zenske","10":"product_tag-hlace-zenske-treking","12":"first","13":"instock","14":"shipping-taxable","15":"purchasable","16":"product-type-variable"},"yoast_head":"<!-- This site is optimized with the Yoast SEO plugin v27.0 - https:\/\/yoast.com\/product\/yoast-seo-wordpress\/ -->\n<title>Keb Agile Tights W - Fj\u00e4llr\u00e4ven<\/title>\n<meta name=\"robots\" content=\"index, follow, max-snippet:-1, max-image-preview:large, max-video-preview:-1\" \/>\n<link rel=\"canonical\" href=\"https:\/\/fjallshop.si\/izdelek\/keb-agile-tights-w\/\" \/>\n<meta property=\"og:locale\" content=\"en_US\" \/>\n<meta property=\"og:type\" content=\"article\" \/>\n<meta property=\"og:title\" content=\"Keb Agile Tights W - Fj\u00e4llr\u00e4ven\" \/>\n<meta property=\"og:description\" content=\"Trpe\u017ene pohodni\u0161ke pajkice, primerne za vse aktivnosti na prostem, ki zahtevajo neomejeno gibanje. Izdelano brez PFAS-a.\" \/>\n<meta property=\"og:url\" content=\"https:\/\/fjallshop.si\/izdelek\/keb-agile-tights-w\/\" \/>\n<meta property=\"og:site_name\" content=\"Fj\u00e4llr\u00e4ven\" \/>\n<meta property=\"article:publisher\" content=\"https:\/\/www.facebook.com\/FjallravenSlovenia\" \/>\n<meta property=\"article:modified_time\" content=\"2026-05-06T13:26:47+00:00\" \/>\n<meta name=\"twitter:card\" content=\"summary_large_image\" \/>\n<script type=\"application\/ld+json\" class=\"yoast-schema-graph\">{\"@context\":\"https:\/\/schema.org\",\"@graph\":[{\"@type\":\"WebPage\",\"@id\":\"https:\/\/fjallshop.si\/izdelek\/keb-agile-tights-w\/\",\"url\":\"https:\/\/fjallshop.si\/izdelek\/keb-agile-tights-w\/\",\"name\":\"Keb Agile Tights W - Fj\u00e4llr\u00e4ven\",\"isPartOf\":{\"@id\":\"https:\/\/fjallshop.si\/en\/#website\"},\"datePublished\":\"2026-05-03T21:14:42+00:00\",\"dateModified\":\"2026-05-06T13:26:47+00:00\",\"breadcrumb\":{\"@id\":\"https:\/\/fjallshop.si\/izdelek\/keb-agile-tights-w\/#breadcrumb\"},\"inLanguage\":\"en-US\",\"potentialAction\":[{\"@type\":\"ReadAction\",\"target\":[\"https:\/\/fjallshop.si\/izdelek\/keb-agile-tights-w\/\"]}]},{\"@type\":\"BreadcrumbList\",\"@id\":\"https:\/\/fjallshop.si\/izdelek\/keb-agile-tights-w\/#breadcrumb\",\"itemListElement\":[{\"@type\":\"ListItem\",\"position\":1,\"name\":\"Home\",\"item\":\"https:\/\/fjallshop.si\/\"},{\"@type\":\"ListItem\",\"position\":2,\"name\":\"Shop\",\"item\":\"https:\/\/fjallshop.si\/en\/shop\/\"},{\"@type\":\"ListItem\",\"position\":3,\"name\":\"Keb Agile Tights W\"}]},{\"@type\":\"WebSite\",\"@id\":\"https:\/\/fjallshop.si\/en\/#website\",\"url\":\"https:\/\/fjallshop.si\/en\/\",\"name\":\"Fj\u00e4llr\u00e4ven\",\"description\":\"Spletna trgovina\",\"publisher\":{\"@id\":\"https:\/\/fjallshop.si\/en\/#organization\"},\"potentialAction\":[{\"@type\":\"SearchAction\",\"target\":{\"@type\":\"EntryPoint\",\"urlTemplate\":\"https:\/\/fjallshop.si\/en\/?s={search_term_string}\"},\"query-input\":{\"@type\":\"PropertyValueSpecification\",\"valueRequired\":true,\"valueName\":\"search_term_string\"}}],\"inLanguage\":\"en-US\"},{\"@type\":\"Organization\",\"@id\":\"https:\/\/fjallshop.si\/en\/#organization\",\"name\":\"Fj\u00e4llr\u00e4ven\",\"url\":\"https:\/\/fjallshop.si\/en\/\",\"logo\":{\"@type\":\"ImageObject\",\"inLanguage\":\"en-US\",\"@id\":\"https:\/\/fjallshop.si\/en\/#\/schema\/logo\/image\/\",\"url\":\"https:\/\/fjallshop.si\/wp-content\/uploads\/2026\/02\/fjallravenlogo.svg\",\"contentUrl\":\"https:\/\/fjallshop.si\/wp-content\/uploads\/2026\/02\/fjallravenlogo.svg\",\"width\":126,\"height\":46,\"caption\":\"Fj\u00e4llr\u00e4ven\"},\"image\":{\"@id\":\"https:\/\/fjallshop.si\/en\/#\/schema\/logo\/image\/\"},\"sameAs\":[\"https:\/\/www.facebook.com\/FjallravenSlovenia\"]}]}<\/script>\n<!-- \/ Yoast SEO plugin. -->","yoast_head_json":{"title":"Keb Agile Tights W - Fj\u00e4llr\u00e4ven","robots":{"index":"index","follow":"follow","max-snippet":"max-snippet:-1","max-image-preview":"max-image-preview:large","max-video-preview":"max-video-preview:-1"},"canonical":"https:\/\/fjallshop.si\/izdelek\/keb-agile-tights-w\/","og_locale":"en_US","og_type":"article","og_title":"Keb Agile Tights W - Fj\u00e4llr\u00e4ven","og_description":"Trpe\u017ene pohodni\u0161ke pajkice, primerne za vse aktivnosti na prostem, ki zahtevajo neomejeno gibanje. Izdelano brez PFAS-a.","og_url":"https:\/\/fjallshop.si\/izdelek\/keb-agile-tights-w\/","og_site_name":"Fj\u00e4llr\u00e4ven","article_publisher":"https:\/\/www.facebook.com\/FjallravenSlovenia","article_modified_time":"2026-05-06T13:26:47+00:00","twitter_card":"summary_large_image","schema":{"@context":"https:\/\/schema.org","@graph":[{"@type":"WebPage","@id":"https:\/\/fjallshop.si\/izdelek\/keb-agile-tights-w\/","url":"https:\/\/fjallshop.si\/izdelek\/keb-agile-tights-w\/","name":"Keb Agile Tights W - Fj\u00e4llr\u00e4ven","isPartOf":{"@id":"https:\/\/fjallshop.si\/en\/#website"},"datePublished":"2026-05-03T21:14:42+00:00","dateModified":"2026-05-06T13:26:47+00:00","breadcrumb":{"@id":"https:\/\/fjallshop.si\/izdelek\/keb-agile-tights-w\/#breadcrumb"},"inLanguage":"en-US","potentialAction":[{"@type":"ReadAction","target":["https:\/\/fjallshop.si\/izdelek\/keb-agile-tights-w\/"]}]},{"@type":"BreadcrumbList","@id":"https:\/\/fjallshop.si\/izdelek\/keb-agile-tights-w\/#breadcrumb","itemListElement":[{"@type":"ListItem","position":1,"name":"Home","item":"https:\/\/fjallshop.si\/"},{"@type":"ListItem","position":2,"name":"Shop","item":"https:\/\/fjallshop.si\/en\/shop\/"},{"@type":"ListItem","position":3,"name":"Keb Agile Tights W"}]},{"@type":"WebSite","@id":"https:\/\/fjallshop.si\/en\/#website","url":"https:\/\/fjallshop.si\/en\/","name":"Fj\u00e4llr\u00e4ven","description":"Spletna trgovina","publisher":{"@id":"https:\/\/fjallshop.si\/en\/#organization"},"potentialAction":[{"@type":"SearchAction","target":{"@type":"EntryPoint","urlTemplate":"https:\/\/fjallshop.si\/en\/?s={search_term_string}"},"query-input":{"@type":"PropertyValueSpecification","valueRequired":true,"valueName":"search_term_string"}}],"inLanguage":"en-US"},{"@type":"Organization","@id":"https:\/\/fjallshop.si\/en\/#organization","name":"Fj\u00e4llr\u00e4ven","url":"https:\/\/fjallshop.si\/en\/","logo":{"@type":"ImageObject","inLanguage":"en-US","@id":"https:\/\/fjallshop.si\/en\/#\/schema\/logo\/image\/","url":"https:\/\/fjallshop.si\/wp-content\/uploads\/2026\/02\/fjallravenlogo.svg","contentUrl":"https:\/\/fjallshop.si\/wp-content\/uploads\/2026\/02\/fjallravenlogo.svg","width":126,"height":46,"caption":"Fj\u00e4llr\u00e4ven"},"image":{"@id":"https:\/\/fjallshop.si\/en\/#\/schema\/logo\/image\/"},"sameAs":["https:\/\/www.facebook.com\/FjallravenSlovenia"]}]}},"_links":{"self":[{"href":"https:\/\/fjallshop.si\/en\/wp-json\/wp\/v2\/product\/1029809","targetHints":{"allow":["GET"]}}],"collection":[{"href":"https:\/\/fjallshop.si\/en\/wp-json\/wp\/v2\/product"}],"about":[{"href":"https:\/\/fjallshop.si\/en\/wp-json\/wp\/v2\/types\/product"}],"version-history":[{"count":2,"href":"https:\/\/fjallshop.si\/en\/wp-json\/wp\/v2\/product\/1029809\/revisions"}],"predecessor-version":[{"id":1031551,"href":"https:\/\/fjallshop.si\/en\/wp-json\/wp\/v2\/product\/1029809\/revisions\/1031551"}],"wp:attachment":[{"href":"https:\/\/fjallshop.si\/en\/wp-json\/wp\/v2\/media?parent=1029809"}],"wp:term":[{"taxonomy":"product_brand","embeddable":true,"href":"https:\/\/fjallshop.si\/en\/wp-json\/wp\/v2\/product_brand?post=1029809"},{"taxonomy":"product_cat","embeddable":true,"href":"https:\/\/fjallshop.si\/en\/wp-json\/wp\/v2\/product_cat?post=1029809"},{"taxonomy":"product_tag","embeddable":true,"href":"https:\/\/fjallshop.si\/en\/wp-json\/wp\/v2\/product_tag?post=1029809"}],"curies":[{"name":"wp","href":"https:\/\/api.w.org\/{rel}","templated":true}]}}