{"id":1030023,"date":"2026-05-03T21:15:17","date_gmt":"2026-05-03T21:15:17","guid":{"rendered":"https:\/\/fjallravensi.dev.mortar.tovarnaidej.com\/?post_type=product&#038;p=1030023"},"modified":"2026-05-06T13:26:59","modified_gmt":"2026-05-06T13:26:59","slug":"kajka-x-latt-45-m-l","status":"publish","type":"product","link":"https:\/\/fjallshop.si\/en\/product\/kajka-x-latt-45-m-l\/","title":{"rendered":"Kajka X-L\u00e4tt 45 M\/L"},"content":{"rendered":"<p>X pri Fj\u00e4llr\u00e4ven pomeni \u00bbraziskovanje izdelkov\u00ab, tokrat pa smo raziskali, kako najbolje poiskati ravnovesje med vzdr\u017eljivostjo, funkcionalnostjo in nizko te\u017eo. Kajka X-L\u00e4tt 45 je vzdr\u017eljiv treking nahrbtnik, ki je lahek, bogat z funkcijami in enostaven za popravilo. Glavni predel s prostornino 45 litrov je izdelan iz na\u0161ega izjemno trpe\u017enega materiala Vinylon F, Dol\u017eina hrbta je popolnoma prilagodljiva. Raztegljivi stranski \u017eepi in snemljiv sprednji \u017eep pa ponujajo dodatni prostor za shranjevanje. Notranji \u017eep je snemljiv in ga lahko uporabljate lo\u010deno kot majhno torbico za najnujnej\u0161e stvari. Ta model velikosti M\/L ima dalj\u0161e naramnice in nekoliko dalj\u0161i in \u0161ir\u0161i pas, da bolje ustreza \u0161ir\u0161im trupom.<\/p>\n","protected":false},"excerpt":{"rendered":"<p>Trpe\u017een in lahek treking nahrbtnik, ki je enostaven za vzdr\u017eevanje (45L). Brez PFAS.<\/p>\n","protected":false},"featured_media":1032396,"template":"","meta":[],"product_brand":[],"product_cat":[769],"product_tag":[478,576,590,471,781,485],"class_list":{"0":"post-1030023","1":"product","2":"type-product","3":"status-publish","4":"has-post-thumbnail","6":"product_cat-torbe-in-nahrbtniki","7":"product_tag-keb","8":"product_tag-nahrbtniki-torbe","9":"product_tag-oprema","10":"product_tag-treking","11":"product_tag-treking-nahrbtniki","12":"product_tag-unisex","14":"first","15":"instock","16":"shipping-taxable","17":"purchasable","18":"product-type-variable"},"yoast_head":"<!-- This site is optimized with the Yoast SEO plugin v27.0 - https:\/\/yoast.com\/product\/yoast-seo-wordpress\/ -->\n<title>Kajka X-L\u00e4tt 45 M\/L - Fj\u00e4llr\u00e4ven<\/title>\n<meta name=\"robots\" content=\"index, follow, max-snippet:-1, max-image-preview:large, max-video-preview:-1\" \/>\n<link rel=\"canonical\" href=\"https:\/\/fjallshop.si\/izdelek\/kajka-x-latt-45-m-l\/\" \/>\n<meta property=\"og:locale\" content=\"en_US\" \/>\n<meta property=\"og:type\" content=\"article\" \/>\n<meta property=\"og:title\" content=\"Kajka X-L\u00e4tt 45 M\/L - Fj\u00e4llr\u00e4ven\" \/>\n<meta property=\"og:description\" content=\"Trpe\u017een in lahek treking nahrbtnik, ki je enostaven za vzdr\u017eevanje (45L). Brez PFAS.\" \/>\n<meta property=\"og:url\" content=\"https:\/\/fjallshop.si\/izdelek\/kajka-x-latt-45-m-l\/\" \/>\n<meta property=\"og:site_name\" content=\"Fj\u00e4llr\u00e4ven\" \/>\n<meta property=\"article:publisher\" content=\"https:\/\/www.facebook.com\/FjallravenSlovenia\" \/>\n<meta property=\"article:modified_time\" content=\"2026-05-06T13:26:59+00:00\" \/>\n<meta name=\"twitter:card\" content=\"summary_large_image\" \/>\n<meta name=\"twitter:label1\" content=\"Est. reading time\" \/>\n\t<meta name=\"twitter:data1\" content=\"1 minute\" \/>\n<script type=\"application\/ld+json\" class=\"yoast-schema-graph\">{\"@context\":\"https:\/\/schema.org\",\"@graph\":[{\"@type\":\"WebPage\",\"@id\":\"https:\/\/fjallshop.si\/izdelek\/kajka-x-latt-45-m-l\/\",\"url\":\"https:\/\/fjallshop.si\/izdelek\/kajka-x-latt-45-m-l\/\",\"name\":\"Kajka X-L\u00e4tt 45 M\/L - Fj\u00e4llr\u00e4ven\",\"isPartOf\":{\"@id\":\"https:\/\/fjallshop.si\/en\/#website\"},\"primaryImageOfPage\":{\"@id\":\"https:\/\/fjallshop.si\/izdelek\/kajka-x-latt-45-m-l\/#primaryimage\"},\"image\":{\"@id\":\"https:\/\/fjallshop.si\/izdelek\/kajka-x-latt-45-m-l\/#primaryimage\"},\"thumbnailUrl\":\"https:\/\/fjallshop.si\/wp-content\/uploads\/2026\/05\/Kajka_X-Latt_45_M_L_23200352-118_A_MAIN.webp\",\"datePublished\":\"2026-05-03T21:15:17+00:00\",\"dateModified\":\"2026-05-06T13:26:59+00:00\",\"breadcrumb\":{\"@id\":\"https:\/\/fjallshop.si\/izdelek\/kajka-x-latt-45-m-l\/#breadcrumb\"},\"inLanguage\":\"en-US\",\"potentialAction\":[{\"@type\":\"ReadAction\",\"target\":[\"https:\/\/fjallshop.si\/izdelek\/kajka-x-latt-45-m-l\/\"]}]},{\"@type\":\"ImageObject\",\"inLanguage\":\"en-US\",\"@id\":\"https:\/\/fjallshop.si\/izdelek\/kajka-x-latt-45-m-l\/#primaryimage\",\"url\":\"https:\/\/fjallshop.si\/wp-content\/uploads\/2026\/05\/Kajka_X-Latt_45_M_L_23200352-118_A_MAIN.webp\",\"contentUrl\":\"https:\/\/fjallshop.si\/wp-content\/uploads\/2026\/05\/Kajka_X-Latt_45_M_L_23200352-118_A_MAIN.webp\",\"width\":1500,\"height\":1500},{\"@type\":\"BreadcrumbList\",\"@id\":\"https:\/\/fjallshop.si\/izdelek\/kajka-x-latt-45-m-l\/#breadcrumb\",\"itemListElement\":[{\"@type\":\"ListItem\",\"position\":1,\"name\":\"Home\",\"item\":\"https:\/\/fjallshop.si\/\"},{\"@type\":\"ListItem\",\"position\":2,\"name\":\"Shop\",\"item\":\"https:\/\/fjallshop.si\/en\/shop\/\"},{\"@type\":\"ListItem\",\"position\":3,\"name\":\"Kajka X-L\u00e4tt 45 M\/L\"}]},{\"@type\":\"WebSite\",\"@id\":\"https:\/\/fjallshop.si\/en\/#website\",\"url\":\"https:\/\/fjallshop.si\/en\/\",\"name\":\"Fj\u00e4llr\u00e4ven\",\"description\":\"Spletna trgovina\",\"publisher\":{\"@id\":\"https:\/\/fjallshop.si\/en\/#organization\"},\"potentialAction\":[{\"@type\":\"SearchAction\",\"target\":{\"@type\":\"EntryPoint\",\"urlTemplate\":\"https:\/\/fjallshop.si\/en\/?s={search_term_string}\"},\"query-input\":{\"@type\":\"PropertyValueSpecification\",\"valueRequired\":true,\"valueName\":\"search_term_string\"}}],\"inLanguage\":\"en-US\"},{\"@type\":\"Organization\",\"@id\":\"https:\/\/fjallshop.si\/en\/#organization\",\"name\":\"Fj\u00e4llr\u00e4ven\",\"url\":\"https:\/\/fjallshop.si\/en\/\",\"logo\":{\"@type\":\"ImageObject\",\"inLanguage\":\"en-US\",\"@id\":\"https:\/\/fjallshop.si\/en\/#\/schema\/logo\/image\/\",\"url\":\"https:\/\/fjallshop.si\/wp-content\/uploads\/2026\/02\/fjallravenlogo.svg\",\"contentUrl\":\"https:\/\/fjallshop.si\/wp-content\/uploads\/2026\/02\/fjallravenlogo.svg\",\"width\":126,\"height\":46,\"caption\":\"Fj\u00e4llr\u00e4ven\"},\"image\":{\"@id\":\"https:\/\/fjallshop.si\/en\/#\/schema\/logo\/image\/\"},\"sameAs\":[\"https:\/\/www.facebook.com\/FjallravenSlovenia\"]}]}<\/script>\n<!-- \/ Yoast SEO plugin. -->","yoast_head_json":{"title":"Kajka X-L\u00e4tt 45 M\/L - Fj\u00e4llr\u00e4ven","robots":{"index":"index","follow":"follow","max-snippet":"max-snippet:-1","max-image-preview":"max-image-preview:large","max-video-preview":"max-video-preview:-1"},"canonical":"https:\/\/fjallshop.si\/izdelek\/kajka-x-latt-45-m-l\/","og_locale":"en_US","og_type":"article","og_title":"Kajka X-L\u00e4tt 45 M\/L - Fj\u00e4llr\u00e4ven","og_description":"Trpe\u017een in lahek treking nahrbtnik, ki je enostaven za vzdr\u017eevanje (45L). Brez PFAS.","og_url":"https:\/\/fjallshop.si\/izdelek\/kajka-x-latt-45-m-l\/","og_site_name":"Fj\u00e4llr\u00e4ven","article_publisher":"https:\/\/www.facebook.com\/FjallravenSlovenia","article_modified_time":"2026-05-06T13:26:59+00:00","twitter_card":"summary_large_image","twitter_misc":{"Est. reading time":"1 minute"},"schema":{"@context":"https:\/\/schema.org","@graph":[{"@type":"WebPage","@id":"https:\/\/fjallshop.si\/izdelek\/kajka-x-latt-45-m-l\/","url":"https:\/\/fjallshop.si\/izdelek\/kajka-x-latt-45-m-l\/","name":"Kajka X-L\u00e4tt 45 M\/L - Fj\u00e4llr\u00e4ven","isPartOf":{"@id":"https:\/\/fjallshop.si\/en\/#website"},"primaryImageOfPage":{"@id":"https:\/\/fjallshop.si\/izdelek\/kajka-x-latt-45-m-l\/#primaryimage"},"image":{"@id":"https:\/\/fjallshop.si\/izdelek\/kajka-x-latt-45-m-l\/#primaryimage"},"thumbnailUrl":"https:\/\/fjallshop.si\/wp-content\/uploads\/2026\/05\/Kajka_X-Latt_45_M_L_23200352-118_A_MAIN.webp","datePublished":"2026-05-03T21:15:17+00:00","dateModified":"2026-05-06T13:26:59+00:00","breadcrumb":{"@id":"https:\/\/fjallshop.si\/izdelek\/kajka-x-latt-45-m-l\/#breadcrumb"},"inLanguage":"en-US","potentialAction":[{"@type":"ReadAction","target":["https:\/\/fjallshop.si\/izdelek\/kajka-x-latt-45-m-l\/"]}]},{"@type":"ImageObject","inLanguage":"en-US","@id":"https:\/\/fjallshop.si\/izdelek\/kajka-x-latt-45-m-l\/#primaryimage","url":"https:\/\/fjallshop.si\/wp-content\/uploads\/2026\/05\/Kajka_X-Latt_45_M_L_23200352-118_A_MAIN.webp","contentUrl":"https:\/\/fjallshop.si\/wp-content\/uploads\/2026\/05\/Kajka_X-Latt_45_M_L_23200352-118_A_MAIN.webp","width":1500,"height":1500},{"@type":"BreadcrumbList","@id":"https:\/\/fjallshop.si\/izdelek\/kajka-x-latt-45-m-l\/#breadcrumb","itemListElement":[{"@type":"ListItem","position":1,"name":"Home","item":"https:\/\/fjallshop.si\/"},{"@type":"ListItem","position":2,"name":"Shop","item":"https:\/\/fjallshop.si\/en\/shop\/"},{"@type":"ListItem","position":3,"name":"Kajka X-L\u00e4tt 45 M\/L"}]},{"@type":"WebSite","@id":"https:\/\/fjallshop.si\/en\/#website","url":"https:\/\/fjallshop.si\/en\/","name":"Fj\u00e4llr\u00e4ven","description":"Spletna trgovina","publisher":{"@id":"https:\/\/fjallshop.si\/en\/#organization"},"potentialAction":[{"@type":"SearchAction","target":{"@type":"EntryPoint","urlTemplate":"https:\/\/fjallshop.si\/en\/?s={search_term_string}"},"query-input":{"@type":"PropertyValueSpecification","valueRequired":true,"valueName":"search_term_string"}}],"inLanguage":"en-US"},{"@type":"Organization","@id":"https:\/\/fjallshop.si\/en\/#organization","name":"Fj\u00e4llr\u00e4ven","url":"https:\/\/fjallshop.si\/en\/","logo":{"@type":"ImageObject","inLanguage":"en-US","@id":"https:\/\/fjallshop.si\/en\/#\/schema\/logo\/image\/","url":"https:\/\/fjallshop.si\/wp-content\/uploads\/2026\/02\/fjallravenlogo.svg","contentUrl":"https:\/\/fjallshop.si\/wp-content\/uploads\/2026\/02\/fjallravenlogo.svg","width":126,"height":46,"caption":"Fj\u00e4llr\u00e4ven"},"image":{"@id":"https:\/\/fjallshop.si\/en\/#\/schema\/logo\/image\/"},"sameAs":["https:\/\/www.facebook.com\/FjallravenSlovenia"]}]}},"_links":{"self":[{"href":"https:\/\/fjallshop.si\/en\/wp-json\/wp\/v2\/product\/1030023","targetHints":{"allow":["GET"]}}],"collection":[{"href":"https:\/\/fjallshop.si\/en\/wp-json\/wp\/v2\/product"}],"about":[{"href":"https:\/\/fjallshop.si\/en\/wp-json\/wp\/v2\/types\/product"}],"version-history":[{"count":2,"href":"https:\/\/fjallshop.si\/en\/wp-json\/wp\/v2\/product\/1030023\/revisions"}],"predecessor-version":[{"id":1033094,"href":"https:\/\/fjallshop.si\/en\/wp-json\/wp\/v2\/product\/1030023\/revisions\/1033094"}],"wp:featuredmedia":[{"embeddable":true,"href":"https:\/\/fjallshop.si\/en\/wp-json\/wp\/v2\/media\/1032396"}],"wp:attachment":[{"href":"https:\/\/fjallshop.si\/en\/wp-json\/wp\/v2\/media?parent=1030023"}],"wp:term":[{"taxonomy":"product_brand","embeddable":true,"href":"https:\/\/fjallshop.si\/en\/wp-json\/wp\/v2\/product_brand?post=1030023"},{"taxonomy":"product_cat","embeddable":true,"href":"https:\/\/fjallshop.si\/en\/wp-json\/wp\/v2\/product_cat?post=1030023"},{"taxonomy":"product_tag","embeddable":true,"href":"https:\/\/fjallshop.si\/en\/wp-json\/wp\/v2\/product_tag?post=1030023"}],"curies":[{"name":"wp","href":"https:\/\/api.w.org\/{rel}","templated":true}]}}