{"id":1030142,"date":"2026-05-03T21:15:35","date_gmt":"2026-05-03T21:15:35","guid":{"rendered":"https:\/\/fjallravensi.dev.mortar.tovarnaidej.com\/?post_type=product&#038;p=1030142"},"modified":"2026-05-06T13:27:04","modified_gmt":"2026-05-06T13:27:04","slug":"karl-pro-zip-off-trousers-m","status":"publish","type":"product","link":"https:\/\/fjallshop.si\/en\/product\/karl-pro-zip-off-trousers-m\/","title":{"rendered":"Karl Pro Zip-off Trousers M"},"content":{"rendered":"<p>Vsestranske in udobne hla\u010de za prosti \u010das z odstranljivimi hla\u010dnicami, ki jih lahko spremenite v kratke hla\u010de. To vam zagotavlja vsestranskost pri pohodni\u0161tvu in potovanjih z lahko prtljago. Kroj ima vnaprej oblikovan zadnji del in kolena za bolj\u0161e prileganje in odli\u010dno svobodo gibanja. Osem \u017eepov na modelu ponuja prostor za zemljevid, kompas in vse ostalo, kar potrebujete pri roki; dva sprednja \u017eepa, dva zadnja \u017eepa z gumbi, en \u017eep z zadrgo na levi hla\u010dnici in en zadnji \u017eep z notranjim \u017eepom za mobilni telefon. Na voljo je tudi majhen \u017eep za ve\u010dnamensko orodje. Hla\u010de imajo klasi\u010den kroj in srednje visok pas. Konci hla\u010dnic so neobdelani, tako da jih lahko prilagodite svoji vi\u0161ini.<\/p>\n","protected":false},"excerpt":{"rendered":"<p>Hla\u010de za aktivnosti na prostem iz G-1000 Silent z odstranljivimi hla\u010dnicami in osem \u017eepov, vklju\u010dno z \u017eepom za ve\u010dnamensko orodje. Proizvodnja brez PFAS.<\/p>\n","protected":false},"featured_media":1032957,"template":"","meta":[],"product_brand":[],"product_cat":[69],"product_tag":[479,528,538,536,470,480],"class_list":{"0":"post-1030142","1":"product","2":"type-product","3":"status-publish","4":"has-post-thumbnail","6":"product_cat-hlace","7":"product_tag-everyday-outdoor","8":"product_tag-hlace-moski","9":"product_tag-hlace-moske-kratke","10":"product_tag-hlace-moske-outdoor","11":"product_tag-moski","12":"product_tag-ovik","14":"first","15":"instock","16":"shipping-taxable","17":"purchasable","18":"product-type-variable"},"yoast_head":"<!-- This site is optimized with the Yoast SEO plugin v27.0 - https:\/\/yoast.com\/product\/yoast-seo-wordpress\/ -->\n<title>Karl Pro Zip-off Trousers M - Fj\u00e4llr\u00e4ven<\/title>\n<meta name=\"robots\" content=\"index, follow, max-snippet:-1, max-image-preview:large, max-video-preview:-1\" \/>\n<link rel=\"canonical\" href=\"https:\/\/fjallshop.si\/izdelek\/karl-pro-zip-off-trousers-m\/\" \/>\n<meta property=\"og:locale\" content=\"en_US\" \/>\n<meta property=\"og:type\" content=\"article\" \/>\n<meta property=\"og:title\" content=\"Karl Pro Zip-off Trousers M - Fj\u00e4llr\u00e4ven\" \/>\n<meta property=\"og:description\" content=\"Hla\u010de za aktivnosti na prostem iz G-1000 Silent z odstranljivimi hla\u010dnicami in osem \u017eepov, vklju\u010dno z \u017eepom za ve\u010dnamensko orodje. Proizvodnja brez PFAS.\" \/>\n<meta property=\"og:url\" content=\"https:\/\/fjallshop.si\/izdelek\/karl-pro-zip-off-trousers-m\/\" \/>\n<meta property=\"og:site_name\" content=\"Fj\u00e4llr\u00e4ven\" \/>\n<meta property=\"article:publisher\" content=\"https:\/\/www.facebook.com\/FjallravenSlovenia\" \/>\n<meta property=\"article:modified_time\" content=\"2026-05-06T13:27:04+00:00\" \/>\n<meta name=\"twitter:card\" content=\"summary_large_image\" \/>\n<meta name=\"twitter:label1\" content=\"Est. reading time\" \/>\n\t<meta name=\"twitter:data1\" content=\"1 minute\" \/>\n<script type=\"application\/ld+json\" class=\"yoast-schema-graph\">{\"@context\":\"https:\/\/schema.org\",\"@graph\":[{\"@type\":\"WebPage\",\"@id\":\"https:\/\/fjallshop.si\/izdelek\/karl-pro-zip-off-trousers-m\/\",\"url\":\"https:\/\/fjallshop.si\/izdelek\/karl-pro-zip-off-trousers-m\/\",\"name\":\"Karl Pro Zip-off Trousers M - Fj\u00e4llr\u00e4ven\",\"isPartOf\":{\"@id\":\"https:\/\/fjallshop.si\/en\/#website\"},\"primaryImageOfPage\":{\"@id\":\"https:\/\/fjallshop.si\/izdelek\/karl-pro-zip-off-trousers-m\/#primaryimage\"},\"image\":{\"@id\":\"https:\/\/fjallshop.si\/izdelek\/karl-pro-zip-off-trousers-m\/#primaryimage\"},\"thumbnailUrl\":\"https:\/\/fjallshop.si\/wp-content\/uploads\/2026\/05\/Karl_Pro_Zip-off_Trousers_M_81463-030_A_MAIN_FJR.webp\",\"datePublished\":\"2026-05-03T21:15:35+00:00\",\"dateModified\":\"2026-05-06T13:27:04+00:00\",\"breadcrumb\":{\"@id\":\"https:\/\/fjallshop.si\/izdelek\/karl-pro-zip-off-trousers-m\/#breadcrumb\"},\"inLanguage\":\"en-US\",\"potentialAction\":[{\"@type\":\"ReadAction\",\"target\":[\"https:\/\/fjallshop.si\/izdelek\/karl-pro-zip-off-trousers-m\/\"]}]},{\"@type\":\"ImageObject\",\"inLanguage\":\"en-US\",\"@id\":\"https:\/\/fjallshop.si\/izdelek\/karl-pro-zip-off-trousers-m\/#primaryimage\",\"url\":\"https:\/\/fjallshop.si\/wp-content\/uploads\/2026\/05\/Karl_Pro_Zip-off_Trousers_M_81463-030_A_MAIN_FJR.webp\",\"contentUrl\":\"https:\/\/fjallshop.si\/wp-content\/uploads\/2026\/05\/Karl_Pro_Zip-off_Trousers_M_81463-030_A_MAIN_FJR.webp\",\"width\":1500,\"height\":1500},{\"@type\":\"BreadcrumbList\",\"@id\":\"https:\/\/fjallshop.si\/izdelek\/karl-pro-zip-off-trousers-m\/#breadcrumb\",\"itemListElement\":[{\"@type\":\"ListItem\",\"position\":1,\"name\":\"Home\",\"item\":\"https:\/\/fjallshop.si\/\"},{\"@type\":\"ListItem\",\"position\":2,\"name\":\"Shop\",\"item\":\"https:\/\/fjallshop.si\/en\/shop\/\"},{\"@type\":\"ListItem\",\"position\":3,\"name\":\"Karl Pro Zip-off Trousers M\"}]},{\"@type\":\"WebSite\",\"@id\":\"https:\/\/fjallshop.si\/en\/#website\",\"url\":\"https:\/\/fjallshop.si\/en\/\",\"name\":\"Fj\u00e4llr\u00e4ven\",\"description\":\"Spletna trgovina\",\"publisher\":{\"@id\":\"https:\/\/fjallshop.si\/en\/#organization\"},\"potentialAction\":[{\"@type\":\"SearchAction\",\"target\":{\"@type\":\"EntryPoint\",\"urlTemplate\":\"https:\/\/fjallshop.si\/en\/?s={search_term_string}\"},\"query-input\":{\"@type\":\"PropertyValueSpecification\",\"valueRequired\":true,\"valueName\":\"search_term_string\"}}],\"inLanguage\":\"en-US\"},{\"@type\":\"Organization\",\"@id\":\"https:\/\/fjallshop.si\/en\/#organization\",\"name\":\"Fj\u00e4llr\u00e4ven\",\"url\":\"https:\/\/fjallshop.si\/en\/\",\"logo\":{\"@type\":\"ImageObject\",\"inLanguage\":\"en-US\",\"@id\":\"https:\/\/fjallshop.si\/en\/#\/schema\/logo\/image\/\",\"url\":\"https:\/\/fjallshop.si\/wp-content\/uploads\/2026\/02\/fjallravenlogo.svg\",\"contentUrl\":\"https:\/\/fjallshop.si\/wp-content\/uploads\/2026\/02\/fjallravenlogo.svg\",\"width\":126,\"height\":46,\"caption\":\"Fj\u00e4llr\u00e4ven\"},\"image\":{\"@id\":\"https:\/\/fjallshop.si\/en\/#\/schema\/logo\/image\/\"},\"sameAs\":[\"https:\/\/www.facebook.com\/FjallravenSlovenia\"]}]}<\/script>\n<!-- \/ Yoast SEO plugin. -->","yoast_head_json":{"title":"Karl Pro Zip-off Trousers M - Fj\u00e4llr\u00e4ven","robots":{"index":"index","follow":"follow","max-snippet":"max-snippet:-1","max-image-preview":"max-image-preview:large","max-video-preview":"max-video-preview:-1"},"canonical":"https:\/\/fjallshop.si\/izdelek\/karl-pro-zip-off-trousers-m\/","og_locale":"en_US","og_type":"article","og_title":"Karl Pro Zip-off Trousers M - Fj\u00e4llr\u00e4ven","og_description":"Hla\u010de za aktivnosti na prostem iz G-1000 Silent z odstranljivimi hla\u010dnicami in osem \u017eepov, vklju\u010dno z \u017eepom za ve\u010dnamensko orodje. Proizvodnja brez PFAS.","og_url":"https:\/\/fjallshop.si\/izdelek\/karl-pro-zip-off-trousers-m\/","og_site_name":"Fj\u00e4llr\u00e4ven","article_publisher":"https:\/\/www.facebook.com\/FjallravenSlovenia","article_modified_time":"2026-05-06T13:27:04+00:00","twitter_card":"summary_large_image","twitter_misc":{"Est. reading time":"1 minute"},"schema":{"@context":"https:\/\/schema.org","@graph":[{"@type":"WebPage","@id":"https:\/\/fjallshop.si\/izdelek\/karl-pro-zip-off-trousers-m\/","url":"https:\/\/fjallshop.si\/izdelek\/karl-pro-zip-off-trousers-m\/","name":"Karl Pro Zip-off Trousers M - Fj\u00e4llr\u00e4ven","isPartOf":{"@id":"https:\/\/fjallshop.si\/en\/#website"},"primaryImageOfPage":{"@id":"https:\/\/fjallshop.si\/izdelek\/karl-pro-zip-off-trousers-m\/#primaryimage"},"image":{"@id":"https:\/\/fjallshop.si\/izdelek\/karl-pro-zip-off-trousers-m\/#primaryimage"},"thumbnailUrl":"https:\/\/fjallshop.si\/wp-content\/uploads\/2026\/05\/Karl_Pro_Zip-off_Trousers_M_81463-030_A_MAIN_FJR.webp","datePublished":"2026-05-03T21:15:35+00:00","dateModified":"2026-05-06T13:27:04+00:00","breadcrumb":{"@id":"https:\/\/fjallshop.si\/izdelek\/karl-pro-zip-off-trousers-m\/#breadcrumb"},"inLanguage":"en-US","potentialAction":[{"@type":"ReadAction","target":["https:\/\/fjallshop.si\/izdelek\/karl-pro-zip-off-trousers-m\/"]}]},{"@type":"ImageObject","inLanguage":"en-US","@id":"https:\/\/fjallshop.si\/izdelek\/karl-pro-zip-off-trousers-m\/#primaryimage","url":"https:\/\/fjallshop.si\/wp-content\/uploads\/2026\/05\/Karl_Pro_Zip-off_Trousers_M_81463-030_A_MAIN_FJR.webp","contentUrl":"https:\/\/fjallshop.si\/wp-content\/uploads\/2026\/05\/Karl_Pro_Zip-off_Trousers_M_81463-030_A_MAIN_FJR.webp","width":1500,"height":1500},{"@type":"BreadcrumbList","@id":"https:\/\/fjallshop.si\/izdelek\/karl-pro-zip-off-trousers-m\/#breadcrumb","itemListElement":[{"@type":"ListItem","position":1,"name":"Home","item":"https:\/\/fjallshop.si\/"},{"@type":"ListItem","position":2,"name":"Shop","item":"https:\/\/fjallshop.si\/en\/shop\/"},{"@type":"ListItem","position":3,"name":"Karl Pro Zip-off Trousers M"}]},{"@type":"WebSite","@id":"https:\/\/fjallshop.si\/en\/#website","url":"https:\/\/fjallshop.si\/en\/","name":"Fj\u00e4llr\u00e4ven","description":"Spletna trgovina","publisher":{"@id":"https:\/\/fjallshop.si\/en\/#organization"},"potentialAction":[{"@type":"SearchAction","target":{"@type":"EntryPoint","urlTemplate":"https:\/\/fjallshop.si\/en\/?s={search_term_string}"},"query-input":{"@type":"PropertyValueSpecification","valueRequired":true,"valueName":"search_term_string"}}],"inLanguage":"en-US"},{"@type":"Organization","@id":"https:\/\/fjallshop.si\/en\/#organization","name":"Fj\u00e4llr\u00e4ven","url":"https:\/\/fjallshop.si\/en\/","logo":{"@type":"ImageObject","inLanguage":"en-US","@id":"https:\/\/fjallshop.si\/en\/#\/schema\/logo\/image\/","url":"https:\/\/fjallshop.si\/wp-content\/uploads\/2026\/02\/fjallravenlogo.svg","contentUrl":"https:\/\/fjallshop.si\/wp-content\/uploads\/2026\/02\/fjallravenlogo.svg","width":126,"height":46,"caption":"Fj\u00e4llr\u00e4ven"},"image":{"@id":"https:\/\/fjallshop.si\/en\/#\/schema\/logo\/image\/"},"sameAs":["https:\/\/www.facebook.com\/FjallravenSlovenia"]}]}},"_links":{"self":[{"href":"https:\/\/fjallshop.si\/en\/wp-json\/wp\/v2\/product\/1030142","targetHints":{"allow":["GET"]}}],"collection":[{"href":"https:\/\/fjallshop.si\/en\/wp-json\/wp\/v2\/product"}],"about":[{"href":"https:\/\/fjallshop.si\/en\/wp-json\/wp\/v2\/types\/product"}],"version-history":[{"count":2,"href":"https:\/\/fjallshop.si\/en\/wp-json\/wp\/v2\/product\/1030142\/revisions"}],"predecessor-version":[{"id":1033123,"href":"https:\/\/fjallshop.si\/en\/wp-json\/wp\/v2\/product\/1030142\/revisions\/1033123"}],"wp:featuredmedia":[{"embeddable":true,"href":"https:\/\/fjallshop.si\/en\/wp-json\/wp\/v2\/media\/1032957"}],"wp:attachment":[{"href":"https:\/\/fjallshop.si\/en\/wp-json\/wp\/v2\/media?parent=1030142"}],"wp:term":[{"taxonomy":"product_brand","embeddable":true,"href":"https:\/\/fjallshop.si\/en\/wp-json\/wp\/v2\/product_brand?post=1030142"},{"taxonomy":"product_cat","embeddable":true,"href":"https:\/\/fjallshop.si\/en\/wp-json\/wp\/v2\/product_cat?post=1030142"},{"taxonomy":"product_tag","embeddable":true,"href":"https:\/\/fjallshop.si\/en\/wp-json\/wp\/v2\/product_tag?post=1030142"}],"curies":[{"name":"wp","href":"https:\/\/api.w.org\/{rel}","templated":true}]}}