{"id":1003673,"date":"2025-04-22T08:43:27","date_gmt":"2025-04-22T08:43:27","guid":{"rendered":"https:\/\/fjallshop.hr\/uvjeti-koristenja\/"},"modified":"2025-11-14T08:10:17","modified_gmt":"2025-11-14T08:10:17","slug":"uvjeti-koristenja","status":"publish","type":"page","link":"https:\/\/fjallshop.si\/hr\/uvjeti-koristenja\/","title":{"rendered":"Uvjeti kori\u0161tenja"},"content":{"rendered":"\t\t<div data-elementor-type=\"wp-page\" data-elementor-id=\"1003673\" class=\"elementor elementor-1003673 elementor-3124\" data-elementor-post-type=\"page\">\n\t\t\t\t<div class=\"elementor-element elementor-element-8483fa5 e-flex e-con-boxed glozin-responsive-column glozin-tablet-column--default glozin-responsive-column glozin-mobile-column--default e-con e-parent\" data-id=\"8483fa5\" data-element_type=\"container\" data-e-type=\"container\">\n\t\t\t\t\t<div class=\"e-con-inner\">\n\t\t<div class=\"elementor-element elementor-element-e86bde8 e-con-full e-flex glozin-responsive-column glozin-tablet-column--default glozin-responsive-column glozin-mobile-column--default e-con e-child\" data-id=\"e86bde8\" data-element_type=\"container\" data-e-type=\"container\">\n\t\t\t\t<\/div>\n\t\t<div class=\"elementor-element elementor-element-82b855d e-con-full e-flex glozin-responsive-column glozin-tablet-column--default glozin-responsive-column glozin-mobile-column--default e-con e-child\" data-id=\"82b855d\" data-element_type=\"container\" data-e-type=\"container\">\n\t\t\t\t<div class=\"elementor-element elementor-element-a7d6745 elementor-widget elementor-widget-glozin-heading\" data-id=\"a7d6745\" data-element_type=\"widget\" data-e-type=\"widget\" data-widget_type=\"glozin-heading.default\">\n\t\t\t\t<div class=\"elementor-widget-container\">\n\t\t\t\t\t\t\t<div class=\"glozin-heading-elementor\">\n\t\t\t\t<h6 class=\"glozin-heading d-flex align-items-center my-0 glozin-heading--default\">\n\t\t\t\t\t1. Acceptance of Terms\t\t\t\t<\/h6>\n\t\t\t<\/div>\n\t\t\t\t\t\t<\/div>\n\t\t\t\t<\/div>\n\t\t\t\t<div class=\"elementor-element elementor-element-15ef96f elementor-widget elementor-widget-text-editor\" data-id=\"15ef96f\" data-element_type=\"widget\" data-e-type=\"widget\" data-widget_type=\"text-editor.default\">\n\t\t\t\t\t\t\t\t\t<p>Pristupom ili kupnjom na na\u0161oj web stranici potvr\u0111uje\u0161 da si pro\u010ditao\/la, razumio\/la i da se sla\u017ee\u0161 s ovim Uvjetima kori\u0161tenja.<\/p>\t\t\t\t\t\t\t\t<\/div>\n\t\t\t\t<div class=\"elementor-element elementor-element-40d24e1 elementor-widget elementor-widget-glozin-heading\" data-id=\"40d24e1\" data-element_type=\"widget\" data-e-type=\"widget\" data-widget_type=\"glozin-heading.default\">\n\t\t\t\t<div class=\"elementor-widget-container\">\n\t\t\t\t\t\t\t<div class=\"glozin-heading-elementor\">\n\t\t\t\t<h6 class=\"glozin-heading d-flex align-items-center my-0 glozin-heading--default\">\n\t\t\t\t\t2. Products &amp; Availability\t\t\t\t<\/h6>\n\t\t\t<\/div>\n\t\t\t\t\t\t<\/div>\n\t\t\t\t<\/div>\n\t\t\t\t<div class=\"elementor-element elementor-element-243b7f2 elementor-widget elementor-widget-text-editor\" data-id=\"243b7f2\" data-element_type=\"widget\" data-e-type=\"widget\" data-widget_type=\"text-editor.default\">\n\t\t\t\t\t\t\t\t\t<p>Svi proizvodi prikazani na na\u0161oj web stranici ovise o raspolo\u017eivosti. Zadr\u017eavamo pravo izmjene ili ukidanja bilo kojeg proizvoda bez prethodne najave. <\/p>\t\t\t\t\t\t\t\t<\/div>\n\t\t\t\t<div class=\"elementor-element elementor-element-a1b707a elementor-widget elementor-widget-glozin-heading\" data-id=\"a1b707a\" data-element_type=\"widget\" data-e-type=\"widget\" data-widget_type=\"glozin-heading.default\">\n\t\t\t\t<div class=\"elementor-widget-container\">\n\t\t\t\t\t\t\t<div class=\"glozin-heading-elementor\">\n\t\t\t\t<h6 class=\"glozin-heading d-flex align-items-center my-0 glozin-heading--default\">\n\t\t\t\t\t3. Pricing &amp; Payments\t\t\t\t<\/h6>\n\t\t\t<\/div>\n\t\t\t\t\t\t<\/div>\n\t\t\t\t<\/div>\n\t\t\t\t<div class=\"elementor-element elementor-element-41cc1d7 elementor-widget elementor-widget-text-editor\" data-id=\"41cc1d7\" data-element_type=\"widget\" data-e-type=\"widget\" data-widget_type=\"text-editor.default\">\n\t\t\t\t\t\t\t\t\t<ul class=\"mb-0\">\n \t<li>Sve cijene su navedene u odabranoj valuti i uklju\u010duju primjenjive poreze, osim ako nije druga\u010dije navedeno.<\/li>\n \t<li>Prihva\u0107amo razli\u010dite na\u010dine pla\u0107anja, koji se sigurno obra\u0111uju putem pouzdanih pristupnika tre\u0107ih strana.<\/li>\n \t<li>Zadr\u017eavamo pravo promjene cijena u bilo kojem trenutku bez prethodne najave.<\/li>\n<\/ul>\t\t\t\t\t\t\t\t<\/div>\n\t\t\t\t<div class=\"elementor-element elementor-element-a705087 elementor-widget elementor-widget-glozin-heading\" data-id=\"a705087\" data-element_type=\"widget\" data-e-type=\"widget\" data-widget_type=\"glozin-heading.default\">\n\t\t\t\t<div class=\"elementor-widget-container\">\n\t\t\t\t\t\t\t<div class=\"glozin-heading-elementor\">\n\t\t\t\t<h6 class=\"glozin-heading d-flex align-items-center my-0 glozin-heading--default\">\n\t\t\t\t\t4. Orders &amp; Shipping\t\t\t\t<\/h6>\n\t\t\t<\/div>\n\t\t\t\t\t\t<\/div>\n\t\t\t\t<\/div>\n\t\t\t\t<div class=\"elementor-element elementor-element-87b3dea elementor-widget elementor-widget-text-editor\" data-id=\"87b3dea\" data-element_type=\"widget\" data-e-type=\"widget\" data-widget_type=\"text-editor.default\">\n\t\t\t\t\t\t\t\t\t<ul><li>Nakon \u0161to je narud\u017eba poslana, primit \u0107e\u0161 e-mail s potvrdom i detaljima narud\u017ebe.<\/li><li>Vrijeme i tro\u0161kovi dostave ovise o tvojoj lokaciji i odabranoj metodi dostave.<\/li><li>Nismo odgovorni za ka\u0161njenja uzrokovana uslugama dostave tre\u0107ih strana ili carinjenjem.<\/li><li>Informacije o pra\u0107enju bit \u0107e dostavljene kada budu dostupne.<\/li><\/ul>\t\t\t\t\t\t\t\t<\/div>\n\t\t\t\t<div class=\"elementor-element elementor-element-2ea2323 elementor-widget elementor-widget-glozin-heading\" data-id=\"2ea2323\" data-element_type=\"widget\" data-e-type=\"widget\" data-widget_type=\"glozin-heading.default\">\n\t\t\t\t<div class=\"elementor-widget-container\">\n\t\t\t\t\t\t\t<div class=\"glozin-heading-elementor\">\n\t\t\t\t<h6 class=\"glozin-heading d-flex align-items-center my-0 glozin-heading--default\">\n\t\t\t\t\t5. Returns &amp; Exchanges\t\t\t\t<\/h6>\n\t\t\t<\/div>\n\t\t\t\t\t\t<\/div>\n\t\t\t\t<\/div>\n\t\t\t\t<div class=\"elementor-element elementor-element-ebde9a7 elementor-widget elementor-widget-text-editor\" data-id=\"ebde9a7\" data-element_type=\"widget\" data-e-type=\"widget\" data-widget_type=\"text-editor.default\">\n\t\t\t\t\t\t\t\t\t<ul><li>Povrati i zamjene prihva\u0107aju se u roku od 14 dana od isporuke, pod uvjetom da je predmet nekori\u0161ten i u originalnom stanju.<\/li><li>Artikli na rasprodaji ili sni\u017eenju mo\u017eda ne\u0107e biti prihvatljivi za povrat, osim ako su neispravni.<\/li><li>Kupci su odgovorni za tro\u0161kove povrata, osim ako je predmet neispravan ili pogre\u0161an.<\/li><li>Molimo pogledaj na\u0161u <a style=\"text-decoration: underline;\" href=\"#\" target=\"_blank\" rel=\"noopener\">Politiku povrata<\/a> za detaljne upute.<\/li><\/ul>\t\t\t\t\t\t\t\t<\/div>\n\t\t\t\t<div class=\"elementor-element elementor-element-13e7869 elementor-widget elementor-widget-glozin-heading\" data-id=\"13e7869\" data-element_type=\"widget\" data-e-type=\"widget\" data-widget_type=\"glozin-heading.default\">\n\t\t\t\t<div class=\"elementor-widget-container\">\n\t\t\t\t\t\t\t<div class=\"glozin-heading-elementor\">\n\t\t\t\t<h6 class=\"glozin-heading d-flex align-items-center my-0 glozin-heading--default\">\n\t\t\t\t\t6. Promotions &amp; Discounts\t\t\t\t<\/h6>\n\t\t\t<\/div>\n\t\t\t\t\t\t<\/div>\n\t\t\t\t<\/div>\n\t\t\t\t<div class=\"elementor-element elementor-element-b784d4c elementor-widget elementor-widget-text-editor\" data-id=\"b784d4c\" data-element_type=\"widget\" data-e-type=\"widget\" data-widget_type=\"text-editor.default\">\n\t\t\t\t\t\t\t\t\t<ul><li>Promotivni kodovi moraju se primijeniti na naplati i ne mogu se dodati nakon \u0161to je narud\u017eba poslana.<\/li><li>Svaki promotivni kod vrijedi ograni\u010deno vrijeme i mo\u017ee se koristiti samo jednom, osim ako nije druga\u010dije navedeno.<\/li><li>Popusti se ne mogu kombinirati s drugim ponudama, osim ako nije izri\u010dito navedeno.<\/li><li>Zadr\u017eavamo pravo otkazati bilo koju promotivnu kampanju ili odbiti zlouporabu koda za popust prema vlastitom naho\u0111enju.<\/li><\/ul>\t\t\t\t\t\t\t\t<\/div>\n\t\t\t\t<div class=\"elementor-element elementor-element-cb4134e elementor-widget elementor-widget-glozin-heading\" data-id=\"cb4134e\" data-element_type=\"widget\" data-e-type=\"widget\" data-widget_type=\"glozin-heading.default\">\n\t\t\t\t<div class=\"elementor-widget-container\">\n\t\t\t\t\t\t\t<div class=\"glozin-heading-elementor\">\n\t\t\t\t<h6 class=\"glozin-heading d-flex align-items-center my-0 glozin-heading--default\">\n\t\t\t\t\t7. Privacy Policy\t\t\t\t<\/h6>\n\t\t\t<\/div>\n\t\t\t\t\t\t<\/div>\n\t\t\t\t<\/div>\n\t\t\t\t<div class=\"elementor-element elementor-element-bb70675 elementor-widget elementor-widget-text-editor\" data-id=\"bb70675\" data-element_type=\"widget\" data-e-type=\"widget\" data-widget_type=\"text-editor.default\">\n\t\t\t\t\t\t\t\t\t<p>Predani smo za\u0161titi tvoje privatnosti. Osobni podaci prikupljeni putem na\u0161e web stranice bit \u0107e obra\u0111eni u skladu s na\u0161om Politikom privatnosti. <\/p><ul><li>Prikupljamo samo osobne podatke potrebne za obradu tvojih narud\u017ebi i pobolj\u0161anje tvog iskustva.<\/li><li>Tvoji podaci nikada ne\u0107e biti prodani ili podijeljeni s tre\u0107im stranama bez tvoje privole, osim za ispunjenje narud\u017ebe.<\/li><li>Koristimo kola\u010di\u0107e za personalizaciju sadr\u017eaja i analizu prometa. Mo\u017ee\u0161 upravljati svojim postavkama kola\u010di\u0107a u postavkama preglednika. <\/li><\/ul>\t\t\t\t\t\t\t\t<\/div>\n\t\t\t\t<div class=\"elementor-element elementor-element-37b1f04 elementor-widget elementor-widget-glozin-heading\" data-id=\"37b1f04\" data-element_type=\"widget\" data-e-type=\"widget\" data-widget_type=\"glozin-heading.default\">\n\t\t\t\t<div class=\"elementor-widget-container\">\n\t\t\t\t\t\t\t<div class=\"glozin-heading-elementor\">\n\t\t\t\t<h6 class=\"glozin-heading d-flex align-items-center my-0 glozin-heading--default\">\n\t\t\t\t\t8. Account &amp; Security\t\t\t\t<\/h6>\n\t\t\t<\/div>\n\t\t\t\t\t\t<\/div>\n\t\t\t\t<\/div>\n\t\t\t\t<div class=\"elementor-element elementor-element-8f1a776 elementor-widget elementor-widget-text-editor\" data-id=\"8f1a776\" data-element_type=\"widget\" data-e-type=\"widget\" data-widget_type=\"text-editor.default\">\n\t\t\t\t\t\t\t\t\t<ul><li>Ti si odgovoran\/na za odr\u017eavanje povjerljivosti svog ra\u010duna i lozinke.<\/li><li>Zadr\u017eavamo pravo suspendirati ra\u010dune za bilo kakvu sumnjivu ili la\u017enu aktivnost.<\/li><\/ul>\t\t\t\t\t\t\t\t<\/div>\n\t\t\t\t<div class=\"elementor-element elementor-element-0d83726 elementor-widget elementor-widget-glozin-heading\" data-id=\"0d83726\" data-element_type=\"widget\" data-e-type=\"widget\" data-widget_type=\"glozin-heading.default\">\n\t\t\t\t<div class=\"elementor-widget-container\">\n\t\t\t\t\t\t\t<div class=\"glozin-heading-elementor\">\n\t\t\t\t<h6 class=\"glozin-heading d-flex align-items-center my-0 glozin-heading--default\">\n\t\t\t\t\t9. Contact Information\t\t\t\t<\/h6>\n\t\t\t<\/div>\n\t\t\t\t\t\t<\/div>\n\t\t\t\t<\/div>\n\t\t\t\t<div class=\"elementor-element elementor-element-4d8015d elementor-widget elementor-widget-text-editor\" data-id=\"4d8015d\" data-element_type=\"widget\" data-e-type=\"widget\" data-widget_type=\"text-editor.default\">\n\t\t\t\t\t\t\t\t\tAko ima\u0161 pitanja u vezi s ovim Uvjetima kori\u0161tenja, kontaktiraj nas na <a style=\"text-decoration: underline;\" href=\"mailto:support@fashionstore.com\">support@fashionstore.com<\/a>.\t\t\t\t\t\t\t\t<\/div>\n\t\t\t\t<\/div>\n\t\t<div class=\"elementor-element elementor-element-2961ce8 e-con-full e-flex glozin-responsive-column glozin-tablet-column--default glozin-responsive-column glozin-mobile-column--default e-con e-child\" data-id=\"2961ce8\" data-element_type=\"container\" data-e-type=\"container\">\n\t\t\t\t<\/div>\n\t\t\t\t\t<\/div>\n\t\t\t\t<\/div>\n\t\t\t\t<\/div>\n\t\t","protected":false},"excerpt":{"rendered":"<p>1. Acceptance of Terms Pristupom ili kupnjom na na\u0161oj web stranici potvr\u0111uje\u0161 da si pro\u010ditao\/la, razumio\/la i da se sla\u017ee\u0161 s ovim Uvjetima kori\u0161tenja. 2. Products &amp; Availability Svi proizvodi prikazani na na\u0161oj web stranici ovise o raspolo\u017eivosti. Zadr\u017eavamo pravo izmjene ili ukidanja bilo kojeg proizvoda bez prethodne najave. 3. Pricing &amp; Payments Sve cijene [&hellip;]<\/p>\n","protected":false},"author":1,"featured_media":0,"parent":0,"menu_order":0,"comment_status":"closed","ping_status":"closed","template":"","meta":{"footnotes":""},"class_list":["post-1003673","page","type-page","status-publish","hentry"],"yoast_head":"<!-- This site is optimized with the Yoast SEO plugin v27.0 - https:\/\/yoast.com\/product\/yoast-seo-wordpress\/ -->\n<title>Uvjeti kori\u0161tenja - Fj\u00e4llr\u00e4ven<\/title>\n<meta name=\"robots\" content=\"index, follow, max-snippet:-1, max-image-preview:large, max-video-preview:-1\" \/>\n<link rel=\"canonical\" href=\"https:\/\/fjallshop.si\/terms-of-use\/\" \/>\n<meta property=\"og:locale\" content=\"hr_HR\" \/>\n<meta property=\"og:type\" content=\"article\" \/>\n<meta property=\"og:title\" content=\"Uvjeti kori\u0161tenja - Fj\u00e4llr\u00e4ven\" \/>\n<meta property=\"og:description\" content=\"1. Acceptance of Terms Pristupom ili kupnjom na na\u0161oj web stranici potvr\u0111uje\u0161 da si pro\u010ditao\/la, razumio\/la i da se sla\u017ee\u0161 s ovim Uvjetima kori\u0161tenja. 2. Products &amp; Availability Svi proizvodi prikazani na na\u0161oj web stranici ovise o raspolo\u017eivosti. Zadr\u017eavamo pravo izmjene ili ukidanja bilo kojeg proizvoda bez prethodne najave. 3. Pricing &amp; Payments Sve cijene [&hellip;]\" \/>\n<meta property=\"og:url\" content=\"https:\/\/fjallshop.si\/terms-of-use\/\" \/>\n<meta property=\"og:site_name\" content=\"Fj\u00e4llr\u00e4ven\" \/>\n<meta property=\"article:publisher\" content=\"https:\/\/www.facebook.com\/FjallravenSlovenia\" \/>\n<meta property=\"article:modified_time\" content=\"2025-11-14T08:10:17+00:00\" \/>\n<meta name=\"twitter:card\" content=\"summary_large_image\" \/>\n<meta name=\"twitter:label1\" content=\"Procijenjeno vrijeme \u010ditanja\" \/>\n\t<meta name=\"twitter:data1\" content=\"2 minute\" \/>\n<script type=\"application\/ld+json\" class=\"yoast-schema-graph\">{\"@context\":\"https:\/\/schema.org\",\"@graph\":[{\"@type\":\"WebPage\",\"@id\":\"https:\/\/fjallshop.si\/terms-of-use\/\",\"url\":\"https:\/\/fjallshop.si\/terms-of-use\/\",\"name\":\"Uvjeti kori\u0161tenja - Fj\u00e4llr\u00e4ven\",\"isPartOf\":{\"@id\":\"https:\/\/fjallshop.si\/en\/#website\"},\"datePublished\":\"2025-04-22T08:43:27+00:00\",\"dateModified\":\"2025-11-14T08:10:17+00:00\",\"breadcrumb\":{\"@id\":\"https:\/\/fjallshop.si\/terms-of-use\/#breadcrumb\"},\"inLanguage\":\"hr\",\"potentialAction\":[{\"@type\":\"ReadAction\",\"target\":[\"https:\/\/fjallshop.si\/terms-of-use\/\"]}]},{\"@type\":\"BreadcrumbList\",\"@id\":\"https:\/\/fjallshop.si\/terms-of-use\/#breadcrumb\",\"itemListElement\":[{\"@type\":\"ListItem\",\"position\":1,\"name\":\"Home\",\"item\":\"https:\/\/fjallshop.si\/hr\/\"},{\"@type\":\"ListItem\",\"position\":2,\"name\":\"Uvjeti kori\u0161tenja\"}]},{\"@type\":\"WebSite\",\"@id\":\"https:\/\/fjallshop.si\/en\/#website\",\"url\":\"https:\/\/fjallshop.si\/en\/\",\"name\":\"Fj\u00e4llr\u00e4ven\",\"description\":\"Spletna trgovina\",\"publisher\":{\"@id\":\"https:\/\/fjallshop.si\/en\/#organization\"},\"potentialAction\":[{\"@type\":\"SearchAction\",\"target\":{\"@type\":\"EntryPoint\",\"urlTemplate\":\"https:\/\/fjallshop.si\/en\/?s={search_term_string}\"},\"query-input\":{\"@type\":\"PropertyValueSpecification\",\"valueRequired\":true,\"valueName\":\"search_term_string\"}}],\"inLanguage\":\"hr\"},{\"@type\":\"Organization\",\"@id\":\"https:\/\/fjallshop.si\/en\/#organization\",\"name\":\"Fj\u00e4llr\u00e4ven\",\"url\":\"https:\/\/fjallshop.si\/en\/\",\"logo\":{\"@type\":\"ImageObject\",\"inLanguage\":\"hr\",\"@id\":\"https:\/\/fjallshop.si\/en\/#\/schema\/logo\/image\/\",\"url\":\"https:\/\/fjallshop.si\/wp-content\/uploads\/2026\/02\/fjallravenlogo.svg\",\"contentUrl\":\"https:\/\/fjallshop.si\/wp-content\/uploads\/2026\/02\/fjallravenlogo.svg\",\"width\":126,\"height\":46,\"caption\":\"Fj\u00e4llr\u00e4ven\"},\"image\":{\"@id\":\"https:\/\/fjallshop.si\/en\/#\/schema\/logo\/image\/\"},\"sameAs\":[\"https:\/\/www.facebook.com\/FjallravenSlovenia\"]}]}<\/script>\n<!-- \/ Yoast SEO plugin. -->","yoast_head_json":{"title":"Uvjeti kori\u0161tenja - Fj\u00e4llr\u00e4ven","robots":{"index":"index","follow":"follow","max-snippet":"max-snippet:-1","max-image-preview":"max-image-preview:large","max-video-preview":"max-video-preview:-1"},"canonical":"https:\/\/fjallshop.si\/terms-of-use\/","og_locale":"hr_HR","og_type":"article","og_title":"Uvjeti kori\u0161tenja - Fj\u00e4llr\u00e4ven","og_description":"1. Acceptance of Terms Pristupom ili kupnjom na na\u0161oj web stranici potvr\u0111uje\u0161 da si pro\u010ditao\/la, razumio\/la i da se sla\u017ee\u0161 s ovim Uvjetima kori\u0161tenja. 2. Products &amp; Availability Svi proizvodi prikazani na na\u0161oj web stranici ovise o raspolo\u017eivosti. Zadr\u017eavamo pravo izmjene ili ukidanja bilo kojeg proizvoda bez prethodne najave. 3. Pricing &amp; Payments Sve cijene [&hellip;]","og_url":"https:\/\/fjallshop.si\/terms-of-use\/","og_site_name":"Fj\u00e4llr\u00e4ven","article_publisher":"https:\/\/www.facebook.com\/FjallravenSlovenia","article_modified_time":"2025-11-14T08:10:17+00:00","twitter_card":"summary_large_image","twitter_misc":{"Procijenjeno vrijeme \u010ditanja":"2 minute"},"schema":{"@context":"https:\/\/schema.org","@graph":[{"@type":"WebPage","@id":"https:\/\/fjallshop.si\/terms-of-use\/","url":"https:\/\/fjallshop.si\/terms-of-use\/","name":"Uvjeti kori\u0161tenja - Fj\u00e4llr\u00e4ven","isPartOf":{"@id":"https:\/\/fjallshop.si\/en\/#website"},"datePublished":"2025-04-22T08:43:27+00:00","dateModified":"2025-11-14T08:10:17+00:00","breadcrumb":{"@id":"https:\/\/fjallshop.si\/terms-of-use\/#breadcrumb"},"inLanguage":"hr","potentialAction":[{"@type":"ReadAction","target":["https:\/\/fjallshop.si\/terms-of-use\/"]}]},{"@type":"BreadcrumbList","@id":"https:\/\/fjallshop.si\/terms-of-use\/#breadcrumb","itemListElement":[{"@type":"ListItem","position":1,"name":"Home","item":"https:\/\/fjallshop.si\/hr\/"},{"@type":"ListItem","position":2,"name":"Uvjeti kori\u0161tenja"}]},{"@type":"WebSite","@id":"https:\/\/fjallshop.si\/en\/#website","url":"https:\/\/fjallshop.si\/en\/","name":"Fj\u00e4llr\u00e4ven","description":"Spletna trgovina","publisher":{"@id":"https:\/\/fjallshop.si\/en\/#organization"},"potentialAction":[{"@type":"SearchAction","target":{"@type":"EntryPoint","urlTemplate":"https:\/\/fjallshop.si\/en\/?s={search_term_string}"},"query-input":{"@type":"PropertyValueSpecification","valueRequired":true,"valueName":"search_term_string"}}],"inLanguage":"hr"},{"@type":"Organization","@id":"https:\/\/fjallshop.si\/en\/#organization","name":"Fj\u00e4llr\u00e4ven","url":"https:\/\/fjallshop.si\/en\/","logo":{"@type":"ImageObject","inLanguage":"hr","@id":"https:\/\/fjallshop.si\/en\/#\/schema\/logo\/image\/","url":"https:\/\/fjallshop.si\/wp-content\/uploads\/2026\/02\/fjallravenlogo.svg","contentUrl":"https:\/\/fjallshop.si\/wp-content\/uploads\/2026\/02\/fjallravenlogo.svg","width":126,"height":46,"caption":"Fj\u00e4llr\u00e4ven"},"image":{"@id":"https:\/\/fjallshop.si\/en\/#\/schema\/logo\/image\/"},"sameAs":["https:\/\/www.facebook.com\/FjallravenSlovenia"]}]}},"_links":{"self":[{"href":"https:\/\/fjallshop.si\/hr\/wp-json\/wp\/v2\/pages\/1003673","targetHints":{"allow":["GET"]}}],"collection":[{"href":"https:\/\/fjallshop.si\/hr\/wp-json\/wp\/v2\/pages"}],"about":[{"href":"https:\/\/fjallshop.si\/hr\/wp-json\/wp\/v2\/types\/page"}],"author":[{"embeddable":true,"href":"https:\/\/fjallshop.si\/hr\/wp-json\/wp\/v2\/users\/1"}],"replies":[{"embeddable":true,"href":"https:\/\/fjallshop.si\/hr\/wp-json\/wp\/v2\/comments?post=1003673"}],"version-history":[{"count":3,"href":"https:\/\/fjallshop.si\/hr\/wp-json\/wp\/v2\/pages\/1003673\/revisions"}],"predecessor-version":[{"id":1003683,"href":"https:\/\/fjallshop.si\/hr\/wp-json\/wp\/v2\/pages\/1003673\/revisions\/1003683"}],"wp:attachment":[{"href":"https:\/\/fjallshop.si\/hr\/wp-json\/wp\/v2\/media?parent=1003673"}],"curies":[{"name":"wp","href":"https:\/\/api.w.org\/{rel}","templated":true}]}}