{"id":1003687,"date":"2025-04-17T11:06:36","date_gmt":"2025-04-17T11:06:36","guid":{"rendered":"https:\/\/fjallshop.hr\/pravila-o-privatnosti\/"},"modified":"2025-11-14T08:10:44","modified_gmt":"2025-11-14T08:10:44","slug":"pravila-o-privatnosti","status":"publish","type":"page","link":"https:\/\/fjallshop.si\/hr\/pravila-o-privatnosti\/","title":{"rendered":"Pravila o privatnosti"},"content":{"rendered":"\t\t<div data-elementor-type=\"wp-page\" data-elementor-id=\"1003687\" class=\"elementor elementor-1003687 elementor-3122\" data-elementor-post-type=\"page\">\n\t\t\t\t<div class=\"elementor-element elementor-element-5c5912b3 e-flex e-con-boxed glozin-responsive-column glozin-tablet-column--default glozin-responsive-column glozin-mobile-column--default e-con e-parent\" data-id=\"5c5912b3\" data-element_type=\"container\" data-e-type=\"container\">\n\t\t\t\t\t<div class=\"e-con-inner\">\n\t\t<div class=\"elementor-element elementor-element-5b1d7080 e-con-full e-flex glozin-responsive-column glozin-tablet-column--default glozin-responsive-column glozin-mobile-column--default e-con e-child\" data-id=\"5b1d7080\" data-element_type=\"container\" data-e-type=\"container\">\n\t\t\t\t<\/div>\n\t\t<div class=\"elementor-element elementor-element-18d0e7e7 e-con-full e-flex glozin-responsive-column glozin-tablet-column--default glozin-responsive-column glozin-mobile-column--default e-con e-child\" data-id=\"18d0e7e7\" data-element_type=\"container\" data-e-type=\"container\">\n\t\t\t\t<div class=\"elementor-element elementor-element-3b9fd5f6 elementor-widget elementor-widget-glozin-heading\" data-id=\"3b9fd5f6\" data-element_type=\"widget\" data-e-type=\"widget\" data-widget_type=\"glozin-heading.default\">\n\t\t\t\t<div class=\"elementor-widget-container\">\n\t\t\t\t\t\t\t<div class=\"glozin-heading-elementor\">\n\t\t\t\t<h6 class=\"glozin-heading d-flex align-items-center my-0 glozin-heading--default\">\n\t\t\t\t\t1. Introduction\t\t\t\t<\/h6>\n\t\t\t<\/div>\n\t\t\t\t\t\t<\/div>\n\t\t\t\t<\/div>\n\t\t\t\t<div class=\"elementor-element elementor-element-3ee8fb38 elementor-widget elementor-widget-text-editor\" data-id=\"3ee8fb38\" data-element_type=\"widget\" data-e-type=\"widget\" data-widget_type=\"text-editor.default\">\n\t\t\t\t\t\t\t\t\tDobrodo\u0161li na https:\/\/wpglozin.com\/ (\u201cmi\u201d, \u201cna\u0161e\u201d ili \u201ctrgovina\u201d). Ova Pravila o privatnosti obja\u0161njavaju kako prikupljamo, koristimo i \u0161titimo tvoje osobne podatke kada kupuje\u0161 modne proizvode online kod nas.\t\t\t\t\t\t\t\t<\/div>\n\t\t\t\t<div class=\"elementor-element elementor-element-63275b84 elementor-widget elementor-widget-glozin-heading\" data-id=\"63275b84\" data-element_type=\"widget\" data-e-type=\"widget\" data-widget_type=\"glozin-heading.default\">\n\t\t\t\t<div class=\"elementor-widget-container\">\n\t\t\t\t\t\t\t<div class=\"glozin-heading-elementor\">\n\t\t\t\t<h6 class=\"glozin-heading d-flex align-items-center my-0 glozin-heading--default\">\n\t\t\t\t\t2. Information We Collect\t\t\t\t<\/h6>\n\t\t\t<\/div>\n\t\t\t\t\t\t<\/div>\n\t\t\t\t<\/div>\n\t\t\t\t<div class=\"elementor-element elementor-element-2d57b92b elementor-widget elementor-widget-text-editor\" data-id=\"2d57b92b\" data-element_type=\"widget\" data-e-type=\"widget\" data-widget_type=\"text-editor.default\">\n\t\t\t\t\t\t\t\t\t<ul><li><strong>Osobni podaci:<\/strong> Tvoje ime, e-po\u0161ta, telefonski broj, adresa za dostavu i naplatu.<\/li><li><strong>Detalji narud\u017ebe:<\/strong> Proizvodi koje kupuje\u0161, povijest kupovine i zahtjevi za povrat\/zamjenu.<\/li><li><strong>Informacije o pla\u0107anju:<\/strong> Ne pohranjujemo podatke o kartici. Sva pla\u0107anja se obra\u0111uju sigurno putem pristupnika tre\u0107ih strana.<\/li><li><strong>Tehni\u010dki podaci:<\/strong> IP adresa, vrsta preglednika, detalji ure\u0111aja i pona\u0161anje pregledavanja prikupljeni putem kola\u010di\u0107a i alata za analizu.<\/li><\/ul>\t\t\t\t\t\t\t\t<\/div>\n\t\t\t\t<div class=\"elementor-element elementor-element-5a17749a elementor-widget elementor-widget-glozin-heading\" data-id=\"5a17749a\" data-element_type=\"widget\" data-e-type=\"widget\" data-widget_type=\"glozin-heading.default\">\n\t\t\t\t<div class=\"elementor-widget-container\">\n\t\t\t\t\t\t\t<div class=\"glozin-heading-elementor\">\n\t\t\t\t<h6 class=\"glozin-heading d-flex align-items-center my-0 glozin-heading--default\">\n\t\t\t\t\t3. How We Use Your Information\t\t\t\t<\/h6>\n\t\t\t<\/div>\n\t\t\t\t\t\t<\/div>\n\t\t\t\t<\/div>\n\t\t\t\t<div class=\"elementor-element elementor-element-518c114 elementor-widget elementor-widget-text-editor\" data-id=\"518c114\" data-element_type=\"widget\" data-e-type=\"widget\" data-widget_type=\"text-editor.default\">\n\t\t\t\t\t\t\t\t\t<ul>\n      <li>Za obradu i isporuku tvojih narud\u017ebi brzo i to\u010dno.<\/li>\n      <li>Za slanje obavijesti o narud\u017ebama, promocijama i poruka korisni\u010dke slu\u017ebe.<\/li>\n      <li>Za analizu pona\u0161anja korisnika i pobolj\u0161anje tvog iskustva kupovine.<\/li>\n      <li>Za personalizaciju sadr\u017eaja i preporuka proizvoda.<\/li>\n    <\/ul>\t\t\t\t\t\t\t\t<\/div>\n\t\t\t\t<div class=\"elementor-element elementor-element-78e97c96 elementor-widget elementor-widget-glozin-heading\" data-id=\"78e97c96\" data-element_type=\"widget\" data-e-type=\"widget\" data-widget_type=\"glozin-heading.default\">\n\t\t\t\t<div class=\"elementor-widget-container\">\n\t\t\t\t\t\t\t<div class=\"glozin-heading-elementor\">\n\t\t\t\t<h6 class=\"glozin-heading d-flex align-items-center my-0 glozin-heading--default\">\n\t\t\t\t\t4. Sharing Your Information\t\t\t\t<\/h6>\n\t\t\t<\/div>\n\t\t\t\t\t\t<\/div>\n\t\t\t\t<\/div>\n\t\t\t\t<div class=\"elementor-element elementor-element-2d0d9969 elementor-widget elementor-widget-text-editor\" data-id=\"2d0d9969\" data-element_type=\"widget\" data-e-type=\"widget\" data-widget_type=\"text-editor.default\">\n\t\t\t\t\t\t\t\t\t<p>Ne prodajemo niti iznajmljujemo tvoje osobne podatke. Tvoje podatke mo\u017eemo podijeliti samo s:<\/p><ul><li>Partnerima za dostavu za slanje tvojih narud\u017ebi.<\/li><li>Pru\u017eateljima usluga pla\u0107anja za sigurnu obradu transakcija.<\/li><li>Pravnim tijelima kada to zahtijeva zakon.<\/li><\/ul>\t\t\t\t\t\t\t\t<\/div>\n\t\t\t\t<div class=\"elementor-element elementor-element-5b8fd142 elementor-widget elementor-widget-glozin-heading\" data-id=\"5b8fd142\" data-element_type=\"widget\" data-e-type=\"widget\" data-widget_type=\"glozin-heading.default\">\n\t\t\t\t<div class=\"elementor-widget-container\">\n\t\t\t\t\t\t\t<div class=\"glozin-heading-elementor\">\n\t\t\t\t<h6 class=\"glozin-heading d-flex align-items-center my-0 glozin-heading--default\">\n\t\t\t\t\t5. Cookies and Tracking Technologies\t\t\t\t<\/h6>\n\t\t\t<\/div>\n\t\t\t\t\t\t<\/div>\n\t\t\t\t<\/div>\n\t\t\t\t<div class=\"elementor-element elementor-element-1f06f570 elementor-widget elementor-widget-text-editor\" data-id=\"1f06f570\" data-element_type=\"widget\" data-e-type=\"widget\" data-widget_type=\"text-editor.default\">\n\t\t\t\t\t\t\t\t\tKoristimo kola\u010di\u0107e za pam\u0107enje tvoje ko\u0161arice, preporu\u010divanje proizvoda i analizu performansi web stranice. Mo\u017ee\u0161 upravljati postavkama kola\u010di\u0107a u svom pregledniku.\t\t\t\t\t\t\t\t<\/div>\n\t\t\t\t<div class=\"elementor-element elementor-element-6e0e9afe elementor-widget elementor-widget-glozin-heading\" data-id=\"6e0e9afe\" data-element_type=\"widget\" data-e-type=\"widget\" data-widget_type=\"glozin-heading.default\">\n\t\t\t\t<div class=\"elementor-widget-container\">\n\t\t\t\t\t\t\t<div class=\"glozin-heading-elementor\">\n\t\t\t\t<h6 class=\"glozin-heading d-flex align-items-center my-0 glozin-heading--default\">\n\t\t\t\t\t6. Data Security\t\t\t\t<\/h6>\n\t\t\t<\/div>\n\t\t\t\t\t\t<\/div>\n\t\t\t\t<\/div>\n\t\t\t\t<div class=\"elementor-element elementor-element-142e6494 elementor-widget elementor-widget-text-editor\" data-id=\"142e6494\" data-element_type=\"widget\" data-e-type=\"widget\" data-widget_type=\"text-editor.default\">\n\t\t\t\t\t\t\t\t\t<ul><li>Promotivni kodovi moraju se primijeniti na naplati i ne mogu se dodati nakon \u0161to je narud\u017eba poslana.<\/li><li>Svaki promotivni kod vrijedi ograni\u010deno vrijeme i mo\u017ee se upotrijebiti samo jednom, osim ako nije druga\u010dije navedeno.<\/li><li>Popusti se ne mogu kombinirati s drugim ponudama, osim ako nije izri\u010dito navedeno.<\/li><li>Zadr\u017eavamo pravo otkazati bilo koju promotivnu kampanju ili odbiti zlouporabu koda za popust prema vlastitom naho\u0111enju.<\/li><\/ul>\t\t\t\t\t\t\t\t<\/div>\n\t\t\t\t<div class=\"elementor-element elementor-element-64eb6ae2 elementor-widget elementor-widget-glozin-heading\" data-id=\"64eb6ae2\" data-element_type=\"widget\" data-e-type=\"widget\" data-widget_type=\"glozin-heading.default\">\n\t\t\t\t<div class=\"elementor-widget-container\">\n\t\t\t\t\t\t\t<div class=\"glozin-heading-elementor\">\n\t\t\t\t<h6 class=\"glozin-heading d-flex align-items-center my-0 glozin-heading--default\">\n\t\t\t\t\t7. Privacy Policy\t\t\t\t<\/h6>\n\t\t\t<\/div>\n\t\t\t\t\t\t<\/div>\n\t\t\t\t<\/div>\n\t\t\t\t<div class=\"elementor-element elementor-element-1e192143 elementor-widget elementor-widget-text-editor\" data-id=\"1e192143\" data-element_type=\"widget\" data-e-type=\"widget\" data-widget_type=\"text-editor.default\">\n\t\t\t\t\t\t\t\t\tProvodimo sigurnosne mjere standardne u industriji, kao \u0161to su SSL enkripcija, vatrozidi i ograni\u010den pristup za za\u0161titu tvojih podataka.\t\t\t\t\t\t\t\t<\/div>\n\t\t\t\t<div class=\"elementor-element elementor-element-70d77215 elementor-widget elementor-widget-glozin-heading\" data-id=\"70d77215\" data-element_type=\"widget\" data-e-type=\"widget\" data-widget_type=\"glozin-heading.default\">\n\t\t\t\t<div class=\"elementor-widget-container\">\n\t\t\t\t\t\t\t<div class=\"glozin-heading-elementor\">\n\t\t\t\t<h6 class=\"glozin-heading d-flex align-items-center my-0 glozin-heading--default\">\n\t\t\t\t\t8. Third-Party Links\t\t\t\t<\/h6>\n\t\t\t<\/div>\n\t\t\t\t\t\t<\/div>\n\t\t\t\t<\/div>\n\t\t\t\t<div class=\"elementor-element elementor-element-56b848d8 elementor-widget elementor-widget-text-editor\" data-id=\"56b848d8\" data-element_type=\"widget\" data-e-type=\"widget\" data-widget_type=\"text-editor.default\">\n\t\t\t\t\t\t\t\t\tNa\u0161a web stranica mo\u017ee sadr\u017eavati poveznice na web stranice tre\u0107ih strana (npr. dru\u0161tvene mre\u017ee, usluge dostave). Nismo odgovorni za njihove prakse privatnosti ili sadr\u017eaj.\t\t\t\t\t\t\t\t<\/div>\n\t\t\t\t<div class=\"elementor-element elementor-element-3f2c4a42 elementor-widget elementor-widget-glozin-heading\" data-id=\"3f2c4a42\" data-element_type=\"widget\" data-e-type=\"widget\" data-widget_type=\"glozin-heading.default\">\n\t\t\t\t<div class=\"elementor-widget-container\">\n\t\t\t\t\t\t\t<div class=\"glozin-heading-elementor\">\n\t\t\t\t<h6 class=\"glozin-heading d-flex align-items-center my-0 glozin-heading--default\">\n\t\t\t\t\t9. Contact Information\t\t\t\t<\/h6>\n\t\t\t<\/div>\n\t\t\t\t\t\t<\/div>\n\t\t\t\t<\/div>\n\t\t\t\t<div class=\"elementor-element elementor-element-9ee7414 elementor-widget elementor-widget-text-editor\" data-id=\"9ee7414\" data-element_type=\"widget\" data-e-type=\"widget\" data-widget_type=\"text-editor.default\">\n\t\t\t\t\t\t\t\t\t<p>Ako ima\u0161 pitanja u vezi s ovim Pravilima o privatnosti, kontaktiraj nas na <a style=\"text-decoration: underline;\" href=\"mailto:support@fashionstore.com\">support@fashionstore.com<\/a>.<\/p>\t\t\t\t\t\t\t\t<\/div>\n\t\t\t\t<\/div>\n\t\t<div class=\"elementor-element elementor-element-7f1f66a2 e-con-full e-flex glozin-responsive-column glozin-tablet-column--default glozin-responsive-column glozin-mobile-column--default e-con e-child\" data-id=\"7f1f66a2\" data-element_type=\"container\" data-e-type=\"container\">\n\t\t\t\t<\/div>\n\t\t\t\t\t<\/div>\n\t\t\t\t<\/div>\n\t\t\t\t<\/div>\n\t\t","protected":false},"excerpt":{"rendered":"<p>1. Introduction Dobrodo\u0161li na https:\/\/wpglozin.com\/ (\u201cmi\u201d, \u201cna\u0161e\u201d ili \u201ctrgovina\u201d). Ova Pravila o privatnosti obja\u0161njavaju kako prikupljamo, koristimo i \u0161titimo tvoje osobne podatke kada kupuje\u0161 modne proizvode online kod nas. 2. Information We Collect Osobni podaci: Tvoje ime, e-po\u0161ta, telefonski broj, adresa za dostavu i naplatu. Detalji narud\u017ebe: Proizvodi koje kupuje\u0161, povijest kupovine i zahtjevi za [&hellip;]<\/p>\n","protected":false},"author":1,"featured_media":0,"parent":0,"menu_order":0,"comment_status":"closed","ping_status":"open","template":"","meta":{"footnotes":""},"class_list":["post-1003687","page","type-page","status-publish","hentry"],"yoast_head":"<!-- This site is optimized with the Yoast SEO plugin v27.0 - https:\/\/yoast.com\/product\/yoast-seo-wordpress\/ -->\n<title>Pravila o privatnosti - Fj\u00e4llr\u00e4ven<\/title>\n<meta name=\"robots\" content=\"index, follow, max-snippet:-1, max-image-preview:large, max-video-preview:-1\" \/>\n<link rel=\"canonical\" href=\"https:\/\/fjallshop.si\/privacy-policy-2\/\" \/>\n<meta property=\"og:locale\" content=\"hr_HR\" \/>\n<meta property=\"og:type\" content=\"article\" \/>\n<meta property=\"og:title\" content=\"Pravila o privatnosti - Fj\u00e4llr\u00e4ven\" \/>\n<meta property=\"og:description\" content=\"1. Introduction Dobrodo\u0161li na https:\/\/wpglozin.com\/ (\u201cmi\u201d, \u201cna\u0161e\u201d ili \u201ctrgovina\u201d). Ova Pravila o privatnosti obja\u0161njavaju kako prikupljamo, koristimo i \u0161titimo tvoje osobne podatke kada kupuje\u0161 modne proizvode online kod nas. 2. Information We Collect Osobni podaci: Tvoje ime, e-po\u0161ta, telefonski broj, adresa za dostavu i naplatu. Detalji narud\u017ebe: Proizvodi koje kupuje\u0161, povijest kupovine i zahtjevi za [&hellip;]\" \/>\n<meta property=\"og:url\" content=\"https:\/\/fjallshop.si\/privacy-policy-2\/\" \/>\n<meta property=\"og:site_name\" content=\"Fj\u00e4llr\u00e4ven\" \/>\n<meta property=\"article:publisher\" content=\"https:\/\/www.facebook.com\/FjallravenSlovenia\" \/>\n<meta property=\"article:modified_time\" content=\"2025-11-14T08:10:44+00:00\" \/>\n<meta name=\"twitter:card\" content=\"summary_large_image\" \/>\n<meta name=\"twitter:label1\" content=\"Procijenjeno vrijeme \u010ditanja\" \/>\n\t<meta name=\"twitter:data1\" content=\"2 minute\" \/>\n<script type=\"application\/ld+json\" class=\"yoast-schema-graph\">{\"@context\":\"https:\/\/schema.org\",\"@graph\":[{\"@type\":\"WebPage\",\"@id\":\"https:\/\/fjallshop.si\/privacy-policy-2\/\",\"url\":\"https:\/\/fjallshop.si\/privacy-policy-2\/\",\"name\":\"Pravila o privatnosti - Fj\u00e4llr\u00e4ven\",\"isPartOf\":{\"@id\":\"https:\/\/fjallshop.si\/en\/#website\"},\"datePublished\":\"2025-04-17T11:06:36+00:00\",\"dateModified\":\"2025-11-14T08:10:44+00:00\",\"breadcrumb\":{\"@id\":\"https:\/\/fjallshop.si\/privacy-policy-2\/#breadcrumb\"},\"inLanguage\":\"hr\",\"potentialAction\":[{\"@type\":\"ReadAction\",\"target\":[\"https:\/\/fjallshop.si\/privacy-policy-2\/\"]}]},{\"@type\":\"BreadcrumbList\",\"@id\":\"https:\/\/fjallshop.si\/privacy-policy-2\/#breadcrumb\",\"itemListElement\":[{\"@type\":\"ListItem\",\"position\":1,\"name\":\"Home\",\"item\":\"https:\/\/fjallshop.si\/hr\/\"},{\"@type\":\"ListItem\",\"position\":2,\"name\":\"Pravila o privatnosti\"}]},{\"@type\":\"WebSite\",\"@id\":\"https:\/\/fjallshop.si\/en\/#website\",\"url\":\"https:\/\/fjallshop.si\/en\/\",\"name\":\"Fj\u00e4llr\u00e4ven\",\"description\":\"Spletna trgovina\",\"publisher\":{\"@id\":\"https:\/\/fjallshop.si\/en\/#organization\"},\"potentialAction\":[{\"@type\":\"SearchAction\",\"target\":{\"@type\":\"EntryPoint\",\"urlTemplate\":\"https:\/\/fjallshop.si\/en\/?s={search_term_string}\"},\"query-input\":{\"@type\":\"PropertyValueSpecification\",\"valueRequired\":true,\"valueName\":\"search_term_string\"}}],\"inLanguage\":\"hr\"},{\"@type\":\"Organization\",\"@id\":\"https:\/\/fjallshop.si\/en\/#organization\",\"name\":\"Fj\u00e4llr\u00e4ven\",\"url\":\"https:\/\/fjallshop.si\/en\/\",\"logo\":{\"@type\":\"ImageObject\",\"inLanguage\":\"hr\",\"@id\":\"https:\/\/fjallshop.si\/en\/#\/schema\/logo\/image\/\",\"url\":\"https:\/\/fjallshop.si\/wp-content\/uploads\/2026\/02\/fjallravenlogo.svg\",\"contentUrl\":\"https:\/\/fjallshop.si\/wp-content\/uploads\/2026\/02\/fjallravenlogo.svg\",\"width\":126,\"height\":46,\"caption\":\"Fj\u00e4llr\u00e4ven\"},\"image\":{\"@id\":\"https:\/\/fjallshop.si\/en\/#\/schema\/logo\/image\/\"},\"sameAs\":[\"https:\/\/www.facebook.com\/FjallravenSlovenia\"]}]}<\/script>\n<!-- \/ Yoast SEO plugin. -->","yoast_head_json":{"title":"Pravila o privatnosti - Fj\u00e4llr\u00e4ven","robots":{"index":"index","follow":"follow","max-snippet":"max-snippet:-1","max-image-preview":"max-image-preview:large","max-video-preview":"max-video-preview:-1"},"canonical":"https:\/\/fjallshop.si\/privacy-policy-2\/","og_locale":"hr_HR","og_type":"article","og_title":"Pravila o privatnosti - Fj\u00e4llr\u00e4ven","og_description":"1. Introduction Dobrodo\u0161li na https:\/\/wpglozin.com\/ (\u201cmi\u201d, \u201cna\u0161e\u201d ili \u201ctrgovina\u201d). Ova Pravila o privatnosti obja\u0161njavaju kako prikupljamo, koristimo i \u0161titimo tvoje osobne podatke kada kupuje\u0161 modne proizvode online kod nas. 2. Information We Collect Osobni podaci: Tvoje ime, e-po\u0161ta, telefonski broj, adresa za dostavu i naplatu. Detalji narud\u017ebe: Proizvodi koje kupuje\u0161, povijest kupovine i zahtjevi za [&hellip;]","og_url":"https:\/\/fjallshop.si\/privacy-policy-2\/","og_site_name":"Fj\u00e4llr\u00e4ven","article_publisher":"https:\/\/www.facebook.com\/FjallravenSlovenia","article_modified_time":"2025-11-14T08:10:44+00:00","twitter_card":"summary_large_image","twitter_misc":{"Procijenjeno vrijeme \u010ditanja":"2 minute"},"schema":{"@context":"https:\/\/schema.org","@graph":[{"@type":"WebPage","@id":"https:\/\/fjallshop.si\/privacy-policy-2\/","url":"https:\/\/fjallshop.si\/privacy-policy-2\/","name":"Pravila o privatnosti - Fj\u00e4llr\u00e4ven","isPartOf":{"@id":"https:\/\/fjallshop.si\/en\/#website"},"datePublished":"2025-04-17T11:06:36+00:00","dateModified":"2025-11-14T08:10:44+00:00","breadcrumb":{"@id":"https:\/\/fjallshop.si\/privacy-policy-2\/#breadcrumb"},"inLanguage":"hr","potentialAction":[{"@type":"ReadAction","target":["https:\/\/fjallshop.si\/privacy-policy-2\/"]}]},{"@type":"BreadcrumbList","@id":"https:\/\/fjallshop.si\/privacy-policy-2\/#breadcrumb","itemListElement":[{"@type":"ListItem","position":1,"name":"Home","item":"https:\/\/fjallshop.si\/hr\/"},{"@type":"ListItem","position":2,"name":"Pravila o privatnosti"}]},{"@type":"WebSite","@id":"https:\/\/fjallshop.si\/en\/#website","url":"https:\/\/fjallshop.si\/en\/","name":"Fj\u00e4llr\u00e4ven","description":"Spletna trgovina","publisher":{"@id":"https:\/\/fjallshop.si\/en\/#organization"},"potentialAction":[{"@type":"SearchAction","target":{"@type":"EntryPoint","urlTemplate":"https:\/\/fjallshop.si\/en\/?s={search_term_string}"},"query-input":{"@type":"PropertyValueSpecification","valueRequired":true,"valueName":"search_term_string"}}],"inLanguage":"hr"},{"@type":"Organization","@id":"https:\/\/fjallshop.si\/en\/#organization","name":"Fj\u00e4llr\u00e4ven","url":"https:\/\/fjallshop.si\/en\/","logo":{"@type":"ImageObject","inLanguage":"hr","@id":"https:\/\/fjallshop.si\/en\/#\/schema\/logo\/image\/","url":"https:\/\/fjallshop.si\/wp-content\/uploads\/2026\/02\/fjallravenlogo.svg","contentUrl":"https:\/\/fjallshop.si\/wp-content\/uploads\/2026\/02\/fjallravenlogo.svg","width":126,"height":46,"caption":"Fj\u00e4llr\u00e4ven"},"image":{"@id":"https:\/\/fjallshop.si\/en\/#\/schema\/logo\/image\/"},"sameAs":["https:\/\/www.facebook.com\/FjallravenSlovenia"]}]}},"_links":{"self":[{"href":"https:\/\/fjallshop.si\/hr\/wp-json\/wp\/v2\/pages\/1003687","targetHints":{"allow":["GET"]}}],"collection":[{"href":"https:\/\/fjallshop.si\/hr\/wp-json\/wp\/v2\/pages"}],"about":[{"href":"https:\/\/fjallshop.si\/hr\/wp-json\/wp\/v2\/types\/page"}],"author":[{"embeddable":true,"href":"https:\/\/fjallshop.si\/hr\/wp-json\/wp\/v2\/users\/1"}],"replies":[{"embeddable":true,"href":"https:\/\/fjallshop.si\/hr\/wp-json\/wp\/v2\/comments?post=1003687"}],"version-history":[{"count":3,"href":"https:\/\/fjallshop.si\/hr\/wp-json\/wp\/v2\/pages\/1003687\/revisions"}],"predecessor-version":[{"id":1003707,"href":"https:\/\/fjallshop.si\/hr\/wp-json\/wp\/v2\/pages\/1003687\/revisions\/1003707"}],"wp:attachment":[{"href":"https:\/\/fjallshop.si\/hr\/wp-json\/wp\/v2\/media?parent=1003687"}],"curies":[{"name":"wp","href":"https:\/\/api.w.org\/{rel}","templated":true}]}}