{"id":1025047,"date":"2025-12-21T23:28:33","date_gmt":"2025-12-21T23:28:33","guid":{"rendered":"https:\/\/fjallravensi.dev.mortar.tovarnaidej.com\/?post_type=product&#038;p=1025047"},"modified":"2026-05-07T11:14:44","modified_gmt":"2026-05-07T11:14:44","slug":"raven-jacket-m","status":"publish","type":"product","link":"https:\/\/fjallshop.si\/hr\/proizvod\/raven-jacket-m\/","title":{"rendered":"R\u00e4ven Jacket M"},"content":{"rendered":"<p>Trpe\u017ena jakna za aktivnosti na prostem, izdelana iz materiala G-1000 z recikliranim poliestrom in organskim bomba\u017eem \u2013 jakna R\u00e4ven je bila prvi\u010d predstavljena v sedemdesetih letih prej\u0161njega stoletja \u2013 in je od takrat priljubljena klasika. Je vsestranska jakna, ki je primerna tako za vsakodnevno uporabo kot za splo\u0161no \u017eivljenje na prostem, z nastavljivo kapuco iz materiala HC Lite, ki jo je mogo\u010de zviti in zlo\u017eiti v ovratnik za priro\u010dno shranjevanje. Ima dvosmerno zadrgo z gumbom na zavihku, en notranji \u017eep z zadrgo in dva velika \u017eepa z gumbi, z mehom in dodatnimi odprtinami ob straneh. Nastavljiva vrvica v pasu in na robu. Jakna R\u00e4ven bo \u0161e vrsto let zelo funkcionalna ikona.<\/p>\n","protected":false},"excerpt":{"rendered":"<p>Trpe\u017ena jakna za aktivnosti na prostem iz materiala G-1000 z recikliranim poliestrom in organskim bomba\u017eem.<\/p>\n","protected":false},"featured_media":1025058,"template":"","meta":[],"product_brand":[465],"product_cat":[71],"product_tag":[498,512,514,745,470,746],"class_list":{"0":"post-1025047","1":"product","2":"type-product","3":"status-publish","4":"has-post-thumbnail","6":"product_brand-greenland","7":"product_cat-jakne","8":"product_tag-greenland","9":"product_tag-moske-jakne","10":"product_tag-moske-jakne-outdoor","11":"product_tag-moske-shell-jakne","12":"product_tag-moski","13":"product_tag-shell-jakne","15":"first","16":"instock","17":"shipping-taxable","18":"purchasable","19":"product-type-variable"},"yoast_head":"<!-- This site is optimized with the Yoast SEO plugin v27.0 - https:\/\/yoast.com\/product\/yoast-seo-wordpress\/ -->\n<title>R\u00e4ven Jacket M - Fj\u00e4llr\u00e4ven<\/title>\n<meta name=\"robots\" content=\"index, follow, max-snippet:-1, max-image-preview:large, max-video-preview:-1\" \/>\n<link rel=\"canonical\" href=\"https:\/\/fjallshop.si\/izdelek\/raven-jacket-m\/\" \/>\n<meta property=\"og:locale\" content=\"hr_HR\" \/>\n<meta property=\"og:type\" content=\"article\" \/>\n<meta property=\"og:title\" content=\"R\u00e4ven Jacket M - Fj\u00e4llr\u00e4ven\" \/>\n<meta property=\"og:description\" content=\"Trpe\u017ena jakna za aktivnosti na prostem iz materiala G-1000 z recikliranim poliestrom in organskim bomba\u017eem.\" \/>\n<meta property=\"og:url\" content=\"https:\/\/fjallshop.si\/izdelek\/raven-jacket-m\/\" \/>\n<meta property=\"og:site_name\" content=\"Fj\u00e4llr\u00e4ven\" \/>\n<meta property=\"article:publisher\" content=\"https:\/\/www.facebook.com\/FjallravenSlovenia\" \/>\n<meta property=\"article:modified_time\" content=\"2026-05-07T11:14:44+00:00\" \/>\n<meta property=\"og:image\" content=\"https:\/\/fjallshop.si\/wp-content\/uploads\/2025\/12\/raven_jacket_m_86980-550_a_main_fjr.webp\" \/>\n\t<meta property=\"og:image:width\" content=\"1248\" \/>\n\t<meta property=\"og:image:height\" content=\"1248\" \/>\n\t<meta property=\"og:image:type\" content=\"image\/webp\" \/>\n<meta name=\"twitter:card\" content=\"summary_large_image\" \/>\n<meta name=\"twitter:label1\" content=\"Procijenjeno vrijeme \u010ditanja\" \/>\n\t<meta name=\"twitter:data1\" content=\"1 minuta\" \/>\n<script type=\"application\/ld+json\" class=\"yoast-schema-graph\">{\"@context\":\"https:\/\/schema.org\",\"@graph\":[{\"@type\":\"WebPage\",\"@id\":\"https:\/\/fjallshop.si\/izdelek\/raven-jacket-m\/\",\"url\":\"https:\/\/fjallshop.si\/izdelek\/raven-jacket-m\/\",\"name\":\"R\u00e4ven Jacket M - Fj\u00e4llr\u00e4ven\",\"isPartOf\":{\"@id\":\"https:\/\/fjallshop.si\/en\/#website\"},\"primaryImageOfPage\":{\"@id\":\"https:\/\/fjallshop.si\/izdelek\/raven-jacket-m\/#primaryimage\"},\"image\":{\"@id\":\"https:\/\/fjallshop.si\/izdelek\/raven-jacket-m\/#primaryimage\"},\"thumbnailUrl\":\"https:\/\/fjallshop.si\/wp-content\/uploads\/2025\/12\/raven_jacket_m_86980-550_a_main_fjr.webp\",\"datePublished\":\"2025-12-21T23:28:33+00:00\",\"dateModified\":\"2026-05-07T11:14:44+00:00\",\"breadcrumb\":{\"@id\":\"https:\/\/fjallshop.si\/izdelek\/raven-jacket-m\/#breadcrumb\"},\"inLanguage\":\"hr\",\"potentialAction\":[{\"@type\":\"ReadAction\",\"target\":[\"https:\/\/fjallshop.si\/izdelek\/raven-jacket-m\/\"]}]},{\"@type\":\"ImageObject\",\"inLanguage\":\"hr\",\"@id\":\"https:\/\/fjallshop.si\/izdelek\/raven-jacket-m\/#primaryimage\",\"url\":\"https:\/\/fjallshop.si\/wp-content\/uploads\/2025\/12\/raven_jacket_m_86980-550_a_main_fjr.webp\",\"contentUrl\":\"https:\/\/fjallshop.si\/wp-content\/uploads\/2025\/12\/raven_jacket_m_86980-550_a_main_fjr.webp\",\"width\":1248,\"height\":1248},{\"@type\":\"BreadcrumbList\",\"@id\":\"https:\/\/fjallshop.si\/izdelek\/raven-jacket-m\/#breadcrumb\",\"itemListElement\":[{\"@type\":\"ListItem\",\"position\":1,\"name\":\"Home\",\"item\":\"https:\/\/fjallshop.si\/hr\/\"},{\"@type\":\"ListItem\",\"position\":2,\"name\":\"Trgovina\",\"item\":\"https:\/\/fjallshop.si\/hr\/trgovina\/\"},{\"@type\":\"ListItem\",\"position\":3,\"name\":\"R\u00e4ven Jacket M\"}]},{\"@type\":\"WebSite\",\"@id\":\"https:\/\/fjallshop.si\/en\/#website\",\"url\":\"https:\/\/fjallshop.si\/en\/\",\"name\":\"Fj\u00e4llr\u00e4ven\",\"description\":\"Spletna trgovina\",\"publisher\":{\"@id\":\"https:\/\/fjallshop.si\/en\/#organization\"},\"potentialAction\":[{\"@type\":\"SearchAction\",\"target\":{\"@type\":\"EntryPoint\",\"urlTemplate\":\"https:\/\/fjallshop.si\/en\/?s={search_term_string}\"},\"query-input\":{\"@type\":\"PropertyValueSpecification\",\"valueRequired\":true,\"valueName\":\"search_term_string\"}}],\"inLanguage\":\"hr\"},{\"@type\":\"Organization\",\"@id\":\"https:\/\/fjallshop.si\/en\/#organization\",\"name\":\"Fj\u00e4llr\u00e4ven\",\"url\":\"https:\/\/fjallshop.si\/en\/\",\"logo\":{\"@type\":\"ImageObject\",\"inLanguage\":\"hr\",\"@id\":\"https:\/\/fjallshop.si\/en\/#\/schema\/logo\/image\/\",\"url\":\"https:\/\/fjallshop.si\/wp-content\/uploads\/2026\/02\/fjallravenlogo.svg\",\"contentUrl\":\"https:\/\/fjallshop.si\/wp-content\/uploads\/2026\/02\/fjallravenlogo.svg\",\"width\":126,\"height\":46,\"caption\":\"Fj\u00e4llr\u00e4ven\"},\"image\":{\"@id\":\"https:\/\/fjallshop.si\/en\/#\/schema\/logo\/image\/\"},\"sameAs\":[\"https:\/\/www.facebook.com\/FjallravenSlovenia\"]}]}<\/script>\n<!-- \/ Yoast SEO plugin. -->","yoast_head_json":{"title":"R\u00e4ven Jacket M - Fj\u00e4llr\u00e4ven","robots":{"index":"index","follow":"follow","max-snippet":"max-snippet:-1","max-image-preview":"max-image-preview:large","max-video-preview":"max-video-preview:-1"},"canonical":"https:\/\/fjallshop.si\/izdelek\/raven-jacket-m\/","og_locale":"hr_HR","og_type":"article","og_title":"R\u00e4ven Jacket M - Fj\u00e4llr\u00e4ven","og_description":"Trpe\u017ena jakna za aktivnosti na prostem iz materiala G-1000 z recikliranim poliestrom in organskim bomba\u017eem.","og_url":"https:\/\/fjallshop.si\/izdelek\/raven-jacket-m\/","og_site_name":"Fj\u00e4llr\u00e4ven","article_publisher":"https:\/\/www.facebook.com\/FjallravenSlovenia","article_modified_time":"2026-05-07T11:14:44+00:00","og_image":[{"width":1248,"height":1248,"url":"https:\/\/fjallshop.si\/wp-content\/uploads\/2025\/12\/raven_jacket_m_86980-550_a_main_fjr.webp","type":"image\/webp"}],"twitter_card":"summary_large_image","twitter_misc":{"Procijenjeno vrijeme \u010ditanja":"1 minuta"},"schema":{"@context":"https:\/\/schema.org","@graph":[{"@type":"WebPage","@id":"https:\/\/fjallshop.si\/izdelek\/raven-jacket-m\/","url":"https:\/\/fjallshop.si\/izdelek\/raven-jacket-m\/","name":"R\u00e4ven Jacket M - Fj\u00e4llr\u00e4ven","isPartOf":{"@id":"https:\/\/fjallshop.si\/en\/#website"},"primaryImageOfPage":{"@id":"https:\/\/fjallshop.si\/izdelek\/raven-jacket-m\/#primaryimage"},"image":{"@id":"https:\/\/fjallshop.si\/izdelek\/raven-jacket-m\/#primaryimage"},"thumbnailUrl":"https:\/\/fjallshop.si\/wp-content\/uploads\/2025\/12\/raven_jacket_m_86980-550_a_main_fjr.webp","datePublished":"2025-12-21T23:28:33+00:00","dateModified":"2026-05-07T11:14:44+00:00","breadcrumb":{"@id":"https:\/\/fjallshop.si\/izdelek\/raven-jacket-m\/#breadcrumb"},"inLanguage":"hr","potentialAction":[{"@type":"ReadAction","target":["https:\/\/fjallshop.si\/izdelek\/raven-jacket-m\/"]}]},{"@type":"ImageObject","inLanguage":"hr","@id":"https:\/\/fjallshop.si\/izdelek\/raven-jacket-m\/#primaryimage","url":"https:\/\/fjallshop.si\/wp-content\/uploads\/2025\/12\/raven_jacket_m_86980-550_a_main_fjr.webp","contentUrl":"https:\/\/fjallshop.si\/wp-content\/uploads\/2025\/12\/raven_jacket_m_86980-550_a_main_fjr.webp","width":1248,"height":1248},{"@type":"BreadcrumbList","@id":"https:\/\/fjallshop.si\/izdelek\/raven-jacket-m\/#breadcrumb","itemListElement":[{"@type":"ListItem","position":1,"name":"Home","item":"https:\/\/fjallshop.si\/hr\/"},{"@type":"ListItem","position":2,"name":"Trgovina","item":"https:\/\/fjallshop.si\/hr\/trgovina\/"},{"@type":"ListItem","position":3,"name":"R\u00e4ven Jacket M"}]},{"@type":"WebSite","@id":"https:\/\/fjallshop.si\/en\/#website","url":"https:\/\/fjallshop.si\/en\/","name":"Fj\u00e4llr\u00e4ven","description":"Spletna trgovina","publisher":{"@id":"https:\/\/fjallshop.si\/en\/#organization"},"potentialAction":[{"@type":"SearchAction","target":{"@type":"EntryPoint","urlTemplate":"https:\/\/fjallshop.si\/en\/?s={search_term_string}"},"query-input":{"@type":"PropertyValueSpecification","valueRequired":true,"valueName":"search_term_string"}}],"inLanguage":"hr"},{"@type":"Organization","@id":"https:\/\/fjallshop.si\/en\/#organization","name":"Fj\u00e4llr\u00e4ven","url":"https:\/\/fjallshop.si\/en\/","logo":{"@type":"ImageObject","inLanguage":"hr","@id":"https:\/\/fjallshop.si\/en\/#\/schema\/logo\/image\/","url":"https:\/\/fjallshop.si\/wp-content\/uploads\/2026\/02\/fjallravenlogo.svg","contentUrl":"https:\/\/fjallshop.si\/wp-content\/uploads\/2026\/02\/fjallravenlogo.svg","width":126,"height":46,"caption":"Fj\u00e4llr\u00e4ven"},"image":{"@id":"https:\/\/fjallshop.si\/en\/#\/schema\/logo\/image\/"},"sameAs":["https:\/\/www.facebook.com\/FjallravenSlovenia"]}]}},"_links":{"self":[{"href":"https:\/\/fjallshop.si\/hr\/wp-json\/wp\/v2\/product\/1025047","targetHints":{"allow":["GET"]}}],"collection":[{"href":"https:\/\/fjallshop.si\/hr\/wp-json\/wp\/v2\/product"}],"about":[{"href":"https:\/\/fjallshop.si\/hr\/wp-json\/wp\/v2\/types\/product"}],"version-history":[{"count":1,"href":"https:\/\/fjallshop.si\/hr\/wp-json\/wp\/v2\/product\/1025047\/revisions"}],"predecessor-version":[{"id":1025057,"href":"https:\/\/fjallshop.si\/hr\/wp-json\/wp\/v2\/product\/1025047\/revisions\/1025057"}],"wp:featuredmedia":[{"embeddable":true,"href":"https:\/\/fjallshop.si\/hr\/wp-json\/wp\/v2\/media\/1025058"}],"wp:attachment":[{"href":"https:\/\/fjallshop.si\/hr\/wp-json\/wp\/v2\/media?parent=1025047"}],"wp:term":[{"taxonomy":"product_brand","embeddable":true,"href":"https:\/\/fjallshop.si\/hr\/wp-json\/wp\/v2\/product_brand?post=1025047"},{"taxonomy":"product_cat","embeddable":true,"href":"https:\/\/fjallshop.si\/hr\/wp-json\/wp\/v2\/product_cat?post=1025047"},{"taxonomy":"product_tag","embeddable":true,"href":"https:\/\/fjallshop.si\/hr\/wp-json\/wp\/v2\/product_tag?post=1025047"}],"curies":[{"name":"wp","href":"https:\/\/api.w.org\/{rel}","templated":true}]}}