{"id":1025092,"date":"2025-12-21T23:28:42","date_gmt":"2025-12-21T23:28:42","guid":{"rendered":"https:\/\/fjallravensi.dev.mortar.tovarnaidej.com\/?post_type=product&#038;p=1025092"},"modified":"2026-05-07T11:14:30","modified_gmt":"2026-05-07T11:14:30","slug":"bergtagen-merino-190-ls-m","status":"publish","type":"product","link":"https:\/\/fjallshop.si\/hr\/proizvod\/bergtagen-merino-190-ls-m\/","title":{"rendered":"Bergtagen Merino 190 LS M"},"content":{"rendered":"<p>Ostanite v sozvo\u010dju z naravo v tem osnovnem topu z dolgimi rokavi iz mehke in udobne 100 % merino volne. Volna uravnava telesno temperaturo, ohranja toploto tudi, ko je vla\u017ena, ter je naravno antibakterijska in odporna na vonjave, tako da boste ostali sve\u017ei tudi med napornim delom. Lahek in minimalisti\u010den, Bergtagen Merino 190 z dolgimi rokavi za mo\u0161ke je popoln za pohodni\u0161tvo, plezanje, turno smu\u010danje ali splitboarding ter bo zagotavljal toploto brez pregrevanja med razli\u010dnimi stopnjami aktivnosti.<\/p>\n","protected":false},"excerpt":{"rendered":"<p>Lahka, mehka in topla majica s kratkimi rokavi, izdelana iz 100 % sledljive merino volne.<\/p>\n","protected":false},"featured_media":1025122,"template":"","meta":[],"product_brand":[462],"product_cat":[189],"product_tag":[491,531,529,540,470],"class_list":{"0":"post-1025092","1":"product","2":"type-product","3":"status-publish","4":"has-post-thumbnail","6":"product_brand-bergtagen","7":"product_cat-majice-in-srajce","8":"product_tag-bergtagen","9":"product_tag-merino-moski","10":"product_tag-majice-moski","11":"product_tag-majice-moski-dolge","12":"product_tag-moski","14":"first","15":"instock","16":"shipping-taxable","17":"purchasable","18":"product-type-variable"},"yoast_head":"<!-- This site is optimized with the Yoast SEO plugin v27.0 - https:\/\/yoast.com\/product\/yoast-seo-wordpress\/ -->\n<title>Bergtagen Merino 190 LS M - Fj\u00e4llr\u00e4ven<\/title>\n<meta name=\"robots\" content=\"index, follow, max-snippet:-1, max-image-preview:large, max-video-preview:-1\" \/>\n<link rel=\"canonical\" href=\"https:\/\/fjallshop.si\/izdelek\/bergtagen-merino-190-ls-m\/\" \/>\n<meta property=\"og:locale\" content=\"hr_HR\" \/>\n<meta property=\"og:type\" content=\"article\" \/>\n<meta property=\"og:title\" content=\"Bergtagen Merino 190 LS M - Fj\u00e4llr\u00e4ven\" \/>\n<meta property=\"og:description\" content=\"Lahka, mehka in topla majica s kratkimi rokavi, izdelana iz 100 % sledljive merino volne.\" \/>\n<meta property=\"og:url\" content=\"https:\/\/fjallshop.si\/izdelek\/bergtagen-merino-190-ls-m\/\" \/>\n<meta property=\"og:site_name\" content=\"Fj\u00e4llr\u00e4ven\" \/>\n<meta property=\"article:publisher\" content=\"https:\/\/www.facebook.com\/FjallravenSlovenia\" \/>\n<meta property=\"article:modified_time\" content=\"2026-05-07T11:14:30+00:00\" \/>\n<meta property=\"og:image\" content=\"https:\/\/fjallshop.si\/wp-content\/uploads\/2025\/12\/bergtagen_merino_190_ls_m_12600299-550_a_main.webp\" \/>\n\t<meta property=\"og:image:width\" content=\"1248\" \/>\n\t<meta property=\"og:image:height\" content=\"1248\" \/>\n\t<meta property=\"og:image:type\" content=\"image\/webp\" \/>\n<meta name=\"twitter:card\" content=\"summary_large_image\" \/>\n<script type=\"application\/ld+json\" class=\"yoast-schema-graph\">{\"@context\":\"https:\/\/schema.org\",\"@graph\":[{\"@type\":\"WebPage\",\"@id\":\"https:\/\/fjallshop.si\/izdelek\/bergtagen-merino-190-ls-m\/\",\"url\":\"https:\/\/fjallshop.si\/izdelek\/bergtagen-merino-190-ls-m\/\",\"name\":\"Bergtagen Merino 190 LS M - Fj\u00e4llr\u00e4ven\",\"isPartOf\":{\"@id\":\"https:\/\/fjallshop.si\/en\/#website\"},\"primaryImageOfPage\":{\"@id\":\"https:\/\/fjallshop.si\/izdelek\/bergtagen-merino-190-ls-m\/#primaryimage\"},\"image\":{\"@id\":\"https:\/\/fjallshop.si\/izdelek\/bergtagen-merino-190-ls-m\/#primaryimage\"},\"thumbnailUrl\":\"https:\/\/fjallshop.si\/wp-content\/uploads\/2025\/12\/bergtagen_merino_190_ls_m_12600299-550_a_main.webp\",\"datePublished\":\"2025-12-21T23:28:42+00:00\",\"dateModified\":\"2026-05-07T11:14:30+00:00\",\"breadcrumb\":{\"@id\":\"https:\/\/fjallshop.si\/izdelek\/bergtagen-merino-190-ls-m\/#breadcrumb\"},\"inLanguage\":\"hr\",\"potentialAction\":[{\"@type\":\"ReadAction\",\"target\":[\"https:\/\/fjallshop.si\/izdelek\/bergtagen-merino-190-ls-m\/\"]}]},{\"@type\":\"ImageObject\",\"inLanguage\":\"hr\",\"@id\":\"https:\/\/fjallshop.si\/izdelek\/bergtagen-merino-190-ls-m\/#primaryimage\",\"url\":\"https:\/\/fjallshop.si\/wp-content\/uploads\/2025\/12\/bergtagen_merino_190_ls_m_12600299-550_a_main.webp\",\"contentUrl\":\"https:\/\/fjallshop.si\/wp-content\/uploads\/2025\/12\/bergtagen_merino_190_ls_m_12600299-550_a_main.webp\",\"width\":1248,\"height\":1248},{\"@type\":\"BreadcrumbList\",\"@id\":\"https:\/\/fjallshop.si\/izdelek\/bergtagen-merino-190-ls-m\/#breadcrumb\",\"itemListElement\":[{\"@type\":\"ListItem\",\"position\":1,\"name\":\"Home\",\"item\":\"https:\/\/fjallshop.si\/hr\/\"},{\"@type\":\"ListItem\",\"position\":2,\"name\":\"Trgovina\",\"item\":\"https:\/\/fjallshop.si\/hr\/trgovina\/\"},{\"@type\":\"ListItem\",\"position\":3,\"name\":\"Bergtagen Merino 190 LS M\"}]},{\"@type\":\"WebSite\",\"@id\":\"https:\/\/fjallshop.si\/en\/#website\",\"url\":\"https:\/\/fjallshop.si\/en\/\",\"name\":\"Fj\u00e4llr\u00e4ven\",\"description\":\"Spletna trgovina\",\"publisher\":{\"@id\":\"https:\/\/fjallshop.si\/en\/#organization\"},\"potentialAction\":[{\"@type\":\"SearchAction\",\"target\":{\"@type\":\"EntryPoint\",\"urlTemplate\":\"https:\/\/fjallshop.si\/en\/?s={search_term_string}\"},\"query-input\":{\"@type\":\"PropertyValueSpecification\",\"valueRequired\":true,\"valueName\":\"search_term_string\"}}],\"inLanguage\":\"hr\"},{\"@type\":\"Organization\",\"@id\":\"https:\/\/fjallshop.si\/en\/#organization\",\"name\":\"Fj\u00e4llr\u00e4ven\",\"url\":\"https:\/\/fjallshop.si\/en\/\",\"logo\":{\"@type\":\"ImageObject\",\"inLanguage\":\"hr\",\"@id\":\"https:\/\/fjallshop.si\/en\/#\/schema\/logo\/image\/\",\"url\":\"https:\/\/fjallshop.si\/wp-content\/uploads\/2026\/02\/fjallravenlogo.svg\",\"contentUrl\":\"https:\/\/fjallshop.si\/wp-content\/uploads\/2026\/02\/fjallravenlogo.svg\",\"width\":126,\"height\":46,\"caption\":\"Fj\u00e4llr\u00e4ven\"},\"image\":{\"@id\":\"https:\/\/fjallshop.si\/en\/#\/schema\/logo\/image\/\"},\"sameAs\":[\"https:\/\/www.facebook.com\/FjallravenSlovenia\"]}]}<\/script>\n<!-- \/ Yoast SEO plugin. -->","yoast_head_json":{"title":"Bergtagen Merino 190 LS M - Fj\u00e4llr\u00e4ven","robots":{"index":"index","follow":"follow","max-snippet":"max-snippet:-1","max-image-preview":"max-image-preview:large","max-video-preview":"max-video-preview:-1"},"canonical":"https:\/\/fjallshop.si\/izdelek\/bergtagen-merino-190-ls-m\/","og_locale":"hr_HR","og_type":"article","og_title":"Bergtagen Merino 190 LS M - Fj\u00e4llr\u00e4ven","og_description":"Lahka, mehka in topla majica s kratkimi rokavi, izdelana iz 100 % sledljive merino volne.","og_url":"https:\/\/fjallshop.si\/izdelek\/bergtagen-merino-190-ls-m\/","og_site_name":"Fj\u00e4llr\u00e4ven","article_publisher":"https:\/\/www.facebook.com\/FjallravenSlovenia","article_modified_time":"2026-05-07T11:14:30+00:00","og_image":[{"width":1248,"height":1248,"url":"https:\/\/fjallshop.si\/wp-content\/uploads\/2025\/12\/bergtagen_merino_190_ls_m_12600299-550_a_main.webp","type":"image\/webp"}],"twitter_card":"summary_large_image","schema":{"@context":"https:\/\/schema.org","@graph":[{"@type":"WebPage","@id":"https:\/\/fjallshop.si\/izdelek\/bergtagen-merino-190-ls-m\/","url":"https:\/\/fjallshop.si\/izdelek\/bergtagen-merino-190-ls-m\/","name":"Bergtagen Merino 190 LS M - Fj\u00e4llr\u00e4ven","isPartOf":{"@id":"https:\/\/fjallshop.si\/en\/#website"},"primaryImageOfPage":{"@id":"https:\/\/fjallshop.si\/izdelek\/bergtagen-merino-190-ls-m\/#primaryimage"},"image":{"@id":"https:\/\/fjallshop.si\/izdelek\/bergtagen-merino-190-ls-m\/#primaryimage"},"thumbnailUrl":"https:\/\/fjallshop.si\/wp-content\/uploads\/2025\/12\/bergtagen_merino_190_ls_m_12600299-550_a_main.webp","datePublished":"2025-12-21T23:28:42+00:00","dateModified":"2026-05-07T11:14:30+00:00","breadcrumb":{"@id":"https:\/\/fjallshop.si\/izdelek\/bergtagen-merino-190-ls-m\/#breadcrumb"},"inLanguage":"hr","potentialAction":[{"@type":"ReadAction","target":["https:\/\/fjallshop.si\/izdelek\/bergtagen-merino-190-ls-m\/"]}]},{"@type":"ImageObject","inLanguage":"hr","@id":"https:\/\/fjallshop.si\/izdelek\/bergtagen-merino-190-ls-m\/#primaryimage","url":"https:\/\/fjallshop.si\/wp-content\/uploads\/2025\/12\/bergtagen_merino_190_ls_m_12600299-550_a_main.webp","contentUrl":"https:\/\/fjallshop.si\/wp-content\/uploads\/2025\/12\/bergtagen_merino_190_ls_m_12600299-550_a_main.webp","width":1248,"height":1248},{"@type":"BreadcrumbList","@id":"https:\/\/fjallshop.si\/izdelek\/bergtagen-merino-190-ls-m\/#breadcrumb","itemListElement":[{"@type":"ListItem","position":1,"name":"Home","item":"https:\/\/fjallshop.si\/hr\/"},{"@type":"ListItem","position":2,"name":"Trgovina","item":"https:\/\/fjallshop.si\/hr\/trgovina\/"},{"@type":"ListItem","position":3,"name":"Bergtagen Merino 190 LS M"}]},{"@type":"WebSite","@id":"https:\/\/fjallshop.si\/en\/#website","url":"https:\/\/fjallshop.si\/en\/","name":"Fj\u00e4llr\u00e4ven","description":"Spletna trgovina","publisher":{"@id":"https:\/\/fjallshop.si\/en\/#organization"},"potentialAction":[{"@type":"SearchAction","target":{"@type":"EntryPoint","urlTemplate":"https:\/\/fjallshop.si\/en\/?s={search_term_string}"},"query-input":{"@type":"PropertyValueSpecification","valueRequired":true,"valueName":"search_term_string"}}],"inLanguage":"hr"},{"@type":"Organization","@id":"https:\/\/fjallshop.si\/en\/#organization","name":"Fj\u00e4llr\u00e4ven","url":"https:\/\/fjallshop.si\/en\/","logo":{"@type":"ImageObject","inLanguage":"hr","@id":"https:\/\/fjallshop.si\/en\/#\/schema\/logo\/image\/","url":"https:\/\/fjallshop.si\/wp-content\/uploads\/2026\/02\/fjallravenlogo.svg","contentUrl":"https:\/\/fjallshop.si\/wp-content\/uploads\/2026\/02\/fjallravenlogo.svg","width":126,"height":46,"caption":"Fj\u00e4llr\u00e4ven"},"image":{"@id":"https:\/\/fjallshop.si\/en\/#\/schema\/logo\/image\/"},"sameAs":["https:\/\/www.facebook.com\/FjallravenSlovenia"]}]}},"_links":{"self":[{"href":"https:\/\/fjallshop.si\/hr\/wp-json\/wp\/v2\/product\/1025092","targetHints":{"allow":["GET"]}}],"collection":[{"href":"https:\/\/fjallshop.si\/hr\/wp-json\/wp\/v2\/product"}],"about":[{"href":"https:\/\/fjallshop.si\/hr\/wp-json\/wp\/v2\/types\/product"}],"version-history":[{"count":1,"href":"https:\/\/fjallshop.si\/hr\/wp-json\/wp\/v2\/product\/1025092\/revisions"}],"predecessor-version":[{"id":1025121,"href":"https:\/\/fjallshop.si\/hr\/wp-json\/wp\/v2\/product\/1025092\/revisions\/1025121"}],"wp:featuredmedia":[{"embeddable":true,"href":"https:\/\/fjallshop.si\/hr\/wp-json\/wp\/v2\/media\/1025122"}],"wp:attachment":[{"href":"https:\/\/fjallshop.si\/hr\/wp-json\/wp\/v2\/media?parent=1025092"}],"wp:term":[{"taxonomy":"product_brand","embeddable":true,"href":"https:\/\/fjallshop.si\/hr\/wp-json\/wp\/v2\/product_brand?post=1025092"},{"taxonomy":"product_cat","embeddable":true,"href":"https:\/\/fjallshop.si\/hr\/wp-json\/wp\/v2\/product_cat?post=1025092"},{"taxonomy":"product_tag","embeddable":true,"href":"https:\/\/fjallshop.si\/hr\/wp-json\/wp\/v2\/product_tag?post=1025092"}],"curies":[{"name":"wp","href":"https:\/\/api.w.org\/{rel}","templated":true}]}}