{"id":1025267,"date":"2025-12-21T23:29:27","date_gmt":"2025-12-21T23:29:27","guid":{"rendered":"https:\/\/fjallravensi.dev.mortar.tovarnaidej.com\/?post_type=product&#038;p=1025267"},"modified":"2026-05-07T11:13:51","modified_gmt":"2026-05-07T11:13:51","slug":"bergtagen-gtx-touring-bibs-m","status":"publish","type":"product","link":"https:\/\/fjallshop.si\/hr\/proizvod\/bergtagen-gtx-touring-bibs-m\/","title":{"rendered":"Bergtagen GTX Touring Bibs M"},"content":{"rendered":"<p>GORE-TEX\u00ae je zdaj del dru\u017eine Bergtagen! Mo\u0161ke turne hla\u010de Bergtagen GTX so bile razvite za turno smu\u010danje in splitboarding ter ponujajo okretno za\u0161\u010dito s poudarkom na prileganju in mobilnosti. Izdelane z napredno Goreovo membrano na osnovi ePE, te hla\u010de ponujajo trpe\u017eno, vodoodporno, vetrovno in zra\u010dno za\u0161\u010dito ter imajo DWR za\u0161\u010ditno folijo, izdelano brez PFAS. Te turne hla\u010de so zasnovane za popravilo, zato so narejene za vzdr\u017eevanje, ne za zamenjavo.<\/p>\n","protected":false},"excerpt":{"rendered":"<p>GORE-TEX\u00ae hla\u010de za turno ali alpsko smu\u010danje ponujajo trpe\u017eno, vodoodporno, vetrovno in zra\u010dno za\u0161\u010dito.<\/p>\n","protected":false},"featured_media":1025293,"template":"","meta":[],"product_brand":[462],"product_cat":[69],"product_tag":[491,469,528,768,535,470],"class_list":{"0":"post-1025267","1":"product","2":"type-product","3":"status-publish","4":"has-post-thumbnail","6":"product_brand-bergtagen","7":"product_cat-hlace","8":"product_tag-bergtagen","9":"product_tag-hlace","10":"product_tag-hlace-moski","11":"product_tag-moske-nepremocljive-hlace","12":"product_tag-hlace-moske-treking","13":"product_tag-moski","15":"first","16":"instock","17":"shipping-taxable","18":"purchasable","19":"product-type-variable"},"yoast_head":"<!-- This site is optimized with the Yoast SEO plugin v27.0 - https:\/\/yoast.com\/product\/yoast-seo-wordpress\/ -->\n<title>Bergtagen GTX Touring Bibs M - Fj\u00e4llr\u00e4ven<\/title>\n<meta name=\"robots\" content=\"index, follow, max-snippet:-1, max-image-preview:large, max-video-preview:-1\" \/>\n<link rel=\"canonical\" href=\"https:\/\/fjallshop.si\/en\/product\/bergtagen-gtx-touring-bibs-m\/\" \/>\n<meta property=\"og:locale\" content=\"hr_HR\" \/>\n<meta property=\"og:type\" content=\"article\" \/>\n<meta property=\"og:title\" content=\"Bergtagen GTX Touring Bibs M - Fj\u00e4llr\u00e4ven\" \/>\n<meta property=\"og:description\" content=\"GORE-TEX\u00ae hla\u010de za turno ali alpsko smu\u010danje ponujajo trpe\u017eno, vodoodporno, vetrovno in zra\u010dno za\u0161\u010dito.\" \/>\n<meta property=\"og:url\" content=\"https:\/\/fjallshop.si\/en\/product\/bergtagen-gtx-touring-bibs-m\/\" \/>\n<meta property=\"og:site_name\" content=\"Fj\u00e4llr\u00e4ven\" \/>\n<meta property=\"article:publisher\" content=\"https:\/\/www.facebook.com\/FjallravenSlovenia\" \/>\n<meta property=\"article:modified_time\" content=\"2026-05-07T11:13:51+00:00\" \/>\n<meta property=\"og:image\" content=\"https:\/\/fjallshop.si\/wp-content\/uploads\/2025\/12\/bergtagen_gtx_touring_trs_m_12200192-550_a_main.webp\" \/>\n\t<meta property=\"og:image:width\" content=\"1248\" \/>\n\t<meta property=\"og:image:height\" content=\"1248\" \/>\n\t<meta property=\"og:image:type\" content=\"image\/webp\" \/>\n<meta name=\"twitter:card\" content=\"summary_large_image\" \/>\n<script type=\"application\/ld+json\" class=\"yoast-schema-graph\">{\"@context\":\"https:\/\/schema.org\",\"@graph\":[{\"@type\":\"WebPage\",\"@id\":\"https:\/\/fjallshop.si\/en\/product\/bergtagen-gtx-touring-bibs-m\/\",\"url\":\"https:\/\/fjallshop.si\/en\/product\/bergtagen-gtx-touring-bibs-m\/\",\"name\":\"Bergtagen GTX Touring Bibs M - Fj\u00e4llr\u00e4ven\",\"isPartOf\":{\"@id\":\"https:\/\/fjallshop.si\/en\/#website\"},\"primaryImageOfPage\":{\"@id\":\"https:\/\/fjallshop.si\/en\/product\/bergtagen-gtx-touring-bibs-m\/#primaryimage\"},\"image\":{\"@id\":\"https:\/\/fjallshop.si\/en\/product\/bergtagen-gtx-touring-bibs-m\/#primaryimage\"},\"thumbnailUrl\":\"https:\/\/fjallshop.si\/wp-content\/uploads\/2025\/12\/bergtagen_gtx_touring_trs_m_12200192-550_a_main.webp\",\"datePublished\":\"2025-12-21T23:29:27+00:00\",\"dateModified\":\"2026-05-07T11:13:51+00:00\",\"breadcrumb\":{\"@id\":\"https:\/\/fjallshop.si\/en\/product\/bergtagen-gtx-touring-bibs-m\/#breadcrumb\"},\"inLanguage\":\"hr\",\"potentialAction\":[{\"@type\":\"ReadAction\",\"target\":[\"https:\/\/fjallshop.si\/en\/product\/bergtagen-gtx-touring-bibs-m\/\"]}]},{\"@type\":\"ImageObject\",\"inLanguage\":\"hr\",\"@id\":\"https:\/\/fjallshop.si\/en\/product\/bergtagen-gtx-touring-bibs-m\/#primaryimage\",\"url\":\"https:\/\/fjallshop.si\/wp-content\/uploads\/2025\/12\/bergtagen_gtx_touring_trs_m_12200192-550_a_main.webp\",\"contentUrl\":\"https:\/\/fjallshop.si\/wp-content\/uploads\/2025\/12\/bergtagen_gtx_touring_trs_m_12200192-550_a_main.webp\",\"width\":1248,\"height\":1248},{\"@type\":\"BreadcrumbList\",\"@id\":\"https:\/\/fjallshop.si\/en\/product\/bergtagen-gtx-touring-bibs-m\/#breadcrumb\",\"itemListElement\":[{\"@type\":\"ListItem\",\"position\":1,\"name\":\"Home\",\"item\":\"https:\/\/fjallshop.si\/hr\/\"},{\"@type\":\"ListItem\",\"position\":2,\"name\":\"Trgovina\",\"item\":\"https:\/\/fjallshop.si\/hr\/trgovina\/\"},{\"@type\":\"ListItem\",\"position\":3,\"name\":\"Bergtagen GTX Touring Bibs M\"}]},{\"@type\":\"WebSite\",\"@id\":\"https:\/\/fjallshop.si\/en\/#website\",\"url\":\"https:\/\/fjallshop.si\/en\/\",\"name\":\"Fj\u00e4llr\u00e4ven\",\"description\":\"Spletna trgovina\",\"publisher\":{\"@id\":\"https:\/\/fjallshop.si\/en\/#organization\"},\"potentialAction\":[{\"@type\":\"SearchAction\",\"target\":{\"@type\":\"EntryPoint\",\"urlTemplate\":\"https:\/\/fjallshop.si\/en\/?s={search_term_string}\"},\"query-input\":{\"@type\":\"PropertyValueSpecification\",\"valueRequired\":true,\"valueName\":\"search_term_string\"}}],\"inLanguage\":\"hr\"},{\"@type\":\"Organization\",\"@id\":\"https:\/\/fjallshop.si\/en\/#organization\",\"name\":\"Fj\u00e4llr\u00e4ven\",\"url\":\"https:\/\/fjallshop.si\/en\/\",\"logo\":{\"@type\":\"ImageObject\",\"inLanguage\":\"hr\",\"@id\":\"https:\/\/fjallshop.si\/en\/#\/schema\/logo\/image\/\",\"url\":\"https:\/\/fjallshop.si\/wp-content\/uploads\/2026\/02\/fjallravenlogo.svg\",\"contentUrl\":\"https:\/\/fjallshop.si\/wp-content\/uploads\/2026\/02\/fjallravenlogo.svg\",\"width\":126,\"height\":46,\"caption\":\"Fj\u00e4llr\u00e4ven\"},\"image\":{\"@id\":\"https:\/\/fjallshop.si\/en\/#\/schema\/logo\/image\/\"},\"sameAs\":[\"https:\/\/www.facebook.com\/FjallravenSlovenia\"]}]}<\/script>\n<!-- \/ Yoast SEO plugin. -->","yoast_head_json":{"title":"Bergtagen GTX Touring Bibs M - Fj\u00e4llr\u00e4ven","robots":{"index":"index","follow":"follow","max-snippet":"max-snippet:-1","max-image-preview":"max-image-preview:large","max-video-preview":"max-video-preview:-1"},"canonical":"https:\/\/fjallshop.si\/en\/product\/bergtagen-gtx-touring-bibs-m\/","og_locale":"hr_HR","og_type":"article","og_title":"Bergtagen GTX Touring Bibs M - Fj\u00e4llr\u00e4ven","og_description":"GORE-TEX\u00ae hla\u010de za turno ali alpsko smu\u010danje ponujajo trpe\u017eno, vodoodporno, vetrovno in zra\u010dno za\u0161\u010dito.","og_url":"https:\/\/fjallshop.si\/en\/product\/bergtagen-gtx-touring-bibs-m\/","og_site_name":"Fj\u00e4llr\u00e4ven","article_publisher":"https:\/\/www.facebook.com\/FjallravenSlovenia","article_modified_time":"2026-05-07T11:13:51+00:00","og_image":[{"width":1248,"height":1248,"url":"https:\/\/fjallshop.si\/wp-content\/uploads\/2025\/12\/bergtagen_gtx_touring_trs_m_12200192-550_a_main.webp","type":"image\/webp"}],"twitter_card":"summary_large_image","schema":{"@context":"https:\/\/schema.org","@graph":[{"@type":"WebPage","@id":"https:\/\/fjallshop.si\/en\/product\/bergtagen-gtx-touring-bibs-m\/","url":"https:\/\/fjallshop.si\/en\/product\/bergtagen-gtx-touring-bibs-m\/","name":"Bergtagen GTX Touring Bibs M - Fj\u00e4llr\u00e4ven","isPartOf":{"@id":"https:\/\/fjallshop.si\/en\/#website"},"primaryImageOfPage":{"@id":"https:\/\/fjallshop.si\/en\/product\/bergtagen-gtx-touring-bibs-m\/#primaryimage"},"image":{"@id":"https:\/\/fjallshop.si\/en\/product\/bergtagen-gtx-touring-bibs-m\/#primaryimage"},"thumbnailUrl":"https:\/\/fjallshop.si\/wp-content\/uploads\/2025\/12\/bergtagen_gtx_touring_trs_m_12200192-550_a_main.webp","datePublished":"2025-12-21T23:29:27+00:00","dateModified":"2026-05-07T11:13:51+00:00","breadcrumb":{"@id":"https:\/\/fjallshop.si\/en\/product\/bergtagen-gtx-touring-bibs-m\/#breadcrumb"},"inLanguage":"hr","potentialAction":[{"@type":"ReadAction","target":["https:\/\/fjallshop.si\/en\/product\/bergtagen-gtx-touring-bibs-m\/"]}]},{"@type":"ImageObject","inLanguage":"hr","@id":"https:\/\/fjallshop.si\/en\/product\/bergtagen-gtx-touring-bibs-m\/#primaryimage","url":"https:\/\/fjallshop.si\/wp-content\/uploads\/2025\/12\/bergtagen_gtx_touring_trs_m_12200192-550_a_main.webp","contentUrl":"https:\/\/fjallshop.si\/wp-content\/uploads\/2025\/12\/bergtagen_gtx_touring_trs_m_12200192-550_a_main.webp","width":1248,"height":1248},{"@type":"BreadcrumbList","@id":"https:\/\/fjallshop.si\/en\/product\/bergtagen-gtx-touring-bibs-m\/#breadcrumb","itemListElement":[{"@type":"ListItem","position":1,"name":"Home","item":"https:\/\/fjallshop.si\/hr\/"},{"@type":"ListItem","position":2,"name":"Trgovina","item":"https:\/\/fjallshop.si\/hr\/trgovina\/"},{"@type":"ListItem","position":3,"name":"Bergtagen GTX Touring Bibs M"}]},{"@type":"WebSite","@id":"https:\/\/fjallshop.si\/en\/#website","url":"https:\/\/fjallshop.si\/en\/","name":"Fj\u00e4llr\u00e4ven","description":"Spletna trgovina","publisher":{"@id":"https:\/\/fjallshop.si\/en\/#organization"},"potentialAction":[{"@type":"SearchAction","target":{"@type":"EntryPoint","urlTemplate":"https:\/\/fjallshop.si\/en\/?s={search_term_string}"},"query-input":{"@type":"PropertyValueSpecification","valueRequired":true,"valueName":"search_term_string"}}],"inLanguage":"hr"},{"@type":"Organization","@id":"https:\/\/fjallshop.si\/en\/#organization","name":"Fj\u00e4llr\u00e4ven","url":"https:\/\/fjallshop.si\/en\/","logo":{"@type":"ImageObject","inLanguage":"hr","@id":"https:\/\/fjallshop.si\/en\/#\/schema\/logo\/image\/","url":"https:\/\/fjallshop.si\/wp-content\/uploads\/2026\/02\/fjallravenlogo.svg","contentUrl":"https:\/\/fjallshop.si\/wp-content\/uploads\/2026\/02\/fjallravenlogo.svg","width":126,"height":46,"caption":"Fj\u00e4llr\u00e4ven"},"image":{"@id":"https:\/\/fjallshop.si\/en\/#\/schema\/logo\/image\/"},"sameAs":["https:\/\/www.facebook.com\/FjallravenSlovenia"]}]}},"_links":{"self":[{"href":"https:\/\/fjallshop.si\/hr\/wp-json\/wp\/v2\/product\/1025267","targetHints":{"allow":["GET"]}}],"collection":[{"href":"https:\/\/fjallshop.si\/hr\/wp-json\/wp\/v2\/product"}],"about":[{"href":"https:\/\/fjallshop.si\/hr\/wp-json\/wp\/v2\/types\/product"}],"version-history":[{"count":1,"href":"https:\/\/fjallshop.si\/hr\/wp-json\/wp\/v2\/product\/1025267\/revisions"}],"predecessor-version":[{"id":1025290,"href":"https:\/\/fjallshop.si\/hr\/wp-json\/wp\/v2\/product\/1025267\/revisions\/1025290"}],"wp:featuredmedia":[{"embeddable":true,"href":"https:\/\/fjallshop.si\/hr\/wp-json\/wp\/v2\/media\/1025293"}],"wp:attachment":[{"href":"https:\/\/fjallshop.si\/hr\/wp-json\/wp\/v2\/media?parent=1025267"}],"wp:term":[{"taxonomy":"product_brand","embeddable":true,"href":"https:\/\/fjallshop.si\/hr\/wp-json\/wp\/v2\/product_brand?post=1025267"},{"taxonomy":"product_cat","embeddable":true,"href":"https:\/\/fjallshop.si\/hr\/wp-json\/wp\/v2\/product_cat?post=1025267"},{"taxonomy":"product_tag","embeddable":true,"href":"https:\/\/fjallshop.si\/hr\/wp-json\/wp\/v2\/product_tag?post=1025267"}],"curies":[{"name":"wp","href":"https:\/\/api.w.org\/{rel}","templated":true}]}}