{"id":1025780,"date":"2025-12-21T23:31:59","date_gmt":"2025-12-21T23:31:59","guid":{"rendered":"https:\/\/fjallravensi.dev.mortar.tovarnaidej.com\/?post_type=product&#038;p=1025780"},"modified":"2026-05-06T13:27:22","modified_gmt":"2026-05-06T13:27:22","slug":"high-coast-backpack-24","status":"publish","type":"product","link":"https:\/\/fjallshop.si\/hr\/proizvod\/high-coast-backpack-24\/","title":{"rendered":"High Coast Backpack 24"},"content":{"rendered":"<p>Dru\u017eina izdelkov High Coast pozdravlja novega \u010dlana \u2013 nahrbtnik High Coast 24. Ta vsestranski in lahki nahrbtnik iz recikliranega poliamida je idealen za potovanja na delo in spro\u0161\u010dene pustolov\u0161\u010dine na prostem. Ima klasi\u010dno zadrgo za enostaven dostop in notranji predal za prenosnik z oblazinjenim dnom. Dodatne funkcije vklju\u010dujejo dva sprednja \u017eepa, stranske kompresijske trakove in odstranljiv prsni trak. Oja\u010dano dno bo ohranilo vsebino suho, ko bo nahrbtnik postavljen na vla\u017ena tla.<\/p>\n","protected":false},"excerpt":{"rendered":"<p>Vsestranski, lahek 24-litrski nahrbtnik, idealen za potovanja na delo in spro\u0161\u010dene pustolov\u0161\u010dine na prostem.<\/p>\n","protected":false},"featured_media":1025822,"template":"","meta":[],"product_brand":[466],"product_cat":[769],"product_tag":[578,499,576,590],"class_list":{"0":"post-1025780","1":"product","2":"type-product","3":"status-publish","4":"has-post-thumbnail","6":"product_brand-high-coast","7":"product_cat-torbe-in-nahrbtniki","8":"product_tag-dnevni-nahrbtniki","9":"product_tag-high-coast","10":"product_tag-nahrbtniki-torbe","11":"product_tag-oprema","13":"first","14":"instock","15":"shipping-taxable","16":"purchasable","17":"product-type-variable"},"yoast_head":"<!-- This site is optimized with the Yoast SEO plugin v27.0 - https:\/\/yoast.com\/product\/yoast-seo-wordpress\/ -->\n<title>High Coast Backpack 24 - Fj\u00e4llr\u00e4ven<\/title>\n<meta name=\"robots\" content=\"index, follow, max-snippet:-1, max-image-preview:large, max-video-preview:-1\" \/>\n<link rel=\"canonical\" href=\"https:\/\/fjallshop.si\/hr\/proizvod\/high-coast-backpack-24\/\" \/>\n<meta property=\"og:locale\" content=\"hr_HR\" \/>\n<meta property=\"og:type\" content=\"article\" \/>\n<meta property=\"og:title\" content=\"High Coast Backpack 24 - Fj\u00e4llr\u00e4ven\" \/>\n<meta property=\"og:description\" content=\"Vsestranski, lahek 24-litrski nahrbtnik, idealen za potovanja na delo in spro\u0161\u010dene pustolov\u0161\u010dine na prostem.\" \/>\n<meta property=\"og:url\" content=\"https:\/\/fjallshop.si\/hr\/proizvod\/high-coast-backpack-24\/\" \/>\n<meta property=\"og:site_name\" content=\"Fj\u00e4llr\u00e4ven\" \/>\n<meta property=\"article:publisher\" content=\"https:\/\/www.facebook.com\/FjallravenSlovenia\" \/>\n<meta property=\"article:modified_time\" content=\"2026-05-06T13:27:22+00:00\" \/>\n<meta property=\"og:image\" content=\"https:\/\/fjallshop.si\/wp-content\/uploads\/2025\/12\/high_coast_backpack_24_23200330-560_f_main.webp\" \/>\n\t<meta property=\"og:image:width\" content=\"1248\" \/>\n\t<meta property=\"og:image:height\" content=\"1248\" \/>\n\t<meta property=\"og:image:type\" content=\"image\/webp\" \/>\n<meta name=\"twitter:card\" content=\"summary_large_image\" \/>\n<script type=\"application\/ld+json\" class=\"yoast-schema-graph\">{\"@context\":\"https:\/\/schema.org\",\"@graph\":[{\"@type\":\"WebPage\",\"@id\":\"https:\/\/fjallshop.si\/hr\/proizvod\/high-coast-backpack-24\/\",\"url\":\"https:\/\/fjallshop.si\/hr\/proizvod\/high-coast-backpack-24\/\",\"name\":\"High Coast Backpack 24 - Fj\u00e4llr\u00e4ven\",\"isPartOf\":{\"@id\":\"https:\/\/fjallshop.si\/en\/#website\"},\"primaryImageOfPage\":{\"@id\":\"https:\/\/fjallshop.si\/hr\/proizvod\/high-coast-backpack-24\/#primaryimage\"},\"image\":{\"@id\":\"https:\/\/fjallshop.si\/hr\/proizvod\/high-coast-backpack-24\/#primaryimage\"},\"thumbnailUrl\":\"https:\/\/fjallshop.si\/wp-content\/uploads\/2025\/12\/high_coast_backpack_24_23200330-560_f_main.webp\",\"datePublished\":\"2025-12-21T23:31:59+00:00\",\"dateModified\":\"2026-05-06T13:27:22+00:00\",\"breadcrumb\":{\"@id\":\"https:\/\/fjallshop.si\/hr\/proizvod\/high-coast-backpack-24\/#breadcrumb\"},\"inLanguage\":\"hr\",\"potentialAction\":[{\"@type\":\"ReadAction\",\"target\":[\"https:\/\/fjallshop.si\/hr\/proizvod\/high-coast-backpack-24\/\"]}]},{\"@type\":\"ImageObject\",\"inLanguage\":\"hr\",\"@id\":\"https:\/\/fjallshop.si\/hr\/proizvod\/high-coast-backpack-24\/#primaryimage\",\"url\":\"https:\/\/fjallshop.si\/wp-content\/uploads\/2025\/12\/high_coast_backpack_24_23200330-560_f_main.webp\",\"contentUrl\":\"https:\/\/fjallshop.si\/wp-content\/uploads\/2025\/12\/high_coast_backpack_24_23200330-560_f_main.webp\",\"width\":1248,\"height\":1248},{\"@type\":\"BreadcrumbList\",\"@id\":\"https:\/\/fjallshop.si\/hr\/proizvod\/high-coast-backpack-24\/#breadcrumb\",\"itemListElement\":[{\"@type\":\"ListItem\",\"position\":1,\"name\":\"Home\",\"item\":\"https:\/\/fjallshop.si\/hr\/\"},{\"@type\":\"ListItem\",\"position\":2,\"name\":\"Trgovina\",\"item\":\"https:\/\/fjallshop.si\/hr\/trgovina\/\"},{\"@type\":\"ListItem\",\"position\":3,\"name\":\"High Coast Backpack 24\"}]},{\"@type\":\"WebSite\",\"@id\":\"https:\/\/fjallshop.si\/en\/#website\",\"url\":\"https:\/\/fjallshop.si\/en\/\",\"name\":\"Fj\u00e4llr\u00e4ven\",\"description\":\"Spletna trgovina\",\"publisher\":{\"@id\":\"https:\/\/fjallshop.si\/en\/#organization\"},\"potentialAction\":[{\"@type\":\"SearchAction\",\"target\":{\"@type\":\"EntryPoint\",\"urlTemplate\":\"https:\/\/fjallshop.si\/en\/?s={search_term_string}\"},\"query-input\":{\"@type\":\"PropertyValueSpecification\",\"valueRequired\":true,\"valueName\":\"search_term_string\"}}],\"inLanguage\":\"hr\"},{\"@type\":\"Organization\",\"@id\":\"https:\/\/fjallshop.si\/en\/#organization\",\"name\":\"Fj\u00e4llr\u00e4ven\",\"url\":\"https:\/\/fjallshop.si\/en\/\",\"logo\":{\"@type\":\"ImageObject\",\"inLanguage\":\"hr\",\"@id\":\"https:\/\/fjallshop.si\/en\/#\/schema\/logo\/image\/\",\"url\":\"https:\/\/fjallshop.si\/wp-content\/uploads\/2026\/02\/fjallravenlogo.svg\",\"contentUrl\":\"https:\/\/fjallshop.si\/wp-content\/uploads\/2026\/02\/fjallravenlogo.svg\",\"width\":126,\"height\":46,\"caption\":\"Fj\u00e4llr\u00e4ven\"},\"image\":{\"@id\":\"https:\/\/fjallshop.si\/en\/#\/schema\/logo\/image\/\"},\"sameAs\":[\"https:\/\/www.facebook.com\/FjallravenSlovenia\"]}]}<\/script>\n<!-- \/ Yoast SEO plugin. -->","yoast_head_json":{"title":"High Coast Backpack 24 - Fj\u00e4llr\u00e4ven","robots":{"index":"index","follow":"follow","max-snippet":"max-snippet:-1","max-image-preview":"max-image-preview:large","max-video-preview":"max-video-preview:-1"},"canonical":"https:\/\/fjallshop.si\/hr\/proizvod\/high-coast-backpack-24\/","og_locale":"hr_HR","og_type":"article","og_title":"High Coast Backpack 24 - Fj\u00e4llr\u00e4ven","og_description":"Vsestranski, lahek 24-litrski nahrbtnik, idealen za potovanja na delo in spro\u0161\u010dene pustolov\u0161\u010dine na prostem.","og_url":"https:\/\/fjallshop.si\/hr\/proizvod\/high-coast-backpack-24\/","og_site_name":"Fj\u00e4llr\u00e4ven","article_publisher":"https:\/\/www.facebook.com\/FjallravenSlovenia","article_modified_time":"2026-05-06T13:27:22+00:00","og_image":[{"width":1248,"height":1248,"url":"https:\/\/fjallshop.si\/wp-content\/uploads\/2025\/12\/high_coast_backpack_24_23200330-560_f_main.webp","type":"image\/webp"}],"twitter_card":"summary_large_image","schema":{"@context":"https:\/\/schema.org","@graph":[{"@type":"WebPage","@id":"https:\/\/fjallshop.si\/hr\/proizvod\/high-coast-backpack-24\/","url":"https:\/\/fjallshop.si\/hr\/proizvod\/high-coast-backpack-24\/","name":"High Coast Backpack 24 - Fj\u00e4llr\u00e4ven","isPartOf":{"@id":"https:\/\/fjallshop.si\/en\/#website"},"primaryImageOfPage":{"@id":"https:\/\/fjallshop.si\/hr\/proizvod\/high-coast-backpack-24\/#primaryimage"},"image":{"@id":"https:\/\/fjallshop.si\/hr\/proizvod\/high-coast-backpack-24\/#primaryimage"},"thumbnailUrl":"https:\/\/fjallshop.si\/wp-content\/uploads\/2025\/12\/high_coast_backpack_24_23200330-560_f_main.webp","datePublished":"2025-12-21T23:31:59+00:00","dateModified":"2026-05-06T13:27:22+00:00","breadcrumb":{"@id":"https:\/\/fjallshop.si\/hr\/proizvod\/high-coast-backpack-24\/#breadcrumb"},"inLanguage":"hr","potentialAction":[{"@type":"ReadAction","target":["https:\/\/fjallshop.si\/hr\/proizvod\/high-coast-backpack-24\/"]}]},{"@type":"ImageObject","inLanguage":"hr","@id":"https:\/\/fjallshop.si\/hr\/proizvod\/high-coast-backpack-24\/#primaryimage","url":"https:\/\/fjallshop.si\/wp-content\/uploads\/2025\/12\/high_coast_backpack_24_23200330-560_f_main.webp","contentUrl":"https:\/\/fjallshop.si\/wp-content\/uploads\/2025\/12\/high_coast_backpack_24_23200330-560_f_main.webp","width":1248,"height":1248},{"@type":"BreadcrumbList","@id":"https:\/\/fjallshop.si\/hr\/proizvod\/high-coast-backpack-24\/#breadcrumb","itemListElement":[{"@type":"ListItem","position":1,"name":"Home","item":"https:\/\/fjallshop.si\/hr\/"},{"@type":"ListItem","position":2,"name":"Trgovina","item":"https:\/\/fjallshop.si\/hr\/trgovina\/"},{"@type":"ListItem","position":3,"name":"High Coast Backpack 24"}]},{"@type":"WebSite","@id":"https:\/\/fjallshop.si\/en\/#website","url":"https:\/\/fjallshop.si\/en\/","name":"Fj\u00e4llr\u00e4ven","description":"Spletna trgovina","publisher":{"@id":"https:\/\/fjallshop.si\/en\/#organization"},"potentialAction":[{"@type":"SearchAction","target":{"@type":"EntryPoint","urlTemplate":"https:\/\/fjallshop.si\/en\/?s={search_term_string}"},"query-input":{"@type":"PropertyValueSpecification","valueRequired":true,"valueName":"search_term_string"}}],"inLanguage":"hr"},{"@type":"Organization","@id":"https:\/\/fjallshop.si\/en\/#organization","name":"Fj\u00e4llr\u00e4ven","url":"https:\/\/fjallshop.si\/en\/","logo":{"@type":"ImageObject","inLanguage":"hr","@id":"https:\/\/fjallshop.si\/en\/#\/schema\/logo\/image\/","url":"https:\/\/fjallshop.si\/wp-content\/uploads\/2026\/02\/fjallravenlogo.svg","contentUrl":"https:\/\/fjallshop.si\/wp-content\/uploads\/2026\/02\/fjallravenlogo.svg","width":126,"height":46,"caption":"Fj\u00e4llr\u00e4ven"},"image":{"@id":"https:\/\/fjallshop.si\/en\/#\/schema\/logo\/image\/"},"sameAs":["https:\/\/www.facebook.com\/FjallravenSlovenia"]}]}},"_links":{"self":[{"href":"https:\/\/fjallshop.si\/hr\/wp-json\/wp\/v2\/product\/1025780","targetHints":{"allow":["GET"]}}],"collection":[{"href":"https:\/\/fjallshop.si\/hr\/wp-json\/wp\/v2\/product"}],"about":[{"href":"https:\/\/fjallshop.si\/hr\/wp-json\/wp\/v2\/types\/product"}],"version-history":[{"count":1,"href":"https:\/\/fjallshop.si\/hr\/wp-json\/wp\/v2\/product\/1025780\/revisions"}],"predecessor-version":[{"id":1025821,"href":"https:\/\/fjallshop.si\/hr\/wp-json\/wp\/v2\/product\/1025780\/revisions\/1025821"}],"wp:featuredmedia":[{"embeddable":true,"href":"https:\/\/fjallshop.si\/hr\/wp-json\/wp\/v2\/media\/1025822"}],"wp:attachment":[{"href":"https:\/\/fjallshop.si\/hr\/wp-json\/wp\/v2\/media?parent=1025780"}],"wp:term":[{"taxonomy":"product_brand","embeddable":true,"href":"https:\/\/fjallshop.si\/hr\/wp-json\/wp\/v2\/product_brand?post=1025780"},{"taxonomy":"product_cat","embeddable":true,"href":"https:\/\/fjallshop.si\/hr\/wp-json\/wp\/v2\/product_cat?post=1025780"},{"taxonomy":"product_tag","embeddable":true,"href":"https:\/\/fjallshop.si\/hr\/wp-json\/wp\/v2\/product_tag?post=1025780"}],"curies":[{"name":"wp","href":"https:\/\/api.w.org\/{rel}","templated":true}]}}