{"id":1026212,"date":"2025-12-21T23:34:01","date_gmt":"2025-12-21T23:34:01","guid":{"rendered":"https:\/\/fjallravensi.dev.mortar.tovarnaidej.com\/?post_type=product&#038;p=1026212"},"modified":"2026-05-06T13:24:40","modified_gmt":"2026-05-06T13:24:40","slug":"abisko-grid-fleece-hoodie-m","status":"publish","type":"product","link":"https:\/\/fjallshop.si\/hr\/proizvod\/abisko-grid-fleece-hoodie-m\/","title":{"rendered":"Abisko Grid Fleece Hoodie M"},"content":{"rendered":"<p>Topel flis pulover s kapuco, pleteno zunanjo plastjo in vzvi\u0161eno mre\u017easto notranjo plastjo za ve\u010djo toploto in udobje. Izdelan je iz recikliranega poliestra in je popoln kot hitro su\u0161e\u010da, vlago odvajajo\u010da vmesna plast pod zgornjo jakno ali samostojno v hladnih poletnih ve\u010derih. Mo\u0161ka flis pulover s kapuco Abisko Grid ima oprijeto kapuco in dvosmerno zadrgo po celotni dol\u017eini. Je vsestranski in zlo\u017eljiv, zato ga morate imeti v nahrbtniku za vse vrste pohodni\u0161tva in aktivnosti na prostem.<\/p>\n","protected":false},"excerpt":{"rendered":"<p>Vsestransko uporaben flis iz recikliranega poliestra, ki se hitro su\u0161i.<\/p>\n","protected":false},"featured_media":1026222,"template":"","meta":[],"product_brand":[458],"product_cat":[186],"product_tag":[472,470,527,592],"class_list":{"0":"post-1026212","1":"product","2":"type-product","3":"status-publish","4":"has-post-thumbnail","6":"product_brand-abisko","7":"product_cat-srednji-sloji","8":"product_tag-abisko","9":"product_tag-moski","10":"product_tag-mid-layer-moski","11":"product_tag-mid-layer-moski-puloverji","13":"first","14":"instock","15":"shipping-taxable","16":"purchasable","17":"product-type-variable"},"yoast_head":"<!-- This site is optimized with the Yoast SEO plugin v27.0 - https:\/\/yoast.com\/product\/yoast-seo-wordpress\/ -->\n<title>Abisko Grid Fleece Hoodie M - Fj\u00e4llr\u00e4ven<\/title>\n<meta name=\"robots\" content=\"index, follow, max-snippet:-1, max-image-preview:large, max-video-preview:-1\" \/>\n<link rel=\"canonical\" href=\"https:\/\/fjallshop.si\/en\/product\/abisko-grid-fleece-hoodie-m\/\" \/>\n<meta property=\"og:locale\" content=\"hr_HR\" \/>\n<meta property=\"og:type\" content=\"article\" \/>\n<meta property=\"og:title\" content=\"Abisko Grid Fleece Hoodie M - Fj\u00e4llr\u00e4ven\" \/>\n<meta property=\"og:description\" content=\"Vsestransko uporaben flis iz recikliranega poliestra, ki se hitro su\u0161i.\" \/>\n<meta property=\"og:url\" content=\"https:\/\/fjallshop.si\/en\/product\/abisko-grid-fleece-hoodie-m\/\" \/>\n<meta property=\"og:site_name\" content=\"Fj\u00e4llr\u00e4ven\" \/>\n<meta property=\"article:publisher\" content=\"https:\/\/www.facebook.com\/FjallravenSlovenia\" \/>\n<meta property=\"article:modified_time\" content=\"2026-05-06T13:24:40+00:00\" \/>\n<meta property=\"og:image\" content=\"https:\/\/fjallshop.si\/wp-content\/uploads\/2025\/12\/abisko_grid_fleece_hoodie_m_12600228-570_a_main_fjr.webp\" \/>\n\t<meta property=\"og:image:width\" content=\"680\" \/>\n\t<meta property=\"og:image:height\" content=\"680\" \/>\n\t<meta property=\"og:image:type\" content=\"image\/webp\" \/>\n<meta name=\"twitter:card\" content=\"summary_large_image\" \/>\n<script type=\"application\/ld+json\" class=\"yoast-schema-graph\">{\"@context\":\"https:\/\/schema.org\",\"@graph\":[{\"@type\":\"WebPage\",\"@id\":\"https:\/\/fjallshop.si\/en\/product\/abisko-grid-fleece-hoodie-m\/\",\"url\":\"https:\/\/fjallshop.si\/en\/product\/abisko-grid-fleece-hoodie-m\/\",\"name\":\"Abisko Grid Fleece Hoodie M - Fj\u00e4llr\u00e4ven\",\"isPartOf\":{\"@id\":\"https:\/\/fjallshop.si\/en\/#website\"},\"primaryImageOfPage\":{\"@id\":\"https:\/\/fjallshop.si\/en\/product\/abisko-grid-fleece-hoodie-m\/#primaryimage\"},\"image\":{\"@id\":\"https:\/\/fjallshop.si\/en\/product\/abisko-grid-fleece-hoodie-m\/#primaryimage\"},\"thumbnailUrl\":\"https:\/\/fjallshop.si\/wp-content\/uploads\/2025\/12\/abisko_grid_fleece_hoodie_m_12600228-570_a_main_fjr.webp\",\"datePublished\":\"2025-12-21T23:34:01+00:00\",\"dateModified\":\"2026-05-06T13:24:40+00:00\",\"breadcrumb\":{\"@id\":\"https:\/\/fjallshop.si\/en\/product\/abisko-grid-fleece-hoodie-m\/#breadcrumb\"},\"inLanguage\":\"hr\",\"potentialAction\":[{\"@type\":\"ReadAction\",\"target\":[\"https:\/\/fjallshop.si\/en\/product\/abisko-grid-fleece-hoodie-m\/\"]}]},{\"@type\":\"ImageObject\",\"inLanguage\":\"hr\",\"@id\":\"https:\/\/fjallshop.si\/en\/product\/abisko-grid-fleece-hoodie-m\/#primaryimage\",\"url\":\"https:\/\/fjallshop.si\/wp-content\/uploads\/2025\/12\/abisko_grid_fleece_hoodie_m_12600228-570_a_main_fjr.webp\",\"contentUrl\":\"https:\/\/fjallshop.si\/wp-content\/uploads\/2025\/12\/abisko_grid_fleece_hoodie_m_12600228-570_a_main_fjr.webp\",\"width\":680,\"height\":680},{\"@type\":\"BreadcrumbList\",\"@id\":\"https:\/\/fjallshop.si\/en\/product\/abisko-grid-fleece-hoodie-m\/#breadcrumb\",\"itemListElement\":[{\"@type\":\"ListItem\",\"position\":1,\"name\":\"Home\",\"item\":\"https:\/\/fjallshop.si\/hr\/\"},{\"@type\":\"ListItem\",\"position\":2,\"name\":\"Trgovina\",\"item\":\"https:\/\/fjallshop.si\/hr\/trgovina\/\"},{\"@type\":\"ListItem\",\"position\":3,\"name\":\"Abisko Grid Fleece Hoodie M\"}]},{\"@type\":\"WebSite\",\"@id\":\"https:\/\/fjallshop.si\/en\/#website\",\"url\":\"https:\/\/fjallshop.si\/en\/\",\"name\":\"Fj\u00e4llr\u00e4ven\",\"description\":\"Spletna trgovina\",\"publisher\":{\"@id\":\"https:\/\/fjallshop.si\/en\/#organization\"},\"potentialAction\":[{\"@type\":\"SearchAction\",\"target\":{\"@type\":\"EntryPoint\",\"urlTemplate\":\"https:\/\/fjallshop.si\/en\/?s={search_term_string}\"},\"query-input\":{\"@type\":\"PropertyValueSpecification\",\"valueRequired\":true,\"valueName\":\"search_term_string\"}}],\"inLanguage\":\"hr\"},{\"@type\":\"Organization\",\"@id\":\"https:\/\/fjallshop.si\/en\/#organization\",\"name\":\"Fj\u00e4llr\u00e4ven\",\"url\":\"https:\/\/fjallshop.si\/en\/\",\"logo\":{\"@type\":\"ImageObject\",\"inLanguage\":\"hr\",\"@id\":\"https:\/\/fjallshop.si\/en\/#\/schema\/logo\/image\/\",\"url\":\"https:\/\/fjallshop.si\/wp-content\/uploads\/2026\/02\/fjallravenlogo.svg\",\"contentUrl\":\"https:\/\/fjallshop.si\/wp-content\/uploads\/2026\/02\/fjallravenlogo.svg\",\"width\":126,\"height\":46,\"caption\":\"Fj\u00e4llr\u00e4ven\"},\"image\":{\"@id\":\"https:\/\/fjallshop.si\/en\/#\/schema\/logo\/image\/\"},\"sameAs\":[\"https:\/\/www.facebook.com\/FjallravenSlovenia\"]}]}<\/script>\n<!-- \/ Yoast SEO plugin. -->","yoast_head_json":{"title":"Abisko Grid Fleece Hoodie M - Fj\u00e4llr\u00e4ven","robots":{"index":"index","follow":"follow","max-snippet":"max-snippet:-1","max-image-preview":"max-image-preview:large","max-video-preview":"max-video-preview:-1"},"canonical":"https:\/\/fjallshop.si\/en\/product\/abisko-grid-fleece-hoodie-m\/","og_locale":"hr_HR","og_type":"article","og_title":"Abisko Grid Fleece Hoodie M - Fj\u00e4llr\u00e4ven","og_description":"Vsestransko uporaben flis iz recikliranega poliestra, ki se hitro su\u0161i.","og_url":"https:\/\/fjallshop.si\/en\/product\/abisko-grid-fleece-hoodie-m\/","og_site_name":"Fj\u00e4llr\u00e4ven","article_publisher":"https:\/\/www.facebook.com\/FjallravenSlovenia","article_modified_time":"2026-05-06T13:24:40+00:00","og_image":[{"width":680,"height":680,"url":"https:\/\/fjallshop.si\/wp-content\/uploads\/2025\/12\/abisko_grid_fleece_hoodie_m_12600228-570_a_main_fjr.webp","type":"image\/webp"}],"twitter_card":"summary_large_image","schema":{"@context":"https:\/\/schema.org","@graph":[{"@type":"WebPage","@id":"https:\/\/fjallshop.si\/en\/product\/abisko-grid-fleece-hoodie-m\/","url":"https:\/\/fjallshop.si\/en\/product\/abisko-grid-fleece-hoodie-m\/","name":"Abisko Grid Fleece Hoodie M - Fj\u00e4llr\u00e4ven","isPartOf":{"@id":"https:\/\/fjallshop.si\/en\/#website"},"primaryImageOfPage":{"@id":"https:\/\/fjallshop.si\/en\/product\/abisko-grid-fleece-hoodie-m\/#primaryimage"},"image":{"@id":"https:\/\/fjallshop.si\/en\/product\/abisko-grid-fleece-hoodie-m\/#primaryimage"},"thumbnailUrl":"https:\/\/fjallshop.si\/wp-content\/uploads\/2025\/12\/abisko_grid_fleece_hoodie_m_12600228-570_a_main_fjr.webp","datePublished":"2025-12-21T23:34:01+00:00","dateModified":"2026-05-06T13:24:40+00:00","breadcrumb":{"@id":"https:\/\/fjallshop.si\/en\/product\/abisko-grid-fleece-hoodie-m\/#breadcrumb"},"inLanguage":"hr","potentialAction":[{"@type":"ReadAction","target":["https:\/\/fjallshop.si\/en\/product\/abisko-grid-fleece-hoodie-m\/"]}]},{"@type":"ImageObject","inLanguage":"hr","@id":"https:\/\/fjallshop.si\/en\/product\/abisko-grid-fleece-hoodie-m\/#primaryimage","url":"https:\/\/fjallshop.si\/wp-content\/uploads\/2025\/12\/abisko_grid_fleece_hoodie_m_12600228-570_a_main_fjr.webp","contentUrl":"https:\/\/fjallshop.si\/wp-content\/uploads\/2025\/12\/abisko_grid_fleece_hoodie_m_12600228-570_a_main_fjr.webp","width":680,"height":680},{"@type":"BreadcrumbList","@id":"https:\/\/fjallshop.si\/en\/product\/abisko-grid-fleece-hoodie-m\/#breadcrumb","itemListElement":[{"@type":"ListItem","position":1,"name":"Home","item":"https:\/\/fjallshop.si\/hr\/"},{"@type":"ListItem","position":2,"name":"Trgovina","item":"https:\/\/fjallshop.si\/hr\/trgovina\/"},{"@type":"ListItem","position":3,"name":"Abisko Grid Fleece Hoodie M"}]},{"@type":"WebSite","@id":"https:\/\/fjallshop.si\/en\/#website","url":"https:\/\/fjallshop.si\/en\/","name":"Fj\u00e4llr\u00e4ven","description":"Spletna trgovina","publisher":{"@id":"https:\/\/fjallshop.si\/en\/#organization"},"potentialAction":[{"@type":"SearchAction","target":{"@type":"EntryPoint","urlTemplate":"https:\/\/fjallshop.si\/en\/?s={search_term_string}"},"query-input":{"@type":"PropertyValueSpecification","valueRequired":true,"valueName":"search_term_string"}}],"inLanguage":"hr"},{"@type":"Organization","@id":"https:\/\/fjallshop.si\/en\/#organization","name":"Fj\u00e4llr\u00e4ven","url":"https:\/\/fjallshop.si\/en\/","logo":{"@type":"ImageObject","inLanguage":"hr","@id":"https:\/\/fjallshop.si\/en\/#\/schema\/logo\/image\/","url":"https:\/\/fjallshop.si\/wp-content\/uploads\/2026\/02\/fjallravenlogo.svg","contentUrl":"https:\/\/fjallshop.si\/wp-content\/uploads\/2026\/02\/fjallravenlogo.svg","width":126,"height":46,"caption":"Fj\u00e4llr\u00e4ven"},"image":{"@id":"https:\/\/fjallshop.si\/en\/#\/schema\/logo\/image\/"},"sameAs":["https:\/\/www.facebook.com\/FjallravenSlovenia"]}]}},"_links":{"self":[{"href":"https:\/\/fjallshop.si\/hr\/wp-json\/wp\/v2\/product\/1026212","targetHints":{"allow":["GET"]}}],"collection":[{"href":"https:\/\/fjallshop.si\/hr\/wp-json\/wp\/v2\/product"}],"about":[{"href":"https:\/\/fjallshop.si\/hr\/wp-json\/wp\/v2\/types\/product"}],"version-history":[{"count":1,"href":"https:\/\/fjallshop.si\/hr\/wp-json\/wp\/v2\/product\/1026212\/revisions"}],"predecessor-version":[{"id":1026221,"href":"https:\/\/fjallshop.si\/hr\/wp-json\/wp\/v2\/product\/1026212\/revisions\/1026221"}],"wp:featuredmedia":[{"embeddable":true,"href":"https:\/\/fjallshop.si\/hr\/wp-json\/wp\/v2\/media\/1026222"}],"wp:attachment":[{"href":"https:\/\/fjallshop.si\/hr\/wp-json\/wp\/v2\/media?parent=1026212"}],"wp:term":[{"taxonomy":"product_brand","embeddable":true,"href":"https:\/\/fjallshop.si\/hr\/wp-json\/wp\/v2\/product_brand?post=1026212"},{"taxonomy":"product_cat","embeddable":true,"href":"https:\/\/fjallshop.si\/hr\/wp-json\/wp\/v2\/product_cat?post=1026212"},{"taxonomy":"product_tag","embeddable":true,"href":"https:\/\/fjallshop.si\/hr\/wp-json\/wp\/v2\/product_tag?post=1026212"}],"curies":[{"name":"wp","href":"https:\/\/api.w.org\/{rel}","templated":true}]}}