{"id":1026805,"date":"2025-12-21T23:36:23","date_gmt":"2025-12-21T23:36:23","guid":{"rendered":"https:\/\/fjallravensi.dev.mortar.tovarnaidej.com\/?post_type=product&#038;p=1026805"},"modified":"2026-05-07T11:12:35","modified_gmt":"2026-05-07T11:12:35","slug":"kanken-mini","status":"publish","type":"product","link":"https:\/\/fjallshop.si\/hr\/proizvod\/kanken-mini\/","title":{"rendered":"K\u00e5nken Mini"},"content":{"rendered":"<p>K\u00e5nken je bil ustvarjen leta 1978 za prepre\u010devanje te\u017eav s hrbtom pri \u0161vedskih \u0161olarjih in je od takrat postal eden najbolj cenjenih izdelkov Fj\u00e4llr\u00e4ven. Mini razli\u010dica je primerna tako za majhne otroke kot za odrasle, ki i\u0161\u010dejo majhen nahrbtnik. Popoln je za no\u0161enje preobleke za vrtec ali hrane na izletu ter kot elegantna torba za vsak dan za knjige, steklenice za vodo, sadje in drugo. Naramnice so dolge in nastavljive ter se prilegajo tako majhnim kot velikim hrbtom. Zapnejo se lahko z zaponko, tako da niso v napoto, ko so najbolj tesne. Material je trpe\u017ena in lahka tkanina Vinylon F, ki je odporna na umazanijo in vlago. Glavni predal ima veliko odprtino z zadrgo, kar omogo\u010da enostavno pakiranje in razpakiranje. Dva ravna stranska \u017eepa in \u017eep z zadrgo na sprednji strani. Prilo\u017eena sede\u017ena blazina iz PE pene je shranjena v notranjem zadnjem \u017eepu in prepre\u010duje, da bi vsebina glavnega predala udarjala ob hrbet. Ro\u010daji na vrhu in ozki, nastavljivi naramnice. Logotip na sprednji strani je odsevni. V glavnem predalu ima tudi nalepko z naslovom.<\/p>\n","protected":false},"excerpt":{"rendered":"<p>Manj\u0161a razli\u010dica najbolj priljubljenega nahrbtnika na svetu.<\/p>\n","protected":false},"featured_media":1026832,"template":"","meta":[],"product_brand":[132],"product_cat":[769],"product_tag":[578,500,520,576,590],"class_list":{"0":"post-1026805","1":"product","2":"type-product","3":"status-publish","4":"has-post-thumbnail","6":"product_brand-kanken","7":"product_cat-torbe-in-nahrbtniki","8":"product_tag-dnevni-nahrbtniki","9":"product_tag-kanken","10":"product_tag-kanken-classic","11":"product_tag-nahrbtniki-torbe","12":"product_tag-oprema","14":"first","15":"instock","16":"shipping-taxable","17":"purchasable","18":"product-type-variable"},"yoast_head":"<!-- This site is optimized with the Yoast SEO plugin v27.0 - https:\/\/yoast.com\/product\/yoast-seo-wordpress\/ -->\n<title>K\u00e5nken Mini - Fj\u00e4llr\u00e4ven<\/title>\n<meta name=\"robots\" content=\"index, follow, max-snippet:-1, max-image-preview:large, max-video-preview:-1\" \/>\n<link rel=\"canonical\" href=\"https:\/\/fjallshop.si\/izdelek\/kanken-mini\/\" \/>\n<meta property=\"og:locale\" content=\"hr_HR\" \/>\n<meta property=\"og:type\" content=\"article\" \/>\n<meta property=\"og:title\" content=\"K\u00e5nken Mini - Fj\u00e4llr\u00e4ven\" \/>\n<meta property=\"og:description\" content=\"Manj\u0161a razli\u010dica najbolj priljubljenega nahrbtnika na svetu.\" \/>\n<meta property=\"og:url\" content=\"https:\/\/fjallshop.si\/izdelek\/kanken-mini\/\" \/>\n<meta property=\"og:site_name\" content=\"Fj\u00e4llr\u00e4ven\" \/>\n<meta property=\"article:publisher\" content=\"https:\/\/www.facebook.com\/FjallravenSlovenia\" \/>\n<meta property=\"article:modified_time\" content=\"2026-05-07T11:12:35+00:00\" \/>\n<meta property=\"og:image\" content=\"https:\/\/fjallshop.si\/wp-content\/uploads\/2025\/12\/kanken_mini_23561-021-312_a_main_fjr-2.jpg\" \/>\n\t<meta property=\"og:image:width\" content=\"1248\" \/>\n\t<meta property=\"og:image:height\" content=\"1248\" \/>\n\t<meta property=\"og:image:type\" content=\"image\/jpeg\" \/>\n<meta name=\"twitter:card\" content=\"summary_large_image\" \/>\n<meta name=\"twitter:label1\" content=\"Procijenjeno vrijeme \u010ditanja\" \/>\n\t<meta name=\"twitter:data1\" content=\"1 minuta\" \/>\n<script type=\"application\/ld+json\" class=\"yoast-schema-graph\">{\"@context\":\"https:\/\/schema.org\",\"@graph\":[{\"@type\":\"WebPage\",\"@id\":\"https:\/\/fjallshop.si\/izdelek\/kanken-mini\/\",\"url\":\"https:\/\/fjallshop.si\/izdelek\/kanken-mini\/\",\"name\":\"K\u00e5nken Mini - Fj\u00e4llr\u00e4ven\",\"isPartOf\":{\"@id\":\"https:\/\/fjallshop.si\/en\/#website\"},\"primaryImageOfPage\":{\"@id\":\"https:\/\/fjallshop.si\/izdelek\/kanken-mini\/#primaryimage\"},\"image\":{\"@id\":\"https:\/\/fjallshop.si\/izdelek\/kanken-mini\/#primaryimage\"},\"thumbnailUrl\":\"https:\/\/fjallshop.si\/wp-content\/uploads\/2025\/12\/kanken_mini_23561-021-312_a_main_fjr-2.jpg\",\"datePublished\":\"2025-12-21T23:36:23+00:00\",\"dateModified\":\"2026-05-07T11:12:35+00:00\",\"breadcrumb\":{\"@id\":\"https:\/\/fjallshop.si\/izdelek\/kanken-mini\/#breadcrumb\"},\"inLanguage\":\"hr\",\"potentialAction\":[{\"@type\":\"ReadAction\",\"target\":[\"https:\/\/fjallshop.si\/izdelek\/kanken-mini\/\"]}]},{\"@type\":\"ImageObject\",\"inLanguage\":\"hr\",\"@id\":\"https:\/\/fjallshop.si\/izdelek\/kanken-mini\/#primaryimage\",\"url\":\"https:\/\/fjallshop.si\/wp-content\/uploads\/2025\/12\/kanken_mini_23561-021-312_a_main_fjr-2.jpg\",\"contentUrl\":\"https:\/\/fjallshop.si\/wp-content\/uploads\/2025\/12\/kanken_mini_23561-021-312_a_main_fjr-2.jpg\",\"width\":1248,\"height\":1248},{\"@type\":\"BreadcrumbList\",\"@id\":\"https:\/\/fjallshop.si\/izdelek\/kanken-mini\/#breadcrumb\",\"itemListElement\":[{\"@type\":\"ListItem\",\"position\":1,\"name\":\"Home\",\"item\":\"https:\/\/fjallshop.si\/hr\/\"},{\"@type\":\"ListItem\",\"position\":2,\"name\":\"Trgovina\",\"item\":\"https:\/\/fjallshop.si\/hr\/trgovina\/\"},{\"@type\":\"ListItem\",\"position\":3,\"name\":\"K\u00e5nken Mini\"}]},{\"@type\":\"WebSite\",\"@id\":\"https:\/\/fjallshop.si\/en\/#website\",\"url\":\"https:\/\/fjallshop.si\/en\/\",\"name\":\"Fj\u00e4llr\u00e4ven\",\"description\":\"Spletna trgovina\",\"publisher\":{\"@id\":\"https:\/\/fjallshop.si\/en\/#organization\"},\"potentialAction\":[{\"@type\":\"SearchAction\",\"target\":{\"@type\":\"EntryPoint\",\"urlTemplate\":\"https:\/\/fjallshop.si\/en\/?s={search_term_string}\"},\"query-input\":{\"@type\":\"PropertyValueSpecification\",\"valueRequired\":true,\"valueName\":\"search_term_string\"}}],\"inLanguage\":\"hr\"},{\"@type\":\"Organization\",\"@id\":\"https:\/\/fjallshop.si\/en\/#organization\",\"name\":\"Fj\u00e4llr\u00e4ven\",\"url\":\"https:\/\/fjallshop.si\/en\/\",\"logo\":{\"@type\":\"ImageObject\",\"inLanguage\":\"hr\",\"@id\":\"https:\/\/fjallshop.si\/en\/#\/schema\/logo\/image\/\",\"url\":\"https:\/\/fjallshop.si\/wp-content\/uploads\/2026\/02\/fjallravenlogo.svg\",\"contentUrl\":\"https:\/\/fjallshop.si\/wp-content\/uploads\/2026\/02\/fjallravenlogo.svg\",\"width\":126,\"height\":46,\"caption\":\"Fj\u00e4llr\u00e4ven\"},\"image\":{\"@id\":\"https:\/\/fjallshop.si\/en\/#\/schema\/logo\/image\/\"},\"sameAs\":[\"https:\/\/www.facebook.com\/FjallravenSlovenia\"]}]}<\/script>\n<!-- \/ Yoast SEO plugin. -->","yoast_head_json":{"title":"K\u00e5nken Mini - Fj\u00e4llr\u00e4ven","robots":{"index":"index","follow":"follow","max-snippet":"max-snippet:-1","max-image-preview":"max-image-preview:large","max-video-preview":"max-video-preview:-1"},"canonical":"https:\/\/fjallshop.si\/izdelek\/kanken-mini\/","og_locale":"hr_HR","og_type":"article","og_title":"K\u00e5nken Mini - Fj\u00e4llr\u00e4ven","og_description":"Manj\u0161a razli\u010dica najbolj priljubljenega nahrbtnika na svetu.","og_url":"https:\/\/fjallshop.si\/izdelek\/kanken-mini\/","og_site_name":"Fj\u00e4llr\u00e4ven","article_publisher":"https:\/\/www.facebook.com\/FjallravenSlovenia","article_modified_time":"2026-05-07T11:12:35+00:00","og_image":[{"width":1248,"height":1248,"url":"https:\/\/fjallshop.si\/wp-content\/uploads\/2025\/12\/kanken_mini_23561-021-312_a_main_fjr-2.jpg","type":"image\/jpeg"}],"twitter_card":"summary_large_image","twitter_misc":{"Procijenjeno vrijeme \u010ditanja":"1 minuta"},"schema":{"@context":"https:\/\/schema.org","@graph":[{"@type":"WebPage","@id":"https:\/\/fjallshop.si\/izdelek\/kanken-mini\/","url":"https:\/\/fjallshop.si\/izdelek\/kanken-mini\/","name":"K\u00e5nken Mini - Fj\u00e4llr\u00e4ven","isPartOf":{"@id":"https:\/\/fjallshop.si\/en\/#website"},"primaryImageOfPage":{"@id":"https:\/\/fjallshop.si\/izdelek\/kanken-mini\/#primaryimage"},"image":{"@id":"https:\/\/fjallshop.si\/izdelek\/kanken-mini\/#primaryimage"},"thumbnailUrl":"https:\/\/fjallshop.si\/wp-content\/uploads\/2025\/12\/kanken_mini_23561-021-312_a_main_fjr-2.jpg","datePublished":"2025-12-21T23:36:23+00:00","dateModified":"2026-05-07T11:12:35+00:00","breadcrumb":{"@id":"https:\/\/fjallshop.si\/izdelek\/kanken-mini\/#breadcrumb"},"inLanguage":"hr","potentialAction":[{"@type":"ReadAction","target":["https:\/\/fjallshop.si\/izdelek\/kanken-mini\/"]}]},{"@type":"ImageObject","inLanguage":"hr","@id":"https:\/\/fjallshop.si\/izdelek\/kanken-mini\/#primaryimage","url":"https:\/\/fjallshop.si\/wp-content\/uploads\/2025\/12\/kanken_mini_23561-021-312_a_main_fjr-2.jpg","contentUrl":"https:\/\/fjallshop.si\/wp-content\/uploads\/2025\/12\/kanken_mini_23561-021-312_a_main_fjr-2.jpg","width":1248,"height":1248},{"@type":"BreadcrumbList","@id":"https:\/\/fjallshop.si\/izdelek\/kanken-mini\/#breadcrumb","itemListElement":[{"@type":"ListItem","position":1,"name":"Home","item":"https:\/\/fjallshop.si\/hr\/"},{"@type":"ListItem","position":2,"name":"Trgovina","item":"https:\/\/fjallshop.si\/hr\/trgovina\/"},{"@type":"ListItem","position":3,"name":"K\u00e5nken Mini"}]},{"@type":"WebSite","@id":"https:\/\/fjallshop.si\/en\/#website","url":"https:\/\/fjallshop.si\/en\/","name":"Fj\u00e4llr\u00e4ven","description":"Spletna trgovina","publisher":{"@id":"https:\/\/fjallshop.si\/en\/#organization"},"potentialAction":[{"@type":"SearchAction","target":{"@type":"EntryPoint","urlTemplate":"https:\/\/fjallshop.si\/en\/?s={search_term_string}"},"query-input":{"@type":"PropertyValueSpecification","valueRequired":true,"valueName":"search_term_string"}}],"inLanguage":"hr"},{"@type":"Organization","@id":"https:\/\/fjallshop.si\/en\/#organization","name":"Fj\u00e4llr\u00e4ven","url":"https:\/\/fjallshop.si\/en\/","logo":{"@type":"ImageObject","inLanguage":"hr","@id":"https:\/\/fjallshop.si\/en\/#\/schema\/logo\/image\/","url":"https:\/\/fjallshop.si\/wp-content\/uploads\/2026\/02\/fjallravenlogo.svg","contentUrl":"https:\/\/fjallshop.si\/wp-content\/uploads\/2026\/02\/fjallravenlogo.svg","width":126,"height":46,"caption":"Fj\u00e4llr\u00e4ven"},"image":{"@id":"https:\/\/fjallshop.si\/en\/#\/schema\/logo\/image\/"},"sameAs":["https:\/\/www.facebook.com\/FjallravenSlovenia"]}]}},"_links":{"self":[{"href":"https:\/\/fjallshop.si\/hr\/wp-json\/wp\/v2\/product\/1026805","targetHints":{"allow":["GET"]}}],"collection":[{"href":"https:\/\/fjallshop.si\/hr\/wp-json\/wp\/v2\/product"}],"about":[{"href":"https:\/\/fjallshop.si\/hr\/wp-json\/wp\/v2\/types\/product"}],"version-history":[{"count":1,"href":"https:\/\/fjallshop.si\/hr\/wp-json\/wp\/v2\/product\/1026805\/revisions"}],"predecessor-version":[{"id":1026829,"href":"https:\/\/fjallshop.si\/hr\/wp-json\/wp\/v2\/product\/1026805\/revisions\/1026829"}],"wp:featuredmedia":[{"embeddable":true,"href":"https:\/\/fjallshop.si\/hr\/wp-json\/wp\/v2\/media\/1026832"}],"wp:attachment":[{"href":"https:\/\/fjallshop.si\/hr\/wp-json\/wp\/v2\/media?parent=1026805"}],"wp:term":[{"taxonomy":"product_brand","embeddable":true,"href":"https:\/\/fjallshop.si\/hr\/wp-json\/wp\/v2\/product_brand?post=1026805"},{"taxonomy":"product_cat","embeddable":true,"href":"https:\/\/fjallshop.si\/hr\/wp-json\/wp\/v2\/product_cat?post=1026805"},{"taxonomy":"product_tag","embeddable":true,"href":"https:\/\/fjallshop.si\/hr\/wp-json\/wp\/v2\/product_tag?post=1026805"}],"curies":[{"name":"wp","href":"https:\/\/api.w.org\/{rel}","templated":true}]}}