{"id":1027032,"date":"2025-12-21T23:37:21","date_gmt":"2025-12-21T23:37:21","guid":{"rendered":"https:\/\/fjallravensi.dev.mortar.tovarnaidej.com\/?post_type=product&#038;p=1027032"},"modified":"2026-05-06T13:27:33","modified_gmt":"2026-05-06T13:27:33","slug":"abisko-summer-hat","status":"publish","type":"product","link":"https:\/\/fjallshop.si\/hr\/proizvod\/abisko-summer-hat\/","title":{"rendered":"Abisko Summer Hat"},"content":{"rendered":"<p>Klobuk s \u0161irokimi krajci iz hitro su\u0161e\u010dega, hladnega materiala G-1000 Lite. Zagotavlja odli\u010dno za\u0161\u010dito pred soncem, tako za obraz kot za vrat, med pohodni\u0161tvom, veslanjem ali drugimi dejavnostmi na prostem. Mehak rob, ki ga je mogo\u010de ob straneh zlo\u017eiti in pritrditi s pritiskom na gumbe. Nastavljiv trak za brado iz materiala G-1000 ga ohrani na mestu, ko se okrepi veter. Logotip Fj\u00e4llr\u00e4ven iz usnja spredaj.<\/p>\n","protected":false},"excerpt":{"rendered":"<p>Udoben klobuk s \u0161irokim krajcem, ki se zelo hitro su\u0161i, nudi za\u0161\u010dito pred soncem in omogo\u010da odli\u010dno za\u0161\u010dito pred soncem tako obraza kot vratu.<\/p>\n","protected":false},"featured_media":1027049,"template":"","meta":[],"product_brand":[458],"product_cat":[55],"product_tag":[472,554,541],"class_list":{"0":"post-1027032","1":"product","2":"type-product","3":"status-publish","4":"has-post-thumbnail","6":"product_brand-abisko","7":"product_cat-dodatki","8":"product_tag-abisko","9":"product_tag-dodatki","10":"product_tag-dodatki-kape","12":"first","13":"instock","14":"shipping-taxable","15":"purchasable","16":"product-type-variable"},"yoast_head":"<!-- This site is optimized with the Yoast SEO plugin v27.0 - https:\/\/yoast.com\/product\/yoast-seo-wordpress\/ -->\n<title>Abisko Summer Hat - Fj\u00e4llr\u00e4ven<\/title>\n<meta name=\"robots\" content=\"index, follow, max-snippet:-1, max-image-preview:large, max-video-preview:-1\" \/>\n<link rel=\"canonical\" href=\"https:\/\/fjallshop.si\/izdelek\/abisko-summer-hat\/\" \/>\n<meta property=\"og:locale\" content=\"hr_HR\" \/>\n<meta property=\"og:type\" content=\"article\" \/>\n<meta property=\"og:title\" content=\"Abisko Summer Hat - Fj\u00e4llr\u00e4ven\" \/>\n<meta property=\"og:description\" content=\"Udoben klobuk s \u0161irokim krajcem, ki se zelo hitro su\u0161i, nudi za\u0161\u010dito pred soncem in omogo\u010da odli\u010dno za\u0161\u010dito pred soncem tako obraza kot vratu.\" \/>\n<meta property=\"og:url\" content=\"https:\/\/fjallshop.si\/izdelek\/abisko-summer-hat\/\" \/>\n<meta property=\"og:site_name\" content=\"Fj\u00e4llr\u00e4ven\" \/>\n<meta property=\"article:publisher\" content=\"https:\/\/www.facebook.com\/FjallravenSlovenia\" \/>\n<meta property=\"article:modified_time\" content=\"2026-05-06T13:27:33+00:00\" \/>\n<meta property=\"og:image\" content=\"https:\/\/fjallshop.si\/wp-content\/uploads\/2025\/12\/7323450597535_ss20_a_abisko_summer_hat_fjaellraeven_21.webp\" \/>\n\t<meta property=\"og:image:width\" content=\"1000\" \/>\n\t<meta property=\"og:image:height\" content=\"1000\" \/>\n\t<meta property=\"og:image:type\" content=\"image\/webp\" \/>\n<meta name=\"twitter:card\" content=\"summary_large_image\" \/>\n<script type=\"application\/ld+json\" class=\"yoast-schema-graph\">{\"@context\":\"https:\/\/schema.org\",\"@graph\":[{\"@type\":\"WebPage\",\"@id\":\"https:\/\/fjallshop.si\/izdelek\/abisko-summer-hat\/\",\"url\":\"https:\/\/fjallshop.si\/izdelek\/abisko-summer-hat\/\",\"name\":\"Abisko Summer Hat - Fj\u00e4llr\u00e4ven\",\"isPartOf\":{\"@id\":\"https:\/\/fjallshop.si\/en\/#website\"},\"primaryImageOfPage\":{\"@id\":\"https:\/\/fjallshop.si\/izdelek\/abisko-summer-hat\/#primaryimage\"},\"image\":{\"@id\":\"https:\/\/fjallshop.si\/izdelek\/abisko-summer-hat\/#primaryimage\"},\"thumbnailUrl\":\"https:\/\/fjallshop.si\/wp-content\/uploads\/2025\/12\/7323450597535_ss20_a_abisko_summer_hat_fjaellraeven_21.webp\",\"datePublished\":\"2025-12-21T23:37:21+00:00\",\"dateModified\":\"2026-05-06T13:27:33+00:00\",\"breadcrumb\":{\"@id\":\"https:\/\/fjallshop.si\/izdelek\/abisko-summer-hat\/#breadcrumb\"},\"inLanguage\":\"hr\",\"potentialAction\":[{\"@type\":\"ReadAction\",\"target\":[\"https:\/\/fjallshop.si\/izdelek\/abisko-summer-hat\/\"]}]},{\"@type\":\"ImageObject\",\"inLanguage\":\"hr\",\"@id\":\"https:\/\/fjallshop.si\/izdelek\/abisko-summer-hat\/#primaryimage\",\"url\":\"https:\/\/fjallshop.si\/wp-content\/uploads\/2025\/12\/7323450597535_ss20_a_abisko_summer_hat_fjaellraeven_21.webp\",\"contentUrl\":\"https:\/\/fjallshop.si\/wp-content\/uploads\/2025\/12\/7323450597535_ss20_a_abisko_summer_hat_fjaellraeven_21.webp\",\"width\":1000,\"height\":1000},{\"@type\":\"BreadcrumbList\",\"@id\":\"https:\/\/fjallshop.si\/izdelek\/abisko-summer-hat\/#breadcrumb\",\"itemListElement\":[{\"@type\":\"ListItem\",\"position\":1,\"name\":\"Home\",\"item\":\"https:\/\/fjallshop.si\/hr\/\"},{\"@type\":\"ListItem\",\"position\":2,\"name\":\"Trgovina\",\"item\":\"https:\/\/fjallshop.si\/hr\/trgovina\/\"},{\"@type\":\"ListItem\",\"position\":3,\"name\":\"Abisko Summer Hat\"}]},{\"@type\":\"WebSite\",\"@id\":\"https:\/\/fjallshop.si\/en\/#website\",\"url\":\"https:\/\/fjallshop.si\/en\/\",\"name\":\"Fj\u00e4llr\u00e4ven\",\"description\":\"Spletna trgovina\",\"publisher\":{\"@id\":\"https:\/\/fjallshop.si\/en\/#organization\"},\"potentialAction\":[{\"@type\":\"SearchAction\",\"target\":{\"@type\":\"EntryPoint\",\"urlTemplate\":\"https:\/\/fjallshop.si\/en\/?s={search_term_string}\"},\"query-input\":{\"@type\":\"PropertyValueSpecification\",\"valueRequired\":true,\"valueName\":\"search_term_string\"}}],\"inLanguage\":\"hr\"},{\"@type\":\"Organization\",\"@id\":\"https:\/\/fjallshop.si\/en\/#organization\",\"name\":\"Fj\u00e4llr\u00e4ven\",\"url\":\"https:\/\/fjallshop.si\/en\/\",\"logo\":{\"@type\":\"ImageObject\",\"inLanguage\":\"hr\",\"@id\":\"https:\/\/fjallshop.si\/en\/#\/schema\/logo\/image\/\",\"url\":\"https:\/\/fjallshop.si\/wp-content\/uploads\/2026\/02\/fjallravenlogo.svg\",\"contentUrl\":\"https:\/\/fjallshop.si\/wp-content\/uploads\/2026\/02\/fjallravenlogo.svg\",\"width\":126,\"height\":46,\"caption\":\"Fj\u00e4llr\u00e4ven\"},\"image\":{\"@id\":\"https:\/\/fjallshop.si\/en\/#\/schema\/logo\/image\/\"},\"sameAs\":[\"https:\/\/www.facebook.com\/FjallravenSlovenia\"]}]}<\/script>\n<!-- \/ Yoast SEO plugin. -->","yoast_head_json":{"title":"Abisko Summer Hat - Fj\u00e4llr\u00e4ven","robots":{"index":"index","follow":"follow","max-snippet":"max-snippet:-1","max-image-preview":"max-image-preview:large","max-video-preview":"max-video-preview:-1"},"canonical":"https:\/\/fjallshop.si\/izdelek\/abisko-summer-hat\/","og_locale":"hr_HR","og_type":"article","og_title":"Abisko Summer Hat - Fj\u00e4llr\u00e4ven","og_description":"Udoben klobuk s \u0161irokim krajcem, ki se zelo hitro su\u0161i, nudi za\u0161\u010dito pred soncem in omogo\u010da odli\u010dno za\u0161\u010dito pred soncem tako obraza kot vratu.","og_url":"https:\/\/fjallshop.si\/izdelek\/abisko-summer-hat\/","og_site_name":"Fj\u00e4llr\u00e4ven","article_publisher":"https:\/\/www.facebook.com\/FjallravenSlovenia","article_modified_time":"2026-05-06T13:27:33+00:00","og_image":[{"width":1000,"height":1000,"url":"https:\/\/fjallshop.si\/wp-content\/uploads\/2025\/12\/7323450597535_ss20_a_abisko_summer_hat_fjaellraeven_21.webp","type":"image\/webp"}],"twitter_card":"summary_large_image","schema":{"@context":"https:\/\/schema.org","@graph":[{"@type":"WebPage","@id":"https:\/\/fjallshop.si\/izdelek\/abisko-summer-hat\/","url":"https:\/\/fjallshop.si\/izdelek\/abisko-summer-hat\/","name":"Abisko Summer Hat - Fj\u00e4llr\u00e4ven","isPartOf":{"@id":"https:\/\/fjallshop.si\/en\/#website"},"primaryImageOfPage":{"@id":"https:\/\/fjallshop.si\/izdelek\/abisko-summer-hat\/#primaryimage"},"image":{"@id":"https:\/\/fjallshop.si\/izdelek\/abisko-summer-hat\/#primaryimage"},"thumbnailUrl":"https:\/\/fjallshop.si\/wp-content\/uploads\/2025\/12\/7323450597535_ss20_a_abisko_summer_hat_fjaellraeven_21.webp","datePublished":"2025-12-21T23:37:21+00:00","dateModified":"2026-05-06T13:27:33+00:00","breadcrumb":{"@id":"https:\/\/fjallshop.si\/izdelek\/abisko-summer-hat\/#breadcrumb"},"inLanguage":"hr","potentialAction":[{"@type":"ReadAction","target":["https:\/\/fjallshop.si\/izdelek\/abisko-summer-hat\/"]}]},{"@type":"ImageObject","inLanguage":"hr","@id":"https:\/\/fjallshop.si\/izdelek\/abisko-summer-hat\/#primaryimage","url":"https:\/\/fjallshop.si\/wp-content\/uploads\/2025\/12\/7323450597535_ss20_a_abisko_summer_hat_fjaellraeven_21.webp","contentUrl":"https:\/\/fjallshop.si\/wp-content\/uploads\/2025\/12\/7323450597535_ss20_a_abisko_summer_hat_fjaellraeven_21.webp","width":1000,"height":1000},{"@type":"BreadcrumbList","@id":"https:\/\/fjallshop.si\/izdelek\/abisko-summer-hat\/#breadcrumb","itemListElement":[{"@type":"ListItem","position":1,"name":"Home","item":"https:\/\/fjallshop.si\/hr\/"},{"@type":"ListItem","position":2,"name":"Trgovina","item":"https:\/\/fjallshop.si\/hr\/trgovina\/"},{"@type":"ListItem","position":3,"name":"Abisko Summer Hat"}]},{"@type":"WebSite","@id":"https:\/\/fjallshop.si\/en\/#website","url":"https:\/\/fjallshop.si\/en\/","name":"Fj\u00e4llr\u00e4ven","description":"Spletna trgovina","publisher":{"@id":"https:\/\/fjallshop.si\/en\/#organization"},"potentialAction":[{"@type":"SearchAction","target":{"@type":"EntryPoint","urlTemplate":"https:\/\/fjallshop.si\/en\/?s={search_term_string}"},"query-input":{"@type":"PropertyValueSpecification","valueRequired":true,"valueName":"search_term_string"}}],"inLanguage":"hr"},{"@type":"Organization","@id":"https:\/\/fjallshop.si\/en\/#organization","name":"Fj\u00e4llr\u00e4ven","url":"https:\/\/fjallshop.si\/en\/","logo":{"@type":"ImageObject","inLanguage":"hr","@id":"https:\/\/fjallshop.si\/en\/#\/schema\/logo\/image\/","url":"https:\/\/fjallshop.si\/wp-content\/uploads\/2026\/02\/fjallravenlogo.svg","contentUrl":"https:\/\/fjallshop.si\/wp-content\/uploads\/2026\/02\/fjallravenlogo.svg","width":126,"height":46,"caption":"Fj\u00e4llr\u00e4ven"},"image":{"@id":"https:\/\/fjallshop.si\/en\/#\/schema\/logo\/image\/"},"sameAs":["https:\/\/www.facebook.com\/FjallravenSlovenia"]}]}},"_links":{"self":[{"href":"https:\/\/fjallshop.si\/hr\/wp-json\/wp\/v2\/product\/1027032","targetHints":{"allow":["GET"]}}],"collection":[{"href":"https:\/\/fjallshop.si\/hr\/wp-json\/wp\/v2\/product"}],"about":[{"href":"https:\/\/fjallshop.si\/hr\/wp-json\/wp\/v2\/types\/product"}],"version-history":[{"count":1,"href":"https:\/\/fjallshop.si\/hr\/wp-json\/wp\/v2\/product\/1027032\/revisions"}],"predecessor-version":[{"id":1027046,"href":"https:\/\/fjallshop.si\/hr\/wp-json\/wp\/v2\/product\/1027032\/revisions\/1027046"}],"wp:featuredmedia":[{"embeddable":true,"href":"https:\/\/fjallshop.si\/hr\/wp-json\/wp\/v2\/media\/1027049"}],"wp:attachment":[{"href":"https:\/\/fjallshop.si\/hr\/wp-json\/wp\/v2\/media?parent=1027032"}],"wp:term":[{"taxonomy":"product_brand","embeddable":true,"href":"https:\/\/fjallshop.si\/hr\/wp-json\/wp\/v2\/product_brand?post=1027032"},{"taxonomy":"product_cat","embeddable":true,"href":"https:\/\/fjallshop.si\/hr\/wp-json\/wp\/v2\/product_cat?post=1027032"},{"taxonomy":"product_tag","embeddable":true,"href":"https:\/\/fjallshop.si\/hr\/wp-json\/wp\/v2\/product_tag?post=1027032"}],"curies":[{"name":"wp","href":"https:\/\/api.w.org\/{rel}","templated":true}]}}