{"id":1028207,"date":"2025-12-21T23:41:37","date_gmt":"2025-12-21T23:41:37","guid":{"rendered":"https:\/\/fjallravensi.dev.mortar.tovarnaidej.com\/?post_type=product&#038;p=1028207"},"modified":"2026-05-06T13:36:11","modified_gmt":"2026-05-06T13:36:11","slug":"keb-eco-shell-trousers-m","status":"publish","type":"product","link":"https:\/\/fjallshop.si\/hr\/proizvod\/keb-eco-shell-trousers-m\/","title":{"rendered":"Keb Eco-Shell Trousers M"},"content":{"rendered":"<p>Troslojne hla\u010de, odporne proti vetru in vodi, za celoletno uporabo v spremenljivih vremenskih razmerah. Izdelane iz raztegljivega Eco-Shell materiala za visoko zmogljivost in najmanj\u0161i mo\u017een vpliv na okolje. Tkanina je hkrati trpe\u017ena, saj sledi gibanju telesa in odvaja vlago, ki se nabira v notranjosti med aktivnostjo. Popolna izbira za pohodni\u0161tvo in vzpone na vrhove po zahtevnem terenu \u2013 minimalisti\u010den dizajn omogo\u010da la\u017eje gibanje, hkrati pa vas popolnoma \u0161\u010diti pred vremenskimi vplivi. Kroj je skrbno premi\u0161ljen, predhodno oblikovana kolena in zadnji del pa zagotavljajo maksimalno svobodo gibanja. Kroj je prilagojen tako, da jih je mogo\u010de nositi na primer \u010dez pohodni\u0161ke hla\u010de iz materiala G-1000. Dolge dvosmerne vodoodporne zadrge ob straneh spro\u0161\u010dajo odve\u010dno toploto in omogo\u010dajo enostavno obuvanje\/sezuvanje. Pas ima ob strani nastavitev z je\u017ekom in pas z enostavno zaponko, ki se dobro prilega pod plezalni pas ali nahrbtnik. Dva \u017eepa z zadrgo omogo\u010data, da so majhne stvari pri roki. Oja\u010ditve iz Cordure na koncih hla\u010dnic in na notranji strani spodnjega dela hla\u010dnic \u0161\u010ditijo pred obrabo zaradi \u0161kornjev in derez. Na spodnjem delu je gumb in skrita vrvica za nastavitev \u0161irine hla\u010dnic. Eco-Shell je vodoodporna, zra\u010dna in trajnostna trda tkanina, obdelana z impregnacijo, proizvedeno brez PFAS. Eco-Shell je izdelan iz recikliranega poliestra (tako recikliranega kot novega), vse emisije med proizvodnjo in transportom pa so podnebno kompenzirane.<\/p>\n","protected":false},"excerpt":{"rendered":"<p>Nepremo\u010dljive vetrne hla\u010de za pohodni\u0161tvo, alpinizem in turno smu\u010danje.<\/p>\n","protected":false},"featured_media":1028220,"template":"","meta":[],"product_brand":[89],"product_cat":[69],"product_tag":[478,528,535,470],"class_list":{"0":"post-1028207","1":"product","2":"type-product","3":"status-publish","4":"has-post-thumbnail","6":"product_brand-keb","7":"product_cat-hlace","8":"product_tag-keb","9":"product_tag-hlace-moski","10":"product_tag-hlace-moske-treking","11":"product_tag-moski","13":"first","14":"outofstock","15":"shipping-taxable","16":"purchasable","17":"product-type-variable"},"yoast_head":"<!-- This site is optimized with the Yoast SEO plugin v27.0 - https:\/\/yoast.com\/product\/yoast-seo-wordpress\/ -->\n<title>Keb Eco-Shell Trousers M - Fj\u00e4llr\u00e4ven<\/title>\n<meta name=\"robots\" content=\"index, follow, max-snippet:-1, max-image-preview:large, max-video-preview:-1\" \/>\n<link rel=\"canonical\" href=\"https:\/\/fjallshop.si\/izdelek\/keb-eco-shell-trousers-m\/\" \/>\n<meta property=\"og:locale\" content=\"hr_HR\" \/>\n<meta property=\"og:type\" content=\"article\" \/>\n<meta property=\"og:title\" content=\"Keb Eco-Shell Trousers M - Fj\u00e4llr\u00e4ven\" \/>\n<meta property=\"og:description\" content=\"Nepremo\u010dljive vetrne hla\u010de za pohodni\u0161tvo, alpinizem in turno smu\u010danje.\" \/>\n<meta property=\"og:url\" content=\"https:\/\/fjallshop.si\/izdelek\/keb-eco-shell-trousers-m\/\" \/>\n<meta property=\"og:site_name\" content=\"Fj\u00e4llr\u00e4ven\" \/>\n<meta property=\"article:publisher\" content=\"https:\/\/www.facebook.com\/FjallravenSlovenia\" \/>\n<meta property=\"article:modified_time\" content=\"2026-05-06T13:36:11+00:00\" \/>\n<meta property=\"og:image\" content=\"https:\/\/fjallshop.si\/wp-content\/uploads\/2025\/12\/7323450155773_fw18_fvrb_keb_ecoshell_trousers_m_21.jpg\" \/>\n\t<meta property=\"og:image:width\" content=\"680\" \/>\n\t<meta property=\"og:image:height\" content=\"680\" \/>\n\t<meta property=\"og:image:type\" content=\"image\/jpeg\" \/>\n<meta name=\"twitter:card\" content=\"summary_large_image\" \/>\n<meta name=\"twitter:label1\" content=\"Procijenjeno vrijeme \u010ditanja\" \/>\n\t<meta name=\"twitter:data1\" content=\"1 minuta\" \/>\n<script type=\"application\/ld+json\" class=\"yoast-schema-graph\">{\"@context\":\"https:\/\/schema.org\",\"@graph\":[{\"@type\":\"WebPage\",\"@id\":\"https:\/\/fjallshop.si\/izdelek\/keb-eco-shell-trousers-m\/\",\"url\":\"https:\/\/fjallshop.si\/izdelek\/keb-eco-shell-trousers-m\/\",\"name\":\"Keb Eco-Shell Trousers M - Fj\u00e4llr\u00e4ven\",\"isPartOf\":{\"@id\":\"https:\/\/fjallshop.si\/en\/#website\"},\"primaryImageOfPage\":{\"@id\":\"https:\/\/fjallshop.si\/izdelek\/keb-eco-shell-trousers-m\/#primaryimage\"},\"image\":{\"@id\":\"https:\/\/fjallshop.si\/izdelek\/keb-eco-shell-trousers-m\/#primaryimage\"},\"thumbnailUrl\":\"https:\/\/fjallshop.si\/wp-content\/uploads\/2025\/12\/7323450155773_fw18_fvrb_keb_ecoshell_trousers_m_21.jpg\",\"datePublished\":\"2025-12-21T23:41:37+00:00\",\"dateModified\":\"2026-05-06T13:36:11+00:00\",\"breadcrumb\":{\"@id\":\"https:\/\/fjallshop.si\/izdelek\/keb-eco-shell-trousers-m\/#breadcrumb\"},\"inLanguage\":\"hr\",\"potentialAction\":[{\"@type\":\"ReadAction\",\"target\":[\"https:\/\/fjallshop.si\/izdelek\/keb-eco-shell-trousers-m\/\"]}]},{\"@type\":\"ImageObject\",\"inLanguage\":\"hr\",\"@id\":\"https:\/\/fjallshop.si\/izdelek\/keb-eco-shell-trousers-m\/#primaryimage\",\"url\":\"https:\/\/fjallshop.si\/wp-content\/uploads\/2025\/12\/7323450155773_fw18_fvrb_keb_ecoshell_trousers_m_21.jpg\",\"contentUrl\":\"https:\/\/fjallshop.si\/wp-content\/uploads\/2025\/12\/7323450155773_fw18_fvrb_keb_ecoshell_trousers_m_21.jpg\",\"width\":680,\"height\":680},{\"@type\":\"BreadcrumbList\",\"@id\":\"https:\/\/fjallshop.si\/izdelek\/keb-eco-shell-trousers-m\/#breadcrumb\",\"itemListElement\":[{\"@type\":\"ListItem\",\"position\":1,\"name\":\"Home\",\"item\":\"https:\/\/fjallshop.si\/hr\/\"},{\"@type\":\"ListItem\",\"position\":2,\"name\":\"Trgovina\",\"item\":\"https:\/\/fjallshop.si\/hr\/trgovina\/\"},{\"@type\":\"ListItem\",\"position\":3,\"name\":\"Keb Eco-Shell Trousers M\"}]},{\"@type\":\"WebSite\",\"@id\":\"https:\/\/fjallshop.si\/en\/#website\",\"url\":\"https:\/\/fjallshop.si\/en\/\",\"name\":\"Fj\u00e4llr\u00e4ven\",\"description\":\"Spletna trgovina\",\"publisher\":{\"@id\":\"https:\/\/fjallshop.si\/en\/#organization\"},\"potentialAction\":[{\"@type\":\"SearchAction\",\"target\":{\"@type\":\"EntryPoint\",\"urlTemplate\":\"https:\/\/fjallshop.si\/en\/?s={search_term_string}\"},\"query-input\":{\"@type\":\"PropertyValueSpecification\",\"valueRequired\":true,\"valueName\":\"search_term_string\"}}],\"inLanguage\":\"hr\"},{\"@type\":\"Organization\",\"@id\":\"https:\/\/fjallshop.si\/en\/#organization\",\"name\":\"Fj\u00e4llr\u00e4ven\",\"url\":\"https:\/\/fjallshop.si\/en\/\",\"logo\":{\"@type\":\"ImageObject\",\"inLanguage\":\"hr\",\"@id\":\"https:\/\/fjallshop.si\/en\/#\/schema\/logo\/image\/\",\"url\":\"https:\/\/fjallshop.si\/wp-content\/uploads\/2026\/02\/fjallravenlogo.svg\",\"contentUrl\":\"https:\/\/fjallshop.si\/wp-content\/uploads\/2026\/02\/fjallravenlogo.svg\",\"width\":126,\"height\":46,\"caption\":\"Fj\u00e4llr\u00e4ven\"},\"image\":{\"@id\":\"https:\/\/fjallshop.si\/en\/#\/schema\/logo\/image\/\"},\"sameAs\":[\"https:\/\/www.facebook.com\/FjallravenSlovenia\"]}]}<\/script>\n<!-- \/ Yoast SEO plugin. -->","yoast_head_json":{"title":"Keb Eco-Shell Trousers M - Fj\u00e4llr\u00e4ven","robots":{"index":"index","follow":"follow","max-snippet":"max-snippet:-1","max-image-preview":"max-image-preview:large","max-video-preview":"max-video-preview:-1"},"canonical":"https:\/\/fjallshop.si\/izdelek\/keb-eco-shell-trousers-m\/","og_locale":"hr_HR","og_type":"article","og_title":"Keb Eco-Shell Trousers M - Fj\u00e4llr\u00e4ven","og_description":"Nepremo\u010dljive vetrne hla\u010de za pohodni\u0161tvo, alpinizem in turno smu\u010danje.","og_url":"https:\/\/fjallshop.si\/izdelek\/keb-eco-shell-trousers-m\/","og_site_name":"Fj\u00e4llr\u00e4ven","article_publisher":"https:\/\/www.facebook.com\/FjallravenSlovenia","article_modified_time":"2026-05-06T13:36:11+00:00","og_image":[{"width":680,"height":680,"url":"https:\/\/fjallshop.si\/wp-content\/uploads\/2025\/12\/7323450155773_fw18_fvrb_keb_ecoshell_trousers_m_21.jpg","type":"image\/jpeg"}],"twitter_card":"summary_large_image","twitter_misc":{"Procijenjeno vrijeme \u010ditanja":"1 minuta"},"schema":{"@context":"https:\/\/schema.org","@graph":[{"@type":"WebPage","@id":"https:\/\/fjallshop.si\/izdelek\/keb-eco-shell-trousers-m\/","url":"https:\/\/fjallshop.si\/izdelek\/keb-eco-shell-trousers-m\/","name":"Keb Eco-Shell Trousers M - Fj\u00e4llr\u00e4ven","isPartOf":{"@id":"https:\/\/fjallshop.si\/en\/#website"},"primaryImageOfPage":{"@id":"https:\/\/fjallshop.si\/izdelek\/keb-eco-shell-trousers-m\/#primaryimage"},"image":{"@id":"https:\/\/fjallshop.si\/izdelek\/keb-eco-shell-trousers-m\/#primaryimage"},"thumbnailUrl":"https:\/\/fjallshop.si\/wp-content\/uploads\/2025\/12\/7323450155773_fw18_fvrb_keb_ecoshell_trousers_m_21.jpg","datePublished":"2025-12-21T23:41:37+00:00","dateModified":"2026-05-06T13:36:11+00:00","breadcrumb":{"@id":"https:\/\/fjallshop.si\/izdelek\/keb-eco-shell-trousers-m\/#breadcrumb"},"inLanguage":"hr","potentialAction":[{"@type":"ReadAction","target":["https:\/\/fjallshop.si\/izdelek\/keb-eco-shell-trousers-m\/"]}]},{"@type":"ImageObject","inLanguage":"hr","@id":"https:\/\/fjallshop.si\/izdelek\/keb-eco-shell-trousers-m\/#primaryimage","url":"https:\/\/fjallshop.si\/wp-content\/uploads\/2025\/12\/7323450155773_fw18_fvrb_keb_ecoshell_trousers_m_21.jpg","contentUrl":"https:\/\/fjallshop.si\/wp-content\/uploads\/2025\/12\/7323450155773_fw18_fvrb_keb_ecoshell_trousers_m_21.jpg","width":680,"height":680},{"@type":"BreadcrumbList","@id":"https:\/\/fjallshop.si\/izdelek\/keb-eco-shell-trousers-m\/#breadcrumb","itemListElement":[{"@type":"ListItem","position":1,"name":"Home","item":"https:\/\/fjallshop.si\/hr\/"},{"@type":"ListItem","position":2,"name":"Trgovina","item":"https:\/\/fjallshop.si\/hr\/trgovina\/"},{"@type":"ListItem","position":3,"name":"Keb Eco-Shell Trousers M"}]},{"@type":"WebSite","@id":"https:\/\/fjallshop.si\/en\/#website","url":"https:\/\/fjallshop.si\/en\/","name":"Fj\u00e4llr\u00e4ven","description":"Spletna trgovina","publisher":{"@id":"https:\/\/fjallshop.si\/en\/#organization"},"potentialAction":[{"@type":"SearchAction","target":{"@type":"EntryPoint","urlTemplate":"https:\/\/fjallshop.si\/en\/?s={search_term_string}"},"query-input":{"@type":"PropertyValueSpecification","valueRequired":true,"valueName":"search_term_string"}}],"inLanguage":"hr"},{"@type":"Organization","@id":"https:\/\/fjallshop.si\/en\/#organization","name":"Fj\u00e4llr\u00e4ven","url":"https:\/\/fjallshop.si\/en\/","logo":{"@type":"ImageObject","inLanguage":"hr","@id":"https:\/\/fjallshop.si\/en\/#\/schema\/logo\/image\/","url":"https:\/\/fjallshop.si\/wp-content\/uploads\/2026\/02\/fjallravenlogo.svg","contentUrl":"https:\/\/fjallshop.si\/wp-content\/uploads\/2026\/02\/fjallravenlogo.svg","width":126,"height":46,"caption":"Fj\u00e4llr\u00e4ven"},"image":{"@id":"https:\/\/fjallshop.si\/en\/#\/schema\/logo\/image\/"},"sameAs":["https:\/\/www.facebook.com\/FjallravenSlovenia"]}]}},"_links":{"self":[{"href":"https:\/\/fjallshop.si\/hr\/wp-json\/wp\/v2\/product\/1028207","targetHints":{"allow":["GET"]}}],"collection":[{"href":"https:\/\/fjallshop.si\/hr\/wp-json\/wp\/v2\/product"}],"about":[{"href":"https:\/\/fjallshop.si\/hr\/wp-json\/wp\/v2\/types\/product"}],"version-history":[{"count":1,"href":"https:\/\/fjallshop.si\/hr\/wp-json\/wp\/v2\/product\/1028207\/revisions"}],"predecessor-version":[{"id":1028219,"href":"https:\/\/fjallshop.si\/hr\/wp-json\/wp\/v2\/product\/1028207\/revisions\/1028219"}],"wp:featuredmedia":[{"embeddable":true,"href":"https:\/\/fjallshop.si\/hr\/wp-json\/wp\/v2\/media\/1028220"}],"wp:attachment":[{"href":"https:\/\/fjallshop.si\/hr\/wp-json\/wp\/v2\/media?parent=1028207"}],"wp:term":[{"taxonomy":"product_brand","embeddable":true,"href":"https:\/\/fjallshop.si\/hr\/wp-json\/wp\/v2\/product_brand?post=1028207"},{"taxonomy":"product_cat","embeddable":true,"href":"https:\/\/fjallshop.si\/hr\/wp-json\/wp\/v2\/product_cat?post=1028207"},{"taxonomy":"product_tag","embeddable":true,"href":"https:\/\/fjallshop.si\/hr\/wp-json\/wp\/v2\/product_tag?post=1028207"}],"curies":[{"name":"wp","href":"https:\/\/api.w.org\/{rel}","templated":true}]}}