{"id":1028685,"date":"2025-12-21T23:43:29","date_gmt":"2025-12-21T23:43:29","guid":{"rendered":"https:\/\/fjallravensi.dev.mortar.tovarnaidej.com\/?post_type=product&#038;p=1028685"},"modified":"2026-05-06T13:36:10","modified_gmt":"2026-05-06T13:36:10","slug":"anorak-no-8-m","status":"publish","type":"product","link":"https:\/\/fjallshop.si\/hr\/proizvod\/anorak-no-8-m\/","title":{"rendered":"Anorak No. 8 M"},"content":{"rendered":"<p>Anorak \u0161t. 8 je bil ustvarjen tako, da prenese te\u017eke razmere v gozdu in gorah skozi vse leto. Kapuco je mogo\u010de nastaviti za popolno prileganje glavi, konstrukcija z vizirjem pa pomeni, da lahko vizir zlo\u017eite nazaj iz dveh kotov, odvisno od tega, ali \u017eelite maksimalno za\u0161\u010dito pred vetrom ali ve\u010djo periferno vidljivost. Ko kapuca ni no\u0161ena, tvori visok ovratnik, ki ohranja va\u0161 vrat topel. V toplej\u0161em vremenu lahko zadrgo odpnete, odprtino pa odpnete in jo zlo\u017eite na stran, da sprostite odve\u010dno toploto. Na straneh anorak jakne so tudi dolge zadrge, ki jih je mogo\u010de odpreti za prezra\u010devanje in olaj\u0161ati obla\u010denje\/snemanje. Do velikega kengurujevega \u017eepa spredaj je mogo\u010de dostopati tako z vrha kot s strani. Zategovalna vrvica zadaj uravnava pas, druga zategovalna vrvica spredaj pa prilagaja rob. Zapenjanje rokavov z gumbi. Anorak je izdelan iz vetrovno in vodoodpornega materiala G-1000 iz recikliranega poliestra in organskega bomba\u017ea z izjemno mo\u010dnim materialom G-1000 HeavyDuty na ramenih, rokavih in podalj\u0161anem hrbtu. Blago in detajli so bili izbrani tako, da \u010dim bolj zmanj\u0161ajo njihov vpliv na okolje \u2013 na primer ve\u010dina usnjenih detajlov je narejenih iz ostankov usnja \u2013 in da je po letih uporabe enostavno zamenjati izpostavljene dele.<\/p>\n","protected":false},"excerpt":{"rendered":"<p>Anorak \u0161t. 8 je bil ustvarjen, da zdr\u017ei te\u017eke razmere v gozdu in v gorah skozi vse leto.<\/p>\n","protected":false},"featured_media":1028717,"template":"","meta":[],"product_brand":[699],"product_cat":[71],"product_tag":[512,513,470,749],"class_list":{"0":"post-1028685","1":"product","2":"type-product","3":"status-publish","4":"has-post-thumbnail","6":"product_brand-numbers","7":"product_cat-jakne","8":"product_tag-moske-jakne","9":"product_tag-moske-jakne-treking","10":"product_tag-moski","11":"product_tag-numbers","13":"first","14":"outofstock","15":"shipping-taxable","16":"purchasable","17":"product-type-variable"},"yoast_head":"<!-- This site is optimized with the Yoast SEO plugin v27.0 - https:\/\/yoast.com\/product\/yoast-seo-wordpress\/ -->\n<title>Anorak No. 8 M - Fj\u00e4llr\u00e4ven<\/title>\n<meta name=\"robots\" content=\"index, follow, max-snippet:-1, max-image-preview:large, max-video-preview:-1\" \/>\n<link rel=\"canonical\" href=\"https:\/\/fjallshop.si\/izdelek\/anorak-no-8-m\/\" \/>\n<meta property=\"og:locale\" content=\"hr_HR\" \/>\n<meta property=\"og:type\" content=\"article\" \/>\n<meta property=\"og:title\" content=\"Anorak No. 8 M - Fj\u00e4llr\u00e4ven\" \/>\n<meta property=\"og:description\" content=\"Anorak \u0161t. 8 je bil ustvarjen, da zdr\u017ei te\u017eke razmere v gozdu in v gorah skozi vse leto.\" \/>\n<meta property=\"og:url\" content=\"https:\/\/fjallshop.si\/izdelek\/anorak-no-8-m\/\" \/>\n<meta property=\"og:site_name\" content=\"Fj\u00e4llr\u00e4ven\" \/>\n<meta property=\"article:publisher\" content=\"https:\/\/www.facebook.com\/FjallravenSlovenia\" \/>\n<meta property=\"article:modified_time\" content=\"2026-05-06T13:36:10+00:00\" \/>\n<meta property=\"og:image\" content=\"https:\/\/fjallshop.si\/wp-content\/uploads\/2025\/12\/7323450064945_fw18_a_anorak_no_8_m_21.jpg\" \/>\n\t<meta property=\"og:image:width\" content=\"680\" \/>\n\t<meta property=\"og:image:height\" content=\"680\" \/>\n\t<meta property=\"og:image:type\" content=\"image\/jpeg\" \/>\n<meta name=\"twitter:card\" content=\"summary_large_image\" \/>\n<meta name=\"twitter:label1\" content=\"Procijenjeno vrijeme \u010ditanja\" \/>\n\t<meta name=\"twitter:data1\" content=\"1 minuta\" \/>\n<script type=\"application\/ld+json\" class=\"yoast-schema-graph\">{\"@context\":\"https:\/\/schema.org\",\"@graph\":[{\"@type\":\"WebPage\",\"@id\":\"https:\/\/fjallshop.si\/izdelek\/anorak-no-8-m\/\",\"url\":\"https:\/\/fjallshop.si\/izdelek\/anorak-no-8-m\/\",\"name\":\"Anorak No. 8 M - Fj\u00e4llr\u00e4ven\",\"isPartOf\":{\"@id\":\"https:\/\/fjallshop.si\/en\/#website\"},\"primaryImageOfPage\":{\"@id\":\"https:\/\/fjallshop.si\/izdelek\/anorak-no-8-m\/#primaryimage\"},\"image\":{\"@id\":\"https:\/\/fjallshop.si\/izdelek\/anorak-no-8-m\/#primaryimage\"},\"thumbnailUrl\":\"https:\/\/fjallshop.si\/wp-content\/uploads\/2025\/12\/7323450064945_fw18_a_anorak_no_8_m_21.jpg\",\"datePublished\":\"2025-12-21T23:43:29+00:00\",\"dateModified\":\"2026-05-06T13:36:10+00:00\",\"breadcrumb\":{\"@id\":\"https:\/\/fjallshop.si\/izdelek\/anorak-no-8-m\/#breadcrumb\"},\"inLanguage\":\"hr\",\"potentialAction\":[{\"@type\":\"ReadAction\",\"target\":[\"https:\/\/fjallshop.si\/izdelek\/anorak-no-8-m\/\"]}]},{\"@type\":\"ImageObject\",\"inLanguage\":\"hr\",\"@id\":\"https:\/\/fjallshop.si\/izdelek\/anorak-no-8-m\/#primaryimage\",\"url\":\"https:\/\/fjallshop.si\/wp-content\/uploads\/2025\/12\/7323450064945_fw18_a_anorak_no_8_m_21.jpg\",\"contentUrl\":\"https:\/\/fjallshop.si\/wp-content\/uploads\/2025\/12\/7323450064945_fw18_a_anorak_no_8_m_21.jpg\",\"width\":680,\"height\":680},{\"@type\":\"BreadcrumbList\",\"@id\":\"https:\/\/fjallshop.si\/izdelek\/anorak-no-8-m\/#breadcrumb\",\"itemListElement\":[{\"@type\":\"ListItem\",\"position\":1,\"name\":\"Home\",\"item\":\"https:\/\/fjallshop.si\/hr\/\"},{\"@type\":\"ListItem\",\"position\":2,\"name\":\"Trgovina\",\"item\":\"https:\/\/fjallshop.si\/hr\/trgovina\/\"},{\"@type\":\"ListItem\",\"position\":3,\"name\":\"Anorak No. 8 M\"}]},{\"@type\":\"WebSite\",\"@id\":\"https:\/\/fjallshop.si\/en\/#website\",\"url\":\"https:\/\/fjallshop.si\/en\/\",\"name\":\"Fj\u00e4llr\u00e4ven\",\"description\":\"Spletna trgovina\",\"publisher\":{\"@id\":\"https:\/\/fjallshop.si\/en\/#organization\"},\"potentialAction\":[{\"@type\":\"SearchAction\",\"target\":{\"@type\":\"EntryPoint\",\"urlTemplate\":\"https:\/\/fjallshop.si\/en\/?s={search_term_string}\"},\"query-input\":{\"@type\":\"PropertyValueSpecification\",\"valueRequired\":true,\"valueName\":\"search_term_string\"}}],\"inLanguage\":\"hr\"},{\"@type\":\"Organization\",\"@id\":\"https:\/\/fjallshop.si\/en\/#organization\",\"name\":\"Fj\u00e4llr\u00e4ven\",\"url\":\"https:\/\/fjallshop.si\/en\/\",\"logo\":{\"@type\":\"ImageObject\",\"inLanguage\":\"hr\",\"@id\":\"https:\/\/fjallshop.si\/en\/#\/schema\/logo\/image\/\",\"url\":\"https:\/\/fjallshop.si\/wp-content\/uploads\/2026\/02\/fjallravenlogo.svg\",\"contentUrl\":\"https:\/\/fjallshop.si\/wp-content\/uploads\/2026\/02\/fjallravenlogo.svg\",\"width\":126,\"height\":46,\"caption\":\"Fj\u00e4llr\u00e4ven\"},\"image\":{\"@id\":\"https:\/\/fjallshop.si\/en\/#\/schema\/logo\/image\/\"},\"sameAs\":[\"https:\/\/www.facebook.com\/FjallravenSlovenia\"]}]}<\/script>\n<!-- \/ Yoast SEO plugin. -->","yoast_head_json":{"title":"Anorak No. 8 M - Fj\u00e4llr\u00e4ven","robots":{"index":"index","follow":"follow","max-snippet":"max-snippet:-1","max-image-preview":"max-image-preview:large","max-video-preview":"max-video-preview:-1"},"canonical":"https:\/\/fjallshop.si\/izdelek\/anorak-no-8-m\/","og_locale":"hr_HR","og_type":"article","og_title":"Anorak No. 8 M - Fj\u00e4llr\u00e4ven","og_description":"Anorak \u0161t. 8 je bil ustvarjen, da zdr\u017ei te\u017eke razmere v gozdu in v gorah skozi vse leto.","og_url":"https:\/\/fjallshop.si\/izdelek\/anorak-no-8-m\/","og_site_name":"Fj\u00e4llr\u00e4ven","article_publisher":"https:\/\/www.facebook.com\/FjallravenSlovenia","article_modified_time":"2026-05-06T13:36:10+00:00","og_image":[{"width":680,"height":680,"url":"https:\/\/fjallshop.si\/wp-content\/uploads\/2025\/12\/7323450064945_fw18_a_anorak_no_8_m_21.jpg","type":"image\/jpeg"}],"twitter_card":"summary_large_image","twitter_misc":{"Procijenjeno vrijeme \u010ditanja":"1 minuta"},"schema":{"@context":"https:\/\/schema.org","@graph":[{"@type":"WebPage","@id":"https:\/\/fjallshop.si\/izdelek\/anorak-no-8-m\/","url":"https:\/\/fjallshop.si\/izdelek\/anorak-no-8-m\/","name":"Anorak No. 8 M - Fj\u00e4llr\u00e4ven","isPartOf":{"@id":"https:\/\/fjallshop.si\/en\/#website"},"primaryImageOfPage":{"@id":"https:\/\/fjallshop.si\/izdelek\/anorak-no-8-m\/#primaryimage"},"image":{"@id":"https:\/\/fjallshop.si\/izdelek\/anorak-no-8-m\/#primaryimage"},"thumbnailUrl":"https:\/\/fjallshop.si\/wp-content\/uploads\/2025\/12\/7323450064945_fw18_a_anorak_no_8_m_21.jpg","datePublished":"2025-12-21T23:43:29+00:00","dateModified":"2026-05-06T13:36:10+00:00","breadcrumb":{"@id":"https:\/\/fjallshop.si\/izdelek\/anorak-no-8-m\/#breadcrumb"},"inLanguage":"hr","potentialAction":[{"@type":"ReadAction","target":["https:\/\/fjallshop.si\/izdelek\/anorak-no-8-m\/"]}]},{"@type":"ImageObject","inLanguage":"hr","@id":"https:\/\/fjallshop.si\/izdelek\/anorak-no-8-m\/#primaryimage","url":"https:\/\/fjallshop.si\/wp-content\/uploads\/2025\/12\/7323450064945_fw18_a_anorak_no_8_m_21.jpg","contentUrl":"https:\/\/fjallshop.si\/wp-content\/uploads\/2025\/12\/7323450064945_fw18_a_anorak_no_8_m_21.jpg","width":680,"height":680},{"@type":"BreadcrumbList","@id":"https:\/\/fjallshop.si\/izdelek\/anorak-no-8-m\/#breadcrumb","itemListElement":[{"@type":"ListItem","position":1,"name":"Home","item":"https:\/\/fjallshop.si\/hr\/"},{"@type":"ListItem","position":2,"name":"Trgovina","item":"https:\/\/fjallshop.si\/hr\/trgovina\/"},{"@type":"ListItem","position":3,"name":"Anorak No. 8 M"}]},{"@type":"WebSite","@id":"https:\/\/fjallshop.si\/en\/#website","url":"https:\/\/fjallshop.si\/en\/","name":"Fj\u00e4llr\u00e4ven","description":"Spletna trgovina","publisher":{"@id":"https:\/\/fjallshop.si\/en\/#organization"},"potentialAction":[{"@type":"SearchAction","target":{"@type":"EntryPoint","urlTemplate":"https:\/\/fjallshop.si\/en\/?s={search_term_string}"},"query-input":{"@type":"PropertyValueSpecification","valueRequired":true,"valueName":"search_term_string"}}],"inLanguage":"hr"},{"@type":"Organization","@id":"https:\/\/fjallshop.si\/en\/#organization","name":"Fj\u00e4llr\u00e4ven","url":"https:\/\/fjallshop.si\/en\/","logo":{"@type":"ImageObject","inLanguage":"hr","@id":"https:\/\/fjallshop.si\/en\/#\/schema\/logo\/image\/","url":"https:\/\/fjallshop.si\/wp-content\/uploads\/2026\/02\/fjallravenlogo.svg","contentUrl":"https:\/\/fjallshop.si\/wp-content\/uploads\/2026\/02\/fjallravenlogo.svg","width":126,"height":46,"caption":"Fj\u00e4llr\u00e4ven"},"image":{"@id":"https:\/\/fjallshop.si\/en\/#\/schema\/logo\/image\/"},"sameAs":["https:\/\/www.facebook.com\/FjallravenSlovenia"]}]}},"_links":{"self":[{"href":"https:\/\/fjallshop.si\/hr\/wp-json\/wp\/v2\/product\/1028685","targetHints":{"allow":["GET"]}}],"collection":[{"href":"https:\/\/fjallshop.si\/hr\/wp-json\/wp\/v2\/product"}],"about":[{"href":"https:\/\/fjallshop.si\/hr\/wp-json\/wp\/v2\/types\/product"}],"version-history":[{"count":1,"href":"https:\/\/fjallshop.si\/hr\/wp-json\/wp\/v2\/product\/1028685\/revisions"}],"predecessor-version":[{"id":1028716,"href":"https:\/\/fjallshop.si\/hr\/wp-json\/wp\/v2\/product\/1028685\/revisions\/1028716"}],"wp:featuredmedia":[{"embeddable":true,"href":"https:\/\/fjallshop.si\/hr\/wp-json\/wp\/v2\/media\/1028717"}],"wp:attachment":[{"href":"https:\/\/fjallshop.si\/hr\/wp-json\/wp\/v2\/media?parent=1028685"}],"wp:term":[{"taxonomy":"product_brand","embeddable":true,"href":"https:\/\/fjallshop.si\/hr\/wp-json\/wp\/v2\/product_brand?post=1028685"},{"taxonomy":"product_cat","embeddable":true,"href":"https:\/\/fjallshop.si\/hr\/wp-json\/wp\/v2\/product_cat?post=1028685"},{"taxonomy":"product_tag","embeddable":true,"href":"https:\/\/fjallshop.si\/hr\/wp-json\/wp\/v2\/product_tag?post=1028685"}],"curies":[{"name":"wp","href":"https:\/\/api.w.org\/{rel}","templated":true}]}}