{"id":1028790,"date":"2025-12-21T23:43:54","date_gmt":"2025-12-21T23:43:54","guid":{"rendered":"https:\/\/fjallravensi.dev.mortar.tovarnaidej.com\/?post_type=product&#038;p=1028790"},"modified":"2026-05-06T13:26:17","modified_gmt":"2026-05-06T13:26:17","slug":"barents-pro-hunting-trousers-m","status":"publish","type":"product","link":"https:\/\/fjallshop.si\/hr\/proizvod\/barents-pro-hunting-trousers-m\/","title":{"rendered":"Barents Pro Hunting Trousers M"},"content":{"rendered":"<p>Klasi\u010dne pohodni\u0161ke hla\u010de Barents Pro so priljubljene med lovci, zdaj pa so na voljo tudi v materialu G-1000 Silent s tihimi gumbi za \u0161e bolj\u0161o lovsko zmogljivost. Bru\u0161ena tkanina omogo\u010da tiho gibanje, je trpe\u017ena in odporna na vremenske vplive. Oja\u010ditve na zadnjem delu in kolenih prepre\u010dujejo vlago, ko sedite ali kle\u010dite, na voljo pa je tudi sedem \u017eepov za zemljevid, no\u017e, ve\u010dnamensko orodje itd.<\/p>\n","protected":false},"excerpt":{"rendered":"<p>Fj\u00e4llr\u00e4vnove najpopularnej\u0161e lovske hla\u010de iz tihega in izjemno trpe\u017enega materiala.<\/p>\n","protected":false},"featured_media":1028808,"template":"","meta":[],"product_brand":[468],"product_cat":[69],"product_tag":[528,537,535,470,510],"class_list":{"0":"post-1028790","1":"product","2":"type-product","3":"status-publish","4":"has-post-thumbnail","6":"product_brand-varmland","7":"product_cat-hlace","8":"product_tag-hlace-moski","9":"product_tag-hlace-moske-lov","10":"product_tag-hlace-moske-treking","11":"product_tag-moski","12":"product_tag-varmland","14":"first","15":"instock","16":"shipping-taxable","17":"purchasable","18":"product-type-variable"},"yoast_head":"<!-- This site is optimized with the Yoast SEO plugin v27.0 - https:\/\/yoast.com\/product\/yoast-seo-wordpress\/ -->\n<title>Barents Pro Hunting Trousers M - Fj\u00e4llr\u00e4ven<\/title>\n<meta name=\"robots\" content=\"index, follow, max-snippet:-1, max-image-preview:large, max-video-preview:-1\" \/>\n<link rel=\"canonical\" href=\"https:\/\/fjallshop.si\/izdelek\/barents-pro-hunting-trousers-m\/\" \/>\n<meta property=\"og:locale\" content=\"hr_HR\" \/>\n<meta property=\"og:type\" content=\"article\" \/>\n<meta property=\"og:title\" content=\"Barents Pro Hunting Trousers M - Fj\u00e4llr\u00e4ven\" \/>\n<meta property=\"og:description\" content=\"Fj\u00e4llr\u00e4vnove najpopularnej\u0161e lovske hla\u010de iz tihega in izjemno trpe\u017enega materiala.\" \/>\n<meta property=\"og:url\" content=\"https:\/\/fjallshop.si\/izdelek\/barents-pro-hunting-trousers-m\/\" \/>\n<meta property=\"og:site_name\" content=\"Fj\u00e4llr\u00e4ven\" \/>\n<meta property=\"article:publisher\" content=\"https:\/\/www.facebook.com\/FjallravenSlovenia\" \/>\n<meta property=\"article:modified_time\" content=\"2026-05-06T13:26:17+00:00\" \/>\n<meta property=\"og:image\" content=\"https:\/\/fjallshop.si\/wp-content\/uploads\/2025\/12\/7323450544522_ss20_a_barents_pro_hunting_trousers_m_fjaellraeven_21.jpg\" \/>\n\t<meta property=\"og:image:width\" content=\"680\" \/>\n\t<meta property=\"og:image:height\" content=\"680\" \/>\n\t<meta property=\"og:image:type\" content=\"image\/jpeg\" \/>\n<meta name=\"twitter:card\" content=\"summary_large_image\" \/>\n<script type=\"application\/ld+json\" class=\"yoast-schema-graph\">{\"@context\":\"https:\/\/schema.org\",\"@graph\":[{\"@type\":\"WebPage\",\"@id\":\"https:\/\/fjallshop.si\/izdelek\/barents-pro-hunting-trousers-m\/\",\"url\":\"https:\/\/fjallshop.si\/izdelek\/barents-pro-hunting-trousers-m\/\",\"name\":\"Barents Pro Hunting Trousers M - Fj\u00e4llr\u00e4ven\",\"isPartOf\":{\"@id\":\"https:\/\/fjallshop.si\/en\/#website\"},\"primaryImageOfPage\":{\"@id\":\"https:\/\/fjallshop.si\/izdelek\/barents-pro-hunting-trousers-m\/#primaryimage\"},\"image\":{\"@id\":\"https:\/\/fjallshop.si\/izdelek\/barents-pro-hunting-trousers-m\/#primaryimage\"},\"thumbnailUrl\":\"https:\/\/fjallshop.si\/wp-content\/uploads\/2025\/12\/7323450544522_ss20_a_barents_pro_hunting_trousers_m_fjaellraeven_21.jpg\",\"datePublished\":\"2025-12-21T23:43:54+00:00\",\"dateModified\":\"2026-05-06T13:26:17+00:00\",\"breadcrumb\":{\"@id\":\"https:\/\/fjallshop.si\/izdelek\/barents-pro-hunting-trousers-m\/#breadcrumb\"},\"inLanguage\":\"hr\",\"potentialAction\":[{\"@type\":\"ReadAction\",\"target\":[\"https:\/\/fjallshop.si\/izdelek\/barents-pro-hunting-trousers-m\/\"]}]},{\"@type\":\"ImageObject\",\"inLanguage\":\"hr\",\"@id\":\"https:\/\/fjallshop.si\/izdelek\/barents-pro-hunting-trousers-m\/#primaryimage\",\"url\":\"https:\/\/fjallshop.si\/wp-content\/uploads\/2025\/12\/7323450544522_ss20_a_barents_pro_hunting_trousers_m_fjaellraeven_21.jpg\",\"contentUrl\":\"https:\/\/fjallshop.si\/wp-content\/uploads\/2025\/12\/7323450544522_ss20_a_barents_pro_hunting_trousers_m_fjaellraeven_21.jpg\",\"width\":680,\"height\":680},{\"@type\":\"BreadcrumbList\",\"@id\":\"https:\/\/fjallshop.si\/izdelek\/barents-pro-hunting-trousers-m\/#breadcrumb\",\"itemListElement\":[{\"@type\":\"ListItem\",\"position\":1,\"name\":\"Home\",\"item\":\"https:\/\/fjallshop.si\/hr\/\"},{\"@type\":\"ListItem\",\"position\":2,\"name\":\"Trgovina\",\"item\":\"https:\/\/fjallshop.si\/hr\/trgovina\/\"},{\"@type\":\"ListItem\",\"position\":3,\"name\":\"Barents Pro Hunting Trousers M\"}]},{\"@type\":\"WebSite\",\"@id\":\"https:\/\/fjallshop.si\/en\/#website\",\"url\":\"https:\/\/fjallshop.si\/en\/\",\"name\":\"Fj\u00e4llr\u00e4ven\",\"description\":\"Spletna trgovina\",\"publisher\":{\"@id\":\"https:\/\/fjallshop.si\/en\/#organization\"},\"potentialAction\":[{\"@type\":\"SearchAction\",\"target\":{\"@type\":\"EntryPoint\",\"urlTemplate\":\"https:\/\/fjallshop.si\/en\/?s={search_term_string}\"},\"query-input\":{\"@type\":\"PropertyValueSpecification\",\"valueRequired\":true,\"valueName\":\"search_term_string\"}}],\"inLanguage\":\"hr\"},{\"@type\":\"Organization\",\"@id\":\"https:\/\/fjallshop.si\/en\/#organization\",\"name\":\"Fj\u00e4llr\u00e4ven\",\"url\":\"https:\/\/fjallshop.si\/en\/\",\"logo\":{\"@type\":\"ImageObject\",\"inLanguage\":\"hr\",\"@id\":\"https:\/\/fjallshop.si\/en\/#\/schema\/logo\/image\/\",\"url\":\"https:\/\/fjallshop.si\/wp-content\/uploads\/2026\/02\/fjallravenlogo.svg\",\"contentUrl\":\"https:\/\/fjallshop.si\/wp-content\/uploads\/2026\/02\/fjallravenlogo.svg\",\"width\":126,\"height\":46,\"caption\":\"Fj\u00e4llr\u00e4ven\"},\"image\":{\"@id\":\"https:\/\/fjallshop.si\/en\/#\/schema\/logo\/image\/\"},\"sameAs\":[\"https:\/\/www.facebook.com\/FjallravenSlovenia\"]}]}<\/script>\n<!-- \/ Yoast SEO plugin. -->","yoast_head_json":{"title":"Barents Pro Hunting Trousers M - Fj\u00e4llr\u00e4ven","robots":{"index":"index","follow":"follow","max-snippet":"max-snippet:-1","max-image-preview":"max-image-preview:large","max-video-preview":"max-video-preview:-1"},"canonical":"https:\/\/fjallshop.si\/izdelek\/barents-pro-hunting-trousers-m\/","og_locale":"hr_HR","og_type":"article","og_title":"Barents Pro Hunting Trousers M - Fj\u00e4llr\u00e4ven","og_description":"Fj\u00e4llr\u00e4vnove najpopularnej\u0161e lovske hla\u010de iz tihega in izjemno trpe\u017enega materiala.","og_url":"https:\/\/fjallshop.si\/izdelek\/barents-pro-hunting-trousers-m\/","og_site_name":"Fj\u00e4llr\u00e4ven","article_publisher":"https:\/\/www.facebook.com\/FjallravenSlovenia","article_modified_time":"2026-05-06T13:26:17+00:00","og_image":[{"width":680,"height":680,"url":"https:\/\/fjallshop.si\/wp-content\/uploads\/2025\/12\/7323450544522_ss20_a_barents_pro_hunting_trousers_m_fjaellraeven_21.jpg","type":"image\/jpeg"}],"twitter_card":"summary_large_image","schema":{"@context":"https:\/\/schema.org","@graph":[{"@type":"WebPage","@id":"https:\/\/fjallshop.si\/izdelek\/barents-pro-hunting-trousers-m\/","url":"https:\/\/fjallshop.si\/izdelek\/barents-pro-hunting-trousers-m\/","name":"Barents Pro Hunting Trousers M - Fj\u00e4llr\u00e4ven","isPartOf":{"@id":"https:\/\/fjallshop.si\/en\/#website"},"primaryImageOfPage":{"@id":"https:\/\/fjallshop.si\/izdelek\/barents-pro-hunting-trousers-m\/#primaryimage"},"image":{"@id":"https:\/\/fjallshop.si\/izdelek\/barents-pro-hunting-trousers-m\/#primaryimage"},"thumbnailUrl":"https:\/\/fjallshop.si\/wp-content\/uploads\/2025\/12\/7323450544522_ss20_a_barents_pro_hunting_trousers_m_fjaellraeven_21.jpg","datePublished":"2025-12-21T23:43:54+00:00","dateModified":"2026-05-06T13:26:17+00:00","breadcrumb":{"@id":"https:\/\/fjallshop.si\/izdelek\/barents-pro-hunting-trousers-m\/#breadcrumb"},"inLanguage":"hr","potentialAction":[{"@type":"ReadAction","target":["https:\/\/fjallshop.si\/izdelek\/barents-pro-hunting-trousers-m\/"]}]},{"@type":"ImageObject","inLanguage":"hr","@id":"https:\/\/fjallshop.si\/izdelek\/barents-pro-hunting-trousers-m\/#primaryimage","url":"https:\/\/fjallshop.si\/wp-content\/uploads\/2025\/12\/7323450544522_ss20_a_barents_pro_hunting_trousers_m_fjaellraeven_21.jpg","contentUrl":"https:\/\/fjallshop.si\/wp-content\/uploads\/2025\/12\/7323450544522_ss20_a_barents_pro_hunting_trousers_m_fjaellraeven_21.jpg","width":680,"height":680},{"@type":"BreadcrumbList","@id":"https:\/\/fjallshop.si\/izdelek\/barents-pro-hunting-trousers-m\/#breadcrumb","itemListElement":[{"@type":"ListItem","position":1,"name":"Home","item":"https:\/\/fjallshop.si\/hr\/"},{"@type":"ListItem","position":2,"name":"Trgovina","item":"https:\/\/fjallshop.si\/hr\/trgovina\/"},{"@type":"ListItem","position":3,"name":"Barents Pro Hunting Trousers M"}]},{"@type":"WebSite","@id":"https:\/\/fjallshop.si\/en\/#website","url":"https:\/\/fjallshop.si\/en\/","name":"Fj\u00e4llr\u00e4ven","description":"Spletna trgovina","publisher":{"@id":"https:\/\/fjallshop.si\/en\/#organization"},"potentialAction":[{"@type":"SearchAction","target":{"@type":"EntryPoint","urlTemplate":"https:\/\/fjallshop.si\/en\/?s={search_term_string}"},"query-input":{"@type":"PropertyValueSpecification","valueRequired":true,"valueName":"search_term_string"}}],"inLanguage":"hr"},{"@type":"Organization","@id":"https:\/\/fjallshop.si\/en\/#organization","name":"Fj\u00e4llr\u00e4ven","url":"https:\/\/fjallshop.si\/en\/","logo":{"@type":"ImageObject","inLanguage":"hr","@id":"https:\/\/fjallshop.si\/en\/#\/schema\/logo\/image\/","url":"https:\/\/fjallshop.si\/wp-content\/uploads\/2026\/02\/fjallravenlogo.svg","contentUrl":"https:\/\/fjallshop.si\/wp-content\/uploads\/2026\/02\/fjallravenlogo.svg","width":126,"height":46,"caption":"Fj\u00e4llr\u00e4ven"},"image":{"@id":"https:\/\/fjallshop.si\/en\/#\/schema\/logo\/image\/"},"sameAs":["https:\/\/www.facebook.com\/FjallravenSlovenia"]}]}},"_links":{"self":[{"href":"https:\/\/fjallshop.si\/hr\/wp-json\/wp\/v2\/product\/1028790","targetHints":{"allow":["GET"]}}],"collection":[{"href":"https:\/\/fjallshop.si\/hr\/wp-json\/wp\/v2\/product"}],"about":[{"href":"https:\/\/fjallshop.si\/hr\/wp-json\/wp\/v2\/types\/product"}],"version-history":[{"count":1,"href":"https:\/\/fjallshop.si\/hr\/wp-json\/wp\/v2\/product\/1028790\/revisions"}],"predecessor-version":[{"id":1028807,"href":"https:\/\/fjallshop.si\/hr\/wp-json\/wp\/v2\/product\/1028790\/revisions\/1028807"}],"wp:featuredmedia":[{"embeddable":true,"href":"https:\/\/fjallshop.si\/hr\/wp-json\/wp\/v2\/media\/1028808"}],"wp:attachment":[{"href":"https:\/\/fjallshop.si\/hr\/wp-json\/wp\/v2\/media?parent=1028790"}],"wp:term":[{"taxonomy":"product_brand","embeddable":true,"href":"https:\/\/fjallshop.si\/hr\/wp-json\/wp\/v2\/product_brand?post=1028790"},{"taxonomy":"product_cat","embeddable":true,"href":"https:\/\/fjallshop.si\/hr\/wp-json\/wp\/v2\/product_cat?post=1028790"},{"taxonomy":"product_tag","embeddable":true,"href":"https:\/\/fjallshop.si\/hr\/wp-json\/wp\/v2\/product_tag?post=1028790"}],"curies":[{"name":"wp","href":"https:\/\/api.w.org\/{rel}","templated":true}]}}