{"id":1028794,"date":"2025-12-21T23:43:54","date_gmt":"2025-12-21T23:43:54","guid":{"rendered":"https:\/\/fjallravensi.dev.mortar.tovarnaidej.com\/?post_type=product&#038;p=1028794"},"modified":"2026-05-06T13:36:10","modified_gmt":"2026-05-06T13:36:10","slug":"sormland-padded-jacket-m","status":"publish","type":"product","link":"https:\/\/fjallshop.si\/hr\/proizvod\/sormland-padded-jacket-m\/","title":{"rendered":"S\u00f6rmland Padded Jacket M"},"content":{"rendered":"<p>Vetroodporna in vodoodporna jakna iz trpe\u017enega, ne\u0161u\u0161\u010de\u010dega materiala G-1000 Silent s Hydratic materialom, ki vas ohranja udobno suhe v spremenljivem vremenu. Rahlo podlo\u017eena z visokozmogljivo sinteti\u010dno izolacijo PrimaLoft\u00ae Black Insulation RISE s tehnologijo P.U.R.E. za dodatno toploto v hladnih dneh. Preprosta, klasi\u010dna jakna z osnovnimi lastnostmi, ki jih potrebujete za dober dan v gozdu, njen umirjen slog pa se odli\u010dno obnese tako v slu\u017ebi kot v drugih urbanih okoljih. Oja\u010ditve iz materiala G-1000 HeavyDuty zagotavljajo dodatno vzdr\u017eljivost na ramenih in komolcih. Sprednja zadrga je dvosmerna in ima za\u0161\u010ditni poklopec z gumbi na ovratniku in robu za za\u0161\u010dito pred hladnim vetrom. Majhne predmete lahko shranite v ve\u010d prakti\u010dnih \u017eepih; \u017eep Napoleon, velika mehasta \u017eepa z zaklopkami spodaj in dva notranja \u017eepa za shranjevanje \u2013 idealna za rokavice, dodatno kapo itd. Poleg tega so na voljo lahko dostopni \u017eepi za roke, ki hitro otoplijo hladne prste. Prilagoditev pasu z gumbi. Man\u0161eti rokavov imajo usnjene robove in jih je prav tako mogo\u010de nastaviti z gumbi.<\/p>\n","protected":false},"excerpt":{"rendered":"<p>Preprosta, klasi\u010dna jakna z osnovnimi zna\u010dilnostmi, ki jih potrebujete za dober dan v gozdu.<\/p>\n","protected":false},"featured_media":1028830,"template":"","meta":[],"product_brand":[666],"product_cat":[71],"product_tag":[512,723,514,470,724],"class_list":{"0":"post-1028794","1":"product","2":"type-product","3":"status-publish","4":"has-post-thumbnail","6":"product_brand-sormland","7":"product_cat-jakne","8":"product_tag-moske-jakne","9":"product_tag-moske-lovkse-jakne","10":"product_tag-moske-jakne-outdoor","11":"product_tag-moski","12":"product_tag-sormland","14":"first","15":"outofstock","16":"shipping-taxable","17":"purchasable","18":"product-type-variable"},"yoast_head":"<!-- This site is optimized with the Yoast SEO plugin v27.0 - https:\/\/yoast.com\/product\/yoast-seo-wordpress\/ -->\n<title>S\u00f6rmland Padded Jacket M - Fj\u00e4llr\u00e4ven<\/title>\n<meta name=\"robots\" content=\"index, follow, max-snippet:-1, max-image-preview:large, max-video-preview:-1\" \/>\n<link rel=\"canonical\" href=\"https:\/\/fjallshop.si\/izdelek\/sormland-padded-jacket-m\/\" \/>\n<meta property=\"og:locale\" content=\"hr_HR\" \/>\n<meta property=\"og:type\" content=\"article\" \/>\n<meta property=\"og:title\" content=\"S\u00f6rmland Padded Jacket M - Fj\u00e4llr\u00e4ven\" \/>\n<meta property=\"og:description\" content=\"Preprosta, klasi\u010dna jakna z osnovnimi zna\u010dilnostmi, ki jih potrebujete za dober dan v gozdu.\" \/>\n<meta property=\"og:url\" content=\"https:\/\/fjallshop.si\/izdelek\/sormland-padded-jacket-m\/\" \/>\n<meta property=\"og:site_name\" content=\"Fj\u00e4llr\u00e4ven\" \/>\n<meta property=\"article:publisher\" content=\"https:\/\/www.facebook.com\/FjallravenSlovenia\" \/>\n<meta property=\"article:modified_time\" content=\"2026-05-06T13:36:10+00:00\" \/>\n<meta property=\"og:image\" content=\"https:\/\/fjallshop.si\/wp-content\/uploads\/2025\/12\/7323450268435_fw18_fvrb_soermland_padded_jacket_m_21.jpg\" \/>\n\t<meta property=\"og:image:width\" content=\"680\" \/>\n\t<meta property=\"og:image:height\" content=\"680\" \/>\n\t<meta property=\"og:image:type\" content=\"image\/jpeg\" \/>\n<meta name=\"twitter:card\" content=\"summary_large_image\" \/>\n<meta name=\"twitter:label1\" content=\"Procijenjeno vrijeme \u010ditanja\" \/>\n\t<meta name=\"twitter:data1\" content=\"1 minuta\" \/>\n<script type=\"application\/ld+json\" class=\"yoast-schema-graph\">{\"@context\":\"https:\/\/schema.org\",\"@graph\":[{\"@type\":\"WebPage\",\"@id\":\"https:\/\/fjallshop.si\/izdelek\/sormland-padded-jacket-m\/\",\"url\":\"https:\/\/fjallshop.si\/izdelek\/sormland-padded-jacket-m\/\",\"name\":\"S\u00f6rmland Padded Jacket M - Fj\u00e4llr\u00e4ven\",\"isPartOf\":{\"@id\":\"https:\/\/fjallshop.si\/en\/#website\"},\"primaryImageOfPage\":{\"@id\":\"https:\/\/fjallshop.si\/izdelek\/sormland-padded-jacket-m\/#primaryimage\"},\"image\":{\"@id\":\"https:\/\/fjallshop.si\/izdelek\/sormland-padded-jacket-m\/#primaryimage\"},\"thumbnailUrl\":\"https:\/\/fjallshop.si\/wp-content\/uploads\/2025\/12\/7323450268435_fw18_fvrb_soermland_padded_jacket_m_21.jpg\",\"datePublished\":\"2025-12-21T23:43:54+00:00\",\"dateModified\":\"2026-05-06T13:36:10+00:00\",\"breadcrumb\":{\"@id\":\"https:\/\/fjallshop.si\/izdelek\/sormland-padded-jacket-m\/#breadcrumb\"},\"inLanguage\":\"hr\",\"potentialAction\":[{\"@type\":\"ReadAction\",\"target\":[\"https:\/\/fjallshop.si\/izdelek\/sormland-padded-jacket-m\/\"]}]},{\"@type\":\"ImageObject\",\"inLanguage\":\"hr\",\"@id\":\"https:\/\/fjallshop.si\/izdelek\/sormland-padded-jacket-m\/#primaryimage\",\"url\":\"https:\/\/fjallshop.si\/wp-content\/uploads\/2025\/12\/7323450268435_fw18_fvrb_soermland_padded_jacket_m_21.jpg\",\"contentUrl\":\"https:\/\/fjallshop.si\/wp-content\/uploads\/2025\/12\/7323450268435_fw18_fvrb_soermland_padded_jacket_m_21.jpg\",\"width\":680,\"height\":680},{\"@type\":\"BreadcrumbList\",\"@id\":\"https:\/\/fjallshop.si\/izdelek\/sormland-padded-jacket-m\/#breadcrumb\",\"itemListElement\":[{\"@type\":\"ListItem\",\"position\":1,\"name\":\"Home\",\"item\":\"https:\/\/fjallshop.si\/hr\/\"},{\"@type\":\"ListItem\",\"position\":2,\"name\":\"Trgovina\",\"item\":\"https:\/\/fjallshop.si\/hr\/trgovina\/\"},{\"@type\":\"ListItem\",\"position\":3,\"name\":\"S\u00f6rmland Padded Jacket M\"}]},{\"@type\":\"WebSite\",\"@id\":\"https:\/\/fjallshop.si\/en\/#website\",\"url\":\"https:\/\/fjallshop.si\/en\/\",\"name\":\"Fj\u00e4llr\u00e4ven\",\"description\":\"Spletna trgovina\",\"publisher\":{\"@id\":\"https:\/\/fjallshop.si\/en\/#organization\"},\"potentialAction\":[{\"@type\":\"SearchAction\",\"target\":{\"@type\":\"EntryPoint\",\"urlTemplate\":\"https:\/\/fjallshop.si\/en\/?s={search_term_string}\"},\"query-input\":{\"@type\":\"PropertyValueSpecification\",\"valueRequired\":true,\"valueName\":\"search_term_string\"}}],\"inLanguage\":\"hr\"},{\"@type\":\"Organization\",\"@id\":\"https:\/\/fjallshop.si\/en\/#organization\",\"name\":\"Fj\u00e4llr\u00e4ven\",\"url\":\"https:\/\/fjallshop.si\/en\/\",\"logo\":{\"@type\":\"ImageObject\",\"inLanguage\":\"hr\",\"@id\":\"https:\/\/fjallshop.si\/en\/#\/schema\/logo\/image\/\",\"url\":\"https:\/\/fjallshop.si\/wp-content\/uploads\/2026\/02\/fjallravenlogo.svg\",\"contentUrl\":\"https:\/\/fjallshop.si\/wp-content\/uploads\/2026\/02\/fjallravenlogo.svg\",\"width\":126,\"height\":46,\"caption\":\"Fj\u00e4llr\u00e4ven\"},\"image\":{\"@id\":\"https:\/\/fjallshop.si\/en\/#\/schema\/logo\/image\/\"},\"sameAs\":[\"https:\/\/www.facebook.com\/FjallravenSlovenia\"]}]}<\/script>\n<!-- \/ Yoast SEO plugin. -->","yoast_head_json":{"title":"S\u00f6rmland Padded Jacket M - Fj\u00e4llr\u00e4ven","robots":{"index":"index","follow":"follow","max-snippet":"max-snippet:-1","max-image-preview":"max-image-preview:large","max-video-preview":"max-video-preview:-1"},"canonical":"https:\/\/fjallshop.si\/izdelek\/sormland-padded-jacket-m\/","og_locale":"hr_HR","og_type":"article","og_title":"S\u00f6rmland Padded Jacket M - Fj\u00e4llr\u00e4ven","og_description":"Preprosta, klasi\u010dna jakna z osnovnimi zna\u010dilnostmi, ki jih potrebujete za dober dan v gozdu.","og_url":"https:\/\/fjallshop.si\/izdelek\/sormland-padded-jacket-m\/","og_site_name":"Fj\u00e4llr\u00e4ven","article_publisher":"https:\/\/www.facebook.com\/FjallravenSlovenia","article_modified_time":"2026-05-06T13:36:10+00:00","og_image":[{"width":680,"height":680,"url":"https:\/\/fjallshop.si\/wp-content\/uploads\/2025\/12\/7323450268435_fw18_fvrb_soermland_padded_jacket_m_21.jpg","type":"image\/jpeg"}],"twitter_card":"summary_large_image","twitter_misc":{"Procijenjeno vrijeme \u010ditanja":"1 minuta"},"schema":{"@context":"https:\/\/schema.org","@graph":[{"@type":"WebPage","@id":"https:\/\/fjallshop.si\/izdelek\/sormland-padded-jacket-m\/","url":"https:\/\/fjallshop.si\/izdelek\/sormland-padded-jacket-m\/","name":"S\u00f6rmland Padded Jacket M - Fj\u00e4llr\u00e4ven","isPartOf":{"@id":"https:\/\/fjallshop.si\/en\/#website"},"primaryImageOfPage":{"@id":"https:\/\/fjallshop.si\/izdelek\/sormland-padded-jacket-m\/#primaryimage"},"image":{"@id":"https:\/\/fjallshop.si\/izdelek\/sormland-padded-jacket-m\/#primaryimage"},"thumbnailUrl":"https:\/\/fjallshop.si\/wp-content\/uploads\/2025\/12\/7323450268435_fw18_fvrb_soermland_padded_jacket_m_21.jpg","datePublished":"2025-12-21T23:43:54+00:00","dateModified":"2026-05-06T13:36:10+00:00","breadcrumb":{"@id":"https:\/\/fjallshop.si\/izdelek\/sormland-padded-jacket-m\/#breadcrumb"},"inLanguage":"hr","potentialAction":[{"@type":"ReadAction","target":["https:\/\/fjallshop.si\/izdelek\/sormland-padded-jacket-m\/"]}]},{"@type":"ImageObject","inLanguage":"hr","@id":"https:\/\/fjallshop.si\/izdelek\/sormland-padded-jacket-m\/#primaryimage","url":"https:\/\/fjallshop.si\/wp-content\/uploads\/2025\/12\/7323450268435_fw18_fvrb_soermland_padded_jacket_m_21.jpg","contentUrl":"https:\/\/fjallshop.si\/wp-content\/uploads\/2025\/12\/7323450268435_fw18_fvrb_soermland_padded_jacket_m_21.jpg","width":680,"height":680},{"@type":"BreadcrumbList","@id":"https:\/\/fjallshop.si\/izdelek\/sormland-padded-jacket-m\/#breadcrumb","itemListElement":[{"@type":"ListItem","position":1,"name":"Home","item":"https:\/\/fjallshop.si\/hr\/"},{"@type":"ListItem","position":2,"name":"Trgovina","item":"https:\/\/fjallshop.si\/hr\/trgovina\/"},{"@type":"ListItem","position":3,"name":"S\u00f6rmland Padded Jacket M"}]},{"@type":"WebSite","@id":"https:\/\/fjallshop.si\/en\/#website","url":"https:\/\/fjallshop.si\/en\/","name":"Fj\u00e4llr\u00e4ven","description":"Spletna trgovina","publisher":{"@id":"https:\/\/fjallshop.si\/en\/#organization"},"potentialAction":[{"@type":"SearchAction","target":{"@type":"EntryPoint","urlTemplate":"https:\/\/fjallshop.si\/en\/?s={search_term_string}"},"query-input":{"@type":"PropertyValueSpecification","valueRequired":true,"valueName":"search_term_string"}}],"inLanguage":"hr"},{"@type":"Organization","@id":"https:\/\/fjallshop.si\/en\/#organization","name":"Fj\u00e4llr\u00e4ven","url":"https:\/\/fjallshop.si\/en\/","logo":{"@type":"ImageObject","inLanguage":"hr","@id":"https:\/\/fjallshop.si\/en\/#\/schema\/logo\/image\/","url":"https:\/\/fjallshop.si\/wp-content\/uploads\/2026\/02\/fjallravenlogo.svg","contentUrl":"https:\/\/fjallshop.si\/wp-content\/uploads\/2026\/02\/fjallravenlogo.svg","width":126,"height":46,"caption":"Fj\u00e4llr\u00e4ven"},"image":{"@id":"https:\/\/fjallshop.si\/en\/#\/schema\/logo\/image\/"},"sameAs":["https:\/\/www.facebook.com\/FjallravenSlovenia"]}]}},"_links":{"self":[{"href":"https:\/\/fjallshop.si\/hr\/wp-json\/wp\/v2\/product\/1028794","targetHints":{"allow":["GET"]}}],"collection":[{"href":"https:\/\/fjallshop.si\/hr\/wp-json\/wp\/v2\/product"}],"about":[{"href":"https:\/\/fjallshop.si\/hr\/wp-json\/wp\/v2\/types\/product"}],"version-history":[{"count":1,"href":"https:\/\/fjallshop.si\/hr\/wp-json\/wp\/v2\/product\/1028794\/revisions"}],"predecessor-version":[{"id":1028829,"href":"https:\/\/fjallshop.si\/hr\/wp-json\/wp\/v2\/product\/1028794\/revisions\/1028829"}],"wp:featuredmedia":[{"embeddable":true,"href":"https:\/\/fjallshop.si\/hr\/wp-json\/wp\/v2\/media\/1028830"}],"wp:attachment":[{"href":"https:\/\/fjallshop.si\/hr\/wp-json\/wp\/v2\/media?parent=1028794"}],"wp:term":[{"taxonomy":"product_brand","embeddable":true,"href":"https:\/\/fjallshop.si\/hr\/wp-json\/wp\/v2\/product_brand?post=1028794"},{"taxonomy":"product_cat","embeddable":true,"href":"https:\/\/fjallshop.si\/hr\/wp-json\/wp\/v2\/product_cat?post=1028794"},{"taxonomy":"product_tag","embeddable":true,"href":"https:\/\/fjallshop.si\/hr\/wp-json\/wp\/v2\/product_tag?post=1028794"}],"curies":[{"name":"wp","href":"https:\/\/api.w.org\/{rel}","templated":true}]}}