{"id":1028843,"date":"2025-12-21T23:44:05","date_gmt":"2025-12-21T23:44:05","guid":{"rendered":"https:\/\/fjallravensi.dev.mortar.tovarnaidej.com\/?post_type=product&#038;p=1028843"},"modified":"2026-05-06T13:26:22","modified_gmt":"2026-05-06T13:26:22","slug":"abisko-lite-fleece-jacket-w","status":"publish","type":"product","link":"https:\/\/fjallshop.si\/hr\/proizvod\/abisko-lite-fleece-jacket-w\/","title":{"rendered":"Abisko Lite Fleece Jacket W"},"content":{"rendered":"<p>Lahka, zlo\u017eljiva in udobna flis jakna za enodnevne izlete in pohode v toplem vremenu \u2013 Abisko Lite Fleece Jacket W je odli\u010dna kot srednji ali prvi sloj. Izdelana je iz recikliranega poliestra, ki odvaja vlago stran od telesa in se hitro su\u0161i. Ta lahka flis jakna ima dvosmerno zadrgo po celotni dol\u017eini, je vsestranska, udobna in popolna za obla\u010denje v plasteh. Enostavna za shranjevanje v nahrbtniku za vse vrste pohodov in aktivnosti na prostem. Dva \u017eepa z zadrgo za roke, \u017eep z zadrgo na prsih in diskretne luknje za palca v man\u0161etah.<\/p>\n","protected":false},"excerpt":{"rendered":"<p>Lahek, udoben flis za vsakodnevno uporabo na prostem pri vseh aktivnostih in bolj le\u017eernih dejavnostih.<\/p>\n","protected":false},"featured_media":1028873,"template":"","meta":[],"product_brand":[458],"product_cat":[186],"product_tag":[472,489,730,562],"class_list":{"0":"post-1028843","1":"product","2":"type-product","3":"status-publish","4":"has-post-thumbnail","6":"product_brand-abisko","7":"product_cat-srednji-sloji","8":"product_tag-abisko","9":"product_tag-zenske","10":"product_tag-zenski-brezrokavniki-in-srednji-sloji","11":"product_tag-mid-layer-zenski-puloverji","13":"first","14":"instock","15":"shipping-taxable","16":"purchasable","17":"product-type-variable"},"yoast_head":"<!-- This site is optimized with the Yoast SEO plugin v27.0 - https:\/\/yoast.com\/product\/yoast-seo-wordpress\/ -->\n<title>Abisko Lite Fleece Jacket W - Fj\u00e4llr\u00e4ven<\/title>\n<meta name=\"robots\" content=\"index, follow, max-snippet:-1, max-image-preview:large, max-video-preview:-1\" \/>\n<link rel=\"canonical\" href=\"https:\/\/fjallshop.si\/izdelek\/abisko-lite-fleece-jacket-w\/\" \/>\n<meta property=\"og:locale\" content=\"hr_HR\" \/>\n<meta property=\"og:type\" content=\"article\" \/>\n<meta property=\"og:title\" content=\"Abisko Lite Fleece Jacket W - Fj\u00e4llr\u00e4ven\" \/>\n<meta property=\"og:description\" content=\"Lahek, udoben flis za vsakodnevno uporabo na prostem pri vseh aktivnostih in bolj le\u017eernih dejavnostih.\" \/>\n<meta property=\"og:url\" content=\"https:\/\/fjallshop.si\/izdelek\/abisko-lite-fleece-jacket-w\/\" \/>\n<meta property=\"og:site_name\" content=\"Fj\u00e4llr\u00e4ven\" \/>\n<meta property=\"article:publisher\" content=\"https:\/\/www.facebook.com\/FjallravenSlovenia\" \/>\n<meta property=\"article:modified_time\" content=\"2026-05-06T13:26:22+00:00\" \/>\n<meta property=\"og:image\" content=\"https:\/\/fjallshop.si\/wp-content\/uploads\/2025\/12\/abisko_lite_fleece_jacket_w_87142-674_a_main_fjr.webp\" \/>\n\t<meta property=\"og:image:width\" content=\"624\" \/>\n\t<meta property=\"og:image:height\" content=\"624\" \/>\n\t<meta property=\"og:image:type\" content=\"image\/webp\" \/>\n<meta name=\"twitter:card\" content=\"summary_large_image\" \/>\n<script type=\"application\/ld+json\" class=\"yoast-schema-graph\">{\"@context\":\"https:\/\/schema.org\",\"@graph\":[{\"@type\":\"WebPage\",\"@id\":\"https:\/\/fjallshop.si\/izdelek\/abisko-lite-fleece-jacket-w\/\",\"url\":\"https:\/\/fjallshop.si\/izdelek\/abisko-lite-fleece-jacket-w\/\",\"name\":\"Abisko Lite Fleece Jacket W - Fj\u00e4llr\u00e4ven\",\"isPartOf\":{\"@id\":\"https:\/\/fjallshop.si\/en\/#website\"},\"primaryImageOfPage\":{\"@id\":\"https:\/\/fjallshop.si\/izdelek\/abisko-lite-fleece-jacket-w\/#primaryimage\"},\"image\":{\"@id\":\"https:\/\/fjallshop.si\/izdelek\/abisko-lite-fleece-jacket-w\/#primaryimage\"},\"thumbnailUrl\":\"https:\/\/fjallshop.si\/wp-content\/uploads\/2025\/12\/abisko_lite_fleece_jacket_w_87142-674_a_main_fjr.webp\",\"datePublished\":\"2025-12-21T23:44:05+00:00\",\"dateModified\":\"2026-05-06T13:26:22+00:00\",\"breadcrumb\":{\"@id\":\"https:\/\/fjallshop.si\/izdelek\/abisko-lite-fleece-jacket-w\/#breadcrumb\"},\"inLanguage\":\"hr\",\"potentialAction\":[{\"@type\":\"ReadAction\",\"target\":[\"https:\/\/fjallshop.si\/izdelek\/abisko-lite-fleece-jacket-w\/\"]}]},{\"@type\":\"ImageObject\",\"inLanguage\":\"hr\",\"@id\":\"https:\/\/fjallshop.si\/izdelek\/abisko-lite-fleece-jacket-w\/#primaryimage\",\"url\":\"https:\/\/fjallshop.si\/wp-content\/uploads\/2025\/12\/abisko_lite_fleece_jacket_w_87142-674_a_main_fjr.webp\",\"contentUrl\":\"https:\/\/fjallshop.si\/wp-content\/uploads\/2025\/12\/abisko_lite_fleece_jacket_w_87142-674_a_main_fjr.webp\",\"width\":624,\"height\":624},{\"@type\":\"BreadcrumbList\",\"@id\":\"https:\/\/fjallshop.si\/izdelek\/abisko-lite-fleece-jacket-w\/#breadcrumb\",\"itemListElement\":[{\"@type\":\"ListItem\",\"position\":1,\"name\":\"Home\",\"item\":\"https:\/\/fjallshop.si\/hr\/\"},{\"@type\":\"ListItem\",\"position\":2,\"name\":\"Trgovina\",\"item\":\"https:\/\/fjallshop.si\/hr\/trgovina\/\"},{\"@type\":\"ListItem\",\"position\":3,\"name\":\"Abisko Lite Fleece Jacket W\"}]},{\"@type\":\"WebSite\",\"@id\":\"https:\/\/fjallshop.si\/en\/#website\",\"url\":\"https:\/\/fjallshop.si\/en\/\",\"name\":\"Fj\u00e4llr\u00e4ven\",\"description\":\"Spletna trgovina\",\"publisher\":{\"@id\":\"https:\/\/fjallshop.si\/en\/#organization\"},\"potentialAction\":[{\"@type\":\"SearchAction\",\"target\":{\"@type\":\"EntryPoint\",\"urlTemplate\":\"https:\/\/fjallshop.si\/en\/?s={search_term_string}\"},\"query-input\":{\"@type\":\"PropertyValueSpecification\",\"valueRequired\":true,\"valueName\":\"search_term_string\"}}],\"inLanguage\":\"hr\"},{\"@type\":\"Organization\",\"@id\":\"https:\/\/fjallshop.si\/en\/#organization\",\"name\":\"Fj\u00e4llr\u00e4ven\",\"url\":\"https:\/\/fjallshop.si\/en\/\",\"logo\":{\"@type\":\"ImageObject\",\"inLanguage\":\"hr\",\"@id\":\"https:\/\/fjallshop.si\/en\/#\/schema\/logo\/image\/\",\"url\":\"https:\/\/fjallshop.si\/wp-content\/uploads\/2026\/02\/fjallravenlogo.svg\",\"contentUrl\":\"https:\/\/fjallshop.si\/wp-content\/uploads\/2026\/02\/fjallravenlogo.svg\",\"width\":126,\"height\":46,\"caption\":\"Fj\u00e4llr\u00e4ven\"},\"image\":{\"@id\":\"https:\/\/fjallshop.si\/en\/#\/schema\/logo\/image\/\"},\"sameAs\":[\"https:\/\/www.facebook.com\/FjallravenSlovenia\"]}]}<\/script>\n<!-- \/ Yoast SEO plugin. -->","yoast_head_json":{"title":"Abisko Lite Fleece Jacket W - Fj\u00e4llr\u00e4ven","robots":{"index":"index","follow":"follow","max-snippet":"max-snippet:-1","max-image-preview":"max-image-preview:large","max-video-preview":"max-video-preview:-1"},"canonical":"https:\/\/fjallshop.si\/izdelek\/abisko-lite-fleece-jacket-w\/","og_locale":"hr_HR","og_type":"article","og_title":"Abisko Lite Fleece Jacket W - Fj\u00e4llr\u00e4ven","og_description":"Lahek, udoben flis za vsakodnevno uporabo na prostem pri vseh aktivnostih in bolj le\u017eernih dejavnostih.","og_url":"https:\/\/fjallshop.si\/izdelek\/abisko-lite-fleece-jacket-w\/","og_site_name":"Fj\u00e4llr\u00e4ven","article_publisher":"https:\/\/www.facebook.com\/FjallravenSlovenia","article_modified_time":"2026-05-06T13:26:22+00:00","og_image":[{"width":624,"height":624,"url":"https:\/\/fjallshop.si\/wp-content\/uploads\/2025\/12\/abisko_lite_fleece_jacket_w_87142-674_a_main_fjr.webp","type":"image\/webp"}],"twitter_card":"summary_large_image","schema":{"@context":"https:\/\/schema.org","@graph":[{"@type":"WebPage","@id":"https:\/\/fjallshop.si\/izdelek\/abisko-lite-fleece-jacket-w\/","url":"https:\/\/fjallshop.si\/izdelek\/abisko-lite-fleece-jacket-w\/","name":"Abisko Lite Fleece Jacket W - Fj\u00e4llr\u00e4ven","isPartOf":{"@id":"https:\/\/fjallshop.si\/en\/#website"},"primaryImageOfPage":{"@id":"https:\/\/fjallshop.si\/izdelek\/abisko-lite-fleece-jacket-w\/#primaryimage"},"image":{"@id":"https:\/\/fjallshop.si\/izdelek\/abisko-lite-fleece-jacket-w\/#primaryimage"},"thumbnailUrl":"https:\/\/fjallshop.si\/wp-content\/uploads\/2025\/12\/abisko_lite_fleece_jacket_w_87142-674_a_main_fjr.webp","datePublished":"2025-12-21T23:44:05+00:00","dateModified":"2026-05-06T13:26:22+00:00","breadcrumb":{"@id":"https:\/\/fjallshop.si\/izdelek\/abisko-lite-fleece-jacket-w\/#breadcrumb"},"inLanguage":"hr","potentialAction":[{"@type":"ReadAction","target":["https:\/\/fjallshop.si\/izdelek\/abisko-lite-fleece-jacket-w\/"]}]},{"@type":"ImageObject","inLanguage":"hr","@id":"https:\/\/fjallshop.si\/izdelek\/abisko-lite-fleece-jacket-w\/#primaryimage","url":"https:\/\/fjallshop.si\/wp-content\/uploads\/2025\/12\/abisko_lite_fleece_jacket_w_87142-674_a_main_fjr.webp","contentUrl":"https:\/\/fjallshop.si\/wp-content\/uploads\/2025\/12\/abisko_lite_fleece_jacket_w_87142-674_a_main_fjr.webp","width":624,"height":624},{"@type":"BreadcrumbList","@id":"https:\/\/fjallshop.si\/izdelek\/abisko-lite-fleece-jacket-w\/#breadcrumb","itemListElement":[{"@type":"ListItem","position":1,"name":"Home","item":"https:\/\/fjallshop.si\/hr\/"},{"@type":"ListItem","position":2,"name":"Trgovina","item":"https:\/\/fjallshop.si\/hr\/trgovina\/"},{"@type":"ListItem","position":3,"name":"Abisko Lite Fleece Jacket W"}]},{"@type":"WebSite","@id":"https:\/\/fjallshop.si\/en\/#website","url":"https:\/\/fjallshop.si\/en\/","name":"Fj\u00e4llr\u00e4ven","description":"Spletna trgovina","publisher":{"@id":"https:\/\/fjallshop.si\/en\/#organization"},"potentialAction":[{"@type":"SearchAction","target":{"@type":"EntryPoint","urlTemplate":"https:\/\/fjallshop.si\/en\/?s={search_term_string}"},"query-input":{"@type":"PropertyValueSpecification","valueRequired":true,"valueName":"search_term_string"}}],"inLanguage":"hr"},{"@type":"Organization","@id":"https:\/\/fjallshop.si\/en\/#organization","name":"Fj\u00e4llr\u00e4ven","url":"https:\/\/fjallshop.si\/en\/","logo":{"@type":"ImageObject","inLanguage":"hr","@id":"https:\/\/fjallshop.si\/en\/#\/schema\/logo\/image\/","url":"https:\/\/fjallshop.si\/wp-content\/uploads\/2026\/02\/fjallravenlogo.svg","contentUrl":"https:\/\/fjallshop.si\/wp-content\/uploads\/2026\/02\/fjallravenlogo.svg","width":126,"height":46,"caption":"Fj\u00e4llr\u00e4ven"},"image":{"@id":"https:\/\/fjallshop.si\/en\/#\/schema\/logo\/image\/"},"sameAs":["https:\/\/www.facebook.com\/FjallravenSlovenia"]}]}},"_links":{"self":[{"href":"https:\/\/fjallshop.si\/hr\/wp-json\/wp\/v2\/product\/1028843","targetHints":{"allow":["GET"]}}],"collection":[{"href":"https:\/\/fjallshop.si\/hr\/wp-json\/wp\/v2\/product"}],"about":[{"href":"https:\/\/fjallshop.si\/hr\/wp-json\/wp\/v2\/types\/product"}],"version-history":[{"count":1,"href":"https:\/\/fjallshop.si\/hr\/wp-json\/wp\/v2\/product\/1028843\/revisions"}],"predecessor-version":[{"id":1028872,"href":"https:\/\/fjallshop.si\/hr\/wp-json\/wp\/v2\/product\/1028843\/revisions\/1028872"}],"wp:featuredmedia":[{"embeddable":true,"href":"https:\/\/fjallshop.si\/hr\/wp-json\/wp\/v2\/media\/1028873"}],"wp:attachment":[{"href":"https:\/\/fjallshop.si\/hr\/wp-json\/wp\/v2\/media?parent=1028843"}],"wp:term":[{"taxonomy":"product_brand","embeddable":true,"href":"https:\/\/fjallshop.si\/hr\/wp-json\/wp\/v2\/product_brand?post=1028843"},{"taxonomy":"product_cat","embeddable":true,"href":"https:\/\/fjallshop.si\/hr\/wp-json\/wp\/v2\/product_cat?post=1028843"},{"taxonomy":"product_tag","embeddable":true,"href":"https:\/\/fjallshop.si\/hr\/wp-json\/wp\/v2\/product_tag?post=1028843"}],"curies":[{"name":"wp","href":"https:\/\/api.w.org\/{rel}","templated":true}]}}