{"id":1029544,"date":"2026-05-03T21:14:04","date_gmt":"2026-05-03T21:14:04","guid":{"rendered":"https:\/\/fjallravensi.dev.mortar.tovarnaidej.com\/?post_type=product&#038;p=1029544"},"modified":"2026-05-06T13:26:35","modified_gmt":"2026-05-06T13:26:35","slug":"bergtagen-stretch-trousers-m-2","status":"publish","type":"product","link":"https:\/\/fjallshop.si\/hr\/proizvod\/bergtagen-stretch-trousers-m-2\/","title":{"rendered":"Bergtagen Stretch Trousers M"},"content":{"rendered":"<p>Te trpe\u017ene, zra\u010dne in odporne hla\u010de iz \u0161tirismernega raztegljivega materiala so idealne za spomladanska in poletna do\u017eivetja. Mo\u0161ke raztegljive hla\u010de Bergtagen vam omogo\u010dajo udobno in svobodno gibanje po terenu. Imajo \u0161tevilne tehni\u010dne podrobnosti, vklju\u010dno z nastavljivim pasom, s tkaninskim trakom in sponko ter nastavljivimi zaponkami za \u010devlje. Imajo \u017eepe za roke in \u017eepe z zadrgo na hla\u010dnicah, ki slu\u017eijo tudi kot odprtine za prezra\u010devanje. Te hla\u010de so kakovostne in ponujajo maksimalno svobodo gibanja, zato vas bodo spremljale na vseh va\u0161ih podvigih.<\/p>\n","protected":false},"excerpt":{"rendered":"<p>Mo\u0161ke zra\u010dne in lahke pohodne za spomladi in poleti. Brez PFAS.<\/p>\n","protected":false},"featured_media":1031402,"template":"","meta":[],"product_brand":[],"product_cat":[69],"product_tag":[491,528,535,470,490],"class_list":{"0":"post-1029544","1":"product","2":"type-product","3":"status-publish","4":"has-post-thumbnail","6":"product_cat-hlace","7":"product_tag-bergtagen","8":"product_tag-hlace-moski","9":"product_tag-hlace-moske-treking","10":"product_tag-moski","11":"product_tag-mountaineering","13":"first","14":"instock","15":"shipping-taxable","16":"purchasable","17":"product-type-variable"},"yoast_head":"<!-- This site is optimized with the Yoast SEO plugin v27.0 - https:\/\/yoast.com\/product\/yoast-seo-wordpress\/ -->\n<title>Bergtagen Stretch Trousers M - Fj\u00e4llr\u00e4ven<\/title>\n<meta name=\"robots\" content=\"index, follow, max-snippet:-1, max-image-preview:large, max-video-preview:-1\" \/>\n<link rel=\"canonical\" href=\"https:\/\/fjallshop.si\/izdelek\/bergtagen-stretch-trousers-m-2\/\" \/>\n<meta property=\"og:locale\" content=\"hr_HR\" \/>\n<meta property=\"og:type\" content=\"article\" \/>\n<meta property=\"og:title\" content=\"Bergtagen Stretch Trousers M - Fj\u00e4llr\u00e4ven\" \/>\n<meta property=\"og:description\" content=\"Mo\u0161ke zra\u010dne in lahke pohodne za spomladi in poleti. Brez PFAS.\" \/>\n<meta property=\"og:url\" content=\"https:\/\/fjallshop.si\/izdelek\/bergtagen-stretch-trousers-m-2\/\" \/>\n<meta property=\"og:site_name\" content=\"Fj\u00e4llr\u00e4ven\" \/>\n<meta property=\"article:publisher\" content=\"https:\/\/www.facebook.com\/FjallravenSlovenia\" \/>\n<meta property=\"article:modified_time\" content=\"2026-05-06T13:26:35+00:00\" \/>\n<meta name=\"twitter:card\" content=\"summary_large_image\" \/>\n<script type=\"application\/ld+json\" class=\"yoast-schema-graph\">{\"@context\":\"https:\/\/schema.org\",\"@graph\":[{\"@type\":\"WebPage\",\"@id\":\"https:\/\/fjallshop.si\/izdelek\/bergtagen-stretch-trousers-m-2\/\",\"url\":\"https:\/\/fjallshop.si\/izdelek\/bergtagen-stretch-trousers-m-2\/\",\"name\":\"Bergtagen Stretch Trousers M - Fj\u00e4llr\u00e4ven\",\"isPartOf\":{\"@id\":\"https:\/\/fjallshop.si\/en\/#website\"},\"primaryImageOfPage\":{\"@id\":\"https:\/\/fjallshop.si\/izdelek\/bergtagen-stretch-trousers-m-2\/#primaryimage\"},\"image\":{\"@id\":\"https:\/\/fjallshop.si\/izdelek\/bergtagen-stretch-trousers-m-2\/#primaryimage\"},\"thumbnailUrl\":\"https:\/\/fjallshop.si\/wp-content\/uploads\/2026\/05\/Bergtagen_Stretch_Trousers_M_12200204-550_A_MAIN.webp\",\"datePublished\":\"2026-05-03T21:14:04+00:00\",\"dateModified\":\"2026-05-06T13:26:35+00:00\",\"breadcrumb\":{\"@id\":\"https:\/\/fjallshop.si\/izdelek\/bergtagen-stretch-trousers-m-2\/#breadcrumb\"},\"inLanguage\":\"hr\",\"potentialAction\":[{\"@type\":\"ReadAction\",\"target\":[\"https:\/\/fjallshop.si\/izdelek\/bergtagen-stretch-trousers-m-2\/\"]}]},{\"@type\":\"ImageObject\",\"inLanguage\":\"hr\",\"@id\":\"https:\/\/fjallshop.si\/izdelek\/bergtagen-stretch-trousers-m-2\/#primaryimage\",\"url\":\"https:\/\/fjallshop.si\/wp-content\/uploads\/2026\/05\/Bergtagen_Stretch_Trousers_M_12200204-550_A_MAIN.webp\",\"contentUrl\":\"https:\/\/fjallshop.si\/wp-content\/uploads\/2026\/05\/Bergtagen_Stretch_Trousers_M_12200204-550_A_MAIN.webp\",\"width\":1500,\"height\":1500},{\"@type\":\"BreadcrumbList\",\"@id\":\"https:\/\/fjallshop.si\/izdelek\/bergtagen-stretch-trousers-m-2\/#breadcrumb\",\"itemListElement\":[{\"@type\":\"ListItem\",\"position\":1,\"name\":\"Home\",\"item\":\"https:\/\/fjallshop.si\/hr\/\"},{\"@type\":\"ListItem\",\"position\":2,\"name\":\"Trgovina\",\"item\":\"https:\/\/fjallshop.si\/hr\/trgovina\/\"},{\"@type\":\"ListItem\",\"position\":3,\"name\":\"Bergtagen Stretch Trousers M\"}]},{\"@type\":\"WebSite\",\"@id\":\"https:\/\/fjallshop.si\/en\/#website\",\"url\":\"https:\/\/fjallshop.si\/en\/\",\"name\":\"Fj\u00e4llr\u00e4ven\",\"description\":\"Spletna trgovina\",\"publisher\":{\"@id\":\"https:\/\/fjallshop.si\/en\/#organization\"},\"potentialAction\":[{\"@type\":\"SearchAction\",\"target\":{\"@type\":\"EntryPoint\",\"urlTemplate\":\"https:\/\/fjallshop.si\/en\/?s={search_term_string}\"},\"query-input\":{\"@type\":\"PropertyValueSpecification\",\"valueRequired\":true,\"valueName\":\"search_term_string\"}}],\"inLanguage\":\"hr\"},{\"@type\":\"Organization\",\"@id\":\"https:\/\/fjallshop.si\/en\/#organization\",\"name\":\"Fj\u00e4llr\u00e4ven\",\"url\":\"https:\/\/fjallshop.si\/en\/\",\"logo\":{\"@type\":\"ImageObject\",\"inLanguage\":\"hr\",\"@id\":\"https:\/\/fjallshop.si\/en\/#\/schema\/logo\/image\/\",\"url\":\"https:\/\/fjallshop.si\/wp-content\/uploads\/2026\/02\/fjallravenlogo.svg\",\"contentUrl\":\"https:\/\/fjallshop.si\/wp-content\/uploads\/2026\/02\/fjallravenlogo.svg\",\"width\":126,\"height\":46,\"caption\":\"Fj\u00e4llr\u00e4ven\"},\"image\":{\"@id\":\"https:\/\/fjallshop.si\/en\/#\/schema\/logo\/image\/\"},\"sameAs\":[\"https:\/\/www.facebook.com\/FjallravenSlovenia\"]}]}<\/script>\n<!-- \/ Yoast SEO plugin. -->","yoast_head_json":{"title":"Bergtagen Stretch Trousers M - Fj\u00e4llr\u00e4ven","robots":{"index":"index","follow":"follow","max-snippet":"max-snippet:-1","max-image-preview":"max-image-preview:large","max-video-preview":"max-video-preview:-1"},"canonical":"https:\/\/fjallshop.si\/izdelek\/bergtagen-stretch-trousers-m-2\/","og_locale":"hr_HR","og_type":"article","og_title":"Bergtagen Stretch Trousers M - Fj\u00e4llr\u00e4ven","og_description":"Mo\u0161ke zra\u010dne in lahke pohodne za spomladi in poleti. Brez PFAS.","og_url":"https:\/\/fjallshop.si\/izdelek\/bergtagen-stretch-trousers-m-2\/","og_site_name":"Fj\u00e4llr\u00e4ven","article_publisher":"https:\/\/www.facebook.com\/FjallravenSlovenia","article_modified_time":"2026-05-06T13:26:35+00:00","twitter_card":"summary_large_image","schema":{"@context":"https:\/\/schema.org","@graph":[{"@type":"WebPage","@id":"https:\/\/fjallshop.si\/izdelek\/bergtagen-stretch-trousers-m-2\/","url":"https:\/\/fjallshop.si\/izdelek\/bergtagen-stretch-trousers-m-2\/","name":"Bergtagen Stretch Trousers M - Fj\u00e4llr\u00e4ven","isPartOf":{"@id":"https:\/\/fjallshop.si\/en\/#website"},"primaryImageOfPage":{"@id":"https:\/\/fjallshop.si\/izdelek\/bergtagen-stretch-trousers-m-2\/#primaryimage"},"image":{"@id":"https:\/\/fjallshop.si\/izdelek\/bergtagen-stretch-trousers-m-2\/#primaryimage"},"thumbnailUrl":"https:\/\/fjallshop.si\/wp-content\/uploads\/2026\/05\/Bergtagen_Stretch_Trousers_M_12200204-550_A_MAIN.webp","datePublished":"2026-05-03T21:14:04+00:00","dateModified":"2026-05-06T13:26:35+00:00","breadcrumb":{"@id":"https:\/\/fjallshop.si\/izdelek\/bergtagen-stretch-trousers-m-2\/#breadcrumb"},"inLanguage":"hr","potentialAction":[{"@type":"ReadAction","target":["https:\/\/fjallshop.si\/izdelek\/bergtagen-stretch-trousers-m-2\/"]}]},{"@type":"ImageObject","inLanguage":"hr","@id":"https:\/\/fjallshop.si\/izdelek\/bergtagen-stretch-trousers-m-2\/#primaryimage","url":"https:\/\/fjallshop.si\/wp-content\/uploads\/2026\/05\/Bergtagen_Stretch_Trousers_M_12200204-550_A_MAIN.webp","contentUrl":"https:\/\/fjallshop.si\/wp-content\/uploads\/2026\/05\/Bergtagen_Stretch_Trousers_M_12200204-550_A_MAIN.webp","width":1500,"height":1500},{"@type":"BreadcrumbList","@id":"https:\/\/fjallshop.si\/izdelek\/bergtagen-stretch-trousers-m-2\/#breadcrumb","itemListElement":[{"@type":"ListItem","position":1,"name":"Home","item":"https:\/\/fjallshop.si\/hr\/"},{"@type":"ListItem","position":2,"name":"Trgovina","item":"https:\/\/fjallshop.si\/hr\/trgovina\/"},{"@type":"ListItem","position":3,"name":"Bergtagen Stretch Trousers M"}]},{"@type":"WebSite","@id":"https:\/\/fjallshop.si\/en\/#website","url":"https:\/\/fjallshop.si\/en\/","name":"Fj\u00e4llr\u00e4ven","description":"Spletna trgovina","publisher":{"@id":"https:\/\/fjallshop.si\/en\/#organization"},"potentialAction":[{"@type":"SearchAction","target":{"@type":"EntryPoint","urlTemplate":"https:\/\/fjallshop.si\/en\/?s={search_term_string}"},"query-input":{"@type":"PropertyValueSpecification","valueRequired":true,"valueName":"search_term_string"}}],"inLanguage":"hr"},{"@type":"Organization","@id":"https:\/\/fjallshop.si\/en\/#organization","name":"Fj\u00e4llr\u00e4ven","url":"https:\/\/fjallshop.si\/en\/","logo":{"@type":"ImageObject","inLanguage":"hr","@id":"https:\/\/fjallshop.si\/en\/#\/schema\/logo\/image\/","url":"https:\/\/fjallshop.si\/wp-content\/uploads\/2026\/02\/fjallravenlogo.svg","contentUrl":"https:\/\/fjallshop.si\/wp-content\/uploads\/2026\/02\/fjallravenlogo.svg","width":126,"height":46,"caption":"Fj\u00e4llr\u00e4ven"},"image":{"@id":"https:\/\/fjallshop.si\/en\/#\/schema\/logo\/image\/"},"sameAs":["https:\/\/www.facebook.com\/FjallravenSlovenia"]}]}},"_links":{"self":[{"href":"https:\/\/fjallshop.si\/hr\/wp-json\/wp\/v2\/product\/1029544","targetHints":{"allow":["GET"]}}],"collection":[{"href":"https:\/\/fjallshop.si\/hr\/wp-json\/wp\/v2\/product"}],"about":[{"href":"https:\/\/fjallshop.si\/hr\/wp-json\/wp\/v2\/types\/product"}],"version-history":[{"count":2,"href":"https:\/\/fjallshop.si\/hr\/wp-json\/wp\/v2\/product\/1029544\/revisions"}],"predecessor-version":[{"id":1031511,"href":"https:\/\/fjallshop.si\/hr\/wp-json\/wp\/v2\/product\/1029544\/revisions\/1031511"}],"wp:featuredmedia":[{"embeddable":true,"href":"https:\/\/fjallshop.si\/hr\/wp-json\/wp\/v2\/media\/1031402"}],"wp:attachment":[{"href":"https:\/\/fjallshop.si\/hr\/wp-json\/wp\/v2\/media?parent=1029544"}],"wp:term":[{"taxonomy":"product_brand","embeddable":true,"href":"https:\/\/fjallshop.si\/hr\/wp-json\/wp\/v2\/product_brand?post=1029544"},{"taxonomy":"product_cat","embeddable":true,"href":"https:\/\/fjallshop.si\/hr\/wp-json\/wp\/v2\/product_cat?post=1029544"},{"taxonomy":"product_tag","embeddable":true,"href":"https:\/\/fjallshop.si\/hr\/wp-json\/wp\/v2\/product_tag?post=1029544"}],"curies":[{"name":"wp","href":"https:\/\/api.w.org\/{rel}","templated":true}]}}