{"id":1029609,"date":"2026-05-03T21:14:13","date_gmt":"2026-05-03T21:14:13","guid":{"rendered":"https:\/\/fjallravensi.dev.mortar.tovarnaidej.com\/?post_type=product&#038;p=1029609"},"modified":"2026-05-06T13:26:37","modified_gmt":"2026-05-06T13:26:37","slug":"hc-hybrid-wind-jacket-m","status":"publish","type":"product","link":"https:\/\/fjallshop.si\/hr\/proizvod\/hc-hybrid-wind-jacket-m\/","title":{"rendered":"HC Hybrid Wind Jacket M"},"content":{"rendered":"<p>Lahka hibridna mo\u0161ka vetrovka, ki \u0161\u010diti tam, kjer je to najbolj potrebno, saj zdru\u017euje dve tkanini: HC-Lite na ramenih, prsih in rokavih ter Ripstop poliester na hrbtu in spodnjem delu spredaj. Jakna je vetru odporna, prenese rahlo de\u017eevje in se hitro su\u0161i, \u010de se zmo\u010di. Prakti\u010dno, osnovno obla\u010dilo, ki ga lahko enostavno spakira\u0161 v nahrbtnik in oble\u010de\u0161, ko ga potrebuje\u0161. Obla\u010dilo je primerno za razli\u010dne aktivnosti na prostem, kot so hoja, veslanje ali kolesarjenje.<\/p>\n","protected":false},"excerpt":{"rendered":"<p>Vsestranski anorak za aktivnosti na prostem. Izdelan brez PFAS. <\/p>\n","protected":false},"featured_media":1031954,"template":"","meta":[],"product_brand":[],"product_cat":[71],"product_tag":[479,499,512,516,470],"class_list":{"0":"post-1029609","1":"product","2":"type-product","3":"status-publish","4":"has-post-thumbnail","6":"product_cat-jakne","7":"product_tag-everyday-outdoor","8":"product_tag-high-coast","9":"product_tag-moske-jakne","10":"product_tag-moske-jakne-nepremocljive","11":"product_tag-moski","13":"first","14":"instock","15":"shipping-taxable","16":"purchasable","17":"product-type-variable"},"yoast_head":"<!-- This site is optimized with the Yoast SEO plugin v27.0 - https:\/\/yoast.com\/product\/yoast-seo-wordpress\/ -->\n<title>HC Hybrid Wind Jacket M - Fj\u00e4llr\u00e4ven<\/title>\n<meta name=\"robots\" content=\"index, follow, max-snippet:-1, max-image-preview:large, max-video-preview:-1\" \/>\n<link rel=\"canonical\" href=\"https:\/\/fjallshop.si\/izdelek\/hc-hybrid-wind-jacket-m\/\" \/>\n<meta property=\"og:locale\" content=\"hr_HR\" \/>\n<meta property=\"og:type\" content=\"article\" \/>\n<meta property=\"og:title\" content=\"HC Hybrid Wind Jacket M - Fj\u00e4llr\u00e4ven\" \/>\n<meta property=\"og:description\" content=\"Vsestranski anorak za aktivnosti na prostem. Izdelan brez PFAS.\" \/>\n<meta property=\"og:url\" content=\"https:\/\/fjallshop.si\/izdelek\/hc-hybrid-wind-jacket-m\/\" \/>\n<meta property=\"og:site_name\" content=\"Fj\u00e4llr\u00e4ven\" \/>\n<meta property=\"article:publisher\" content=\"https:\/\/www.facebook.com\/FjallravenSlovenia\" \/>\n<meta property=\"article:modified_time\" content=\"2026-05-06T13:26:37+00:00\" \/>\n<meta name=\"twitter:card\" content=\"summary_large_image\" \/>\n<script type=\"application\/ld+json\" class=\"yoast-schema-graph\">{\"@context\":\"https:\/\/schema.org\",\"@graph\":[{\"@type\":\"WebPage\",\"@id\":\"https:\/\/fjallshop.si\/izdelek\/hc-hybrid-wind-jacket-m\/\",\"url\":\"https:\/\/fjallshop.si\/izdelek\/hc-hybrid-wind-jacket-m\/\",\"name\":\"HC Hybrid Wind Jacket M - Fj\u00e4llr\u00e4ven\",\"isPartOf\":{\"@id\":\"https:\/\/fjallshop.si\/en\/#website\"},\"primaryImageOfPage\":{\"@id\":\"https:\/\/fjallshop.si\/izdelek\/hc-hybrid-wind-jacket-m\/#primaryimage\"},\"image\":{\"@id\":\"https:\/\/fjallshop.si\/izdelek\/hc-hybrid-wind-jacket-m\/#primaryimage\"},\"thumbnailUrl\":\"https:\/\/fjallshop.si\/wp-content\/uploads\/2026\/05\/HC_Hybrid_Wind_Jacket_M_12500138-550_A_MAIN_FJR.webp\",\"datePublished\":\"2026-05-03T21:14:13+00:00\",\"dateModified\":\"2026-05-06T13:26:37+00:00\",\"breadcrumb\":{\"@id\":\"https:\/\/fjallshop.si\/izdelek\/hc-hybrid-wind-jacket-m\/#breadcrumb\"},\"inLanguage\":\"hr\",\"potentialAction\":[{\"@type\":\"ReadAction\",\"target\":[\"https:\/\/fjallshop.si\/izdelek\/hc-hybrid-wind-jacket-m\/\"]}]},{\"@type\":\"ImageObject\",\"inLanguage\":\"hr\",\"@id\":\"https:\/\/fjallshop.si\/izdelek\/hc-hybrid-wind-jacket-m\/#primaryimage\",\"url\":\"https:\/\/fjallshop.si\/wp-content\/uploads\/2026\/05\/HC_Hybrid_Wind_Jacket_M_12500138-550_A_MAIN_FJR.webp\",\"contentUrl\":\"https:\/\/fjallshop.si\/wp-content\/uploads\/2026\/05\/HC_Hybrid_Wind_Jacket_M_12500138-550_A_MAIN_FJR.webp\",\"width\":1500,\"height\":1500},{\"@type\":\"BreadcrumbList\",\"@id\":\"https:\/\/fjallshop.si\/izdelek\/hc-hybrid-wind-jacket-m\/#breadcrumb\",\"itemListElement\":[{\"@type\":\"ListItem\",\"position\":1,\"name\":\"Home\",\"item\":\"https:\/\/fjallshop.si\/hr\/\"},{\"@type\":\"ListItem\",\"position\":2,\"name\":\"Trgovina\",\"item\":\"https:\/\/fjallshop.si\/hr\/trgovina\/\"},{\"@type\":\"ListItem\",\"position\":3,\"name\":\"HC Hybrid Wind Jacket M\"}]},{\"@type\":\"WebSite\",\"@id\":\"https:\/\/fjallshop.si\/en\/#website\",\"url\":\"https:\/\/fjallshop.si\/en\/\",\"name\":\"Fj\u00e4llr\u00e4ven\",\"description\":\"Spletna trgovina\",\"publisher\":{\"@id\":\"https:\/\/fjallshop.si\/en\/#organization\"},\"potentialAction\":[{\"@type\":\"SearchAction\",\"target\":{\"@type\":\"EntryPoint\",\"urlTemplate\":\"https:\/\/fjallshop.si\/en\/?s={search_term_string}\"},\"query-input\":{\"@type\":\"PropertyValueSpecification\",\"valueRequired\":true,\"valueName\":\"search_term_string\"}}],\"inLanguage\":\"hr\"},{\"@type\":\"Organization\",\"@id\":\"https:\/\/fjallshop.si\/en\/#organization\",\"name\":\"Fj\u00e4llr\u00e4ven\",\"url\":\"https:\/\/fjallshop.si\/en\/\",\"logo\":{\"@type\":\"ImageObject\",\"inLanguage\":\"hr\",\"@id\":\"https:\/\/fjallshop.si\/en\/#\/schema\/logo\/image\/\",\"url\":\"https:\/\/fjallshop.si\/wp-content\/uploads\/2026\/02\/fjallravenlogo.svg\",\"contentUrl\":\"https:\/\/fjallshop.si\/wp-content\/uploads\/2026\/02\/fjallravenlogo.svg\",\"width\":126,\"height\":46,\"caption\":\"Fj\u00e4llr\u00e4ven\"},\"image\":{\"@id\":\"https:\/\/fjallshop.si\/en\/#\/schema\/logo\/image\/\"},\"sameAs\":[\"https:\/\/www.facebook.com\/FjallravenSlovenia\"]}]}<\/script>\n<!-- \/ Yoast SEO plugin. -->","yoast_head_json":{"title":"HC Hybrid Wind Jacket M - Fj\u00e4llr\u00e4ven","robots":{"index":"index","follow":"follow","max-snippet":"max-snippet:-1","max-image-preview":"max-image-preview:large","max-video-preview":"max-video-preview:-1"},"canonical":"https:\/\/fjallshop.si\/izdelek\/hc-hybrid-wind-jacket-m\/","og_locale":"hr_HR","og_type":"article","og_title":"HC Hybrid Wind Jacket M - Fj\u00e4llr\u00e4ven","og_description":"Vsestranski anorak za aktivnosti na prostem. Izdelan brez PFAS.","og_url":"https:\/\/fjallshop.si\/izdelek\/hc-hybrid-wind-jacket-m\/","og_site_name":"Fj\u00e4llr\u00e4ven","article_publisher":"https:\/\/www.facebook.com\/FjallravenSlovenia","article_modified_time":"2026-05-06T13:26:37+00:00","twitter_card":"summary_large_image","schema":{"@context":"https:\/\/schema.org","@graph":[{"@type":"WebPage","@id":"https:\/\/fjallshop.si\/izdelek\/hc-hybrid-wind-jacket-m\/","url":"https:\/\/fjallshop.si\/izdelek\/hc-hybrid-wind-jacket-m\/","name":"HC Hybrid Wind Jacket M - Fj\u00e4llr\u00e4ven","isPartOf":{"@id":"https:\/\/fjallshop.si\/en\/#website"},"primaryImageOfPage":{"@id":"https:\/\/fjallshop.si\/izdelek\/hc-hybrid-wind-jacket-m\/#primaryimage"},"image":{"@id":"https:\/\/fjallshop.si\/izdelek\/hc-hybrid-wind-jacket-m\/#primaryimage"},"thumbnailUrl":"https:\/\/fjallshop.si\/wp-content\/uploads\/2026\/05\/HC_Hybrid_Wind_Jacket_M_12500138-550_A_MAIN_FJR.webp","datePublished":"2026-05-03T21:14:13+00:00","dateModified":"2026-05-06T13:26:37+00:00","breadcrumb":{"@id":"https:\/\/fjallshop.si\/izdelek\/hc-hybrid-wind-jacket-m\/#breadcrumb"},"inLanguage":"hr","potentialAction":[{"@type":"ReadAction","target":["https:\/\/fjallshop.si\/izdelek\/hc-hybrid-wind-jacket-m\/"]}]},{"@type":"ImageObject","inLanguage":"hr","@id":"https:\/\/fjallshop.si\/izdelek\/hc-hybrid-wind-jacket-m\/#primaryimage","url":"https:\/\/fjallshop.si\/wp-content\/uploads\/2026\/05\/HC_Hybrid_Wind_Jacket_M_12500138-550_A_MAIN_FJR.webp","contentUrl":"https:\/\/fjallshop.si\/wp-content\/uploads\/2026\/05\/HC_Hybrid_Wind_Jacket_M_12500138-550_A_MAIN_FJR.webp","width":1500,"height":1500},{"@type":"BreadcrumbList","@id":"https:\/\/fjallshop.si\/izdelek\/hc-hybrid-wind-jacket-m\/#breadcrumb","itemListElement":[{"@type":"ListItem","position":1,"name":"Home","item":"https:\/\/fjallshop.si\/hr\/"},{"@type":"ListItem","position":2,"name":"Trgovina","item":"https:\/\/fjallshop.si\/hr\/trgovina\/"},{"@type":"ListItem","position":3,"name":"HC Hybrid Wind Jacket M"}]},{"@type":"WebSite","@id":"https:\/\/fjallshop.si\/en\/#website","url":"https:\/\/fjallshop.si\/en\/","name":"Fj\u00e4llr\u00e4ven","description":"Spletna trgovina","publisher":{"@id":"https:\/\/fjallshop.si\/en\/#organization"},"potentialAction":[{"@type":"SearchAction","target":{"@type":"EntryPoint","urlTemplate":"https:\/\/fjallshop.si\/en\/?s={search_term_string}"},"query-input":{"@type":"PropertyValueSpecification","valueRequired":true,"valueName":"search_term_string"}}],"inLanguage":"hr"},{"@type":"Organization","@id":"https:\/\/fjallshop.si\/en\/#organization","name":"Fj\u00e4llr\u00e4ven","url":"https:\/\/fjallshop.si\/en\/","logo":{"@type":"ImageObject","inLanguage":"hr","@id":"https:\/\/fjallshop.si\/en\/#\/schema\/logo\/image\/","url":"https:\/\/fjallshop.si\/wp-content\/uploads\/2026\/02\/fjallravenlogo.svg","contentUrl":"https:\/\/fjallshop.si\/wp-content\/uploads\/2026\/02\/fjallravenlogo.svg","width":126,"height":46,"caption":"Fj\u00e4llr\u00e4ven"},"image":{"@id":"https:\/\/fjallshop.si\/en\/#\/schema\/logo\/image\/"},"sameAs":["https:\/\/www.facebook.com\/FjallravenSlovenia"]}]}},"_links":{"self":[{"href":"https:\/\/fjallshop.si\/hr\/wp-json\/wp\/v2\/product\/1029609","targetHints":{"allow":["GET"]}}],"collection":[{"href":"https:\/\/fjallshop.si\/hr\/wp-json\/wp\/v2\/product"}],"about":[{"href":"https:\/\/fjallshop.si\/hr\/wp-json\/wp\/v2\/types\/product"}],"version-history":[{"count":2,"href":"https:\/\/fjallshop.si\/hr\/wp-json\/wp\/v2\/product\/1029609\/revisions"}],"predecessor-version":[{"id":1031519,"href":"https:\/\/fjallshop.si\/hr\/wp-json\/wp\/v2\/product\/1029609\/revisions\/1031519"}],"wp:featuredmedia":[{"embeddable":true,"href":"https:\/\/fjallshop.si\/hr\/wp-json\/wp\/v2\/media\/1031954"}],"wp:attachment":[{"href":"https:\/\/fjallshop.si\/hr\/wp-json\/wp\/v2\/media?parent=1029609"}],"wp:term":[{"taxonomy":"product_brand","embeddable":true,"href":"https:\/\/fjallshop.si\/hr\/wp-json\/wp\/v2\/product_brand?post=1029609"},{"taxonomy":"product_cat","embeddable":true,"href":"https:\/\/fjallshop.si\/hr\/wp-json\/wp\/v2\/product_cat?post=1029609"},{"taxonomy":"product_tag","embeddable":true,"href":"https:\/\/fjallshop.si\/hr\/wp-json\/wp\/v2\/product_tag?post=1029609"}],"curies":[{"name":"wp","href":"https:\/\/api.w.org\/{rel}","templated":true}]}}