{"id":1030021,"date":"2026-05-03T21:15:17","date_gmt":"2026-05-03T21:15:17","guid":{"rendered":"https:\/\/fjallravensi.dev.mortar.tovarnaidej.com\/?post_type=product&#038;p=1030021"},"modified":"2026-05-06T13:26:59","modified_gmt":"2026-05-06T13:26:59","slug":"hoja-bike-frame-fold-bag","status":"publish","type":"product","link":"https:\/\/fjallshop.si\/hr\/proizvod\/hoja-bike-frame-fold-bag\/","title":{"rendered":"Hoja Bike Frame Fold Bag"},"content":{"rendered":"<p>Hoja Bike Frame Fold Bag je vsestranska torba, ki se prekriva \u010dez kolo in jo lahko hitro snamete s kolesa in uporabite kot torbo preko ramena, ko pridete na cilj. Narejena je iz trpe\u017enega Vinylona F, njene \u0161tevilne \u017eepke pa bodo va\u0161e dragocenosti varno in organizirano shranile, tako da se boste lahko osredoto\u010dili na cesto pred vami.<\/p>\n","protected":false},"excerpt":{"rendered":"<p>Vsestranska torba za kolo, ki jo lahko preprosto prekrijete, da va\u0161e dragocenosti ostanejo varne in organizirane. Brez PFAS.<\/p>\n","protected":false},"featured_media":1032192,"template":"","meta":[],"product_brand":[],"product_cat":[769],"product_tag":[772,742,773,576,590,783,485],"class_list":{"0":"post-1030021","1":"product","2":"type-product","3":"status-publish","4":"has-post-thumbnail","6":"product_cat-torbe-in-nahrbtniki","7":"product_tag-cycling","8":"product_tag-hoja","9":"product_tag-kolesarjenje","10":"product_tag-nahrbtniki-torbe","11":"product_tag-oprema","12":"product_tag-torbe-za-kolesarjenje","13":"product_tag-unisex","15":"first","16":"instock","17":"shipping-taxable","18":"purchasable","19":"product-type-variable"},"yoast_head":"<!-- This site is optimized with the Yoast SEO plugin v27.0 - https:\/\/yoast.com\/product\/yoast-seo-wordpress\/ -->\n<title>Hoja Bike Frame Fold Bag - Fj\u00e4llr\u00e4ven<\/title>\n<meta name=\"robots\" content=\"index, follow, max-snippet:-1, max-image-preview:large, max-video-preview:-1\" \/>\n<link rel=\"canonical\" href=\"https:\/\/fjallshop.si\/izdelek\/hoja-bike-frame-fold-bag\/\" \/>\n<meta property=\"og:locale\" content=\"hr_HR\" \/>\n<meta property=\"og:type\" content=\"article\" \/>\n<meta property=\"og:title\" content=\"Hoja Bike Frame Fold Bag - Fj\u00e4llr\u00e4ven\" \/>\n<meta property=\"og:description\" content=\"Vsestranska torba za kolo, ki jo lahko preprosto prekrijete, da va\u0161e dragocenosti ostanejo varne in organizirane. Brez PFAS.\" \/>\n<meta property=\"og:url\" content=\"https:\/\/fjallshop.si\/izdelek\/hoja-bike-frame-fold-bag\/\" \/>\n<meta property=\"og:site_name\" content=\"Fj\u00e4llr\u00e4ven\" \/>\n<meta property=\"article:publisher\" content=\"https:\/\/www.facebook.com\/FjallravenSlovenia\" \/>\n<meta property=\"article:modified_time\" content=\"2026-05-06T13:26:59+00:00\" \/>\n<meta name=\"twitter:card\" content=\"summary_large_image\" \/>\n<script type=\"application\/ld+json\" class=\"yoast-schema-graph\">{\"@context\":\"https:\/\/schema.org\",\"@graph\":[{\"@type\":\"WebPage\",\"@id\":\"https:\/\/fjallshop.si\/izdelek\/hoja-bike-frame-fold-bag\/\",\"url\":\"https:\/\/fjallshop.si\/izdelek\/hoja-bike-frame-fold-bag\/\",\"name\":\"Hoja Bike Frame Fold Bag - Fj\u00e4llr\u00e4ven\",\"isPartOf\":{\"@id\":\"https:\/\/fjallshop.si\/en\/#website\"},\"primaryImageOfPage\":{\"@id\":\"https:\/\/fjallshop.si\/izdelek\/hoja-bike-frame-fold-bag\/#primaryimage\"},\"image\":{\"@id\":\"https:\/\/fjallshop.si\/izdelek\/hoja-bike-frame-fold-bag\/#primaryimage\"},\"thumbnailUrl\":\"https:\/\/fjallshop.si\/wp-content\/uploads\/2026\/05\/Hoja_Bike_Frame_Fold_Bag_23200350-221_A_MAIN.webp\",\"datePublished\":\"2026-05-03T21:15:17+00:00\",\"dateModified\":\"2026-05-06T13:26:59+00:00\",\"breadcrumb\":{\"@id\":\"https:\/\/fjallshop.si\/izdelek\/hoja-bike-frame-fold-bag\/#breadcrumb\"},\"inLanguage\":\"hr\",\"potentialAction\":[{\"@type\":\"ReadAction\",\"target\":[\"https:\/\/fjallshop.si\/izdelek\/hoja-bike-frame-fold-bag\/\"]}]},{\"@type\":\"ImageObject\",\"inLanguage\":\"hr\",\"@id\":\"https:\/\/fjallshop.si\/izdelek\/hoja-bike-frame-fold-bag\/#primaryimage\",\"url\":\"https:\/\/fjallshop.si\/wp-content\/uploads\/2026\/05\/Hoja_Bike_Frame_Fold_Bag_23200350-221_A_MAIN.webp\",\"contentUrl\":\"https:\/\/fjallshop.si\/wp-content\/uploads\/2026\/05\/Hoja_Bike_Frame_Fold_Bag_23200350-221_A_MAIN.webp\",\"width\":1500,\"height\":1500},{\"@type\":\"BreadcrumbList\",\"@id\":\"https:\/\/fjallshop.si\/izdelek\/hoja-bike-frame-fold-bag\/#breadcrumb\",\"itemListElement\":[{\"@type\":\"ListItem\",\"position\":1,\"name\":\"Home\",\"item\":\"https:\/\/fjallshop.si\/hr\/\"},{\"@type\":\"ListItem\",\"position\":2,\"name\":\"Trgovina\",\"item\":\"https:\/\/fjallshop.si\/hr\/trgovina\/\"},{\"@type\":\"ListItem\",\"position\":3,\"name\":\"Hoja Bike Frame Fold Bag\"}]},{\"@type\":\"WebSite\",\"@id\":\"https:\/\/fjallshop.si\/en\/#website\",\"url\":\"https:\/\/fjallshop.si\/en\/\",\"name\":\"Fj\u00e4llr\u00e4ven\",\"description\":\"Spletna trgovina\",\"publisher\":{\"@id\":\"https:\/\/fjallshop.si\/en\/#organization\"},\"potentialAction\":[{\"@type\":\"SearchAction\",\"target\":{\"@type\":\"EntryPoint\",\"urlTemplate\":\"https:\/\/fjallshop.si\/en\/?s={search_term_string}\"},\"query-input\":{\"@type\":\"PropertyValueSpecification\",\"valueRequired\":true,\"valueName\":\"search_term_string\"}}],\"inLanguage\":\"hr\"},{\"@type\":\"Organization\",\"@id\":\"https:\/\/fjallshop.si\/en\/#organization\",\"name\":\"Fj\u00e4llr\u00e4ven\",\"url\":\"https:\/\/fjallshop.si\/en\/\",\"logo\":{\"@type\":\"ImageObject\",\"inLanguage\":\"hr\",\"@id\":\"https:\/\/fjallshop.si\/en\/#\/schema\/logo\/image\/\",\"url\":\"https:\/\/fjallshop.si\/wp-content\/uploads\/2026\/02\/fjallravenlogo.svg\",\"contentUrl\":\"https:\/\/fjallshop.si\/wp-content\/uploads\/2026\/02\/fjallravenlogo.svg\",\"width\":126,\"height\":46,\"caption\":\"Fj\u00e4llr\u00e4ven\"},\"image\":{\"@id\":\"https:\/\/fjallshop.si\/en\/#\/schema\/logo\/image\/\"},\"sameAs\":[\"https:\/\/www.facebook.com\/FjallravenSlovenia\"]}]}<\/script>\n<!-- \/ Yoast SEO plugin. -->","yoast_head_json":{"title":"Hoja Bike Frame Fold Bag - Fj\u00e4llr\u00e4ven","robots":{"index":"index","follow":"follow","max-snippet":"max-snippet:-1","max-image-preview":"max-image-preview:large","max-video-preview":"max-video-preview:-1"},"canonical":"https:\/\/fjallshop.si\/izdelek\/hoja-bike-frame-fold-bag\/","og_locale":"hr_HR","og_type":"article","og_title":"Hoja Bike Frame Fold Bag - Fj\u00e4llr\u00e4ven","og_description":"Vsestranska torba za kolo, ki jo lahko preprosto prekrijete, da va\u0161e dragocenosti ostanejo varne in organizirane. Brez PFAS.","og_url":"https:\/\/fjallshop.si\/izdelek\/hoja-bike-frame-fold-bag\/","og_site_name":"Fj\u00e4llr\u00e4ven","article_publisher":"https:\/\/www.facebook.com\/FjallravenSlovenia","article_modified_time":"2026-05-06T13:26:59+00:00","twitter_card":"summary_large_image","schema":{"@context":"https:\/\/schema.org","@graph":[{"@type":"WebPage","@id":"https:\/\/fjallshop.si\/izdelek\/hoja-bike-frame-fold-bag\/","url":"https:\/\/fjallshop.si\/izdelek\/hoja-bike-frame-fold-bag\/","name":"Hoja Bike Frame Fold Bag - Fj\u00e4llr\u00e4ven","isPartOf":{"@id":"https:\/\/fjallshop.si\/en\/#website"},"primaryImageOfPage":{"@id":"https:\/\/fjallshop.si\/izdelek\/hoja-bike-frame-fold-bag\/#primaryimage"},"image":{"@id":"https:\/\/fjallshop.si\/izdelek\/hoja-bike-frame-fold-bag\/#primaryimage"},"thumbnailUrl":"https:\/\/fjallshop.si\/wp-content\/uploads\/2026\/05\/Hoja_Bike_Frame_Fold_Bag_23200350-221_A_MAIN.webp","datePublished":"2026-05-03T21:15:17+00:00","dateModified":"2026-05-06T13:26:59+00:00","breadcrumb":{"@id":"https:\/\/fjallshop.si\/izdelek\/hoja-bike-frame-fold-bag\/#breadcrumb"},"inLanguage":"hr","potentialAction":[{"@type":"ReadAction","target":["https:\/\/fjallshop.si\/izdelek\/hoja-bike-frame-fold-bag\/"]}]},{"@type":"ImageObject","inLanguage":"hr","@id":"https:\/\/fjallshop.si\/izdelek\/hoja-bike-frame-fold-bag\/#primaryimage","url":"https:\/\/fjallshop.si\/wp-content\/uploads\/2026\/05\/Hoja_Bike_Frame_Fold_Bag_23200350-221_A_MAIN.webp","contentUrl":"https:\/\/fjallshop.si\/wp-content\/uploads\/2026\/05\/Hoja_Bike_Frame_Fold_Bag_23200350-221_A_MAIN.webp","width":1500,"height":1500},{"@type":"BreadcrumbList","@id":"https:\/\/fjallshop.si\/izdelek\/hoja-bike-frame-fold-bag\/#breadcrumb","itemListElement":[{"@type":"ListItem","position":1,"name":"Home","item":"https:\/\/fjallshop.si\/hr\/"},{"@type":"ListItem","position":2,"name":"Trgovina","item":"https:\/\/fjallshop.si\/hr\/trgovina\/"},{"@type":"ListItem","position":3,"name":"Hoja Bike Frame Fold Bag"}]},{"@type":"WebSite","@id":"https:\/\/fjallshop.si\/en\/#website","url":"https:\/\/fjallshop.si\/en\/","name":"Fj\u00e4llr\u00e4ven","description":"Spletna trgovina","publisher":{"@id":"https:\/\/fjallshop.si\/en\/#organization"},"potentialAction":[{"@type":"SearchAction","target":{"@type":"EntryPoint","urlTemplate":"https:\/\/fjallshop.si\/en\/?s={search_term_string}"},"query-input":{"@type":"PropertyValueSpecification","valueRequired":true,"valueName":"search_term_string"}}],"inLanguage":"hr"},{"@type":"Organization","@id":"https:\/\/fjallshop.si\/en\/#organization","name":"Fj\u00e4llr\u00e4ven","url":"https:\/\/fjallshop.si\/en\/","logo":{"@type":"ImageObject","inLanguage":"hr","@id":"https:\/\/fjallshop.si\/en\/#\/schema\/logo\/image\/","url":"https:\/\/fjallshop.si\/wp-content\/uploads\/2026\/02\/fjallravenlogo.svg","contentUrl":"https:\/\/fjallshop.si\/wp-content\/uploads\/2026\/02\/fjallravenlogo.svg","width":126,"height":46,"caption":"Fj\u00e4llr\u00e4ven"},"image":{"@id":"https:\/\/fjallshop.si\/en\/#\/schema\/logo\/image\/"},"sameAs":["https:\/\/www.facebook.com\/FjallravenSlovenia"]}]}},"_links":{"self":[{"href":"https:\/\/fjallshop.si\/hr\/wp-json\/wp\/v2\/product\/1030021","targetHints":{"allow":["GET"]}}],"collection":[{"href":"https:\/\/fjallshop.si\/hr\/wp-json\/wp\/v2\/product"}],"about":[{"href":"https:\/\/fjallshop.si\/hr\/wp-json\/wp\/v2\/types\/product"}],"version-history":[{"count":2,"href":"https:\/\/fjallshop.si\/hr\/wp-json\/wp\/v2\/product\/1030021\/revisions"}],"predecessor-version":[{"id":1033092,"href":"https:\/\/fjallshop.si\/hr\/wp-json\/wp\/v2\/product\/1030021\/revisions\/1033092"}],"wp:featuredmedia":[{"embeddable":true,"href":"https:\/\/fjallshop.si\/hr\/wp-json\/wp\/v2\/media\/1032192"}],"wp:attachment":[{"href":"https:\/\/fjallshop.si\/hr\/wp-json\/wp\/v2\/media?parent=1030021"}],"wp:term":[{"taxonomy":"product_brand","embeddable":true,"href":"https:\/\/fjallshop.si\/hr\/wp-json\/wp\/v2\/product_brand?post=1030021"},{"taxonomy":"product_cat","embeddable":true,"href":"https:\/\/fjallshop.si\/hr\/wp-json\/wp\/v2\/product_cat?post=1030021"},{"taxonomy":"product_tag","embeddable":true,"href":"https:\/\/fjallshop.si\/hr\/wp-json\/wp\/v2\/product_tag?post=1030021"}],"curies":[{"name":"wp","href":"https:\/\/api.w.org\/{rel}","templated":true}]}}