{"id":1030060,"date":"2026-05-03T21:15:22","date_gmt":"2026-05-03T21:15:22","guid":{"rendered":"https:\/\/fjallravensi.dev.mortar.tovarnaidej.com\/?post_type=product&#038;p=1030060"},"modified":"2026-05-06T13:27:00","modified_gmt":"2026-05-06T13:27:00","slug":"kajka-35-s-m","status":"publish","type":"product","link":"https:\/\/fjallshop.si\/hr\/proizvod\/kajka-35-s-m\/","title":{"rendered":"Kajka 35 S\/M"},"content":{"rendered":"<p>Trajnost z visoko funkcionalnostjo in udobjem \u2013 Kajka 35 je napreden dnevni nahrbtnik za pohodni\u0161tvo, ki ga pohvalijo pohodniki po vsem svetu. Eden od razlogov je njegova konstrukcija iz brezovega lesa, ki skupaj z enostavno nastavljivo dol\u017eino hrbta naredi nahrbtnik Kajka 35 primeren za no\u0161enje te\u017ekih bremen, tako da se lahko osredoto\u010dite na pohodni\u0161tvo, ne pa na bole\u010dine v hrbtu. Ergonomske naramnice in pas za boke z \u017eepom zagotavljajo dodatno funkcionalnost in udobje. Izdelan je iz trpe\u017enega materiala Vinylon F z oja\u010ditvijo iz recikliranega poliamida. Nahrbtniku Kajka 35 lahko dodate ve\u010d prostora za shranjevanje, tako da na straneh pritrdite stranske \u017eepe Kajka 35. Na sprednji strani so tudi zanke za pritrditev treking palic ali cepinov. Glavni predel ima notranji \u017eep iz mre\u017ee in zadrgo po celotni dol\u017eini spredaj, kar omogo\u010da la\u017ejo organizacijo in bolj\u0161o preglednost vsebine. Zgornji pokrov ima tri \u017eepe z zadrgo in ga je mogo\u010de odstraniti, da se uporablja kot torba prek ramena. Dva kompresijska traka na vsaki strani zagotavljata enakomerno in u\u010dinkovito stiskanje, hkrati pa omogo\u010data dostop do stranskih \u017eepov. Zdru\u017eljiv s sistemom za hidracijo. Vklju\u010den je tudi de\u017eni pokrov za nahrbtnik. Modeli S\/M imajo sprednji del naramnic rahlo zo\u017een, da se bolje prilegajo manj\u0161im postavam in zagotavljajo ve\u010d prostora za prsni ko\u0161. Modeli M\/L imajo dalj\u0161e naramnice, ki se na koncih ne zo\u017eujejo, da se bolje prilegajo \u0161ir\u0161emu trupu.<\/p>\n","protected":false},"excerpt":{"rendered":"<p>Pohodni\u0161ki in funkcionalni nahrbtnik za vsakodnevno uporabo. Izdelan brez PFAS.<\/p>\n","protected":false},"featured_media":1032362,"template":"","meta":[],"product_brand":[],"product_cat":[769],"product_tag":[576,590,488,471,781,485],"class_list":{"0":"post-1030060","1":"product","2":"type-product","3":"status-publish","4":"has-post-thumbnail","6":"product_cat-torbe-in-nahrbtniki","7":"product_tag-nahrbtniki-torbe","8":"product_tag-oprema","9":"product_tag-singi","10":"product_tag-treking","11":"product_tag-treking-nahrbtniki","12":"product_tag-unisex","14":"first","15":"instock","16":"shipping-taxable","17":"purchasable","18":"product-type-variable"},"yoast_head":"<!-- This site is optimized with the Yoast SEO plugin v27.0 - https:\/\/yoast.com\/product\/yoast-seo-wordpress\/ -->\n<title>Kajka 35 S\/M - Fj\u00e4llr\u00e4ven<\/title>\n<meta name=\"robots\" content=\"index, follow, max-snippet:-1, max-image-preview:large, max-video-preview:-1\" \/>\n<link rel=\"canonical\" href=\"https:\/\/fjallshop.si\/izdelek\/kajka-35-s-m\/\" \/>\n<meta property=\"og:locale\" content=\"hr_HR\" \/>\n<meta property=\"og:type\" content=\"article\" \/>\n<meta property=\"og:title\" content=\"Kajka 35 S\/M - Fj\u00e4llr\u00e4ven\" \/>\n<meta property=\"og:description\" content=\"Pohodni\u0161ki in funkcionalni nahrbtnik za vsakodnevno uporabo. Izdelan brez PFAS.\" \/>\n<meta property=\"og:url\" content=\"https:\/\/fjallshop.si\/izdelek\/kajka-35-s-m\/\" \/>\n<meta property=\"og:site_name\" content=\"Fj\u00e4llr\u00e4ven\" \/>\n<meta property=\"article:publisher\" content=\"https:\/\/www.facebook.com\/FjallravenSlovenia\" \/>\n<meta property=\"article:modified_time\" content=\"2026-05-06T13:27:00+00:00\" \/>\n<meta name=\"twitter:card\" content=\"summary_large_image\" \/>\n<meta name=\"twitter:label1\" content=\"Procijenjeno vrijeme \u010ditanja\" \/>\n\t<meta name=\"twitter:data1\" content=\"1 minuta\" \/>\n<script type=\"application\/ld+json\" class=\"yoast-schema-graph\">{\"@context\":\"https:\/\/schema.org\",\"@graph\":[{\"@type\":\"WebPage\",\"@id\":\"https:\/\/fjallshop.si\/izdelek\/kajka-35-s-m\/\",\"url\":\"https:\/\/fjallshop.si\/izdelek\/kajka-35-s-m\/\",\"name\":\"Kajka 35 S\/M - Fj\u00e4llr\u00e4ven\",\"isPartOf\":{\"@id\":\"https:\/\/fjallshop.si\/en\/#website\"},\"primaryImageOfPage\":{\"@id\":\"https:\/\/fjallshop.si\/izdelek\/kajka-35-s-m\/#primaryimage\"},\"image\":{\"@id\":\"https:\/\/fjallshop.si\/izdelek\/kajka-35-s-m\/#primaryimage\"},\"thumbnailUrl\":\"https:\/\/fjallshop.si\/wp-content\/uploads\/2026\/05\/Kajka_35_S_M_23533-620_A_MAIN_FJR.webp\",\"datePublished\":\"2026-05-03T21:15:22+00:00\",\"dateModified\":\"2026-05-06T13:27:00+00:00\",\"breadcrumb\":{\"@id\":\"https:\/\/fjallshop.si\/izdelek\/kajka-35-s-m\/#breadcrumb\"},\"inLanguage\":\"hr\",\"potentialAction\":[{\"@type\":\"ReadAction\",\"target\":[\"https:\/\/fjallshop.si\/izdelek\/kajka-35-s-m\/\"]}]},{\"@type\":\"ImageObject\",\"inLanguage\":\"hr\",\"@id\":\"https:\/\/fjallshop.si\/izdelek\/kajka-35-s-m\/#primaryimage\",\"url\":\"https:\/\/fjallshop.si\/wp-content\/uploads\/2026\/05\/Kajka_35_S_M_23533-620_A_MAIN_FJR.webp\",\"contentUrl\":\"https:\/\/fjallshop.si\/wp-content\/uploads\/2026\/05\/Kajka_35_S_M_23533-620_A_MAIN_FJR.webp\",\"width\":1500,\"height\":1500},{\"@type\":\"BreadcrumbList\",\"@id\":\"https:\/\/fjallshop.si\/izdelek\/kajka-35-s-m\/#breadcrumb\",\"itemListElement\":[{\"@type\":\"ListItem\",\"position\":1,\"name\":\"Home\",\"item\":\"https:\/\/fjallshop.si\/hr\/\"},{\"@type\":\"ListItem\",\"position\":2,\"name\":\"Trgovina\",\"item\":\"https:\/\/fjallshop.si\/hr\/trgovina\/\"},{\"@type\":\"ListItem\",\"position\":3,\"name\":\"Kajka 35 S\/M\"}]},{\"@type\":\"WebSite\",\"@id\":\"https:\/\/fjallshop.si\/en\/#website\",\"url\":\"https:\/\/fjallshop.si\/en\/\",\"name\":\"Fj\u00e4llr\u00e4ven\",\"description\":\"Spletna trgovina\",\"publisher\":{\"@id\":\"https:\/\/fjallshop.si\/en\/#organization\"},\"potentialAction\":[{\"@type\":\"SearchAction\",\"target\":{\"@type\":\"EntryPoint\",\"urlTemplate\":\"https:\/\/fjallshop.si\/en\/?s={search_term_string}\"},\"query-input\":{\"@type\":\"PropertyValueSpecification\",\"valueRequired\":true,\"valueName\":\"search_term_string\"}}],\"inLanguage\":\"hr\"},{\"@type\":\"Organization\",\"@id\":\"https:\/\/fjallshop.si\/en\/#organization\",\"name\":\"Fj\u00e4llr\u00e4ven\",\"url\":\"https:\/\/fjallshop.si\/en\/\",\"logo\":{\"@type\":\"ImageObject\",\"inLanguage\":\"hr\",\"@id\":\"https:\/\/fjallshop.si\/en\/#\/schema\/logo\/image\/\",\"url\":\"https:\/\/fjallshop.si\/wp-content\/uploads\/2026\/02\/fjallravenlogo.svg\",\"contentUrl\":\"https:\/\/fjallshop.si\/wp-content\/uploads\/2026\/02\/fjallravenlogo.svg\",\"width\":126,\"height\":46,\"caption\":\"Fj\u00e4llr\u00e4ven\"},\"image\":{\"@id\":\"https:\/\/fjallshop.si\/en\/#\/schema\/logo\/image\/\"},\"sameAs\":[\"https:\/\/www.facebook.com\/FjallravenSlovenia\"]}]}<\/script>\n<!-- \/ Yoast SEO plugin. -->","yoast_head_json":{"title":"Kajka 35 S\/M - Fj\u00e4llr\u00e4ven","robots":{"index":"index","follow":"follow","max-snippet":"max-snippet:-1","max-image-preview":"max-image-preview:large","max-video-preview":"max-video-preview:-1"},"canonical":"https:\/\/fjallshop.si\/izdelek\/kajka-35-s-m\/","og_locale":"hr_HR","og_type":"article","og_title":"Kajka 35 S\/M - Fj\u00e4llr\u00e4ven","og_description":"Pohodni\u0161ki in funkcionalni nahrbtnik za vsakodnevno uporabo. Izdelan brez PFAS.","og_url":"https:\/\/fjallshop.si\/izdelek\/kajka-35-s-m\/","og_site_name":"Fj\u00e4llr\u00e4ven","article_publisher":"https:\/\/www.facebook.com\/FjallravenSlovenia","article_modified_time":"2026-05-06T13:27:00+00:00","twitter_card":"summary_large_image","twitter_misc":{"Procijenjeno vrijeme \u010ditanja":"1 minuta"},"schema":{"@context":"https:\/\/schema.org","@graph":[{"@type":"WebPage","@id":"https:\/\/fjallshop.si\/izdelek\/kajka-35-s-m\/","url":"https:\/\/fjallshop.si\/izdelek\/kajka-35-s-m\/","name":"Kajka 35 S\/M - Fj\u00e4llr\u00e4ven","isPartOf":{"@id":"https:\/\/fjallshop.si\/en\/#website"},"primaryImageOfPage":{"@id":"https:\/\/fjallshop.si\/izdelek\/kajka-35-s-m\/#primaryimage"},"image":{"@id":"https:\/\/fjallshop.si\/izdelek\/kajka-35-s-m\/#primaryimage"},"thumbnailUrl":"https:\/\/fjallshop.si\/wp-content\/uploads\/2026\/05\/Kajka_35_S_M_23533-620_A_MAIN_FJR.webp","datePublished":"2026-05-03T21:15:22+00:00","dateModified":"2026-05-06T13:27:00+00:00","breadcrumb":{"@id":"https:\/\/fjallshop.si\/izdelek\/kajka-35-s-m\/#breadcrumb"},"inLanguage":"hr","potentialAction":[{"@type":"ReadAction","target":["https:\/\/fjallshop.si\/izdelek\/kajka-35-s-m\/"]}]},{"@type":"ImageObject","inLanguage":"hr","@id":"https:\/\/fjallshop.si\/izdelek\/kajka-35-s-m\/#primaryimage","url":"https:\/\/fjallshop.si\/wp-content\/uploads\/2026\/05\/Kajka_35_S_M_23533-620_A_MAIN_FJR.webp","contentUrl":"https:\/\/fjallshop.si\/wp-content\/uploads\/2026\/05\/Kajka_35_S_M_23533-620_A_MAIN_FJR.webp","width":1500,"height":1500},{"@type":"BreadcrumbList","@id":"https:\/\/fjallshop.si\/izdelek\/kajka-35-s-m\/#breadcrumb","itemListElement":[{"@type":"ListItem","position":1,"name":"Home","item":"https:\/\/fjallshop.si\/hr\/"},{"@type":"ListItem","position":2,"name":"Trgovina","item":"https:\/\/fjallshop.si\/hr\/trgovina\/"},{"@type":"ListItem","position":3,"name":"Kajka 35 S\/M"}]},{"@type":"WebSite","@id":"https:\/\/fjallshop.si\/en\/#website","url":"https:\/\/fjallshop.si\/en\/","name":"Fj\u00e4llr\u00e4ven","description":"Spletna trgovina","publisher":{"@id":"https:\/\/fjallshop.si\/en\/#organization"},"potentialAction":[{"@type":"SearchAction","target":{"@type":"EntryPoint","urlTemplate":"https:\/\/fjallshop.si\/en\/?s={search_term_string}"},"query-input":{"@type":"PropertyValueSpecification","valueRequired":true,"valueName":"search_term_string"}}],"inLanguage":"hr"},{"@type":"Organization","@id":"https:\/\/fjallshop.si\/en\/#organization","name":"Fj\u00e4llr\u00e4ven","url":"https:\/\/fjallshop.si\/en\/","logo":{"@type":"ImageObject","inLanguage":"hr","@id":"https:\/\/fjallshop.si\/en\/#\/schema\/logo\/image\/","url":"https:\/\/fjallshop.si\/wp-content\/uploads\/2026\/02\/fjallravenlogo.svg","contentUrl":"https:\/\/fjallshop.si\/wp-content\/uploads\/2026\/02\/fjallravenlogo.svg","width":126,"height":46,"caption":"Fj\u00e4llr\u00e4ven"},"image":{"@id":"https:\/\/fjallshop.si\/en\/#\/schema\/logo\/image\/"},"sameAs":["https:\/\/www.facebook.com\/FjallravenSlovenia"]}]}},"_links":{"self":[{"href":"https:\/\/fjallshop.si\/hr\/wp-json\/wp\/v2\/product\/1030060","targetHints":{"allow":["GET"]}}],"collection":[{"href":"https:\/\/fjallshop.si\/hr\/wp-json\/wp\/v2\/product"}],"about":[{"href":"https:\/\/fjallshop.si\/hr\/wp-json\/wp\/v2\/types\/product"}],"version-history":[{"count":2,"href":"https:\/\/fjallshop.si\/hr\/wp-json\/wp\/v2\/product\/1030060\/revisions"}],"predecessor-version":[{"id":1033101,"href":"https:\/\/fjallshop.si\/hr\/wp-json\/wp\/v2\/product\/1030060\/revisions\/1033101"}],"wp:featuredmedia":[{"embeddable":true,"href":"https:\/\/fjallshop.si\/hr\/wp-json\/wp\/v2\/media\/1032362"}],"wp:attachment":[{"href":"https:\/\/fjallshop.si\/hr\/wp-json\/wp\/v2\/media?parent=1030060"}],"wp:term":[{"taxonomy":"product_brand","embeddable":true,"href":"https:\/\/fjallshop.si\/hr\/wp-json\/wp\/v2\/product_brand?post=1030060"},{"taxonomy":"product_cat","embeddable":true,"href":"https:\/\/fjallshop.si\/hr\/wp-json\/wp\/v2\/product_cat?post=1030060"},{"taxonomy":"product_tag","embeddable":true,"href":"https:\/\/fjallshop.si\/hr\/wp-json\/wp\/v2\/product_tag?post=1030060"}],"curies":[{"name":"wp","href":"https:\/\/api.w.org\/{rel}","templated":true}]}}