{"id":1030099,"date":"2026-05-03T21:15:29","date_gmt":"2026-05-03T21:15:29","guid":{"rendered":"https:\/\/fjallravensi.dev.mortar.tovarnaidej.com\/?post_type=product&#038;p=1030099"},"modified":"2026-05-06T13:27:02","modified_gmt":"2026-05-06T13:27:02","slug":"splitpack","status":"publish","type":"product","link":"https:\/\/fjallshop.si\/hr\/proizvod\/splitpack\/","title":{"rendered":"Splitpack"},"content":{"rendered":"<p>Nahrbtnik, potovalna torba ali nekaj vmes? Splitpack je prakti\u010den in trpe\u017een spremljevalec. Odpre se na pol in ima dva enako velika predala. Mre\u017easti \u017eepi dr\u017eijo opremo na mestu, omogo\u010dajo preglednost in olaj\u0161ajo lo\u010devanje perila ali mokre opreme. Trpe\u017een, vodoodporen G-1000 HeavyDuty material ima tudi zadrgo, ki torbo odpre v celoti. Recikliran poliester, organski bomba\u017e. Prostornina: 35 litrov. Dva enako velika predela z mre\u017eastimi predelki. Oblazinjeni trakovi z mre\u017eo za prezra\u010devanje. Ima tudi blazinjen hrbet, da se vsebina ne pritisne na hrbet. Ima tri notranje mre\u017easte \u017eepke z zadrgami, dva zunanja \u017eepka z zadrgami in trdne ro\u010daje na kratkih straneh. Lahko se zaklene z obeskom (ni vklju\u010den). Impregnirana z Greenland Wax.<\/p>\n","protected":false},"excerpt":{"rendered":"<p>Robustna potovalna torba z zadrgo, ki jo je mogo\u010de nositi kot nahrbtnik. Za opremo za trening ali kratke izlete. Brez PFAS.<\/p>\n","protected":false},"featured_media":1033529,"template":"","meta":[],"product_brand":[],"product_cat":[769],"product_tag":[576,590,583,493,485],"class_list":{"0":"post-1030099","1":"product","2":"type-product","3":"status-publish","4":"has-post-thumbnail","6":"product_cat-torbe-in-nahrbtniki","7":"product_tag-nahrbtniki-torbe","8":"product_tag-oprema","9":"product_tag-torbe","10":"product_tag-travel","11":"product_tag-unisex","13":"first","14":"instock","15":"shipping-taxable","16":"purchasable","17":"product-type-variable"},"yoast_head":"<!-- This site is optimized with the Yoast SEO plugin v27.0 - https:\/\/yoast.com\/product\/yoast-seo-wordpress\/ -->\n<title>Splitpack - Fj\u00e4llr\u00e4ven<\/title>\n<meta name=\"robots\" content=\"index, follow, max-snippet:-1, max-image-preview:large, max-video-preview:-1\" \/>\n<link rel=\"canonical\" href=\"https:\/\/fjallshop.si\/izdelek\/splitpack\/\" \/>\n<meta property=\"og:locale\" content=\"hr_HR\" \/>\n<meta property=\"og:type\" content=\"article\" \/>\n<meta property=\"og:title\" content=\"Splitpack - Fj\u00e4llr\u00e4ven\" \/>\n<meta property=\"og:description\" content=\"Robustna potovalna torba z zadrgo, ki jo je mogo\u010de nositi kot nahrbtnik. Za opremo za trening ali kratke izlete. Brez PFAS.\" \/>\n<meta property=\"og:url\" content=\"https:\/\/fjallshop.si\/izdelek\/splitpack\/\" \/>\n<meta property=\"og:site_name\" content=\"Fj\u00e4llr\u00e4ven\" \/>\n<meta property=\"article:publisher\" content=\"https:\/\/www.facebook.com\/FjallravenSlovenia\" \/>\n<meta property=\"article:modified_time\" content=\"2026-05-06T13:27:02+00:00\" \/>\n<meta name=\"twitter:card\" content=\"summary_large_image\" \/>\n<meta name=\"twitter:label1\" content=\"Procijenjeno vrijeme \u010ditanja\" \/>\n\t<meta name=\"twitter:data1\" content=\"1 minuta\" \/>\n<script type=\"application\/ld+json\" class=\"yoast-schema-graph\">{\"@context\":\"https:\/\/schema.org\",\"@graph\":[{\"@type\":\"WebPage\",\"@id\":\"https:\/\/fjallshop.si\/izdelek\/splitpack\/\",\"url\":\"https:\/\/fjallshop.si\/izdelek\/splitpack\/\",\"name\":\"Splitpack - Fj\u00e4llr\u00e4ven\",\"isPartOf\":{\"@id\":\"https:\/\/fjallshop.si\/en\/#website\"},\"primaryImageOfPage\":{\"@id\":\"https:\/\/fjallshop.si\/izdelek\/splitpack\/#primaryimage\"},\"image\":{\"@id\":\"https:\/\/fjallshop.si\/izdelek\/splitpack\/#primaryimage\"},\"thumbnailUrl\":\"https:\/\/fjallshop.si\/wp-content\/uploads\/2026\/05\/Splitpack_24244-550_A_MAIN_FJR.webp\",\"datePublished\":\"2026-05-03T21:15:29+00:00\",\"dateModified\":\"2026-05-06T13:27:02+00:00\",\"breadcrumb\":{\"@id\":\"https:\/\/fjallshop.si\/izdelek\/splitpack\/#breadcrumb\"},\"inLanguage\":\"hr\",\"potentialAction\":[{\"@type\":\"ReadAction\",\"target\":[\"https:\/\/fjallshop.si\/izdelek\/splitpack\/\"]}]},{\"@type\":\"ImageObject\",\"inLanguage\":\"hr\",\"@id\":\"https:\/\/fjallshop.si\/izdelek\/splitpack\/#primaryimage\",\"url\":\"https:\/\/fjallshop.si\/wp-content\/uploads\/2026\/05\/Splitpack_24244-550_A_MAIN_FJR.webp\",\"contentUrl\":\"https:\/\/fjallshop.si\/wp-content\/uploads\/2026\/05\/Splitpack_24244-550_A_MAIN_FJR.webp\",\"width\":1500,\"height\":1500},{\"@type\":\"BreadcrumbList\",\"@id\":\"https:\/\/fjallshop.si\/izdelek\/splitpack\/#breadcrumb\",\"itemListElement\":[{\"@type\":\"ListItem\",\"position\":1,\"name\":\"Home\",\"item\":\"https:\/\/fjallshop.si\/hr\/\"},{\"@type\":\"ListItem\",\"position\":2,\"name\":\"Trgovina\",\"item\":\"https:\/\/fjallshop.si\/hr\/trgovina\/\"},{\"@type\":\"ListItem\",\"position\":3,\"name\":\"Splitpack\"}]},{\"@type\":\"WebSite\",\"@id\":\"https:\/\/fjallshop.si\/en\/#website\",\"url\":\"https:\/\/fjallshop.si\/en\/\",\"name\":\"Fj\u00e4llr\u00e4ven\",\"description\":\"Spletna trgovina\",\"publisher\":{\"@id\":\"https:\/\/fjallshop.si\/en\/#organization\"},\"potentialAction\":[{\"@type\":\"SearchAction\",\"target\":{\"@type\":\"EntryPoint\",\"urlTemplate\":\"https:\/\/fjallshop.si\/en\/?s={search_term_string}\"},\"query-input\":{\"@type\":\"PropertyValueSpecification\",\"valueRequired\":true,\"valueName\":\"search_term_string\"}}],\"inLanguage\":\"hr\"},{\"@type\":\"Organization\",\"@id\":\"https:\/\/fjallshop.si\/en\/#organization\",\"name\":\"Fj\u00e4llr\u00e4ven\",\"url\":\"https:\/\/fjallshop.si\/en\/\",\"logo\":{\"@type\":\"ImageObject\",\"inLanguage\":\"hr\",\"@id\":\"https:\/\/fjallshop.si\/en\/#\/schema\/logo\/image\/\",\"url\":\"https:\/\/fjallshop.si\/wp-content\/uploads\/2026\/02\/fjallravenlogo.svg\",\"contentUrl\":\"https:\/\/fjallshop.si\/wp-content\/uploads\/2026\/02\/fjallravenlogo.svg\",\"width\":126,\"height\":46,\"caption\":\"Fj\u00e4llr\u00e4ven\"},\"image\":{\"@id\":\"https:\/\/fjallshop.si\/en\/#\/schema\/logo\/image\/\"},\"sameAs\":[\"https:\/\/www.facebook.com\/FjallravenSlovenia\"]}]}<\/script>\n<!-- \/ Yoast SEO plugin. -->","yoast_head_json":{"title":"Splitpack - Fj\u00e4llr\u00e4ven","robots":{"index":"index","follow":"follow","max-snippet":"max-snippet:-1","max-image-preview":"max-image-preview:large","max-video-preview":"max-video-preview:-1"},"canonical":"https:\/\/fjallshop.si\/izdelek\/splitpack\/","og_locale":"hr_HR","og_type":"article","og_title":"Splitpack - Fj\u00e4llr\u00e4ven","og_description":"Robustna potovalna torba z zadrgo, ki jo je mogo\u010de nositi kot nahrbtnik. Za opremo za trening ali kratke izlete. Brez PFAS.","og_url":"https:\/\/fjallshop.si\/izdelek\/splitpack\/","og_site_name":"Fj\u00e4llr\u00e4ven","article_publisher":"https:\/\/www.facebook.com\/FjallravenSlovenia","article_modified_time":"2026-05-06T13:27:02+00:00","twitter_card":"summary_large_image","twitter_misc":{"Procijenjeno vrijeme \u010ditanja":"1 minuta"},"schema":{"@context":"https:\/\/schema.org","@graph":[{"@type":"WebPage","@id":"https:\/\/fjallshop.si\/izdelek\/splitpack\/","url":"https:\/\/fjallshop.si\/izdelek\/splitpack\/","name":"Splitpack - Fj\u00e4llr\u00e4ven","isPartOf":{"@id":"https:\/\/fjallshop.si\/en\/#website"},"primaryImageOfPage":{"@id":"https:\/\/fjallshop.si\/izdelek\/splitpack\/#primaryimage"},"image":{"@id":"https:\/\/fjallshop.si\/izdelek\/splitpack\/#primaryimage"},"thumbnailUrl":"https:\/\/fjallshop.si\/wp-content\/uploads\/2026\/05\/Splitpack_24244-550_A_MAIN_FJR.webp","datePublished":"2026-05-03T21:15:29+00:00","dateModified":"2026-05-06T13:27:02+00:00","breadcrumb":{"@id":"https:\/\/fjallshop.si\/izdelek\/splitpack\/#breadcrumb"},"inLanguage":"hr","potentialAction":[{"@type":"ReadAction","target":["https:\/\/fjallshop.si\/izdelek\/splitpack\/"]}]},{"@type":"ImageObject","inLanguage":"hr","@id":"https:\/\/fjallshop.si\/izdelek\/splitpack\/#primaryimage","url":"https:\/\/fjallshop.si\/wp-content\/uploads\/2026\/05\/Splitpack_24244-550_A_MAIN_FJR.webp","contentUrl":"https:\/\/fjallshop.si\/wp-content\/uploads\/2026\/05\/Splitpack_24244-550_A_MAIN_FJR.webp","width":1500,"height":1500},{"@type":"BreadcrumbList","@id":"https:\/\/fjallshop.si\/izdelek\/splitpack\/#breadcrumb","itemListElement":[{"@type":"ListItem","position":1,"name":"Home","item":"https:\/\/fjallshop.si\/hr\/"},{"@type":"ListItem","position":2,"name":"Trgovina","item":"https:\/\/fjallshop.si\/hr\/trgovina\/"},{"@type":"ListItem","position":3,"name":"Splitpack"}]},{"@type":"WebSite","@id":"https:\/\/fjallshop.si\/en\/#website","url":"https:\/\/fjallshop.si\/en\/","name":"Fj\u00e4llr\u00e4ven","description":"Spletna trgovina","publisher":{"@id":"https:\/\/fjallshop.si\/en\/#organization"},"potentialAction":[{"@type":"SearchAction","target":{"@type":"EntryPoint","urlTemplate":"https:\/\/fjallshop.si\/en\/?s={search_term_string}"},"query-input":{"@type":"PropertyValueSpecification","valueRequired":true,"valueName":"search_term_string"}}],"inLanguage":"hr"},{"@type":"Organization","@id":"https:\/\/fjallshop.si\/en\/#organization","name":"Fj\u00e4llr\u00e4ven","url":"https:\/\/fjallshop.si\/en\/","logo":{"@type":"ImageObject","inLanguage":"hr","@id":"https:\/\/fjallshop.si\/en\/#\/schema\/logo\/image\/","url":"https:\/\/fjallshop.si\/wp-content\/uploads\/2026\/02\/fjallravenlogo.svg","contentUrl":"https:\/\/fjallshop.si\/wp-content\/uploads\/2026\/02\/fjallravenlogo.svg","width":126,"height":46,"caption":"Fj\u00e4llr\u00e4ven"},"image":{"@id":"https:\/\/fjallshop.si\/en\/#\/schema\/logo\/image\/"},"sameAs":["https:\/\/www.facebook.com\/FjallravenSlovenia"]}]}},"_links":{"self":[{"href":"https:\/\/fjallshop.si\/hr\/wp-json\/wp\/v2\/product\/1030099","targetHints":{"allow":["GET"]}}],"collection":[{"href":"https:\/\/fjallshop.si\/hr\/wp-json\/wp\/v2\/product"}],"about":[{"href":"https:\/\/fjallshop.si\/hr\/wp-json\/wp\/v2\/types\/product"}],"version-history":[{"count":2,"href":"https:\/\/fjallshop.si\/hr\/wp-json\/wp\/v2\/product\/1030099\/revisions"}],"predecessor-version":[{"id":1033112,"href":"https:\/\/fjallshop.si\/hr\/wp-json\/wp\/v2\/product\/1030099\/revisions\/1033112"}],"wp:featuredmedia":[{"embeddable":true,"href":"https:\/\/fjallshop.si\/hr\/wp-json\/wp\/v2\/media\/1033529"}],"wp:attachment":[{"href":"https:\/\/fjallshop.si\/hr\/wp-json\/wp\/v2\/media?parent=1030099"}],"wp:term":[{"taxonomy":"product_brand","embeddable":true,"href":"https:\/\/fjallshop.si\/hr\/wp-json\/wp\/v2\/product_brand?post=1030099"},{"taxonomy":"product_cat","embeddable":true,"href":"https:\/\/fjallshop.si\/hr\/wp-json\/wp\/v2\/product_cat?post=1030099"},{"taxonomy":"product_tag","embeddable":true,"href":"https:\/\/fjallshop.si\/hr\/wp-json\/wp\/v2\/product_tag?post=1030099"}],"curies":[{"name":"wp","href":"https:\/\/api.w.org\/{rel}","templated":true}]}}